{"id":6480,"date":"2024-11-08T07:36:55","date_gmt":"2024-11-08T07:36:55","guid":{"rendered":"https:\/\/agricultural-gear-boxes.com\/product\/sprockets-for-conveyor-roller-chains-2\/"},"modified":"2024-11-08T07:36:55","modified_gmt":"2024-11-08T07:36:55","slug":"sprockets-for-conveyor-roller-chains-2","status":"publish","type":"product","link":"https:\/\/agricultural-gear-boxes.com\/es\/product\/sprockets-for-conveyor-roller-chains-2\/","title":{"rendered":"Pi\u00f1ones para cadenas transportadoras de rodillos"},"content":{"rendered":"<h2>Pi\u00f1ones para cadenas transportadoras de rodillos<\/h2>\n<p>Las cadenas de rodillos se utilizan habitualmente en sistemas transportadores para facilitar el movimiento de cargas pesadas. Las ruedas dentadas son un componente esencial de estas cadenas, ya que transmiten la potencia del motor a la cadena, que luego mueve la carga. Estas ruedas dentadas se fabrican mediante m\u00e1quinas ranuradoras y est\u00e1n rebordeadas para garantizar un movimiento suave y preciso de la cadena. <\/p>\n<p>Our company is a leading supplier of sprockets for conveyor roller chains, including those used by major roller producers such as Interroll. While we do not produce the rollers themselves, we offer high-quality sprockets that are designed to fit perfectly with Interroll&#8217;s roller chains.<\/p>\n<p>Las ruedas dentadas para cadenas de rodillos se utilizan en una amplia gama de aplicaciones, incluidas plantas de fabricaci\u00f3n, l\u00edneas de montaje e instalaciones de embalaje. Son especialmente \u00fatiles para transportar art\u00edculos pesados, como pal\u00e9s, cajas y contenedores.<\/p>\n<p><img decoding=\"async\" src=\"https:\/\/images.hzpt.com\/2023\/01\/Applications-for-Roller-Chain-Sprockets-1.webp\" alt=\"Aplicaciones de pi\u00f1ones para cadenas de rodillos\"><\/p>\n<h3>Ventajas de las ruedas dentadas para cadenas de rodillos<\/h3>\n<ul>\n<li>Altamente duraderos, ya que est\u00e1n fabricados con materiales de alta calidad como acero, acero inoxidable y pl\u00e1stico.<\/li>\n<li>Se puede personalizar para adaptarse a cadenas y cargas espec\u00edficas, lo que garantiza un rendimiento y una eficiencia \u00f3ptimos.<\/li>\n<li>F\u00e1cil de instalar y mantener, con un tiempo de inactividad m\u00ednimo requerido para reparaciones y reemplazos.<\/li>\n<li>Disponible en una variedad de tama\u00f1os y dise\u00f1os para satisfacer requisitos de aplicaci\u00f3n espec\u00edficos.<\/li>\n<\/ul>\n<h3>Tipos de pi\u00f1ones para cadenas de rodillos<\/h3>\n<p>Las ruedas dentadas de las cadenas de rodillos se pueden clasificar seg\u00fan su forma, tama\u00f1o, perfil de los dientes y materiales utilizados. Algunos de los tipos m\u00e1s comunes de ruedas dentadas de las cadenas de rodillos son:<\/p>\n<ul>\n<li>Pi\u00f1ones est\u00e1ndar<\/li>\n<li>Pi\u00f1ones de di\u00e1metro interior c\u00f3nico<\/li>\n<li>Pi\u00f1ones de doble funci\u00f3n<\/li>\n<li>Pi\u00f1ones endurecidos<\/li>\n<li>Pi\u00f1ones tensores<\/li>\n<\/ul>\n<h3>C\u00f3mo instalar y mantener las ruedas dentadas de las cadenas de rodillos<\/h3>\n<p>La instalaci\u00f3n y el mantenimiento de las ruedas dentadas de las cadenas de rodillos es relativamente f\u00e1cil y sencillo. A continuaci\u00f3n, se ofrecen algunos consejos que conviene tener en cuenta:<\/p>\n<ul>\n<li>Aseg\u00farese de que la rueda dentada est\u00e9 correctamente alineada con la cadena, sin movimiento lateral.<\/li>\n<li>Mantenga la tensi\u00f3n adecuada en la cadena para evitar deslizamientos y desgaste prematuro.<\/li>\n<li>Revise peri\u00f3dicamente si hay signos de desgaste y da\u00f1os, como dientes desgastados o grietas.<\/li>\n<li>Mantenga la rueda dentada limpia y libre de residuos que puedan interferir con su movimiento.<\/li>\n<li>Reemplace r\u00e1pidamente los pi\u00f1ones desgastados o da\u00f1ados para evitar da\u00f1os mayores a la cadena y otros componentes.<\/li>\n<\/ul>\n<p><img decoding=\"async\" src=\"https:\/\/images.hzpt.com\/2022\/12\/sprocket-suppliers.webp\" alt=\"Proveedores de pi\u00f1ones\"><\/p>\n<h2>Otros productos ofrecidos por nuestra empresa<\/h2>\n<p>Adem\u00e1s de las ruedas dentadas para cadenas de rodillos, nuestra empresa tambi\u00e9n suministra una amplia gama de engranajes pl\u00e1sticos industriales, incluidas cajas de engranajes agr\u00edcolas, ejes de salida de potencia, acoplamientos hidr\u00e1ulicos, reductores de engranajes helicoidales, cremalleras, cadenas desmontables, poleas y poleas, cajas de engranajes planetarios, poleas de distribuci\u00f3n y bujes. Nos comprometemos a proporcionar productos de alta calidad a precios competitivos, respaldados por un servicio y soporte al cliente excepcionales.<\/p>\n<h2>Preguntas y respuestas<\/h2>\n<h3>P: \u00bfQu\u00e9 son las ruedas dentadas de cadena de rodillos?<\/h3>\n<p>R: Las ruedas dentadas de cadena de rodillos son componentes utilizados en sistemas transportadores para transmitir potencia del motor a la cadena, que luego mueve la carga.<\/p>\n<h3>P: \u00bfCu\u00e1les son las ventajas de las ruedas dentadas de cadena de rodillos?<\/h3>\n<p>R: Las ruedas dentadas para cadenas de rodillos son muy duraderas, personalizables y f\u00e1ciles de instalar y mantener. Est\u00e1n disponibles en una variedad de tama\u00f1os y dise\u00f1os para satisfacer los requisitos espec\u00edficos de la aplicaci\u00f3n.<\/p>\n<h3>P: \u00bfCu\u00e1les son los tipos comunes de pi\u00f1ones de cadena de rodillos?<\/h3>\n<p>R: Los tipos comunes de pi\u00f1ones de cadena de rodillos incluyen pi\u00f1ones est\u00e1ndar, pi\u00f1ones de di\u00e1metro interior c\u00f3nico, pi\u00f1ones de doble servicio, pi\u00f1ones endurecidos y pi\u00f1ones tensores.<\/p>\n<h3>P: \u00bfC\u00f3mo se instalan y mantienen las ruedas dentadas de la cadena de rodillos?<\/h3>\n<p>R: La alineaci\u00f3n adecuada con la cadena, el mantenimiento de la tensi\u00f3n adecuada, los controles peri\u00f3dicos de desgaste y da\u00f1os y el mantenimiento de la rueda dentada limpia son consideraciones importantes para instalar y mantener las ruedas dentadas de la cadena de rodillos.<\/p>\n<h3>P: \u00bfQu\u00e9 otros productos ofrece su empresa?<\/h3>\n<p>R: Nuestra empresa ofrece una amplia gama de engranajes pl\u00e1sticos industriales, incluyendo cajas de engranajes agr\u00edcolas, ejes de salida de potencia, acoplamientos hidr\u00e1ulicos, reductores de tornillo sin fin, cremalleras, cadenas desmontables, poleas y poleas, cajas de engranajes planetarios, poleas de distribuci\u00f3n y bujes.<\/p>\n<h3>P: \u00bfC\u00f3mo garantiza su empresa la calidad del producto y la satisfacci\u00f3n del cliente?<\/h3>\n<p>R: Nos comprometemos a ofrecer productos de alta calidad a precios competitivos, respaldados por un servicio de atenci\u00f3n al cliente y una asistencia excepcionales. Trabajamos en estrecha colaboraci\u00f3n con nuestros clientes para comprender sus necesidades y requisitos, y nos esforzamos por superar sus expectativas en cada paso del proceso.<\/p>\n<p style=\"color:red;\">Todo el contenido de esta p\u00e1gina proviene de Internet y se utiliza \u00fanicamente como referencia para la selecci\u00f3n de productos. Nuestros productos son accesorios y no repuestos originales, y no somos los propietarios de la marca registrada original del contenido. Nuestros accesorios pueden adaptarse perfectamente a los repuestos originales; si necesita comprar repuestos originales, comun\u00edquese con la f\u00e1brica original para comprarlos.<\/p>\n<p>Autor: lmc<\/p>","protected":false},"excerpt":{"rendered":"<p>Sprockets for Conveyor Roller Chains Roller chains are commonly used in conveyor systems to facilitate the movement of heavy loads. Sprockets are an essential component of these chains, as they transmit power from the motor to the chain, which then moves the load. These sprockets are made using slotting machines and are flanged to ensure [&hellip;]<\/p>","protected":false},"featured_media":3627,"template":"","meta":{"_et_pb_use_builder":"","_et_pb_old_content":"","_et_gb_content_width":""},"product_brand":[],"product_cat":[11347],"product_tag":[],"class_list":{"0":"post-6480","1":"product","2":"type-product","3":"status-publish","4":"has-post-thumbnail","6":"product_cat-conveyor-sprocket","8":"first","9":"instock","10":"shipping-taxable","11":"product-type-simple"},"_links":{"self":[{"href":"https:\/\/agricultural-gear-boxes.com\/es\/wp-json\/wp\/v2\/product\/6480","targetHints":{"allow":["GET"]}}],"collection":[{"href":"https:\/\/agricultural-gear-boxes.com\/es\/wp-json\/wp\/v2\/product"}],"about":[{"href":"https:\/\/agricultural-gear-boxes.com\/es\/wp-json\/wp\/v2\/types\/product"}],"wp:featuredmedia":[{"embeddable":true,"href":"https:\/\/agricultural-gear-boxes.com\/es\/wp-json\/wp\/v2\/media\/3627"}],"wp:attachment":[{"href":"https:\/\/agricultural-gear-boxes.com\/es\/wp-json\/wp\/v2\/media?parent=6480"}],"wp:term":[{"taxonomy":"product_brand","embeddable":true,"href":"https:\/\/agricultural-gear-boxes.com\/es\/wp-json\/wp\/v2\/product_brand?post=6480"},{"taxonomy":"product_cat","embeddable":true,"href":"https:\/\/agricultural-gear-boxes.com\/es\/wp-json\/wp\/v2\/product_cat?post=6480"},{"taxonomy":"product_tag","embeddable":true,"href":"https:\/\/agricultural-gear-boxes.com\/es\/wp-json\/wp\/v2\/product_tag?post=6480"}],"curies":[{"name":"wp","href":"https:\/\/api.w.org\/{rel}","templated":true}]}}