{"id":6605,"date":"2024-11-14T05:42:54","date_gmt":"2024-11-14T05:42:54","guid":{"rendered":"https:\/\/agricultural-gear-boxes.com\/product\/idler-sprockets-with-ball-bearing\/"},"modified":"2024-11-14T05:42:55","modified_gmt":"2024-11-14T05:42:55","slug":"idler-sprockets-with-ball-bearing","status":"publish","type":"product","link":"https:\/\/agricultural-gear-boxes.com\/es\/product\/idler-sprockets-with-ball-bearing\/","title":{"rendered":"Pi\u00f1ones tensores con cojinetes de bolas"},"content":{"rendered":"<h2>Pi\u00f1ones tensores con cojinetes de bolas<\/h2>\n<p>Actualice su sistema transportador con ruedas dentadas de Roller Chain. Nuestras ruedas dentadas presentan un dise\u00f1o \u00fanico que las distingue de las ruedas dentadas est\u00e1ndar en forma de estrella que se encuentran en varias industrias. Con una pieza central con cojinetes de bolas, estas ruedas dentadas ofrecen una resistencia y durabilidad superiores. El cojinete de bolas sellado protege la lubricaci\u00f3n permanente, lo que garantiza que el polvo y la suciedad no entren para un rendimiento \u00f3ptimo. La longevidad es clave para mantener un sistema transportador confiable y eficiente, y nuestras ruedas dentadas proporcionan exactamente eso. Controlan eficazmente las vibraciones y minimizan el desgaste, al mismo tiempo que brindan la tensi\u00f3n necesaria para un funcionamiento suave.<\/p>\n<p>Elija entre nuestra amplia gama de productos prefabricados o perm\u00edtanos personalizar una rueda dentada con cojinete para satisfacer sus requisitos espec\u00edficos. Roller Chain se enorgullece de ofrecer productos de precisi\u00f3n y calidad que respaldan diversas industrias.<\/p>\n<h3>Pi\u00f1ones tensores con cojinetes de bolas est\u00e1ndar en stock<\/h3>\n<p><img loading=\"lazy\" decoding=\"async\" class=\"alignnone wp-image-264386\" src=\"https:\/\/hzpt.com\/wp-content\/uploads\/2022\/06\/Ball-Bearing-Idler-Sprockets.jpg\" alt=\"\" width=\"441\" height=\"466\" \/><\/p>\n<div class=\"scroll-table-wrapper\">\n<table class=\"scrollable\" style=\"width: 97.9413%; height: 399px;\" border=\"1\">\n<tbody>\n<tr style=\"height: 23px;\">\n<th style=\"width: 132px; height: 23px;\">\n<div>#25<\/div>\n<\/th>\n<th style=\"width: 127px; height: 23px;\">\n<div>#35<\/div>\n<\/th>\n<th style=\"width: 71px; height: 23px;\">\n<div>#40<\/div>\n<\/th>\n<th style=\"width: 109px; height: 23px;\">\n<div>#41<\/div>\n<\/th>\n<th style=\"width: 61px; height: 23px;\">\n<div>#50<\/div>\n<\/th>\n<th style=\"width: 77px; height: 23px;\">\n<div>#60<\/div>\n<\/th>\n<th style=\"width: 47px; height: 23px;\">\n<div>#80<\/div>\n<\/th>\n<th style=\"width: 147px; height: 23px;\">\n<div>#100<\/div>\n<\/th>\n<th style=\"width: 133px; height: 23px;\">\n<div>#120<\/div>\n<\/th>\n<th style=\"width: 35px; height: 23px;\">\n<div>#140<\/div>\n<\/th>\n<\/tr>\n<tr style=\"height: 47px;\">\n<th style=\"width: 132px; height: 47px;\">\n<div>25BB20-3\/8&#8243;<\/div>\n<\/th>\n<td style=\"width: 127px; height: 47px;\">35BB18-1\/2&#8243;<\/td>\n<td style=\"width: 71px; height: 47px;\">40BB17-1\/2&#8243;<\/td>\n<td","protected":false},"excerpt":{"rendered":"<p>Idler Sprockets With Ball Bearing Upgrade your conveyor system with idler sprockets from Roller Chain. Our idler sprockets feature a unique design that sets them apart from standard star-shaped sprockets found in various industries. With a ball-bearing centerpiece, these sprockets offer superior strength and durability. The sealed ball bearing protects the permanent lubrication, ensuring that [&hellip;]<\/p>","protected":false},"featured_media":6600,"template":"","meta":{"_et_pb_use_builder":"","_et_pb_old_content":"","_et_gb_content_width":""},"product_brand":[],"product_cat":[11366],"product_tag":[],"class_list":{"0":"post-6605","1":"product","2":"type-product","3":"status-publish","4":"has-post-thumbnail","6":"product_cat-idler-sprockets","8":"first","9":"instock","10":"shipping-taxable","11":"product-type-simple"},"_links":{"self":[{"href":"https:\/\/agricultural-gear-boxes.com\/es\/wp-json\/wp\/v2\/product\/6605","targetHints":{"allow":["GET"]}}],"collection":[{"href":"https:\/\/agricultural-gear-boxes.com\/es\/wp-json\/wp\/v2\/product"}],"about":[{"href":"https:\/\/agricultural-gear-boxes.com\/es\/wp-json\/wp\/v2\/types\/product"}],"wp:featuredmedia":[{"embeddable":true,"href":"https:\/\/agricultural-gear-boxes.com\/es\/wp-json\/wp\/v2\/media\/6600"}],"wp:attachment":[{"href":"https:\/\/agricultural-gear-boxes.com\/es\/wp-json\/wp\/v2\/media?parent=6605"}],"wp:term":[{"taxonomy":"product_brand","embeddable":true,"href":"https:\/\/agricultural-gear-boxes.com\/es\/wp-json\/wp\/v2\/product_brand?post=6605"},{"taxonomy":"product_cat","embeddable":true,"href":"https:\/\/agricultural-gear-boxes.com\/es\/wp-json\/wp\/v2\/product_cat?post=6605"},{"taxonomy":"product_tag","embeddable":true,"href":"https:\/\/agricultural-gear-boxes.com\/es\/wp-json\/wp\/v2\/product_tag?post=6605"}],"curies":[{"name":"wp","href":"https:\/\/api.w.org\/{rel}","templated":true}]}}