{"id":6607,"date":"2024-11-14T05:42:56","date_gmt":"2024-11-14T05:42:56","guid":{"rendered":"https:\/\/agricultural-gear-boxes.com\/product\/bronze-bushed-idler-sprockets\/"},"modified":"2024-11-14T05:42:56","modified_gmt":"2024-11-14T05:42:56","slug":"bronze-bushed-idler-sprockets","status":"publish","type":"product","link":"https:\/\/agricultural-gear-boxes.com\/es\/product\/bronze-bushed-idler-sprockets\/","title":{"rendered":"Pi\u00f1ones tensores con buje de bronce"},"content":{"rendered":"<h2>Pi\u00f1ones tensores con buje de bronce: duraderos y de alto rendimiento<\/h2>\n<p>Las ruedas dentadas locas con casquillo de bronce son unas de las m\u00e1s duraderas y fiables del mercado. Est\u00e1n fabricadas con bronce de alta calidad, que tiene excelentes propiedades autolubricantes, es econ\u00f3mico y f\u00e1cil de colocar en las ruedas dentadas. Las ruedas dentadas tratadas t\u00e9rmicamente de alta resistencia les confieren un nivel adicional de resistencia y durabilidad. La rueda dentada se clasifica como rueda dentada loca con cojinete de agujas debido al cojinete de agujas que se inserta en la rueda dentada, lo que aumenta su ya impresionante resistencia.<\/p>\n<p>Estas ruedas dentadas est\u00e1n dise\u00f1adas para ser extremadamente duraderas y de alto rendimiento, fabricadas con acero y componentes de alta calidad para crear una rueda dentada tensora con un gran rendimiento y una larga vida \u00fatil. Cumplen plenamente con todas las normas ANSI, por lo que puede estar seguro de que est\u00e1 adquiriendo un producto de la m\u00e1s alta calidad.<\/p>\n<h3>Escenarios de uso<\/h3>\n<p>Estas ruedas dentadas est\u00e1n dise\u00f1adas para usarse en una amplia gama de aplicaciones, desde maquinaria agr\u00edcola hasta equipos industriales. Se utilizan com\u00fanmente en sistemas de transporte, sistemas de transmisi\u00f3n de potencia y otras m\u00e1quinas donde se requiere una rueda dentada confiable y duradera. Con su larga vida \u00fatil y rendimiento excepcional, estas ruedas dentadas son una excelente inversi\u00f3n para cualquiera que necesite ruedas dentadas de alta calidad.<\/p>\n<p><img decoding=\"async\" src=\"https:\/\/images.hzpt.com\/2023\/01\/Applications-for-Roller-Chain-Sprockets-1.webp\" alt=\"Pi\u00f1\u00f3n de cadena de rodillos\" \/><\/p>\n<h3>Historia y clasificaci\u00f3n<\/h3>\n<p>Las ruedas dentadas con buje de bronce se han utilizado durante muchos a\u00f1os y tienen una larga trayectoria de fiabilidad y rendimiento comprobados. Vienen en una variedad de tama\u00f1os y tipos, por lo que puede estar seguro de encontrar la rueda dentada que mejor se adapta a sus necesidades. Est\u00e1n disponibles con diferentes cantidades de dientes, tama\u00f1os de orificio y tama\u00f1os de cadena, por lo que puede obtener la rueda dentada exacta que necesita para su aplicaci\u00f3n.<\/p>\n<h3>Ventajas<\/h3>\n<ul>\n<li>Duradero y confiable<\/li>\n<li>Alto rendimiento, incluso en aplicaciones exigentes<\/li>\n<li>Propiedades autolubricantes<\/li>\n<li>F\u00e1cil de presionar en las ruedas dentadas.<\/li>\n<li>Disponible en una amplia gama de tama\u00f1os y tipos.<\/li>\n<\/ul>\n<h3>Materiales<\/h3>\n<p>Las ruedas dentadas con cojinetes de bronce est\u00e1n fabricadas con bronce de alta calidad y ruedas dentadas tratadas t\u00e9rmicamente de alta resistencia. Esta combinaci\u00f3n de materiales les otorga una durabilidad y un rendimiento excepcionales, incluso en las aplicaciones m\u00e1s exigentes.<\/p>\n<h3>Instalaci\u00f3n, mantenimiento y reparaci\u00f3n<\/h3>\n<p>Estas ruedas dentadas son relativamente f\u00e1ciles de instalar y, con un mantenimiento adecuado, pueden durar muchos a\u00f1os. Es importante mantenerlas correctamente lubricadas para garantizar que sigan funcionando al m\u00e1ximo. Si es necesario reemplazar una rueda dentada, es esencial elegir el tama\u00f1o y el tipo adecuados para su aplicaci\u00f3n a fin de garantizar un funcionamiento sin problemas.<\/p>\n<h2>Otros productos de engranajes pl\u00e1sticos industriales<\/h2>\n<p>Nuestra empresa tambi\u00e9n suministra una amplia gama de otros productos de engranajes pl\u00e1sticos industriales para satisfacer sus necesidades. Nuestros productos incluyen cajas de engranajes agr\u00edcolas, ejes de salida de potencia, acoplamientos hidr\u00e1ulicos, reductores de engranajes helicoidales, cremalleras, cadenas desmontables, poleas y poleas, cajas de engranajes planetarios, poleas de distribuci\u00f3n, bujes, etc. Nos comprometemos a proporcionar productos de alta calidad, a precios preferenciales y con servicios pensados. Damos la bienvenida a los clientes para que personalicen sus pedidos con im\u00e1genes y muestras.<\/p>\n<p><img decoding=\"async\" src=\"https:\/\/images.hzpt.com\/2022\/12\/sprocket-suppliers.webp\" alt=\"Proveedores de pi\u00f1ones\" \/><\/p>\n<h2>Preguntas y respuestas<\/h2>\n<h3>P1: \u00bfDe qu\u00e9 est\u00e1n hechas las ruedas dentadas tensoras con buje de bronce?<\/h3>\n<p>A1: Las ruedas dentadas locas con buje de bronce est\u00e1n hechas de bronce de alta calidad y ruedas dentadas tratadas t\u00e9rmicamente de alta resistencia.<\/p>\n<h3>P2: \u00bfCu\u00e1les son algunos escenarios de uso comunes para las ruedas dentadas tensoras con buje de bronce?<\/h3>\n<p>A2: Las ruedas dentadas con buje de bronce se utilizan com\u00fanmente en sistemas transportadores, sistemas de transmisi\u00f3n de potencia y otra maquinaria donde se requiere una rueda dentada confiable y duradera.<\/p>\n<h3>P3: \u00bfSon f\u00e1ciles de instalar las ruedas dentadas tensoras con buje de bronce?<\/h3>\n<p>A3: S\u00ed, las ruedas dentadas tensoras con buje de bronce son relativamente f\u00e1ciles de instalar y, con el mantenimiento adecuado, pueden durar muchos a\u00f1os.<\/p>\n<h3>P4: \u00bfCu\u00e1les son las ventajas de utilizar ruedas dentadas tensoras con buje de bronce?<\/h3>\n<p>A4: Las ruedas dentadas con casquillo de bronce son duraderas, fiables y tienen un alto rendimiento, incluso en aplicaciones exigentes. Tambi\u00e9n tienen propiedades autolubricantes y son f\u00e1ciles de colocar en las ruedas dentadas.<\/p>\n<h3>P5: \u00bfQu\u00e9 otros productos de engranajes pl\u00e1sticos industriales suministra su empresa?<\/h3>\n<p>A5: Nuestra empresa suministra una amplia gama de otros productos de engranajes pl\u00e1sticos industriales, incluidas cajas de engranajes agr\u00edcolas, ejes de salida de potencia, acoplamientos hidr\u00e1ulicos, reductores de engranajes helicoidales, cremalleras, cadenas extra\u00edbles, poleas y poleas, cajas de engranajes planetarios, poleas de distribuci\u00f3n, bujes y m\u00e1s.<\/p>\n<p style=\"color:red;\">Descargo de responsabilidad: Todo el contenido de esta p\u00e1gina proviene de Internet y solo se utiliza como referencia para la selecci\u00f3n de productos. Nuestros productos son accesorios y no repuestos originales. No somos los propietarios de la marca registrada original del contenido. Nuestros accesorios pueden adaptarse perfectamente a los repuestos originales. Si necesita comprar repuestos originales, comun\u00edquese con la f\u00e1brica original para realizar la compra.<\/p>\n<p>Autor: lmc<\/p>","protected":false},"excerpt":{"rendered":"<p>Bronze Bushed Idler Sprockets: Durable and High Performance Bronze bushed idler sprockets are some of the most durable and reliable sprockets on the market. They are made using high-quality bronze, which has excellent self-lubricating properties, is economical, and easy to press into sprockets. The high-strength heat-treated sprockets give them an added level of strength and [&hellip;]<\/p>","protected":false},"featured_media":6598,"template":"","meta":{"_et_pb_use_builder":"","_et_pb_old_content":"","_et_gb_content_width":""},"product_brand":[],"product_cat":[11366],"product_tag":[],"class_list":{"0":"post-6607","1":"product","2":"type-product","3":"status-publish","4":"has-post-thumbnail","6":"product_cat-idler-sprockets","8":"first","9":"instock","10":"shipping-taxable","11":"product-type-simple"},"_links":{"self":[{"href":"https:\/\/agricultural-gear-boxes.com\/es\/wp-json\/wp\/v2\/product\/6607","targetHints":{"allow":["GET"]}}],"collection":[{"href":"https:\/\/agricultural-gear-boxes.com\/es\/wp-json\/wp\/v2\/product"}],"about":[{"href":"https:\/\/agricultural-gear-boxes.com\/es\/wp-json\/wp\/v2\/types\/product"}],"wp:featuredmedia":[{"embeddable":true,"href":"https:\/\/agricultural-gear-boxes.com\/es\/wp-json\/wp\/v2\/media\/6598"}],"wp:attachment":[{"href":"https:\/\/agricultural-gear-boxes.com\/es\/wp-json\/wp\/v2\/media?parent=6607"}],"wp:term":[{"taxonomy":"product_brand","embeddable":true,"href":"https:\/\/agricultural-gear-boxes.com\/es\/wp-json\/wp\/v2\/product_brand?post=6607"},{"taxonomy":"product_cat","embeddable":true,"href":"https:\/\/agricultural-gear-boxes.com\/es\/wp-json\/wp\/v2\/product_cat?post=6607"},{"taxonomy":"product_tag","embeddable":true,"href":"https:\/\/agricultural-gear-boxes.com\/es\/wp-json\/wp\/v2\/product_tag?post=6607"}],"curies":[{"name":"wp","href":"https:\/\/api.w.org\/{rel}","templated":true}]}}