{"id":6617,"date":"2024-11-14T05:51:03","date_gmt":"2024-11-14T05:51:03","guid":{"rendered":"https:\/\/agricultural-gear-boxes.com\/product\/plastic-sprockets\/"},"modified":"2024-11-14T05:51:04","modified_gmt":"2024-11-14T05:51:04","slug":"plastic-sprockets","status":"publish","type":"product","link":"https:\/\/agricultural-gear-boxes.com\/es\/product\/plastic-sprockets\/","title":{"rendered":"Pi\u00f1ones de pl\u00e1stico"},"content":{"rendered":"<h2>Pi\u00f1ones de pl\u00e1stico para uso industrial<\/h2>\n<p>Las ruedas dentadas de pl\u00e1stico han ganado mucha popularidad debido a sus propiedades ligeras y duraderas. Estas ruedas dentadas no solo son fuertes, sino que tambi\u00e9n ofrecen una mejor resistencia a la corrosi\u00f3n, al desgaste y a las roturas. Tienen una vida \u00fatil m\u00e1s larga y requieren menos mantenimiento que las ruedas dentadas de metal.<\/p>\n<h3>Aplicaciones de las ruedas dentadas de pl\u00e1stico<\/h3>\n<p>Las ruedas dentadas de pl\u00e1stico se utilizan habitualmente en diversas aplicaciones industriales, como sistemas de transporte, m\u00e1quinas de envasado y prensas de impresi\u00f3n. Tambi\u00e9n se utilizan en la industria de alimentos y bebidas, donde la higiene es una prioridad m\u00e1xima. Las ruedas dentadas de pl\u00e1stico son una excelente opci\u00f3n para aplicaciones en las que la exposici\u00f3n a la humedad y a los productos qu\u00edmicos es alta.<\/p>\n<p><img decoding=\"async\" src=\"https:\/\/images.hzpt.com\/2023\/01\/Applications-for-Roller-Chain-Sprockets-1.webp\" alt=\"Pi\u00f1ones de pl\u00e1stico para uso industrial\"><\/p>\n<h3>Ventajas de las ruedas dentadas de pl\u00e1stico<\/h3>\n<ul>\n<li>Ligero<\/li>\n<li>Resistente a la corrosi\u00f3n<\/li>\n<li>Resistente al desgaste<\/li>\n<li>Bajo mantenimiento<\/li>\n<li>Alta resistencia<\/li>\n<\/ul>\n<h3>Materiales utilizados para pi\u00f1ones de pl\u00e1stico<\/h3>\n<p>Las ruedas dentadas de pl\u00e1stico suelen estar fabricadas con pl\u00e1sticos de ingenier\u00eda de alta calidad, como nailon, acetal y polietileno. Estos materiales ofrecen excelentes propiedades mec\u00e1nicas, lo que los hace ideales para su uso en aplicaciones industriales.<\/p>\n<h3>Instalaci\u00f3n, mantenimiento y reparaci\u00f3n de pi\u00f1ones de pl\u00e1stico<\/h3>\n<ul>\n<li>Instalaci\u00f3n: Las ruedas dentadas de pl\u00e1stico se pueden instalar f\u00e1cilmente utilizando elementos de fijaci\u00f3n est\u00e1ndar. Es fundamental asegurarse de que los dientes de la rueda dentada engranen correctamente con la cadena.<\/li>\n<li>Mantenimiento: Las ruedas dentadas de pl\u00e1stico requieren un mantenimiento m\u00ednimo. Se recomienda limpiarlas e inspeccionarlas peri\u00f3dicamente para garantizar su rendimiento \u00f3ptimo.<\/li>\n<li>Reparaci\u00f3n: En caso de da\u00f1os, las ruedas dentadas de pl\u00e1stico se pueden reparar mediante soldadura o uni\u00f3n adhesiva. Sin embargo, es recomendable sustituirlas si el da\u00f1o es grave.<\/li>\n<li>Reemplazo: Para reemplazar una rueda dentada de pl\u00e1stico, afloje los sujetadores y retire la rueda dentada vieja del eje. Luego, coloque la rueda dentada nueva en el eje y f\u00edjela firmemente.<\/li>\n<\/ul>\n<h2>Otros engranajes pl\u00e1sticos industriales que ofrece nuestra empresa<\/h2>\n<p>Nuestra empresa ofrece una amplia gama de engranajes pl\u00e1sticos industriales, incluyendo cajas de engranajes agr\u00edcolas, ejes de salida de potencia, pi\u00f1ones, acoplamientos hidr\u00e1ulicos, reductores de tornillo sin fin, cremalleras, cadenas desmontables, poleas y poleas, cajas de engranajes planetarios, poleas de distribuci\u00f3n, bujes y m\u00e1s.<\/p>\n<p><img decoding=\"async\" src=\"https:\/\/images.hzpt.com\/2022\/12\/sprocket-suppliers.webp\" alt=\"Engranajes industriales de pl\u00e1stico\"><\/p>\n<p>Nos enorgullecemos de ofrecer productos de alta calidad, precios preferenciales y un excelente servicio al cliente. Los clientes pueden personalizar sus pedidos con fotograf\u00edas y muestras.<\/p>\n<h2>Preguntas frecuentes<\/h2>\n<h3>P1: \u00bfCu\u00e1les son las ventajas de las ruedas dentadas de pl\u00e1stico sobre las ruedas dentadas de metal?<\/h3>\n<p>A1: Las ruedas dentadas de pl\u00e1stico son ligeras, resistentes a la corrosi\u00f3n y al desgaste y requieren un mantenimiento m\u00ednimo. Tambi\u00e9n ofrecen una mejor resistencia a los productos qu\u00edmicos y a la humedad que las ruedas dentadas de metal.<\/p>\n<h3>P2: \u00bfCu\u00e1les son las aplicaciones comunes de las ruedas dentadas de pl\u00e1stico?<\/h3>\n<p>A2: Las ruedas dentadas de pl\u00e1stico se utilizan com\u00fanmente en sistemas transportadores, m\u00e1quinas de embalaje, prensas de impresi\u00f3n y en la industria de alimentos y bebidas.<\/p>\n<h3>P3: \u00bfQu\u00e9 materiales se utilizan para fabricar pi\u00f1ones de pl\u00e1stico?<\/h3>\n<p>A3: Las ruedas dentadas de pl\u00e1stico generalmente est\u00e1n hechas de pl\u00e1sticos de ingenier\u00eda de alta calidad, como nailon, acetal y polietileno.<\/p>\n<h3>Q4: \u00bfC\u00f3mo puedo instalar pi\u00f1ones de pl\u00e1stico?<\/h3>\n<p>A4: Las ruedas dentadas de pl\u00e1stico se pueden instalar f\u00e1cilmente con sujetadores est\u00e1ndar. Aseg\u00farese de que los dientes de la rueda dentada encajen correctamente con la cadena.<\/p>\n<h3>Q5: \u00bfSe pueden reparar las ruedas dentadas de pl\u00e1stico?<\/h3>\n<p>A5: S\u00ed, las ruedas dentadas de pl\u00e1stico se pueden reparar mediante soldadura o uni\u00f3n adhesiva. Sin embargo, es recomendable reemplazarlas si el da\u00f1o es grave.<\/p>\n<p style=\"color:red\">Descargo de responsabilidad: Todo el contenido de esta p\u00e1gina es solo de referencia. Nuestros productos son accesorios y no repuestos originales. No somos los propietarios de la marca registrada original del contenido. Nuestros accesorios son adecuados para accesorios de posventa y pueden adaptarse perfectamente a los repuestos originales. Si necesita comprar repuestos originales, comun\u00edquese con la f\u00e1brica original para comprarlos.<\/p>\n<p>Autor: lmc<\/p>","protected":false},"excerpt":{"rendered":"<p>Plastic Sprockets for Industrial Use Plastic sprockets have gained a lot of popularity due to their lightweight and durable properties. These sprockets are not only strong but also offer better resistance to corrosion, wear, and tear. They have a longer service life and require less maintenance than metal sprockets. Applications of Plastic Sprockets Plastic sprockets [&hellip;]<\/p>","protected":false},"featured_media":6612,"template":"","meta":{"_et_pb_use_builder":"","_et_pb_old_content":"","_et_gb_content_width":""},"product_brand":[],"product_cat":[11348],"product_tag":[],"class_list":{"0":"post-6617","1":"product","2":"type-product","3":"status-publish","4":"has-post-thumbnail","6":"product_cat-plastic-sprocket","8":"first","9":"instock","10":"shipping-taxable","11":"product-type-simple"},"_links":{"self":[{"href":"https:\/\/agricultural-gear-boxes.com\/es\/wp-json\/wp\/v2\/product\/6617","targetHints":{"allow":["GET"]}}],"collection":[{"href":"https:\/\/agricultural-gear-boxes.com\/es\/wp-json\/wp\/v2\/product"}],"about":[{"href":"https:\/\/agricultural-gear-boxes.com\/es\/wp-json\/wp\/v2\/types\/product"}],"wp:featuredmedia":[{"embeddable":true,"href":"https:\/\/agricultural-gear-boxes.com\/es\/wp-json\/wp\/v2\/media\/6612"}],"wp:attachment":[{"href":"https:\/\/agricultural-gear-boxes.com\/es\/wp-json\/wp\/v2\/media?parent=6617"}],"wp:term":[{"taxonomy":"product_brand","embeddable":true,"href":"https:\/\/agricultural-gear-boxes.com\/es\/wp-json\/wp\/v2\/product_brand?post=6617"},{"taxonomy":"product_cat","embeddable":true,"href":"https:\/\/agricultural-gear-boxes.com\/es\/wp-json\/wp\/v2\/product_cat?post=6617"},{"taxonomy":"product_tag","embeddable":true,"href":"https:\/\/agricultural-gear-boxes.com\/es\/wp-json\/wp\/v2\/product_tag?post=6617"}],"curies":[{"name":"wp","href":"https:\/\/api.w.org\/{rel}","templated":true}]}}