{"id":6619,"date":"2024-11-14T05:51:04","date_gmt":"2024-11-14T05:51:04","guid":{"rendered":"https:\/\/agricultural-gear-boxes.com\/product\/35-plastic-sprockets\/"},"modified":"2024-11-14T05:51:04","modified_gmt":"2024-11-14T05:51:04","slug":"35-plastic-sprockets","status":"publish","type":"product","link":"https:\/\/agricultural-gear-boxes.com\/es\/product\/35-plastic-sprockets\/","title":{"rendered":"Pi\u00f1ones de pl\u00e1stico #35"},"content":{"rendered":"<h2>Pi\u00f1ones de pl\u00e1stico para componentes de transmisi\u00f3n de potencia<\/h2>\n<p>Las ruedas dentadas de pl\u00e1stico son un componente esencial de los sistemas de transmisi\u00f3n de potencia que se utilizan en diversas industrias. Se utilizan para transferir el movimiento giratorio de un eje a otro mediante una cadena de rodillos. Las ruedas dentadas de pl\u00e1stico se utilizan ampliamente en industrias como el procesamiento de alimentos, las bebidas, el envasado y la fabricaci\u00f3n de papel debido a sus beneficios. Proporcionan un funcionamiento m\u00e1s silencioso, una mejor vida \u00fatil, una alta resistencia al impacto y son altamente anticorrosivas. A diferencia de las ruedas dentadas de acero, las ruedas dentadas de pl\u00e1stico tienen una deflexi\u00f3n de dientes mucho mayor, lo que significa que varios dientes soportar\u00e1n la carga de la cadena de rodillos. Con varios dientes en contacto, la capacidad de carga de la rueda dentada coincide aproximadamente con la carga de trabajo total de la cadena, lo que la convierte en una opci\u00f3n ideal para operaciones de servicio pesado.<\/p>\n<h3>Aplicaciones de las ruedas dentadas para cadenas de rodillos<\/h3>\n<p>Las ruedas dentadas de cadena de rodillos de pl\u00e1stico se utilizan en una amplia gama de aplicaciones, que incluyen:<\/p>\n<ul>\n<li>Sistemas de transporte<\/li>\n<li>Equipos de embalaje<\/li>\n<li>Maquinaria para fabricaci\u00f3n de papel<\/li>\n<li>Maquinaria para procesamiento de alimentos<\/li>\n<li>Equipos para embotellado de bebidas<\/li>\n<li>Equipos de manipulaci\u00f3n de materiales<\/li>\n<\/ul>\n<p><img loading=\"lazy\" decoding=\"async\" class=\"alignleft size-full wp-image-381114\" src=\"https:\/\/www.ever-power.net\/wp-content\/uploads\/2022\/06\/Plastic-Roller-Chain-Sprockets-3-1.jpg\" alt=\"Pi\u00f1ones de cadena de rodillos de pl\u00e1stico\" width=\"400\" height=\"400\"\/><\/p>\n<h3>Historial y clasificaci\u00f3n del producto<\/h3>\n<p>Las ruedas dentadas de pl\u00e1stico se han utilizado en diversas industrias durante muchos a\u00f1os. Se clasifican seg\u00fan su tama\u00f1o, paso, n\u00famero de dientes y material. Los tipos m\u00e1s comunes son las ruedas dentadas de pl\u00e1stico de tama\u00f1o ANSI #25 a #80, UHMW, Nylatron y nailon. Tambi\u00e9n se pueden utilizar otros materiales como Repro y Acetal. Las ruedas dentadas de pl\u00e1stico vienen en diferentes tipos, incluyendo ruedas m\u00e9tricas, de doble paso, d\u00faplex, de ingenier\u00eda y de dise\u00f1o personalizado.<\/p>\n<h3>Ventajas de las ruedas dentadas de pl\u00e1stico<\/h3>\n<ul>\n<li>Ligero<\/li>\n<li>Altamente anticorrosivo<\/li>\n<li>Alta resistencia al impacto<\/li>\n<li>Funcionan m\u00e1s silenciosamente que las ruedas dentadas de acero<\/li>\n<li>Producir una vida \u00fatil mucho mejor en la cadena de rodillos.<\/li>\n<li>Aprobado por la FDA<\/li>\n<\/ul>\n<h3>Materiales de producto disponibles<\/h3>\n<ul>\n<li>Peso ultraalto ponderado<\/li>\n<li>Nylatr\u00f3n<\/li>\n<li>Nylon<\/li>\n<li>Reproducci\u00f3n<\/li>\n<li>Acetal<\/li>\n<\/ul>\n<h3>Instalaci\u00f3n, mantenimiento y reparaci\u00f3n<\/h3>\n<p>Para instalar pi\u00f1ones de pl\u00e1stico, siga atentamente las instrucciones del fabricante. Es fundamental asegurarse de que la cadena de rodillos y los pi\u00f1ones est\u00e9n correctamente alineados y lubricados para evitar desgaste y da\u00f1os prematuros. El mantenimiento de los pi\u00f1ones de pl\u00e1stico implica una limpieza e inspecci\u00f3n peri\u00f3dicas para detectar desgaste y da\u00f1os. En caso de da\u00f1o, se recomienda reemplazar el pi\u00f1\u00f3n inmediatamente para evitar da\u00f1os mayores en la cadena. No se recomienda reparar los pi\u00f1ones de pl\u00e1stico, ya que puede comprometer su integridad y provocar fallas.<\/p>\n<h3>Reemplazo<\/h3>\n<p>Al reemplazar las ruedas dentadas de pl\u00e1stico, es esencial seleccionar el tama\u00f1o, el paso, la cantidad de dientes y el material correctos. Tambi\u00e9n es esencial asegurarse de que la nueva rueda dentada coincida con las especificaciones de la rueda dentada anterior para garantizar el funcionamiento correcto del sistema de transmisi\u00f3n de potencia.<\/p>\n<h2>Nuestros otros productos<\/h2>\n<p>Somos un proveedor l\u00edder de diversos engranajes pl\u00e1sticos industriales, incluidas cajas de engranajes agr\u00edcolas, ejes de salida de potencia, ruedas dentadas, acoplamientos hidr\u00e1ulicos, reductores de engranajes helicoidales, cremalleras, cadenas desmontables, poleas y poleas, cajas de engranajes planetarios, poleas de distribuci\u00f3n, bujes, etc. Nos enorgullecemos de ofrecer productos de alta calidad a un precio razonable con un servicio al cliente excepcional. Invitamos a los clientes a contactarnos para dise\u00f1os personalizados utilizando im\u00e1genes y muestras.<\/p>\n<p><img loading=\"lazy\" decoding=\"async\" class=\"alignleft size-full wp-image-381115\" src=\"https:\/\/images.hzpt.com\/2022\/12\/sprocket-suppliers.webp\" alt=\"Proveedores de pi\u00f1ones\" width=\"400\" height=\"400\"\/><\/p>\n<h2>Preguntas y respuestas<\/h2>\n<h3>1. \u00bfQu\u00e9 son las ruedas dentadas de pl\u00e1stico?<\/h3>\n<p>Las ruedas dentadas de pl\u00e1stico son componentes esenciales de los sistemas de transmisi\u00f3n de potencia que se utilizan para transferir el movimiento rotatorio de un eje a otro mediante una cadena de rodillos. Est\u00e1n hechas de materiales UHMW, Nylatron, nailon, Repro o acetal y son altamente anticorrosivas y tienen una alta resistencia al impacto.<\/p>\n<h3>2. \u00bfCu\u00e1les son los beneficios de utilizar pi\u00f1ones de pl\u00e1stico?<\/h3>\n<p>Las ruedas dentadas de pl\u00e1stico ofrecen un funcionamiento m\u00e1s silencioso, una mayor vida \u00fatil, una alta resistencia a los impactos y son altamente anticorrosivas. Tienen una deflexi\u00f3n de dientes mucho mayor que las ruedas dentadas de acero, lo que significa que varios dientes soportar\u00e1n la carga de la cadena de rodillos.<\/p>\n<h3>3. \u00bfCu\u00e1les son los materiales de productos disponibles para pi\u00f1ones de pl\u00e1stico?<\/h3>\n<p>Los materiales de producto disponibles para pi\u00f1ones de pl\u00e1stico incluyen UHMW, Nylatron, nailon, repro y acetal.<\/p>\n<h3>4. \u00bfC\u00f3mo se instalan y mantienen las ruedas dentadas de pl\u00e1stico?<\/h3>\n<p>Para instalar pi\u00f1ones de pl\u00e1stico, siga atentamente las instrucciones del fabricante. Es fundamental asegurarse de que la cadena de rodillos y los pi\u00f1ones est\u00e9n correctamente alineados y lubricados para evitar desgaste y da\u00f1os prematuros. El mantenimiento de los pi\u00f1ones de pl\u00e1stico implica una limpieza e inspecci\u00f3n peri\u00f3dicas para detectar desgaste y da\u00f1os.<\/p>\n<h3>5. \u00bfQu\u00e9 otros productos suministra su empresa?<\/h3>\n<p>Suministramos varios engranajes pl\u00e1sticos industriales, incluidas cajas de engranajes agr\u00edcolas, ejes de salida de potencia, pi\u00f1ones, acoplamientos hidr\u00e1ulicos, reductores de tornillo sin fin, cremalleras, cadenas extra\u00edbles, poleas y poleas, cajas de engranajes planetarios, poleas de distribuci\u00f3n, bujes, etc. Estamos orgullosos de ofrecer productos de alta calidad a un precio razonable con un servicio al cliente excepcional.<\/p>","protected":false},"excerpt":{"rendered":"<p>Plastic Sprockets for Power Transmission Components Plastic sprockets are an essential component of power transmission systems used in various industries. They are used to transfer rotary motion from one shaft to another using a roller chain. Plastic sprockets are widely used in industries such as food processing, beverage, packaging, and paper manufacturing because of their [&hellip;]<\/p>","protected":false},"featured_media":6610,"template":"","meta":{"_et_pb_use_builder":"","_et_pb_old_content":"","_et_gb_content_width":""},"product_brand":[],"product_cat":[11348],"product_tag":[],"class_list":{"0":"post-6619","1":"product","2":"type-product","3":"status-publish","4":"has-post-thumbnail","6":"product_cat-plastic-sprocket","8":"first","9":"instock","10":"shipping-taxable","11":"product-type-simple"},"_links":{"self":[{"href":"https:\/\/agricultural-gear-boxes.com\/es\/wp-json\/wp\/v2\/product\/6619","targetHints":{"allow":["GET"]}}],"collection":[{"href":"https:\/\/agricultural-gear-boxes.com\/es\/wp-json\/wp\/v2\/product"}],"about":[{"href":"https:\/\/agricultural-gear-boxes.com\/es\/wp-json\/wp\/v2\/types\/product"}],"wp:featuredmedia":[{"embeddable":true,"href":"https:\/\/agricultural-gear-boxes.com\/es\/wp-json\/wp\/v2\/media\/6610"}],"wp:attachment":[{"href":"https:\/\/agricultural-gear-boxes.com\/es\/wp-json\/wp\/v2\/media?parent=6619"}],"wp:term":[{"taxonomy":"product_brand","embeddable":true,"href":"https:\/\/agricultural-gear-boxes.com\/es\/wp-json\/wp\/v2\/product_brand?post=6619"},{"taxonomy":"product_cat","embeddable":true,"href":"https:\/\/agricultural-gear-boxes.com\/es\/wp-json\/wp\/v2\/product_cat?post=6619"},{"taxonomy":"product_tag","embeddable":true,"href":"https:\/\/agricultural-gear-boxes.com\/es\/wp-json\/wp\/v2\/product_tag?post=6619"}],"curies":[{"name":"wp","href":"https:\/\/api.w.org\/{rel}","templated":true}]}}