{"id":6620,"date":"2024-11-14T05:51:05","date_gmt":"2024-11-14T05:51:05","guid":{"rendered":"https:\/\/agricultural-gear-boxes.com\/product\/40-plastic-sprockets\/"},"modified":"2024-11-14T05:51:05","modified_gmt":"2024-11-14T05:51:05","slug":"40-plastic-sprockets","status":"publish","type":"product","link":"https:\/\/agricultural-gear-boxes.com\/es\/product\/40-plastic-sprockets\/","title":{"rendered":"Pi\u00f1ones de pl\u00e1stico #40"},"content":{"rendered":"<h2>Pi\u00f1ones de pl\u00e1stico: mejora de la eficiencia de la transmisi\u00f3n de potencia<\/h2>\n<p>Los pi\u00f1ones de pl\u00e1stico han revolucionado los sistemas de transmisi\u00f3n de potencia gracias a su extraordinario rendimiento y versatilidad. En nuestra empresa, nos enorgullecemos de ser un proveedor l\u00edder de componentes de transmisi\u00f3n de potencia de pl\u00e1stico, incluyendo una amplia gama de pi\u00f1ones de pl\u00e1stico. Nuestros pi\u00f1ones de pl\u00e1stico est\u00e1n disponibles en tama\u00f1os ANSI de #25 a #80 y se pueden fabricar con diversos materiales como UHMW, Nylatron, nailon, Repro y acetal. Adem\u00e1s, ofrecemos pi\u00f1ones de dise\u00f1o personalizado para satisfacer sus necesidades espec\u00edficas.<\/p>\n<p>Al elegir pi\u00f1ones de pl\u00e1stico para cadenas de rodillos, existen varias ventajas notables. En primer lugar, estos pi\u00f1ones funcionan silenciosamente, lo que garantiza un entorno de trabajo m\u00e1s silencioso. Adem\u00e1s, ofrecen una excepcional vida \u00fatil para la cadena de rodillos, gracias a su dise\u00f1o que permite que varios dientes compartan la carga. Con esta mayor deflexi\u00f3n de los dientes, la capacidad de carga del pi\u00f1\u00f3n se ajusta a la carga de trabajo total de la cadena.<\/p>\n<p>Una de las caracter\u00edsticas clave de nuestros pi\u00f1ones de pl\u00e1stico es su alta resistencia a la corrosi\u00f3n, lo que los hace ideales para aplicaciones en entornos hostiles. Adem\u00e1s, son incre\u00edblemente ligeros, lo que permite una transmisi\u00f3n de potencia eficiente sin a\u00f1adir peso innecesario al sistema. Tambi\u00e9n presentan una excelente resistencia al impacto y est\u00e1n aprobados por la FDA para su uso en industrias que requieren componentes de grado alimenticio.<\/p>\n<p>Nuestro stock de pi\u00f1ones de pl\u00e1stico #40 refleja la calidad y la variedad que ofrecemos. Especificaciones:<\/p>\n<table border=\"1\">\n<thead>\n<tr>\n<th>Tama\u00f1o de la rueda dentada<\/th>\n<th>Recuento de dientes<\/th>\n<th>Material<\/th>\n<th>Di\u00e1metro de paso<\/th>\n<th>Di\u00e1metro interior de serie<\/th>\n<th>Longitud a trav\u00e9s del orificio<\/th>\n<\/tr>\n<\/thead>\n<tbody>\n<tr>\n<td><b>40B9<\/b><\/td>\n<td>9<\/td>\n<td>Nylatr\u00f3n<\/td>\n<td>1.462&#8243;<\/td>","protected":false},"excerpt":{"rendered":"<p>Plastic Sprockets &#8211; Enhancing Power Transmission Efficiency Plastic sprockets have revolutionized power transmission systems with their remarkable performance and versatility. At our company, we take pride in being a premier supplier of plastic power transmission components, including a wide range of plastic sprockets. Our plastic sprockets are available in ANSI sizes ranging from #25 to [&hellip;]<\/p>","protected":false},"featured_media":6609,"template":"","meta":{"_et_pb_use_builder":"","_et_pb_old_content":"","_et_gb_content_width":""},"product_brand":[],"product_cat":[11348],"product_tag":[],"class_list":{"0":"post-6620","1":"product","2":"type-product","3":"status-publish","4":"has-post-thumbnail","6":"product_cat-plastic-sprocket","8":"first","9":"instock","10":"shipping-taxable","11":"product-type-simple"},"_links":{"self":[{"href":"https:\/\/agricultural-gear-boxes.com\/es\/wp-json\/wp\/v2\/product\/6620","targetHints":{"allow":["GET"]}}],"collection":[{"href":"https:\/\/agricultural-gear-boxes.com\/es\/wp-json\/wp\/v2\/product"}],"about":[{"href":"https:\/\/agricultural-gear-boxes.com\/es\/wp-json\/wp\/v2\/types\/product"}],"wp:featuredmedia":[{"embeddable":true,"href":"https:\/\/agricultural-gear-boxes.com\/es\/wp-json\/wp\/v2\/media\/6609"}],"wp:attachment":[{"href":"https:\/\/agricultural-gear-boxes.com\/es\/wp-json\/wp\/v2\/media?parent=6620"}],"wp:term":[{"taxonomy":"product_brand","embeddable":true,"href":"https:\/\/agricultural-gear-boxes.com\/es\/wp-json\/wp\/v2\/product_brand?post=6620"},{"taxonomy":"product_cat","embeddable":true,"href":"https:\/\/agricultural-gear-boxes.com\/es\/wp-json\/wp\/v2\/product_cat?post=6620"},{"taxonomy":"product_tag","embeddable":true,"href":"https:\/\/agricultural-gear-boxes.com\/es\/wp-json\/wp\/v2\/product_tag?post=6620"}],"curies":[{"name":"wp","href":"https:\/\/api.w.org\/{rel}","templated":true}]}}