{"id":6621,"date":"2024-11-14T05:51:05","date_gmt":"2024-11-14T05:51:05","guid":{"rendered":"https:\/\/agricultural-gear-boxes.com\/product\/50-plastic-sprockets\/"},"modified":"2024-11-14T05:51:05","modified_gmt":"2024-11-14T05:51:05","slug":"50-plastic-sprockets","status":"publish","type":"product","link":"https:\/\/agricultural-gear-boxes.com\/es\/product\/50-plastic-sprockets\/","title":{"rendered":"Pi\u00f1ones de pl\u00e1stico #50"},"content":{"rendered":"<h2>Pi\u00f1ones de pl\u00e1stico para transmisi\u00f3n de potencia<\/h2>\n<p>Las ruedas dentadas de pl\u00e1stico son componentes esenciales en los sistemas de transmisi\u00f3n de potencia. Ofrecen varias ventajas en comparaci\u00f3n con las ruedas dentadas de acero tradicionales, lo que las convierte en una opci\u00f3n popular en diversas industrias. En nuestra empresa, nos enorgullecemos de ser un proveedor l\u00edder de componentes de transmisi\u00f3n de potencia de pl\u00e1stico de alta calidad, incluidas las ruedas dentadas de pl\u00e1stico.<\/p>\n<h3>Descripci\u00f3n general<\/h3>\n<p>Nuestras ruedas dentadas de pl\u00e1stico est\u00e1n disponibles en tama\u00f1os ANSI que van desde #25 hasta #80. Se fabrican con materiales de primera calidad, como UHMW, Nylatron, nailon, Repro y acetal. Adem\u00e1s, tenemos la capacidad de producir ruedas dentadas m\u00e9tricas, de doble paso, d\u00faplex, de clase de ingenier\u00eda y dise\u00f1adas a medida para cumplir con requisitos espec\u00edficos.<\/p>\n<h3>Beneficios<\/h3>\n<p>El uso de pi\u00f1ones de cadena de rodillos de pl\u00e1stico ofrece varias ventajas en comparaci\u00f3n con los pi\u00f1ones de acero:<\/p>\n<ul>\n<li>Funcionamiento m\u00e1s silencioso<\/li>\n<li>Mayor vida \u00fatil en la cadena de rodillos<\/li>\n<li>Altamente anticorrosivo<\/li>\n<li>Extremadamente ligero<\/li>\n<li>Alta resistencia al impacto<\/li>\n<li>Aprobado por la FDA para aplicaciones seguras para alimentos.<\/li>\n<\/ul>\n<p>Estas ventajas hacen que las ruedas dentadas de pl\u00e1stico sean una excelente opci\u00f3n para industrias donde la reducci\u00f3n de ruido, la resistencia a la corrosi\u00f3n y los componentes livianos son cruciales.<\/p>\n<p><img loading=\"lazy\" decoding=\"async\" class=\"alignleft size-full wp-image-381117\" src=\"https:\/\/www.ever-power.net\/wp-content\/uploads\/2022\/06\/Plastic-Roller-Chain-Sprockets-1-2.jpg\" alt=\"\" width=\"245\" height=\"245\" \/><\/p>\n<h2>Escenarios de uso<\/h2>\n<figure>\n  <img decoding=\"async\" src=\"https:\/\/images.hzpt.com\/2023\/01\/Applications-for-Roller-Chain-Sprockets-1.webp\" alt=\"\"><figcaption>Escenarios de uso habituales de pi\u00f1ones de pl\u00e1stico<\/figcaption><\/figure>\n<p>Las ruedas dentadas de pl\u00e1stico se utilizan en diversos entornos industriales. A continuaci\u00f3n, se indican algunos escenarios de uso habituales:<\/p>\n<ul>\n<li>Sistemas transportadores<\/li>\n<li>Equipos de manipulaci\u00f3n de materiales<\/li>\n<li>Maquinaria para procesamiento de alimentos<\/li>\n<li>Maquinaria agr\u00edcola<\/li>\n<li>Maquinaria de embalaje<\/li>\n<li>L\u00edneas de producci\u00f3n automatizadas<\/li>\n<\/ul>\n<p>Con sus excelentes caracter\u00edsticas de rendimiento, las ruedas dentadas de pl\u00e1stico garantizan una transmisi\u00f3n de potencia suave y confiable en estos entornos exigentes.<\/p>\n<h2>Detalles del producto<\/h2>\n<h3>Historia y clasificaci\u00f3n<\/h3>\n<p>Las ruedas dentadas de pl\u00e1stico tienen una larga historia de uso exitoso en diversas industrias. Han evolucionado para cumplir con los requisitos espec\u00edficos de diferentes aplicaciones. Nuestra gama de productos incluye:<\/p>\n<ul>\n<li>Pi\u00f1ones de tama\u00f1o ANSI est\u00e1ndar de #25 a #80<\/li>","protected":false},"excerpt":{"rendered":"<p>Plastic Sprockets for Power Transmission Plastic sprockets are essential components in power transmission systems. They offer several advantages over traditional steel sprockets, making them a popular choice in various industries. At our company, we pride ourselves on being a premier supplier of high-quality plastic power transmission components, including plastic sprockets. Overview Our plastic sprockets are [&hellip;]<\/p>","protected":false},"featured_media":6613,"template":"","meta":{"_et_pb_use_builder":"","_et_pb_old_content":"","_et_gb_content_width":""},"product_brand":[],"product_cat":[11348],"product_tag":[],"class_list":{"0":"post-6621","1":"product","2":"type-product","3":"status-publish","4":"has-post-thumbnail","6":"product_cat-plastic-sprocket","8":"first","9":"instock","10":"shipping-taxable","11":"product-type-simple"},"_links":{"self":[{"href":"https:\/\/agricultural-gear-boxes.com\/es\/wp-json\/wp\/v2\/product\/6621","targetHints":{"allow":["GET"]}}],"collection":[{"href":"https:\/\/agricultural-gear-boxes.com\/es\/wp-json\/wp\/v2\/product"}],"about":[{"href":"https:\/\/agricultural-gear-boxes.com\/es\/wp-json\/wp\/v2\/types\/product"}],"wp:featuredmedia":[{"embeddable":true,"href":"https:\/\/agricultural-gear-boxes.com\/es\/wp-json\/wp\/v2\/media\/6613"}],"wp:attachment":[{"href":"https:\/\/agricultural-gear-boxes.com\/es\/wp-json\/wp\/v2\/media?parent=6621"}],"wp:term":[{"taxonomy":"product_brand","embeddable":true,"href":"https:\/\/agricultural-gear-boxes.com\/es\/wp-json\/wp\/v2\/product_brand?post=6621"},{"taxonomy":"product_cat","embeddable":true,"href":"https:\/\/agricultural-gear-boxes.com\/es\/wp-json\/wp\/v2\/product_cat?post=6621"},{"taxonomy":"product_tag","embeddable":true,"href":"https:\/\/agricultural-gear-boxes.com\/es\/wp-json\/wp\/v2\/product_tag?post=6621"}],"curies":[{"name":"wp","href":"https:\/\/api.w.org\/{rel}","templated":true}]}}