{"id":6622,"date":"2024-11-14T05:51:05","date_gmt":"2024-11-14T05:51:05","guid":{"rendered":"https:\/\/agricultural-gear-boxes.com\/product\/60-plastic-sprockets\/"},"modified":"2024-11-14T05:51:06","modified_gmt":"2024-11-14T05:51:06","slug":"60-plastic-sprockets","status":"publish","type":"product","link":"https:\/\/agricultural-gear-boxes.com\/es\/product\/60-plastic-sprockets\/","title":{"rendered":"Pi\u00f1ones de pl\u00e1stico #60"},"content":{"rendered":"<h2>Pi\u00f1ones de pl\u00e1stico: componentes de transmisi\u00f3n de potencia de alta calidad<\/h2>\n<p>Las ruedas dentadas de pl\u00e1stico son un componente esencial de transmisi\u00f3n de potencia que proporciona un funcionamiento suave y eficiente en diferentes aplicaciones industriales. Estas ruedas dentadas se utilizan ampliamente en transmisiones por cadena de rodillos, sistemas de transporte, m\u00e1quinas de envasado y otros equipos especializados para manipulaci\u00f3n de materiales, procesamiento de alimentos y operaciones de envasado.<\/p>\n<h3>Escenarios de uso<\/h3>\n<p>Las ruedas dentadas de pl\u00e1stico se utilizan ampliamente en diversas aplicaciones, entre ellas:<\/p>\n<ul>\n<li>Sistemas transportadores<\/li>\n<li>Maquinaria agr\u00edcola<\/li>\n<li>Equipos de procesamiento de alimentos<\/li>\n<li>Equipos de manipulaci\u00f3n de materiales<\/li>\n<li>Maquinas de embalaje<\/li>\n<li>Industria automotriz<\/li>\n<\/ul>\n<p><img decoding=\"async\" src=\"https:\/\/images.hzpt.com\/2023\/01\/Applications-for-Roller-Chain-Sprockets-1.webp\" alt=\"Pi\u00f1ones de cadena de rodillos en uso\"><\/p>\n<h3>Ventajas de las ruedas dentadas de pl\u00e1stico<\/h3>\n<ul>\n<li>Funcionamiento m\u00e1s silencioso que los pi\u00f1ones met\u00e1licos<\/li>\n<li>Mayor vida \u00fatil en la cadena de rodillos<\/li>\n<li>Resistente a la corrosi\u00f3n y ligero.<\/li>\n<li>Alta resistencia al impacto y aprobado por la FDA.<\/li>\n<li>Mayor deflexi\u00f3n de dientes que las ruedas dentadas de acero est\u00e1ndar<\/li>\n<li>Disponible en diferentes materiales.<\/li>\n<li>Pi\u00f1ones dise\u00f1ados a medida disponibles<\/li>\n<\/ul>\n<h3>Materiales<\/h3>\n<p>Nuestras ruedas dentadas de pl\u00e1stico est\u00e1n disponibles en diferentes materiales, incluidos:<\/p>\n<ul>\n<li>Peso ultraalto ponderado<\/li>\n<li>Nylatr\u00f3n<\/li>\n<li>Nylon<\/li>\n<li>Reproducci\u00f3n<\/li>\n<li>Acetal<\/li>\n<\/ul>\n<h3>Instalaci\u00f3n, mantenimiento y reparaci\u00f3n<\/h3>\n<p>Instalar, mantener y reparar pi\u00f1ones de pl\u00e1stico es sencillo y f\u00e1cil. Siga estos pasos:<\/p>\n<ol>\n<li>Limpie la rueda dentada y la cadena de rodillos antes de la instalaci\u00f3n.<\/li>\n<li>Verifique la alineaci\u00f3n de la rueda dentada y aj\u00fastela si es necesario.<\/li>\n<li>Asegure firmemente la rueda dentada en el eje usando pernos o tornillos de fijaci\u00f3n.<\/li>\n<li>Compruebe peri\u00f3dicamente si hay desgaste, da\u00f1os y signos de fatiga.<\/li>\n<li>Reemplace la rueda dentada si muestra signos de desgaste o da\u00f1os.<\/li>\n<\/ol>\n<h3>Productos de la empresa<\/h3>\n<p>Adem\u00e1s de pi\u00f1ones de pl\u00e1stico, ofrecemos una amplia gama de engranajes y componentes de pl\u00e1stico industriales, que incluyen:<\/p>\n<ul>\n<li>Cajas de cambios agr\u00edcolas<\/li>\n<li>Ejes de salida de potencia<\/li>\n<li>Acoplamientos hidr\u00e1ulicos<\/li>\n<li>Reductores de engranajes helicoidales<\/li>\n<li>Cremalleras<\/li>\n<li>Cadenas desmontables<\/li>\n<li>Poleas y poleas<\/li>\n<li>Cajas de engranajes planetarios<\/li>\n<li>Poleas de distribuci\u00f3n<\/li>\n<li>Bujes<\/li>\n<\/ul>\n<p><img decoding=\"async\" src=\"https:\/\/images.hzpt.com\/2022\/12\/sprocket-suppliers.webp\" alt=\"Proveedores de pi\u00f1ones\"><\/p>\n<h2>Preguntas frecuentes<\/h2>\n<h3>P1: \u00bfCu\u00e1les son los diferentes materiales disponibles para las ruedas dentadas de pl\u00e1stico?<\/h3>\n<p>R: Nuestras ruedas dentadas de pl\u00e1stico est\u00e1n disponibles en UHMW, Nylatron, Nylon, Repro y Acetal.<\/p>\n<h3>P2: \u00bfCu\u00e1les son las ventajas de utilizar pi\u00f1ones de pl\u00e1stico?<\/h3>\n<p>R: Las ruedas dentadas de pl\u00e1stico funcionan de manera m\u00e1s silenciosa, producen una mejor vida \u00fatil en la cadena de rodillos, son altamente anticorrosivas, livianas, tienen alta resistencia al impacto y est\u00e1n aprobadas por la FDA.<\/p>\n<h3>Q3: \u00bfCu\u00e1l es la capacidad de carga de las ruedas dentadas de pl\u00e1stico?<\/h3>\n<p>R: La capacidad de carga de las ruedas dentadas de pl\u00e1stico coincide aproximadamente con la carga de trabajo total de la cadena.<\/p>\n<h3>Q4: \u00bfC\u00f3mo instalo pi\u00f1ones de pl\u00e1stico?<\/h3>\n<p>R: Para instalar pi\u00f1ones de pl\u00e1stico, limpie el pi\u00f1\u00f3n y la cadena de rodillos antes de la instalaci\u00f3n, verifique la alineaci\u00f3n del pi\u00f1\u00f3n y aj\u00fastelo si es necesario, asegure el pi\u00f1\u00f3n firmemente en el eje con pernos o tornillos de fijaci\u00f3n y verifique regularmente si hay desgaste, da\u00f1os y signos de fatiga.<\/p>\n<h3>Q5: \u00bfQu\u00e9 otros engranajes y componentes pl\u00e1sticos industriales ofrecen?<\/h3>\n<p>A: Ofrecemos cajas de engranajes agr\u00edcolas, ejes de salida de potencia, acoplamientos hidr\u00e1ulicos, reductores de tornillo sin fin, cremalleras, cadenas desmontables, poleas y poleas, cajas de engranajes planetarios, poleas de distribuci\u00f3n, bujes y m\u00e1s.<\/p>\n<p style=\"color: red;\">Descargo de responsabilidad: Todo el contenido de la p\u00e1gina proviene de Internet y solo se utiliza como referencia para la selecci\u00f3n de productos. Nuestros productos son accesorios y no repuestos originales. No somos los propietarios de la marca registrada original del contenido. Nuestros accesorios pueden adaptarse perfectamente a los repuestos originales. Si necesita comprar repuestos originales, comun\u00edquese con la f\u00e1brica original para comprarlos.<\/p>\n<p style=\"text-align: right;\">\u2013 lmc<\/p>","protected":false},"excerpt":{"rendered":"<p>Plastic Sprockets &#8211; High-Quality Power Transmission Components Plastic sprockets are an essential power transmission component that provides a smooth and efficient operation in different industrial applications. These sprockets are widely used in roller chain drives, conveying systems, packaging machines, and other specialized equipment for material handling, food processing, and packaging operations. Usage Scenarios Plastic sprockets [&hellip;]<\/p>","protected":false},"featured_media":6610,"template":"","meta":{"_et_pb_use_builder":"","_et_pb_old_content":"","_et_gb_content_width":""},"product_brand":[],"product_cat":[11348],"product_tag":[],"class_list":{"0":"post-6622","1":"product","2":"type-product","3":"status-publish","4":"has-post-thumbnail","6":"product_cat-plastic-sprocket","8":"first","9":"instock","10":"shipping-taxable","11":"product-type-simple"},"_links":{"self":[{"href":"https:\/\/agricultural-gear-boxes.com\/es\/wp-json\/wp\/v2\/product\/6622","targetHints":{"allow":["GET"]}}],"collection":[{"href":"https:\/\/agricultural-gear-boxes.com\/es\/wp-json\/wp\/v2\/product"}],"about":[{"href":"https:\/\/agricultural-gear-boxes.com\/es\/wp-json\/wp\/v2\/types\/product"}],"wp:featuredmedia":[{"embeddable":true,"href":"https:\/\/agricultural-gear-boxes.com\/es\/wp-json\/wp\/v2\/media\/6610"}],"wp:attachment":[{"href":"https:\/\/agricultural-gear-boxes.com\/es\/wp-json\/wp\/v2\/media?parent=6622"}],"wp:term":[{"taxonomy":"product_brand","embeddable":true,"href":"https:\/\/agricultural-gear-boxes.com\/es\/wp-json\/wp\/v2\/product_brand?post=6622"},{"taxonomy":"product_cat","embeddable":true,"href":"https:\/\/agricultural-gear-boxes.com\/es\/wp-json\/wp\/v2\/product_cat?post=6622"},{"taxonomy":"product_tag","embeddable":true,"href":"https:\/\/agricultural-gear-boxes.com\/es\/wp-json\/wp\/v2\/product_tag?post=6622"}],"curies":[{"name":"wp","href":"https:\/\/api.w.org\/{rel}","templated":true}]}}