{"id":6623,"date":"2024-11-14T05:51:06","date_gmt":"2024-11-14T05:51:06","guid":{"rendered":"https:\/\/agricultural-gear-boxes.com\/product\/80-plastic-sprockets\/"},"modified":"2024-11-14T05:51:06","modified_gmt":"2024-11-14T05:51:06","slug":"80-plastic-sprockets","status":"publish","type":"product","link":"https:\/\/agricultural-gear-boxes.com\/es\/product\/80-plastic-sprockets\/","title":{"rendered":"Pi\u00f1ones de pl\u00e1stico #80"},"content":{"rendered":"<h2>Pi\u00f1ones de cadena de rodillos de pl\u00e1stico: componentes de transmisi\u00f3n de potencia de alta calidad<\/h2>\n<p>Las ruedas dentadas de pl\u00e1stico son componentes esenciales en los sistemas de transmisi\u00f3n de potencia, ya que garantizan un funcionamiento eficiente y fiable. Nuestra empresa es un proveedor l\u00edder de componentes de transmisi\u00f3n de potencia de pl\u00e1stico, especializado en ruedas dentadas de pl\u00e1stico disponibles en tama\u00f1os ANSI #25 a #80. Estas ruedas dentadas se fabrican con materiales UHMW, Nylatron, nailon, Repro y acetal, lo que garantiza su durabilidad y rendimiento en diversas aplicaciones.<\/p>\n<h3>Introducci\u00f3n del producto<\/h3>\n<p>Los pi\u00f1ones de pl\u00e1stico para cadenas de rodillos ofrecen varias ventajas sobre los pi\u00f1ones de acero tradicionales. En primer lugar, proporcionan un funcionamiento m\u00e1s silencioso y prolongan significativamente la vida \u00fatil de la cadena. Adem\u00e1s, son altamente anticorrosivos, ligeros y tienen una excelente resistencia al impacto. Adem\u00e1s, cuentan con la aprobaci\u00f3n de la FDA, lo que los hace adecuados para industrias que exigen el cumplimiento de las normas de seguridad alimentaria.<\/p>\n<p><img loading=\"lazy\" decoding=\"async\" class=\"alignleft size-full wp-image-381115\" src=\"https:\/\/www.ever-power.net\/wp-content\/uploads\/2022\/06\/Plastic-Roller-Chain-Sprockets-5-1.jpg\" alt=\"\" width=\"450\" height=\"450\" \/><\/p>\n<h3>Escenarios de uso<\/h3>\n<p>Las ruedas dentadas de pl\u00e1stico se utilizan ampliamente en diversas industrias gracias a sus excepcionales propiedades. Algunos ejemplos de uso comunes incluyen:<\/p>\n<ul>\n<li>Sistemas de transporte: Las ruedas dentadas de pl\u00e1stico se utilizan ampliamente en sistemas de transporte en plantas de fabricaci\u00f3n, almacenes y centros de distribuci\u00f3n. Su naturaleza anticorrosiva y su funcionamiento silencioso las hacen ideales para un manejo fluido de materiales.<\/li>\n<li>Procesamiento de alimentos: La aprobaci\u00f3n de la FDA para las ruedas dentadas de pl\u00e1stico las hace ideales para la industria alimentaria. Pueden utilizarse en cintas transportadoras, equipos de envasado y otras m\u00e1quinas sin riesgo de contaminaci\u00f3n.<\/li>\n<li>Fabricaci\u00f3n automotriz: Las ruedas dentadas de pl\u00e1stico se utilizan en l\u00edneas de montaje y sistemas automatizados de la industria automotriz. Su dise\u00f1o ligero reduce el peso total de los sistemas, manteniendo al mismo tiempo una alta capacidad de carga.<\/li>\n<li>Maquinaria agr\u00edcola: Las granjas y los equipos agr\u00edcolas se benefician de las ruedas dentadas de pl\u00e1stico gracias a su resistencia a los productos qu\u00edmicos, la humedad y los impactos. Garantizan un funcionamiento fiable incluso en entornos exteriores hostiles.<\/li>\n<\/ul>\n<p>En general, las ruedas dentadas de pl\u00e1stico ofrecen versatilidad y confiabilidad en numerosas aplicaciones, lo que contribuye a sistemas de transmisi\u00f3n de potencia eficientes.<\/p>\n<p><img decoding=\"async\" src=\"https:\/\/images.hzpt.com\/2023\/01\/Applications-for-Roller-Chain-Sprockets-1.webp\" \/><\/p>\n<h3>Detalles del producto<\/h3>\n<p>Nuestros pi\u00f1ones de pl\u00e1stico est\u00e1n disponibles en varios tama\u00f1os y materiales para satisfacer diversas necesidades. A continuaci\u00f3n, se detallan algunos detalles clave de nuestros pi\u00f1ones de pl\u00e1stico #25 en stock:<\/p>\n<table class=\"scrollable\" border=\"1\">\n<tbody>\n<tr>\n<th>Tama\u00f1o de la rueda dentada<\/th>\n<th>Recuento de dientes<\/th>\n<th>Material<\/th>\n<th>Di\u00e1metro de paso<\/th>\n<th>Di\u00e1metro interior de serie<\/th>\n<th>Longitud a trav\u00e9s del orificio<\/th>\n<\/tr>\n<tr>\n<th>\n<div><strong>80B15<\/strong><\/div>\n<\/th>\n<td>15<\/td>\n<td>Peso ultraalto ponderado<\/td>\n<td>4.810&#8243;<\/td>\n<td>1&#8243;<\/td>\n<td>1-1\/2&#8243;<\/td>\n<\/tr>\n<p>    <!-- Additional rows for other sprocket sizes --><br \/>\n  <\/tbody>\n<\/table>\n<h3>Ventajas de las ruedas dentadas de pl\u00e1stico<\/h3>\n<ul>\n<li>Desviaci\u00f3n de dientes superior en comparaci\u00f3n con los pi\u00f1ones de acero, lo que garantiza una mejor distribuci\u00f3n de la carga.<\/li>\n<li>Excelente vida \u00fatil<br \/>","protected":false},"excerpt":{"rendered":"<p>Plastic Roller Chain Sprockets: High-Quality Power Transmission Components Plastic sprockets are essential components in power transmission systems, providing efficient and reliable operation. Our company is a premier supplier of plastic power transmission components, specializing in plastic sprockets available in ANSI sized #25 &#8211; #80. These sprockets are manufactured using UHMW, Nylatron, Nylon, Repro, and Acetal [&hellip;]<\/p>","protected":false},"featured_media":6609,"template":"","meta":{"_et_pb_use_builder":"","_et_pb_old_content":"","_et_gb_content_width":""},"product_brand":[],"product_cat":[11348],"product_tag":[],"class_list":{"0":"post-6623","1":"product","2":"type-product","3":"status-publish","4":"has-post-thumbnail","6":"product_cat-plastic-sprocket","8":"first","9":"instock","10":"shipping-taxable","11":"product-type-simple"},"_links":{"self":[{"href":"https:\/\/agricultural-gear-boxes.com\/es\/wp-json\/wp\/v2\/product\/6623","targetHints":{"allow":["GET"]}}],"collection":[{"href":"https:\/\/agricultural-gear-boxes.com\/es\/wp-json\/wp\/v2\/product"}],"about":[{"href":"https:\/\/agricultural-gear-boxes.com\/es\/wp-json\/wp\/v2\/types\/product"}],"wp:featuredmedia":[{"embeddable":true,"href":"https:\/\/agricultural-gear-boxes.com\/es\/wp-json\/wp\/v2\/media\/6609"}],"wp:attachment":[{"href":"https:\/\/agricultural-gear-boxes.com\/es\/wp-json\/wp\/v2\/media?parent=6623"}],"wp:term":[{"taxonomy":"product_brand","embeddable":true,"href":"https:\/\/agricultural-gear-boxes.com\/es\/wp-json\/wp\/v2\/product_brand?post=6623"},{"taxonomy":"product_cat","embeddable":true,"href":"https:\/\/agricultural-gear-boxes.com\/es\/wp-json\/wp\/v2\/product_cat?post=6623"},{"taxonomy":"product_tag","embeddable":true,"href":"https:\/\/agricultural-gear-boxes.com\/es\/wp-json\/wp\/v2\/product_tag?post=6623"}],"curies":[{"name":"wp","href":"https:\/\/api.w.org\/{rel}","templated":true}]}}