{"id":6637,"date":"2024-11-15T05:21:13","date_gmt":"2024-11-15T05:21:13","guid":{"rendered":"https:\/\/agricultural-gear-boxes.com\/product\/stainless-steel-sprockets-2\/"},"modified":"2024-11-15T05:21:14","modified_gmt":"2024-11-15T05:21:14","slug":"stainless-steel-sprockets-2","status":"publish","type":"product","link":"https:\/\/agricultural-gear-boxes.com\/es\/product\/stainless-steel-sprockets-2\/","title":{"rendered":"Pi\u00f1ones de acero inoxidable"},"content":{"rendered":"<h2>Pi\u00f1ones de acero inoxidable y sus usos m\u00e1s habituales<\/h2>\n<p>Las ruedas dentadas de acero inoxidable son un componente esencial en una amplia gama de aplicaciones industriales, incluidas las cintas transportadoras, los sistemas de manipulaci\u00f3n de materiales y los equipos de transmisi\u00f3n de potencia. Estas ruedas dentadas est\u00e1n dise\u00f1adas para soportar condiciones y entornos hostiles, lo que las hace ideales para su uso en entornos industriales donde la durabilidad y la resistencia a la corrosi\u00f3n son esenciales. <\/p>\n<h3>Historia de las ruedas dentadas de acero inoxidable<\/h3>\n<p>La primera rueda dentada de acero inoxidable se invent\u00f3 a mediados del siglo XX para su uso en la industria de procesamiento de alimentos. Desde entonces, el uso de ruedas dentadas de acero inoxidable se ha extendido a muchas otras industrias, incluidas la automotriz, la aeroespacial y la marina.<\/p>\n<h3>Clasificaci\u00f3n de pi\u00f1ones de acero inoxidable<\/h3>\n<p>Las ruedas dentadas de acero inoxidable se pueden clasificar en dos categor\u00edas: estilo A-Plate y estilo B-Hub. Las ruedas dentadas estilo A-Plate tienen un cubo plano, mientras que las ruedas dentadas estilo B-Hub tienen un cubo con extensiones atornilladas. <\/p>\n<h3>Ventajas de las ruedas dentadas de acero inoxidable<\/h3>\n<p>El uso de pi\u00f1ones de acero inoxidable tiene varias ventajas en comparaci\u00f3n con otros materiales. Son resistentes a la corrosi\u00f3n, duraderos y pueden soportar altas temperaturas. Tambi\u00e9n requieren un mantenimiento m\u00ednimo y pueden durar mucho tiempo con el cuidado adecuado.<\/p>\n<h3>Materiales disponibles para pi\u00f1ones de acero inoxidable<\/h3>\n<p>Las ruedas dentadas de acero inoxidable suelen estar fabricadas con acero inoxidable de grado 304, pero tambi\u00e9n est\u00e1n disponibles en acero inoxidable de grado 316 y otros grados a pedido. Estas ruedas dentadas tambi\u00e9n se pueden fabricar con orificios terminados gracias al taller de m\u00e1quinas industriales interno de r\u00e1pida reacci\u00f3n.<\/p>\n<h3>C\u00f3mo instalar, mantener y reparar pi\u00f1ones de acero inoxidable<\/h3>\n<p>La instalaci\u00f3n, el mantenimiento y la reparaci\u00f3n adecuados de las ruedas dentadas de acero inoxidable son fundamentales para su longevidad y rendimiento. Para instalar una rueda dentada, primero seleccione el tama\u00f1o y el tipo adecuados para su aplicaci\u00f3n. Luego, deslice la rueda dentada sobre el eje y f\u00edjela con una ranura o tornillos de fijaci\u00f3n. <\/p>\n<p>Para mantener la rueda dentada, inspecci\u00f3nela peri\u00f3dicamente para detectar desgaste y da\u00f1os. Limpie la rueda dentada con un detergente suave y agua para eliminar cualquier residuo. Lubrique la rueda dentada con un lubricante de alta calidad para reducir la fricci\u00f3n y el desgaste.<\/p>\n<p>Si la rueda dentada est\u00e1 da\u00f1ada o desgastada, es posible que sea necesario repararla o reemplazarla. Para reparar una rueda dentada, primero identifique el problema, como un diente roto. Luego, utilice una m\u00e1quina de soldar para reparar o reemplazar el \u00e1rea da\u00f1ada. <\/p>\n<h3>Imagen de la fabricaci\u00f3n de pi\u00f1ones<\/h3>\n<p><img decoding=\"async\" src=\"https:\/\/images.hzpt.com\/2024\/10\/0-sprocket-manufacturing-5.webp\" alt=\"Fabricaci\u00f3n de pi\u00f1ones\"><\/p>\n<h2>Otros engranajes pl\u00e1sticos industriales y sus escenarios de uso m\u00e1s comunes<\/h2>\n<p>Adem\u00e1s de pi\u00f1ones de acero inoxidable, tambi\u00e9n suministramos una amplia gama de engranajes pl\u00e1sticos industriales, incluidas cajas de engranajes agr\u00edcolas, ejes de salida de potencia, acoplamientos hidr\u00e1ulicos, reductores de tornillo sin fin, cremalleras, cadenas extra\u00edbles, poleas, cajas de engranajes planetarios, poleas de distribuci\u00f3n y bujes. <\/p>\n<p>Nuestros productos son de alta calidad, tienen precios competitivos y vienen con servicios bien pensados. Invitamos a los clientes a personalizar sus productos con nosotros, proporcion\u00e1ndoles fotograf\u00edas y muestras para garantizar su satisfacci\u00f3n.<\/p>\n<h3>Imagen de papel<\/h3>\n<p><img decoding=\"async\" src=\"https:\/\/img.jiansujichilun.com\/img\/sprocket\/re-write\/paper.webp\" alt=\"Papel\"><\/p>\n<h2>Preguntas y respuestas<\/h2>\n<h3>Q1: \u00bfPara qu\u00e9 se utilizan las ruedas dentadas de acero inoxidable?<\/h3>\n<p>A1: Las ruedas dentadas de acero inoxidable se utilizan en una amplia gama de aplicaciones industriales, incluidos transportadores, sistemas de manipulaci\u00f3n de materiales y equipos de transmisi\u00f3n de potencia.<\/p>\n<h3>P2: \u00bfCu\u00e1les son las ventajas de utilizar pi\u00f1ones de acero inoxidable?<\/h3>\n<p>A2: Las ruedas dentadas de acero inoxidable son resistentes a la corrosi\u00f3n, duraderas y pueden soportar altas temperaturas. Tambi\u00e9n requieren un mantenimiento m\u00ednimo y pueden durar mucho tiempo con el cuidado adecuado.<\/p>\n<h3>P3: \u00bfQu\u00e9 materiales est\u00e1n disponibles para las ruedas dentadas de acero inoxidable?<\/h3>\n<p>A3: Las ruedas dentadas de acero inoxidable generalmente est\u00e1n hechas de acero inoxidable de grado 304, pero tambi\u00e9n est\u00e1n disponibles en acero inoxidable de grado 316 y otros grados a pedido.<\/p>\n<h3>Q4: \u00bfC\u00f3mo se instala una rueda dentada de acero inoxidable?<\/h3>\n<p>A4: Para instalar una rueda dentada de acero inoxidable, seleccione el tama\u00f1o y el tipo adecuados para su aplicaci\u00f3n. Luego, deslice la rueda dentada sobre el eje y f\u00edjela con una ranura o tornillos de fijaci\u00f3n.<\/p>\n<h3>P5: \u00bfQu\u00e9 otros engranajes pl\u00e1sticos industriales suministra la empresa?<\/h3>\n<p>A5: La empresa suministra una amplia gama de engranajes pl\u00e1sticos industriales, incluidas cajas de engranajes agr\u00edcolas, ejes de salida de potencia, acoplamientos hidr\u00e1ulicos, reductores de tornillo sin fin, cremalleras, cadenas extra\u00edbles, poleas, cajas de engranajes planetarios, poleas de distribuci\u00f3n y bujes.<\/p>\n<p>LMC-A<\/p>\n<p style=\"color:red;\">Descargo de responsabilidad: Todo el contenido de esta p\u00e1gina proviene de Internet y el contenido solo se utiliza como referencia para la selecci\u00f3n de productos. Nuestros productos son accesorios y no repuestos originales; no somos los propietarios de la marca registrada original del contenido. Nuestros productos solo son adecuados para accesorios de posventa en lugar de repuestos originales. Nuestros accesorios pueden adaptarse perfectamente a los repuestos originales; si necesita comprar repuestos originales, comun\u00edquese con la f\u00e1brica original para comprarlos.<\/p>","protected":false},"excerpt":{"rendered":"<p>Stainless Steel Sprockets and Their Common Usage Scenarios Stainless steel sprockets are an essential component in a wide range of industrial applications, including conveyors, material handling systems, and power transmission equipment. These sprockets are designed to withstand harsh conditions and environments, making them ideal for use in industrial settings where durability and corrosion resistance are [&hellip;]<\/p>","protected":false},"featured_media":6633,"template":"","meta":{"_et_pb_use_builder":"","_et_pb_old_content":"","_et_gb_content_width":""},"product_brand":[],"product_cat":[11367],"product_tag":[],"class_list":{"0":"post-6637","1":"product","2":"type-product","3":"status-publish","4":"has-post-thumbnail","6":"product_cat-stainless-steel-sprocket","8":"first","9":"instock","10":"shipping-taxable","11":"product-type-simple"},"_links":{"self":[{"href":"https:\/\/agricultural-gear-boxes.com\/es\/wp-json\/wp\/v2\/product\/6637","targetHints":{"allow":["GET"]}}],"collection":[{"href":"https:\/\/agricultural-gear-boxes.com\/es\/wp-json\/wp\/v2\/product"}],"about":[{"href":"https:\/\/agricultural-gear-boxes.com\/es\/wp-json\/wp\/v2\/types\/product"}],"wp:featuredmedia":[{"embeddable":true,"href":"https:\/\/agricultural-gear-boxes.com\/es\/wp-json\/wp\/v2\/media\/6633"}],"wp:attachment":[{"href":"https:\/\/agricultural-gear-boxes.com\/es\/wp-json\/wp\/v2\/media?parent=6637"}],"wp:term":[{"taxonomy":"product_brand","embeddable":true,"href":"https:\/\/agricultural-gear-boxes.com\/es\/wp-json\/wp\/v2\/product_brand?post=6637"},{"taxonomy":"product_cat","embeddable":true,"href":"https:\/\/agricultural-gear-boxes.com\/es\/wp-json\/wp\/v2\/product_cat?post=6637"},{"taxonomy":"product_tag","embeddable":true,"href":"https:\/\/agricultural-gear-boxes.com\/es\/wp-json\/wp\/v2\/product_tag?post=6637"}],"curies":[{"name":"wp","href":"https:\/\/api.w.org\/{rel}","templated":true}]}}