{"id":6638,"date":"2024-11-15T05:21:14","date_gmt":"2024-11-15T05:21:14","guid":{"rendered":"https:\/\/agricultural-gear-boxes.com\/product\/stainless-steel-sprockets-3\/"},"modified":"2024-11-15T05:21:14","modified_gmt":"2024-11-15T05:21:14","slug":"stainless-steel-sprockets-3","status":"publish","type":"product","link":"https:\/\/agricultural-gear-boxes.com\/es\/product\/stainless-steel-sprockets-3\/","title":{"rendered":"Pi\u00f1ones de acero inoxidable"},"content":{"rendered":"<h2>Pi\u00f1ones de acero inoxidable para maquinaria industrial de alto rendimiento<\/h2>\n<p>Las ruedas dentadas de acero inoxidable son un componente esencial de la maquinaria industrial de alto rendimiento. Est\u00e1n dise\u00f1adas para transferir potencia de un eje giratorio a otro a trav\u00e9s de un sistema de transmisi\u00f3n por cadena. Estas ruedas dentadas vienen en varios tipos, incluidos los de una sola hebra, de doble hebra, de triple hebra y de cu\u00e1druple hebra, y est\u00e1n disponibles en diferentes materiales, como acero inoxidable, hierro fundido y pl\u00e1stico.<\/p>\n<h3>Historial y clasificaci\u00f3n del producto<\/h3>\n<p>Las ruedas dentadas de acero inoxidable se han utilizado en maquinaria industrial durante d\u00e9cadas. Son conocidas por su durabilidad, fuerza y resistencia a la corrosi\u00f3n. El Instituto Nacional Estadounidense de Normas (ANSI) ha establecido est\u00e1ndares para las ruedas dentadas, incluidas dimensiones, tolerancias, materiales y m\u00e1s.<\/p>\n<h3>Ventajas de las ruedas dentadas de acero inoxidable<\/h3>\n<p>Las ruedas dentadas de acero inoxidable ofrecen varias ventajas en comparaci\u00f3n con las ruedas dentadas fabricadas con otros materiales. Son muy resistentes a la corrosi\u00f3n, lo que las hace ideales para su uso en entornos hostiles. Tambi\u00e9n son f\u00e1ciles de limpiar y mantener, lo que ayuda a prolongar su vida \u00fatil. Adem\u00e1s, las ruedas dentadas de acero inoxidable tienen una excelente resistencia a la fatiga, lo que las hace ideales para aplicaciones de alta velocidad y alta carga.<\/p>\n<h3>Materiales disponibles<\/h3>\n<p>Las ruedas dentadas de acero inoxidable suelen estar hechas de acero inoxidable de grado 304 o 316, pero hay otras calidades disponibles a pedido. Estas ruedas dentadas se pueden suministrar con estilo de placa A o estilo de eje B, con orificios est\u00e1ndar o terminados.<\/p>\n<h3>Instalaci\u00f3n, mantenimiento y reparaci\u00f3n<\/h3>\n<p>La instalaci\u00f3n y el mantenimiento de pi\u00f1ones de acero inoxidable es relativamente f\u00e1cil. Antes de la instalaci\u00f3n, aseg\u00farese de que el pi\u00f1\u00f3n est\u00e9 correctamente lubricado y de que la cadena est\u00e9 correctamente tensada. Compruebe peri\u00f3dicamente el pi\u00f1\u00f3n para detectar signos de desgaste y sustit\u00fayalo si es necesario. Para reparar un pi\u00f1\u00f3n desgastado, se puede volver a mecanizar o sustituir por uno nuevo.<\/p>\n<h3>Escenarios de uso<\/h3>\n<p>Las ruedas dentadas de acero inoxidable se utilizan habitualmente en diversas m\u00e1quinas industriales, incluidos sistemas de transporte, equipos de envasado, imprentas y m\u00e1s. Tambi\u00e9n se utilizan en la industria de alimentos y bebidas, donde la higiene y la limpieza son fundamentales.<\/p>\n<p><img decoding=\"async\" src=\"https:\/\/images.hzpt.com\/2024\/10\/0-sprocket-manufacturing-5.webp\" alt=\"Pi\u00f1\u00f3n de acero inoxidable\" \/><\/p>\n<h3>Otros engranajes y accesorios industriales de pl\u00e1stico<\/h3>\n<p>Adem\u00e1s de ruedas dentadas de acero inoxidable, tambi\u00e9n ofrecemos una amplia gama de engranajes y accesorios de pl\u00e1stico industriales. Nuestros productos incluyen cajas de engranajes agr\u00edcolas, ejes de salida de potencia, acoplamientos hidr\u00e1ulicos, reductores de engranajes helicoidales, cremalleras, cadenas desmontables, poleas, cajas de engranajes planetarios, poleas de distribuci\u00f3n, bujes y m\u00e1s. Nos enorgullecemos de ofrecer productos de alta calidad a precios competitivos, junto con un excelente servicio al cliente. Aceptamos solicitudes de personalizaci\u00f3n y estamos comprometidos a satisfacer las necesidades \u00fanicas de nuestros clientes.<\/p>\n<p><img decoding=\"async\" src=\"https:\/\/img.jiansujichilun.com\/img\/sprocket\/re-write\/paper.webp\" alt=\"Engranajes y accesorios industriales de pl\u00e1stico\" \/><\/p>\n<h2>Preguntas y respuestas<\/h2>\n<h3>P: \u00bfQu\u00e9 son las ruedas dentadas de acero inoxidable?<\/h3>\n<p>R: Las ruedas dentadas de acero inoxidable son un componente esencial de los sistemas de transmisi\u00f3n por cadena que se utilizan en maquinaria industrial. Transfieren potencia de un eje giratorio a otro.<\/p>\n<h3>P: \u00bfQu\u00e9 materiales est\u00e1n disponibles para las ruedas dentadas de acero inoxidable?<\/h3>\n<p>R: Las ruedas dentadas de acero inoxidable suelen estar hechas de acero inoxidable de grado 304 o 316. Hay otros grados disponibles a pedido.<\/p>\n<h3>P: \u00bfCu\u00e1les son las ventajas de las ruedas dentadas de acero inoxidable?<\/h3>\n<p>R: Las ruedas dentadas de acero inoxidable son muy resistentes a la corrosi\u00f3n, f\u00e1ciles de limpiar y mantener, y tienen una excelente resistencia a la fatiga. Son ideales para aplicaciones de alta velocidad y carga.<\/p>\n<h3>P: \u00bfCu\u00e1les son los escenarios de uso comunes de las ruedas dentadas de acero inoxidable?<\/h3>\n<p>R: Las ruedas dentadas de acero inoxidable se utilizan com\u00fanmente en sistemas de transporte, prensas de impresi\u00f3n, equipos de envasado y en la industria de alimentos y bebidas.<\/p>\n<h3>P: \u00bfC\u00f3mo se instalan y mantienen las ruedas dentadas de acero inoxidable?<\/h3>\n<p>A: Antes de la instalaci\u00f3n, aseg\u00farese de que el pi\u00f1\u00f3n est\u00e9 correctamente lubricado y de que la cadena est\u00e9 correctamente tensada. Compruebe peri\u00f3dicamente si el pi\u00f1\u00f3n presenta signos de desgaste y sustit\u00fayalo si es necesario. Para reparar un pi\u00f1\u00f3n desgastado, se puede volver a mecanizar o sustituir por uno nuevo.<\/p>\n<h3>P: \u00bfQu\u00e9 otros productos ofrece su empresa?<\/h3>\n<p>A: Ofrecemos una amplia gama de engranajes y accesorios pl\u00e1sticos industriales, incluidos reductores agr\u00edcolas, ejes de salida de potencia, acoplamientos hidr\u00e1ulicos, reductores de engranajes helicoidales, cremalleras y m\u00e1s. Nos enorgullecemos de ofrecer productos de alta calidad a precios competitivos, junto con un excelente servicio al cliente.<\/p>","protected":false},"excerpt":{"rendered":"<p>Stainless Steel Sprockets for High-Performance Industrial Machinery Stainless steel sprockets are an essential component of high-performance industrial machinery. They are designed to transfer power from one rotating shaft to another through a chain drive system. These sprockets come in various types, including single-strand, double-strand, triple-strand, and quadruple-strand, and are available in different materials such as [&hellip;]<\/p>","protected":false},"featured_media":6632,"template":"","meta":{"_et_pb_use_builder":"","_et_pb_old_content":"","_et_gb_content_width":""},"product_brand":[],"product_cat":[11367],"product_tag":[],"class_list":{"0":"post-6638","1":"product","2":"type-product","3":"status-publish","4":"has-post-thumbnail","6":"product_cat-stainless-steel-sprocket","8":"first","9":"instock","10":"shipping-taxable","11":"product-type-simple"},"_links":{"self":[{"href":"https:\/\/agricultural-gear-boxes.com\/es\/wp-json\/wp\/v2\/product\/6638","targetHints":{"allow":["GET"]}}],"collection":[{"href":"https:\/\/agricultural-gear-boxes.com\/es\/wp-json\/wp\/v2\/product"}],"about":[{"href":"https:\/\/agricultural-gear-boxes.com\/es\/wp-json\/wp\/v2\/types\/product"}],"wp:featuredmedia":[{"embeddable":true,"href":"https:\/\/agricultural-gear-boxes.com\/es\/wp-json\/wp\/v2\/media\/6632"}],"wp:attachment":[{"href":"https:\/\/agricultural-gear-boxes.com\/es\/wp-json\/wp\/v2\/media?parent=6638"}],"wp:term":[{"taxonomy":"product_brand","embeddable":true,"href":"https:\/\/agricultural-gear-boxes.com\/es\/wp-json\/wp\/v2\/product_brand?post=6638"},{"taxonomy":"product_cat","embeddable":true,"href":"https:\/\/agricultural-gear-boxes.com\/es\/wp-json\/wp\/v2\/product_cat?post=6638"},{"taxonomy":"product_tag","embeddable":true,"href":"https:\/\/agricultural-gear-boxes.com\/es\/wp-json\/wp\/v2\/product_tag?post=6638"}],"curies":[{"name":"wp","href":"https:\/\/api.w.org\/{rel}","templated":true}]}}