{"id":6639,"date":"2024-11-15T05:21:14","date_gmt":"2024-11-15T05:21:14","guid":{"rendered":"https:\/\/agricultural-gear-boxes.com\/product\/80-stainless-steel-sprockets\/"},"modified":"2024-11-15T05:21:15","modified_gmt":"2024-11-15T05:21:15","slug":"80-stainless-steel-sprockets","status":"publish","type":"product","link":"https:\/\/agricultural-gear-boxes.com\/es\/product\/80-stainless-steel-sprockets\/","title":{"rendered":"Pi\u00f1ones de acero inoxidable #80"},"content":{"rendered":"<h2>Pi\u00f1ones de acero inoxidable #80<\/h2>\n<p>Este pi\u00f1\u00f3n de acero inoxidable #80 se fabrica seg\u00fan las especificaciones ANSI y est\u00e1 fabricado en acero inoxidable de grado 304 para ofrecer resistencia a la corrosi\u00f3n, robustez, durabilidad y capacidad de funcionamiento a temperaturas bajas y altas. Ofrecemos estos pi\u00f1ones con mandrilado a medida, si es necesario, y en estilo de placa A o con cubo C (cubo en ambos lados). Nuestros precios son competitivos sin comprometer la calidad. Para consultar precios y disponibilidad, cont\u00e1ctenos y con gusto le atenderemos.<\/p>\n<p><img loading=\"lazy\" decoding=\"async\" class=\"alignleft wp-image-381617\" src=\"https:\/\/www.ever-power.net\/wp-content\/uploads\/2022\/06\/1-14.jpg\" alt=\"\" width=\"241\" height=\"295\" \/><\/p>\n<p>Caracter\u00edsticas de nuestras ruedas dentadas de acero inoxidable #80:<\/p>\n<ul>\n<li>Pi\u00f1\u00f3n de alta calidad<\/li>\n<li>Resistente a la corrosi\u00f3n y duradero<\/li>\n<li>Construido en acero inoxidable de grado 304<\/li>\n<li>Funciona en temperaturas bajas y altas<\/li>\n<\/ul>\n<p><img loading=\"lazy\" decoding=\"async\" class=\"alignleft size-full wp-image-381614\" src=\"https:\/\/www.ever-power.net\/wp-content\/uploads\/2022\/06\/5-9.jpg\" alt=\"\" width=\"474\" height=\"474\" \/><\/p>\n<h3>Especificaciones de la rueda dentada<\/h3>\n<table class=\"scrollable\" border=\"1\">\n<tbody>\n<tr>\n<th>Tama\u00f1o de la rueda dentada<\/th>\n<th>N\u00famero de dientes<\/th>\n<th>Di\u00e1metro externo<\/th>\n<th>Tama\u00f1o del orificio de serie<\/th>\n<th>Di\u00e1metro m\u00e1ximo<\/th>\n<th>Di\u00e1metro del cubo<\/th>\n<th>Longitud a trav\u00e9s del orificio<\/th>\n<th>Peso<\/th>\n<\/tr>\n<tr>\n<th>80B10SS<\/th>\n<td>10<\/td>\n<td>3.68&#8243;<\/td>\n<td>1&#8243;<\/td>\n<td>1-1\/2&#8243;<\/td>\n<td>2-9\/16&#8243;<\/td>\n<td>1-5\/8&#8243;<\/td>\n<td>2,14 libras<\/td>\n<\/tr>\n<tr>\n<th>80B11SS<\/th>\n<td>11<\/td>\n<td>4.01&#8243;<\/td>\n<td>1&#8243;<\/td>\n<td>1-5\/8&#8243;<\/td>\n<td>2-13\/16&#8243;<\/td>\n<td>1-5\/8&#8243;<\/td>\n<td>2,72 libras<\/td>\n<\/tr>\n<p>    <!-- Repeat for other sprocket sizes --><br \/>\n  <\/tbody>\n<\/table>\n<p><\/p>\n<p><strong>Escenarios de uso:<\/strong><\/p>\n<p>Nuestras ruedas dentadas de acero inoxidable #80 se utilizan ampliamente en diversas industrias gracias a su excepcional durabilidad y resistencia a la corrosi\u00f3n. Se utilizan com\u00fanmente en:<\/p>\n<ul>\n<li>Maquinaria industrial<\/li>\n<li>Maquinaria agr\u00edcola<\/li>\n<li>Sistemas transportadores<\/li>\n<li>Equipos de procesamiento de alimentos<\/li>\n<li>Sistemas de manipulaci\u00f3n de materiales<\/li>\n<\/ul>\n<p><img decoding=\"async\" src=\"https:\/\/images.hzpt.com\/2024\/10\/0-sprocket-manufacturing-5.webp\" alt=\"Escenario de uso de la rueda dentada\" \/><\/p>\n<h3>Historial y clasificaci\u00f3n del producto<\/h3>\n<p>La historia de las ruedas dentadas se remonta a siglos atr\u00e1s, cuando se utilizaban originalmente en sistemas mec\u00e1nicos. Con el tiempo, han evolucionado para satisfacer las demandas de las industrias modernas. Se clasifican seg\u00fan el paso, el n\u00famero de dientes y el material utilizado.<\/p>\n<h3>Ventajas de nuestras ruedas dentadas de acero inoxidable<\/h3>\n<ul>\n<li>Resistencia excepcional a la corrosi\u00f3n<\/li>\n<li>Alta resistencia y durabilidad<\/li>\n<li>Amplio rango de temperatura de funcionamiento<\/li>\n<li>Mecanizado de precisi\u00f3n para un rendimiento confiable<\/li>\n<li>Disponible en varios tama\u00f1os para diferentes aplicaciones.<\/li>\n<\/ul>\n<h3>Materiales de producto disponibles<\/h3>\n<p>Adem\u00e1s del acero inoxidable de grado 304, tambi\u00e9n ofrecemos pi\u00f1ones en otros materiales como:<\/p>\n<ul>\n<li>Acero carbono<\/li>\n<li>Pl\u00e1stico<\/li>\n<li>Hierro fundido<\/li>\n<\/ul>\n<h3>Instalaci\u00f3n, mantenimiento y reparaci\u00f3n<\/h3>\n<p>La instalaci\u00f3n y el mantenimiento de nuestras ruedas dentadas de acero inoxidable son sencillos. Siga estos pasos:<\/p>\n<ol>\n<li>Aseg\u00farese de que la rueda dentada est\u00e9 correctamente alineada con el eje o eje.<\/li>\n<li>Apriete los tornillos o pernos de fijaci\u00f3n para asegurar la rueda dentada en su lugar.<\/li>\n<li>Inspeccione peri\u00f3dicamente la rueda dentada para detectar cualquier signo de desgaste o da\u00f1o.<\/li>\n<li>Reemplace la rueda dentada si se desgasta o se da\u00f1a sin posibilidad de reparaci\u00f3n.<\/li>\n<\/ol>\n<h3>Otros negocios de productos de la empresa<\/h3>\n<p>En nuestra empresa, nos especializamos en el suministro de diversos engranajes y componentes pl\u00e1sticos industriales. Nuestra gama de productos incluye:<\/p>\n<ul>\n<li>Cajas de cambios agr\u00edcolas<\/li>","protected":false},"excerpt":{"rendered":"<p>#80 Stainless Steel Sprockets This #80 stainless steel sprocket is manufactured to ANSI specifications and is constructed out of 304-grade stainless steel for corrosion resistance, strength, durability, and the ability to work in low to high temperatures. We offer these sprockets bored to size if needed and in both A-Plate Style or C-Hub (hub on [&hellip;]<\/p>","protected":false},"featured_media":6631,"template":"","meta":{"_et_pb_use_builder":"","_et_pb_old_content":"","_et_gb_content_width":""},"product_brand":[],"product_cat":[11367],"product_tag":[],"class_list":{"0":"post-6639","1":"product","2":"type-product","3":"status-publish","4":"has-post-thumbnail","6":"product_cat-stainless-steel-sprocket","8":"first","9":"instock","10":"shipping-taxable","11":"product-type-simple"},"_links":{"self":[{"href":"https:\/\/agricultural-gear-boxes.com\/es\/wp-json\/wp\/v2\/product\/6639","targetHints":{"allow":["GET"]}}],"collection":[{"href":"https:\/\/agricultural-gear-boxes.com\/es\/wp-json\/wp\/v2\/product"}],"about":[{"href":"https:\/\/agricultural-gear-boxes.com\/es\/wp-json\/wp\/v2\/types\/product"}],"wp:featuredmedia":[{"embeddable":true,"href":"https:\/\/agricultural-gear-boxes.com\/es\/wp-json\/wp\/v2\/media\/6631"}],"wp:attachment":[{"href":"https:\/\/agricultural-gear-boxes.com\/es\/wp-json\/wp\/v2\/media?parent=6639"}],"wp:term":[{"taxonomy":"product_brand","embeddable":true,"href":"https:\/\/agricultural-gear-boxes.com\/es\/wp-json\/wp\/v2\/product_brand?post=6639"},{"taxonomy":"product_cat","embeddable":true,"href":"https:\/\/agricultural-gear-boxes.com\/es\/wp-json\/wp\/v2\/product_cat?post=6639"},{"taxonomy":"product_tag","embeddable":true,"href":"https:\/\/agricultural-gear-boxes.com\/es\/wp-json\/wp\/v2\/product_tag?post=6639"}],"curies":[{"name":"wp","href":"https:\/\/api.w.org\/{rel}","templated":true}]}}