{"id":6652,"date":"2024-11-15T06:02:08","date_gmt":"2024-11-15T06:02:08","guid":{"rendered":"https:\/\/agricultural-gear-boxes.com\/product\/agricultural-sprockets\/"},"modified":"2024-11-15T06:02:09","modified_gmt":"2024-11-15T06:02:09","slug":"agricultural-sprockets","status":"publish","type":"product","link":"https:\/\/agricultural-gear-boxes.com\/es\/product\/agricultural-sprockets\/","title":{"rendered":"Pi\u00f1ones agr\u00edcolas"},"content":{"rendered":"<h2>Pi\u00f1ones agr\u00edcolas y su uso en diversos escenarios<\/h2>\n<p>En el sector agr\u00edcola, las ruedas dentadas desempe\u00f1an un papel crucial en el buen funcionamiento de diversas m\u00e1quinas y equipos. Ofrecemos una amplia gama de ruedas dentadas con dimensiones precisas y fabricadas seg\u00fan est\u00e1ndares internacionales de calidad. Estas ruedas perfiladas tienen dientes que permiten engranar con cadenas, orugas o cualquier otro tipo de material perforado o similar. Nuestras ruedas dentadas resistentes al desgaste est\u00e1n disponibles en diversas especificaciones para satisfacer las diferentes necesidades agr\u00edcolas. <\/p>\n<h3>Historia de los pi\u00f1ones<\/h3>\n<p>La historia de los pi\u00f1ones se remonta al siglo XIX, cuando se usaban ampliamente en bicicletas. Con la llegada de la agricultura moderna, los pi\u00f1ones se incorporaron a la industria agr\u00edcola. <\/p>\n<h3>Clasificaci\u00f3n de las ruedas dentadas<\/h3>\n<ul>\n<li>Pi\u00f1ones de cadena de rodillos<\/li>\n<li>Pi\u00f1ones de clase de ingenier\u00eda<\/li>\n<li>Pi\u00f1ones dobles y simples<\/li>\n<li>Pi\u00f1ones tensores<\/li>\n<li>Pi\u00f1ones de bloqueo c\u00f3nico<\/li>\n<\/ul>\n<h3>Ventajas de las ruedas dentadas<\/h3>\n<ul>\n<li>F\u00e1cil de instalar y mantener.<\/li>\n<li>Altamente duradero y de larga duraci\u00f3n.<\/li>\n<li>Bajo costo de mantenimiento<\/li>\n<li>Funcionamiento suave y silencioso.<\/li>\n<li>Flexible y personalizable<\/li>\n<\/ul>\n<h3>Materiales disponibles<\/h3>\n<p>Las ruedas dentadas suelen estar hechas de acero, hierro fundido o acero inoxidable. Seg\u00fan la aplicaci\u00f3n, tambi\u00e9n se pueden utilizar ruedas dentadas de pl\u00e1stico.<\/p>\n<h3>Instalaci\u00f3n, mantenimiento y reparaci\u00f3n<\/h3>\n<p>Una instalaci\u00f3n correcta es crucial para el funcionamiento \u00f3ptimo de los pi\u00f1ones. El mantenimiento regular es esencial para prevenir el desgaste y prolongar su vida \u00fatil. Si un pi\u00f1\u00f3n est\u00e1 da\u00f1ado, se puede reparar reemplazando la pieza da\u00f1ada o el pi\u00f1\u00f3n completo.<\/p>\n<p><img decoding=\"async\" src=\"https:\/\/images.hzpt.com\/2023\/01\/Applications-for-Roller-Chain-Sprockets-1.webp\" alt=\"aplicaciones de ruedas dentadas\"><\/p>\n<h2>Otros productos de engranajes pl\u00e1sticos industriales<\/h2>\n<p>Adem\u00e1s de pi\u00f1ones agr\u00edcolas, ofrecemos una amplia gama de productos de engranajes pl\u00e1sticos industriales, como cajas de engranajes agr\u00edcolas, ejes de salida de potencia, acoplamientos hidr\u00e1ulicos, reductores de engranajes helicoidales, cremalleras, cadenas extra\u00edbles, poleas y poleas, cajas de engranajes planetarios, poleas de distribuci\u00f3n, bujes y m\u00e1s. <\/p>\n<p>Nos enorgullecemos de ofrecer productos de alta calidad a precios preferenciales y un servicio atento. Invitamos a nuestros clientes a personalizar sus pedidos con fotos y muestras. <\/p>\n<p><img decoding=\"async\" src=\"https:\/\/images.hzpt.com\/2022\/12\/sprocket-suppliers.webp\" alt=\"proveedores de ruedas dentadas\"><\/p>\n<h2>Preguntas y respuestas<\/h2>\n<h3>P: \u00bfPara qu\u00e9 se utilizan las ruedas dentadas en la agricultura?<\/h3>\n<p>R: Las ruedas dentadas juegan un papel crucial en el buen funcionamiento de diversas maquinarias y equipos agr\u00edcolas.<\/p>\n<h3>P: \u00bfDe qu\u00e9 materiales est\u00e1n hechas las ruedas dentadas?<\/h3>\n<p>R: Las ruedas dentadas suelen estar hechas de acero, hierro fundido o acero inoxidable. Seg\u00fan la aplicaci\u00f3n, tambi\u00e9n se pueden utilizar ruedas dentadas de pl\u00e1stico.<\/p>\n<h3>P: \u00bfC\u00f3mo se instala una rueda dentada?<\/h3>\n<p>A: Proper installation is crucial for the optimal functioning of sprockets. It is recommended to follow the manufacturer&#8217;s instructions for installation.<\/p>\n<h3>P: \u00bfC\u00f3mo se puede realizar el mantenimiento de una rueda dentada?<\/h3>\n<p>R: El mantenimiento regular es esencial para prevenir el desgaste y prolongar la vida \u00fatil del pi\u00f1\u00f3n. Se recomienda limpiarlo regularmente y lubricarlo seg\u00fan sea necesario.<\/p>\n<h3>P: \u00bfQu\u00e9 debe hacer si su pi\u00f1\u00f3n est\u00e1 da\u00f1ado?<\/h3>\n<p>R: Si una rueda dentada est\u00e1 da\u00f1ada, se puede reparar reemplazando la pieza da\u00f1ada o reemplazando la rueda dentada completa.<\/p>\n<p>Autor: lmc<\/p>\n<p style=\"color:red\">Aviso legal: Todo el contenido de esta p\u00e1gina proviene de internet y solo sirve como referencia para la selecci\u00f3n de productos. Nuestros productos son accesorios, no repuestos originales, y no somos los titulares de la marca registrada original del contenido. Nuestros accesorios son compatibles con los repuestos originales; si necesita comprar repuestos originales, p\u00f3ngase en contacto con la f\u00e1brica original.<\/p>","protected":false},"excerpt":{"rendered":"<p>Agricultural Sprockets and their Usage in Various Scenarios In the field of agriculture, sprockets play a crucial role in the smooth functioning of various machinery and equipment. We offer a wide range of sprockets that are dimensionally precise and manufactured as per international quality standards. These profiled wheels have teeth, which allow meshing with a [&hellip;]<\/p>","protected":false},"featured_media":6645,"template":"","meta":{"_et_pb_use_builder":"","_et_pb_old_content":"","_et_gb_content_width":""},"product_brand":[],"product_cat":[11345],"product_tag":[],"class_list":{"0":"post-6652","1":"product","2":"type-product","3":"status-publish","4":"has-post-thumbnail","6":"product_cat-agricultural-sprocket","8":"first","9":"instock","10":"shipping-taxable","11":"product-type-simple"},"_links":{"self":[{"href":"https:\/\/agricultural-gear-boxes.com\/es\/wp-json\/wp\/v2\/product\/6652","targetHints":{"allow":["GET"]}}],"collection":[{"href":"https:\/\/agricultural-gear-boxes.com\/es\/wp-json\/wp\/v2\/product"}],"about":[{"href":"https:\/\/agricultural-gear-boxes.com\/es\/wp-json\/wp\/v2\/types\/product"}],"wp:featuredmedia":[{"embeddable":true,"href":"https:\/\/agricultural-gear-boxes.com\/es\/wp-json\/wp\/v2\/media\/6645"}],"wp:attachment":[{"href":"https:\/\/agricultural-gear-boxes.com\/es\/wp-json\/wp\/v2\/media?parent=6652"}],"wp:term":[{"taxonomy":"product_brand","embeddable":true,"href":"https:\/\/agricultural-gear-boxes.com\/es\/wp-json\/wp\/v2\/product_brand?post=6652"},{"taxonomy":"product_cat","embeddable":true,"href":"https:\/\/agricultural-gear-boxes.com\/es\/wp-json\/wp\/v2\/product_cat?post=6652"},{"taxonomy":"product_tag","embeddable":true,"href":"https:\/\/agricultural-gear-boxes.com\/es\/wp-json\/wp\/v2\/product_tag?post=6652"}],"curies":[{"name":"wp","href":"https:\/\/api.w.org\/{rel}","templated":true}]}}