{"id":6936,"date":"2024-12-02T05:53:42","date_gmt":"2024-12-02T05:53:42","guid":{"rendered":"https:\/\/agricultural-gear-boxes.com\/product\/h-class-mill-chain-with-f4-attachment-h74-f4-h78-f4\/"},"modified":"2024-12-02T05:53:42","modified_gmt":"2024-12-02T05:53:42","slug":"h-class-mill-chain-with-f4-attachment-h74-f4-h78-f4","status":"publish","type":"product","link":"https:\/\/agricultural-gear-boxes.com\/es\/product\/h-class-mill-chain-with-f4-attachment-h74-f4-h78-f4\/","title":{"rendered":"Cadena de molino de clase H con accesorio F4 H74-F4 H78-F4"},"content":{"rendered":"<p><h2>Introducci\u00f3n a la cadena de molino de clase H con accesorio F4<\/h2><\/p>\n<p>Ever-power&#8217;s H Class Mill Chain with F4 Attachment is a durable and versatile chain designed for heavy drives and conveyor applications in sawmills, the paper and pulp industry, and other industrial settings. This chain is particularly well-suited for medium-duty operations in abrasive environments where a rugged chain is necessary.<\/p>\n<p>Las barras laterales de los eslabones de la clase H est\u00e1n reforzadas con zapatas de desgaste, lo que proporciona mayor resistencia y rigidez al operar en canales o sobre pisos y pasarelas. Los orificios est\u00e1n perforados con precisi\u00f3n para garantizar tama\u00f1os de paso precisos, que van desde 2,308 a 4,000 pulgadas. Esta cadena est\u00e1 disponible tanto en versi\u00f3n remachada<\/p>","protected":false},"excerpt":{"rendered":"<p>Introduction to H Class Mill Chain With F4 Attachment Ever-power&#8217;s H Class Mill Chain with F4 Attachment is a durable and versatile chain designed for heavy drives and conveyor applications in sawmills, the paper and pulp industry, and other industrial settings. This chain is particularly well-suited for medium-duty operations in abrasive environments where a rugged [&hellip;]<\/p>","protected":false},"featured_media":6935,"template":"","meta":{"_et_pb_use_builder":"","_et_pb_old_content":"","_et_gb_content_width":""},"product_brand":[],"product_cat":[11370],"product_tag":[],"class_list":{"0":"post-6936","1":"product","2":"type-product","3":"status-publish","4":"has-post-thumbnail","6":"product_cat-cast-chain","8":"first","9":"instock","10":"shipping-taxable","11":"product-type-simple"},"_links":{"self":[{"href":"https:\/\/agricultural-gear-boxes.com\/es\/wp-json\/wp\/v2\/product\/6936","targetHints":{"allow":["GET"]}}],"collection":[{"href":"https:\/\/agricultural-gear-boxes.com\/es\/wp-json\/wp\/v2\/product"}],"about":[{"href":"https:\/\/agricultural-gear-boxes.com\/es\/wp-json\/wp\/v2\/types\/product"}],"wp:featuredmedia":[{"embeddable":true,"href":"https:\/\/agricultural-gear-boxes.com\/es\/wp-json\/wp\/v2\/media\/6935"}],"wp:attachment":[{"href":"https:\/\/agricultural-gear-boxes.com\/es\/wp-json\/wp\/v2\/media?parent=6936"}],"wp:term":[{"taxonomy":"product_brand","embeddable":true,"href":"https:\/\/agricultural-gear-boxes.com\/es\/wp-json\/wp\/v2\/product_brand?post=6936"},{"taxonomy":"product_cat","embeddable":true,"href":"https:\/\/agricultural-gear-boxes.com\/es\/wp-json\/wp\/v2\/product_cat?post=6936"},{"taxonomy":"product_tag","embeddable":true,"href":"https:\/\/agricultural-gear-boxes.com\/es\/wp-json\/wp\/v2\/product_tag?post=6936"}],"curies":[{"name":"wp","href":"https:\/\/api.w.org\/{rel}","templated":true}]}}