{"id":6944,"date":"2024-12-02T05:53:47","date_gmt":"2024-12-02T05:53:47","guid":{"rendered":"https:\/\/agricultural-gear-boxes.com\/product\/h-class-mill-chain-with-k1-attachment-h60-k1-h78-k1\/"},"modified":"2024-12-02T05:53:47","modified_gmt":"2024-12-02T05:53:47","slug":"h-class-mill-chain-with-k1-attachment-h60-k1-h78-k1","status":"publish","type":"product","link":"https:\/\/agricultural-gear-boxes.com\/es\/product\/h-class-mill-chain-with-k1-attachment-h60-k1-h78-k1\/","title":{"rendered":"Cadena de molino de clase H con accesorio K1 H60-K1 H78-K1"},"content":{"rendered":"<h1 style=\"text-align: center;\">Cadena de molino de clase H con accesorio K1 H60-K1 H78-K1<\/h1>\n<div class=\"J_module\">\n<div class=\"icbu-pc-images magic-0\">\n<div>\n<div class=\"flex-layout-v\">\n<div class=\"flex-layout-h magic-0\">\n<div class=\"magic-11\">\n                        ?C Barras laterales reforzadas para mayor resistencia y diferentes superficies de desgaste.<br \/>\n                        <br \/>\n                        ?C Se utiliza com\u00fanmente en aplicaciones forestales en entornos duros y abrasivos.<br \/>\n                        <br \/>\n                        Como transmisi\u00f3n, la cadena de molino tipo &quot;H&quot; tiene un rendimiento comprobado.<br \/>\n                        <img loading=\"lazy\" decoding=\"async\" class=\"magic-12 aligncenter\" src=\"https:\/\/s.alicdn.com\/@sc04\/kf\/H910974b07c454fd499d9dc29dee0ee8dl\/200078908\/H910974b07c454fd499d9dc29dee0ee8dl.jpg?quality=close\" alt=\"Cadena de molino de clase H con accesorio K1\" width=\"243\" height=\"243\" data-src=\"\/\/s.alicdn.com\/@sc04\/kf\/H910974b07c454fd499d9dc29dee0ee8dl\/200078908\/H910974b07c454fd499d9dc29dee0ee8dl.jpg?quality=close\" \/>\n                    <\/div>\n<div class=\"magic-13\">\n                        <img loading=\"lazy\" decoding=\"async\" class=\"magic-14 aligncenter\" src=\"https:\/\/s.alicdn.com\/@sc04\/kf\/H373a42c12a304a6387c5693ecfd82d77B\/200078908\/H373a42c12a304a6387c5693ecfd82d77B.jpg?quality=close\" alt=\"Cadena de molino de clase H con accesorio K1\" width=\"324\" height=\"176\" data-src=\"\/\/s.alicdn.com\/@sc04\/kf\/H373a42c12a304a6387c5693ecfd82d77B\/200078908\/H373a42c12a304a6387c5693ecfd82d77B.jpg?quality=close\" \/>\n                    <\/div>\n<\/p><\/div>\n<\/p><\/div>\n<\/p><\/div>\n<\/p><\/div>\n<\/div>\n<h2>Cadena de molino de clase H: una soluci\u00f3n confiable y duradera para aplicaciones forestales<\/h2>\n<p>La cadena para molinos de clase H con acoplamiento K1 H60-K1 H78-K1 es una soluci\u00f3n confiable y duradera para aplicaciones forestales. Las barras laterales reforzadas ofrecen mayor resistencia y diferentes superficies de desgaste, lo que la hace adecuada para entornos duros y abrasivos. Como transmisi\u00f3n, la cadena para molinos tipo ??H?? tiene un rendimiento comprobado.<\/p>\n<h3>Escenarios de uso<\/h3>\n<p>La cadena de molino de clase H se utiliza com\u00fanmente en diversas aplicaciones forestales, como manipulaci\u00f3n de troncos, procesamiento de madera y equipos de aserradero. La cadena es adecuada para su uso en entornos duros y abrasivos y puede soportar duras condiciones de trabajo. A continuaci\u00f3n, se muestra una imagen de la cadena de molino de clase H en uso:<\/p>\n<p><img decoding=\"async\" src=\"https:\/\/images.hzpt.com\/2024\/04\/rivetless-drop-forged-cast-chain-application.webp\" alt=\"Cadena de molino de clase H en uso\"><\/p>\n<h3>Ventajas<\/h3>\n<ul>\n<li>Barras laterales reforzadas para mayor resistencia y diferentes superficies de desgaste.<\/li>\n<li>Se utiliza com\u00fanmente en aplicaciones forestales en entornos duros y abrasivos.<\/li>\n<li>Rendimiento comprobado como unidad<\/li>\n<li>Duradero y confiable<\/li>\n<\/ul>\n<h3>Clasificaci\u00f3n y materiales disponibles<\/h3>\n<p>La cadena para molinos de clase H est\u00e1 disponible en diferentes tama\u00f1os y materiales para adaptarse a diversas aplicaciones. Los materiales m\u00e1s comunes que se utilizan son el acero al carbono y el acero inoxidable. La cadena se clasifica en funci\u00f3n de su paso y el tama\u00f1o del accesorio, siendo H60-K1 y H78-K1 dos de los tama\u00f1os m\u00e1s populares disponibles.<\/p>\n<h3>Instalaci\u00f3n, mantenimiento y reparaci\u00f3n<\/h3>\n<p>La cadena de molino de clase H es f\u00e1cil de instalar y mantener. Se recomienda lubricarla e inspeccionarla peri\u00f3dicamente para garantizar un rendimiento \u00f3ptimo y una larga vida \u00fatil. En caso de da\u00f1o o desgaste, la cadena se puede reparar o reemplazar f\u00e1cilmente.<\/p>\n<h3>Otros negocios de productos de la empresa<\/h3>\n<p>Adem\u00e1s de la cadena de molino de clase H, nuestra empresa suministra varios engranajes pl\u00e1sticos industriales, como cajas de engranajes agr\u00edcolas, ejes de salida de potencia, ruedas dentadas, acoplamientos hidr\u00e1ulicos, reductores de engranajes helicoidales, cremalleras, cadenas desmontables, poleas y poleas, cajas de engranajes planetarios, poleas de distribuci\u00f3n, bujes y m\u00e1s. Ofrecemos productos de alta calidad a precios preferenciales y brindamos servicios bien pensados. Los clientes pueden personalizarlos con im\u00e1genes y muestras.<\/p>\n<p><img decoding=\"async\" src=\"https:\/\/images.hzpt.com\/2023\/12\/LQ5JA3Rs-0_pintle-chain-factory-15.webp\" alt=\"Otros productos ofrecidos por nuestra empresa\"><\/p>\n<h2>Preguntas y respuestas<\/h2>\n<h3>P1. \u00bfCu\u00e1les son los escenarios de uso comunes de la cadena de molino de clase H?<\/h3>\n<p>A1. La cadena de molino de clase H se utiliza com\u00fanmente en diversas aplicaciones forestales, como manipulaci\u00f3n de troncos, procesamiento de madera y equipos de aserradero.<\/p>\n<h3>P2. \u00bfCu\u00e1les son las ventajas de utilizar la cadena de molino de clase H?<\/h3>\n<p>A2. La cadena de molino clase H tiene barras laterales reforzadas para una mayor resistencia y diferentes superficies de desgaste, se utiliza com\u00fanmente en aplicaciones forestales en entornos duros y abrasivos, tiene un rendimiento comprobado como transmisi\u00f3n y es duradera y confiable.<\/p>\n<h3>P3. \u00bfEn qu\u00e9 materiales est\u00e1 disponible la cadena de molino de clase H?<\/h3>\n<p>A3. La cadena de molino de clase H est\u00e1 disponible en diferentes materiales, siendo el acero al carbono y el acero inoxidable los m\u00e1s comunes.<\/p>\n<h3>P4. \u00bfC\u00f3mo instalar y realizar el mantenimiento de la cadena de molino de clase H?<\/h3>\n<p>A4. La cadena de molino de clase H es f\u00e1cil de instalar y mantener. Se recomienda lubricarla e inspeccionarla peri\u00f3dicamente para garantizar un rendimiento y una longevidad \u00f3ptimos.<\/p>\n<h3>P5. \u00bfQu\u00e9 otros productos ofrece su empresa?<\/h3>\n<p>A5. Adem\u00e1s de la cadena de molino de clase H, nuestra empresa suministra varios engranajes pl\u00e1sticos industriales como cajas de engranajes agr\u00edcolas, ejes de salida de potencia, ruedas dentadas, acoplamientos hidr\u00e1ulicos, reductores de tornillo sin fin, cremalleras, cadenas extra\u00edbles, poleas y poleas, cajas de engranajes planetarios, poleas de distribuci\u00f3n, bujes y m\u00e1s.<\/p>\n<p style=\"color:red;\">Descargo de responsabilidad: Todo el contenido de esta p\u00e1gina proviene de Internet y solo se utiliza como referencia para la selecci\u00f3n de productos. Nuestros productos son accesorios y no repuestos originales; no somos los propietarios de la marca registrada original del contenido. Nuestros productos solo son adecuados para accesorios de posventa en lugar de repuestos originales. Nuestros accesorios pueden adaptarse perfectamente a los repuestos originales; si necesita comprar repuestos originales, comun\u00edquese con la f\u00e1brica original para comprarlos.<\/p>\n<p style=\"text-align:right;\">Autor: lmc<\/p>","protected":false},"excerpt":{"rendered":"<p>H Class Mill Chain with K1 Attachment H60-K1 H78-K1 ?C Reinforced sidebars for greater strength and different wear surfaces. ?C Commonly used in forestry applications in rough and abrasive environments. ?C As a drive, the ??H?? Type Mill chain is performance-proven. H Class Mill Chain: A Reliable and Durable Solution for Forestry Applications The H [&hellip;]<\/p>","protected":false},"featured_media":6943,"template":"","meta":{"_et_pb_use_builder":"","_et_pb_old_content":"","_et_gb_content_width":""},"product_brand":[],"product_cat":[11370],"product_tag":[],"class_list":{"0":"post-6944","1":"product","2":"type-product","3":"status-publish","4":"has-post-thumbnail","6":"product_cat-cast-chain","8":"first","9":"instock","10":"shipping-taxable","11":"product-type-simple"},"_links":{"self":[{"href":"https:\/\/agricultural-gear-boxes.com\/es\/wp-json\/wp\/v2\/product\/6944","targetHints":{"allow":["GET"]}}],"collection":[{"href":"https:\/\/agricultural-gear-boxes.com\/es\/wp-json\/wp\/v2\/product"}],"about":[{"href":"https:\/\/agricultural-gear-boxes.com\/es\/wp-json\/wp\/v2\/types\/product"}],"wp:featuredmedia":[{"embeddable":true,"href":"https:\/\/agricultural-gear-boxes.com\/es\/wp-json\/wp\/v2\/media\/6943"}],"wp:attachment":[{"href":"https:\/\/agricultural-gear-boxes.com\/es\/wp-json\/wp\/v2\/media?parent=6944"}],"wp:term":[{"taxonomy":"product_brand","embeddable":true,"href":"https:\/\/agricultural-gear-boxes.com\/es\/wp-json\/wp\/v2\/product_brand?post=6944"},{"taxonomy":"product_cat","embeddable":true,"href":"https:\/\/agricultural-gear-boxes.com\/es\/wp-json\/wp\/v2\/product_cat?post=6944"},{"taxonomy":"product_tag","embeddable":true,"href":"https:\/\/agricultural-gear-boxes.com\/es\/wp-json\/wp\/v2\/product_tag?post=6944"}],"curies":[{"name":"wp","href":"https:\/\/api.w.org\/{rel}","templated":true}]}}