{"id":7224,"date":"2025-02-06T05:25:38","date_gmt":"2025-02-06T05:25:38","guid":{"rendered":"https:\/\/agricultural-gear-boxes.com\/product\/sharp-top-chains\/"},"modified":"2025-02-06T05:25:46","modified_gmt":"2025-02-06T05:25:46","slug":"sharp-top-chains","status":"publish","type":"product","link":"https:\/\/agricultural-gear-boxes.com\/es\/product\/sharp-top-chains\/","title":{"rendered":"Cadenas superiores afiladas"},"content":{"rendered":"<h2>Cadenas superiores afiladas<\/h2>\n<p>Las cadenas de punta afilada est\u00e1n especialmente dise\u00f1adas, ideales para el procesamiento de madera gracias a su capacidad para minimizar los da\u00f1os a la madera. Estas cadenas se basan en una cadena de rodillos est\u00e1ndar, pero los eslabones tienen dientes afilados con precisi\u00f3n y tratados t\u00e9rmicamente. Adem\u00e1s, est\u00e1n fabricadas con materiales especialmente seleccionados. El resultado es una cadena altamente eficaz en aplicaciones de procesamiento de madera.<\/p>\n<h3>Escenarios de uso comunes para cadenas de punta afilada<\/h3>\n<p>Las cadenas con punta afilada se utilizan com\u00fanmente en aplicaciones de procesamiento de madera, que incluyen, entre otras:<\/p>\n<ul>\n<li>Aserraderos port\u00e1tiles<\/li>\n<li>Sierras de cinta<\/li>\n<li>sierras verticales<\/li>\n<li>Sierras horizontales<\/li>\n<li>Bordeadores<\/li>\n<\/ul>\n<p><img decoding=\"async\" src=\"https:\/\/images.hzpt.com\/2024\/09\/metric-roller-chain-sprockets-application-5-scaled.webp\" alt=\"Escenario de uso de cadenas Sharp Top\" \/><\/p>\n<h3>Ventajas de las cadenas Sharp Top<\/h3>\n<ul>\n<li>Dientes de alta precisi\u00f3n para un agarre \u00f3ptimo y una penetraci\u00f3n m\u00ednima<\/li>\n<li>Pasadores, bujes, rodillos y placas laterales granallados y tratados t\u00e9rmicamente para una resistencia a la fatiga y una vida \u00fatil \u00f3ptimas<\/li>\n<li>Perfil de diente de bajo arrastre para distribuir el peso y reducir el da\u00f1o por contusi\u00f3n<\/li>\n<li>Remaches de acero de triple aleaci\u00f3n y remachado \u00f3ptimo para una larga vida \u00fatil<\/li>\n<li>Revestimientos esferoidizados para tama\u00f1os de orificios uniformes<\/li>\n<li>Prelubricaci\u00f3n con lubricante premium dise\u00f1ado para cadenas con punta afilada<\/li>\n<\/ul>\n<h3>Clasificaci\u00f3n de cadenas de punta afilada<\/h3>\n<p>Las cadenas de punta afilada se clasifican seg\u00fan su tama\u00f1o, paso y n\u00famero de dientes. Est\u00e1n disponibles en una amplia gama de tama\u00f1os y se pueden personalizar para satisfacer necesidades espec\u00edficas.<\/p>\n<h3>Materiales utilizados para cadenas de punta afilada<\/h3>\n<p>Las cadenas con punta afilada est\u00e1n hechas de una variedad de materiales, incluidos:<\/p>\n<ul>\n<li>Acero carbono<\/li>\n<li>Acero aleado<\/li>\n<li>Acero inoxidable<\/li>\n<\/ul>\n<h3>Instalaci\u00f3n, mantenimiento y reparaci\u00f3n de cadenas Sharp Top<\/h3>\n<p>Al instalar, mantener o reparar cadenas de punta afilada, es importante seguir los procedimientos adecuados para garantizar su correcto funcionamiento. Algunas consideraciones clave incluyen:<\/p>\n<ul>\n<li>Tensar adecuadamente la cadena para evitar un desgaste excesivo<\/li>\n<li>Lubricar la cadena peri\u00f3dicamente con un lubricante de alta calidad.<\/li>\n<li>Inspeccionar peri\u00f3dicamente la cadena para detectar signos de desgaste.<\/li>\n<li>Reemplazar la cadena cuando est\u00e9 desgastada o da\u00f1ada<\/li>\n<\/ul>\n<h2>Cadenas y pi\u00f1ones<\/h2>\n<p><span lang=\"EN-US\">Las cadenas y las ruedas dentadas trabajan en conjunto para impulsar la maquinaria. Una rueda dentada es una proyecci\u00f3n en forma de rueda que se engancha a una cadena para accionarla. Esta proyecci\u00f3n posteriormente se conoci\u00f3 como rueda dentada. Las cadenas y las ruedas dentadas se utilizan en muchas industrias, como aserraderos, miner\u00eda, construcci\u00f3n y agricultura, entre otras. En comparaci\u00f3n con las correas de distribuci\u00f3n, las cadenas de ruedas dentadas son m\u00e1s duraderas y fiables.<\/span><\/p>\n<p><img decoding=\"async\" src=\"https:\/\/img.jiansujichilun.com\/img\/chain\/roller%20chain\/roller-chain2.webp\" alt=\"Cadenas y pi\u00f1ones\" \/><\/p>\n<h3>Otras piezas de transmisi\u00f3n mec\u00e1nica ofrecidas por HZPT<\/h3>\n<p>HZPT ofrece una amplia gama de engranajes pl\u00e1sticos industriales y otras piezas de transmisi\u00f3n mec\u00e1nica, que incluyen:<\/p>\n<ul>\n<li>Cajas de cambios agr\u00edcolas<\/li>\n<li>Ejes de salida de potencia<\/li>\n<li>Pi\u00f1ones<\/li>\n<li>Acoplamientos hidr\u00e1ulicos<\/li>\n<li>Reductores de engranajes helicoidales<\/li>\n<li>Cremalleras<\/li>\n<li>Cadenas desmontables<\/li>\n<li>Poleas y poleas<\/li>\n<li>Cajas de engranajes planetarios<\/li>\n<li>Poleas de distribuci\u00f3n<\/li>\n<li>Bujes<\/li>\n<\/ul>\n<p><span style=\"color:red\">Aviso legal: Todo el contenido de esta p\u00e1gina proviene de internet y es solo de referencia. Nuestros productos son accesorios, no repuestos originales, y no somos los titulares de la marca registrada original del contenido. Nuestros accesorios son compatibles con los repuestos originales. Si necesita comprar repuestos originales, p\u00f3ngase en contacto con la f\u00e1brica original.<\/span><\/p>\n<h2>Preguntas y respuestas<\/h2>\n<p><strong>P1: \u00bfQu\u00e9 son las cadenas con punta afilada?<\/strong><br \/>\nA1: Las cadenas de punta afilada est\u00e1n especialmente dise\u00f1adas, ideales para el procesamiento de madera, gracias a su capacidad para minimizar el da\u00f1o a la madera. Se basan en una cadena de rodillos est\u00e1ndar, pero los eslabones tienen dientes afilados con precisi\u00f3n y tratados t\u00e9rmicamente.<\/p>\n<p><strong>P2: \u00bfCu\u00e1les son las ventajas de las cadenas superiores afiladas?<\/strong><br \/>\nA2: Algunas de las ventajas de las cadenas con punta afilada incluyen dientes de alta precisi\u00f3n para un agarre \u00f3ptimo y una penetraci\u00f3n m\u00ednima, pasadores granallados y tratados t\u00e9rmicamente, bujes, rodillos y placas laterales para una resistencia a la fatiga y una vida \u00fatil \u00f3ptimas, perfil de diente de bajo estiramiento para distribuir el peso y reducir el da\u00f1o por magulladuras, remaches de acero de triple aleaci\u00f3n y remachado \u00f3ptimo para una larga vida \u00fatil, revestimientos esferoidizados para tama\u00f1os de orificios uniformes y prelubricaci\u00f3n con lubricante de primera calidad dise\u00f1ado para cadenas con punta afilada.<\/p>\n<p><strong>P3: \u00bfCu\u00e1les son algunos escenarios de uso comunes para las cadenas superiores afiladas?<\/strong><br \/>\nA3: Las cadenas con punta afilada se utilizan com\u00fanmente en aplicaciones de procesamiento de madera, incluidos, entre otros, aserraderos port\u00e1tiles, sierras de cinta, sierras verticales, sierras horizontales y bordeadoras.<\/p>\n<p><strong>P4: \u00bfQu\u00e9 tipos de materiales se utilizan para fabricar cadenas con punta afilada?<\/strong><br \/>\nA4: Las cadenas con punta afilada generalmente est\u00e1n hechas de acero al carbono, acero de aleaci\u00f3n o acero inoxidable.<\/p>\n<p><strong>P5: \u00bfQu\u00e9 otras piezas de transmisi\u00f3n mec\u00e1nica ofrece HZPT?<\/strong><br \/>\nA5: HZPT ofrece una amplia gama de engranajes pl\u00e1sticos industriales y otras piezas de transmisi\u00f3n mec\u00e1nica, incluidas cajas de engranajes agr\u00edcolas, ejes de salida de potencia, pi\u00f1ones, acoplamientos hidr\u00e1ulicos, reductores de engranajes helicoidales, cremalleras, cadenas extra\u00edbles, poleas y poleas, cajas de engranajes planetarios, poleas de distribuci\u00f3n, bujes y m\u00e1s.<\/p>","protected":false},"excerpt":{"rendered":"<p>Sharp Top Chains Sharp top chains are specially designed chains that are ideal for use in timber processing due to their ability to cause the least amount of damage to timber. These chains are based on a standard roller chain, but the links have teeth that are precisely sharpened and heat-treated. Moreover, sharp top chains [&hellip;]<\/p>","protected":false},"featured_media":7223,"template":"","meta":{"_et_pb_use_builder":"","_et_pb_old_content":"","_et_gb_content_width":""},"product_brand":[],"product_cat":[11371],"product_tag":[],"class_list":{"0":"post-7224","1":"product","2":"type-product","3":"status-publish","4":"has-post-thumbnail","6":"product_cat-roller-chain","8":"first","9":"instock","10":"shipping-taxable","11":"product-type-simple"},"_links":{"self":[{"href":"https:\/\/agricultural-gear-boxes.com\/es\/wp-json\/wp\/v2\/product\/7224","targetHints":{"allow":["GET"]}}],"collection":[{"href":"https:\/\/agricultural-gear-boxes.com\/es\/wp-json\/wp\/v2\/product"}],"about":[{"href":"https:\/\/agricultural-gear-boxes.com\/es\/wp-json\/wp\/v2\/types\/product"}],"wp:featuredmedia":[{"embeddable":true,"href":"https:\/\/agricultural-gear-boxes.com\/es\/wp-json\/wp\/v2\/media\/7223"}],"wp:attachment":[{"href":"https:\/\/agricultural-gear-boxes.com\/es\/wp-json\/wp\/v2\/media?parent=7224"}],"wp:term":[{"taxonomy":"product_brand","embeddable":true,"href":"https:\/\/agricultural-gear-boxes.com\/es\/wp-json\/wp\/v2\/product_brand?post=7224"},{"taxonomy":"product_cat","embeddable":true,"href":"https:\/\/agricultural-gear-boxes.com\/es\/wp-json\/wp\/v2\/product_cat?post=7224"},{"taxonomy":"product_tag","embeddable":true,"href":"https:\/\/agricultural-gear-boxes.com\/es\/wp-json\/wp\/v2\/product_tag?post=7224"}],"curies":[{"name":"wp","href":"https:\/\/api.w.org\/{rel}","templated":true}]}}