{"id":7230,"date":"2025-02-06T05:25:48","date_gmt":"2025-02-06T05:25:48","guid":{"rendered":"https:\/\/agricultural-gear-boxes.com\/product\/anti-sidebow-chains-for-pushing-window-p12-75\/"},"modified":"2025-02-06T05:25:49","modified_gmt":"2025-02-06T05:25:49","slug":"anti-sidebow-chains-for-pushing-window-p12-75","status":"publish","type":"product","link":"https:\/\/agricultural-gear-boxes.com\/es\/product\/anti-sidebow-chains-for-pushing-window-p12-75\/","title":{"rendered":"Cadenas antivuelco para empujar ventanas P12.75"},"content":{"rendered":"<h2>Cadenas antivuelco para empujar ventanas P12.75<\/h2>\n<p>Las cadenas anti-arco lateral est\u00e1n especialmente dise\u00f1adas para soportar curvas y flexiones. Estas cadenas se componen de diversas placas y accesorios especiales que les permiten pivotar. Su superficie de apoyo es peque\u00f1a, lo que las hace adecuadas para cargas m\u00e1s bajas en comparaci\u00f3n con cadenas de rodillos similares. En Ever-power, ofrecemos una gama de cadenas anti-arco lateral que se adaptan a sus necesidades espec\u00edficas.<\/p>\n<p><img loading=\"lazy\" decoding=\"async\" src=\"https:\/\/hzpt.com\/wp-content\/uploads\/2022\/08\/anti-sidebow-chains-for-pushing-window-1.webp\" alt=\"Cadenas antivuelco para empujar ventanas\" width=\"350\" height=\"350\"><\/p>\n<h3>Historial del producto<\/h3>\n<p>Las cadenas anti-arco lateral se utilizaron por primera vez en la industria azucarera en la d\u00e9cada de 1940. Sin embargo, con los avances tecnol\u00f3gicos, ahora se utilizan ampliamente en diversas industrias como el papel, el cemento, la alimentaci\u00f3n, la miner\u00eda y la metalurgia.<\/p>\n<h3>Clasificaci\u00f3n de productos<\/h3>\n<p>Las cadenas anti-arco lateral vienen en varios tipos, incluidas las cadenas anti-arco lateral est\u00e1ndar, las cadenas anti-arco lateral con accesorios y las cadenas anti-arco lateral con pi\u00f1ones.<\/p>\n<h3>Ventajas del producto<\/h3>\n<ul>\n<li>Puede soportar curvas y flexiones.<\/li>\n<li>Capacidad de pivotar<\/li>\n<li>Espacio libre adicional entre pasadores y bujes<\/li>\n<li>Puede equiparse con todos los accesorios de cadena de rodillos habituales.<\/li>\n<\/ul>\n<p>Estas cadenas est\u00e1n dise\u00f1adas espec\u00edficamente para aplicaciones curvas y proporcionan una mayor flexibilidad a la maquinaria.<\/p>\n<p><img decoding=\"async\" src=\"https:\/\/images.hzpt.com\/2024\/09\/metric-roller-chain-sprockets-application-5-scaled.webp\" alt=\"Escenario de uso de cadenas anti-arco lateral\"><\/p>\n<h3>Materiales de producto disponibles<\/h3>\n<p>Las cadenas anti-arco lateral constan de dos partes independientes: la placa interior del eslab\u00f3n y los eslabones exteriores. Estos \u00faltimos son de pl\u00e1stico, mientras que el pasador pivote 7 y el perno 6 son de acero.<\/p>\n<h3>Instalaci\u00f3n, mantenimiento y reparaci\u00f3n<\/h3>\n<p>Anti-sidebow chains are easy to install, maintain, and repair. Always follow the manufacturer&#8217;s instructions for installation and maintenance. Regular lubrication is necessary to ensure optimum performance.<\/p>\n<h3>Reemplazo<\/h3>\n<p>Reemplace la cadena anti-arco lateral si muestra signos de desgaste. Al reemplazar la cadena, aseg\u00farese de elegir la adecuada seg\u00fan sus necesidades.<\/p>\n<h2>Ever-power&#8217;s Other Product Businesses<\/h2>\n<p>At Ever-power, we specialize in providing a range of industrial plastic gears. Our product range includes agricultural gearboxes, power output shafts, sprockets, hydraulic couplings, worm gear reducers, gear racks, removable chains, pulleys and pulleys, planetary gearboxes, timing pulleys, bushings, and more. We provide high-quality products at competitive prices and offer thoughtful services. Our products can be customized based on customers&#8217; requirements.<\/p>\n<p><img decoding=\"async\" src=\"https:\/\/img.jiansujichilun.com\/img\/chain\/roller%20chain\/roller-chain2.webp\" alt=\"Productos\"><\/p>\n<h2>Preguntas y respuestas<\/h2>\n<h3>1. \u00bfQu\u00e9 son las cadenas anti-arco lateral?<\/h3>\n<p>Las cadenas anti-curvatura lateral est\u00e1n especialmente dise\u00f1adas para soportar curvas y flexiones. Estas cadenas est\u00e1n compuestas por diversas placas y accesorios especiales que les confieren la capacidad de pivotar.<\/p>\n<h3>2. \u00bfCu\u00e1les son las ventajas de las cadenas anti-arco lateral?<\/h3>\n<p>Las ventajas de las cadenas anti-arco lateral incluyen su capacidad de soportar curvas y flexiones, pivotar, tener espacio libre adicional entre pasadores y bujes, y pueden equiparse con todos los accesorios de cadena de rodillos habituales.<\/p>\n<h3>3. \u00bfCu\u00e1les son los materiales disponibles para las cadenas anti-arco lateral?<\/h3>\n<p>Las cadenas anti-arco lateral constan de dos partes independientes: la placa interior del eslab\u00f3n y los eslabones exteriores. Estos \u00faltimos son de pl\u00e1stico, mientras que el pasador pivote 7 y el perno 6 son de acero.<\/p>\n<h3>4. \u00bfC\u00f3mo se instalan, mantienen y reparan las cadenas anti-arco lateral?<\/h3>\n<p>Always follow the manufacturer&#8217;s instructions for installation and maintenance. Regular lubrication is necessary to ensure optimum performance. Anti-sidebow chains are easy to maintain and repair.<\/p>\n<h3>5. \u00bfCu\u00e1les son los escenarios de uso comunes para las cadenas anti-arco lateral?<\/h3>\n<p>Las cadenas anticurvatura est\u00e1n dise\u00f1adas espec\u00edficamente para aplicaciones curvas y ofrecen mayor flexibilidad a la maquinaria. Estas cadenas se utilizan ampliamente en diversas industrias, como la papelera, cementera, alimentaria, minera y metal\u00fargica.<\/p>\n<p style=\"color:red\">Todo el contenido de la p\u00e1gina proviene de Internet y el contenido solo se utiliza como referencia para la selecci\u00f3n de productos. Nuestros productos son accesorios y no repuestos originales; no somos los propietarios de la marca registrada original del contenido. Nuestros productos solo son adecuados para accesorios de posventa en lugar de repuestos originales. Nuestros accesorios pueden adaptarse perfectamente a los repuestos originales; si necesita comprar repuestos originales, comun\u00edquese con la f\u00e1brica original para comprarlos.<\/p>\n<p>Autor: lmc<\/p>","protected":false},"excerpt":{"rendered":"<p>Anti-Sidebow Chains for Pushing Window P12.75 Anti-sidebow chains are specially designed to withstand curves and flexures. These chains are made up of a variety of special plates and attachments, which give them the ability to pivot. They have a small bearing area, which makes them suitable for lower loads in comparison to comparable roller chains. [&hellip;]<\/p>","protected":false},"featured_media":7229,"template":"","meta":{"_et_pb_use_builder":"","_et_pb_old_content":"","_et_gb_content_width":""},"product_brand":[],"product_cat":[11371],"product_tag":[],"class_list":{"0":"post-7230","1":"product","2":"type-product","3":"status-publish","4":"has-post-thumbnail","6":"product_cat-roller-chain","8":"first","9":"instock","10":"shipping-taxable","11":"product-type-simple"},"_links":{"self":[{"href":"https:\/\/agricultural-gear-boxes.com\/es\/wp-json\/wp\/v2\/product\/7230","targetHints":{"allow":["GET"]}}],"collection":[{"href":"https:\/\/agricultural-gear-boxes.com\/es\/wp-json\/wp\/v2\/product"}],"about":[{"href":"https:\/\/agricultural-gear-boxes.com\/es\/wp-json\/wp\/v2\/types\/product"}],"wp:featuredmedia":[{"embeddable":true,"href":"https:\/\/agricultural-gear-boxes.com\/es\/wp-json\/wp\/v2\/media\/7229"}],"wp:attachment":[{"href":"https:\/\/agricultural-gear-boxes.com\/es\/wp-json\/wp\/v2\/media?parent=7230"}],"wp:term":[{"taxonomy":"product_brand","embeddable":true,"href":"https:\/\/agricultural-gear-boxes.com\/es\/wp-json\/wp\/v2\/product_brand?post=7230"},{"taxonomy":"product_cat","embeddable":true,"href":"https:\/\/agricultural-gear-boxes.com\/es\/wp-json\/wp\/v2\/product_cat?post=7230"},{"taxonomy":"product_tag","embeddable":true,"href":"https:\/\/agricultural-gear-boxes.com\/es\/wp-json\/wp\/v2\/product_tag?post=7230"}],"curies":[{"name":"wp","href":"https:\/\/api.w.org\/{rel}","templated":true}]}}