{"id":7234,"date":"2025-02-06T05:25:50","date_gmt":"2025-02-06T05:25:50","guid":{"rendered":"https:\/\/agricultural-gear-boxes.com\/product\/side-bow-chains-attachments\/"},"modified":"2025-02-06T05:25:50","modified_gmt":"2025-02-06T05:25:50","slug":"side-bow-chains-attachments","status":"publish","type":"product","link":"https:\/\/agricultural-gear-boxes.com\/es\/product\/side-bow-chains-attachments\/","title":{"rendered":"Accesorios de cadenas de arco lateral"},"content":{"rendered":"<h2>Accesorios de cadenas de arco lateral<\/h2>\n<p>Las cadenas de arco lateral son cadenas especializadas con una gran holgura entre el buje y el pasador, y una holgura ajustada entre los eslabones interior y exterior. Se utilizan para circular por senderos con curvas y est\u00e1n fabricadas con diferentes materiales, como acero al carbono, hierro o acero inoxidable. Estas cadenas tambi\u00e9n est\u00e1n disponibles en diferentes longitudes e incluyen un kit con todos los accesorios necesarios para una instalaci\u00f3n m\u00e1s sencilla.<\/p>\n<p>Un uso com\u00fan de los accesorios de cadena de arco lateral es en sistemas de transporte de materiales que deben transportarse en v\u00edas curvas. Tambi\u00e9n se utilizan en atracciones de parques de diversiones o monta\u00f1as rusas para facilitar el desplazamiento de los carros por curvas y pendientes. Vea la imagen a continuaci\u00f3n para ver un ejemplo de una cinta transportadora curva que utiliza accesorios de cadena de arco lateral.<\/p>\n<p><img decoding=\"async\" src=\"https:\/\/images.hzpt.com\/2024\/09\/metric-roller-chain-sprockets-application-5-scaled.webp\" alt=\"Accesorios de cadenas de arco lateral en cintas transportadoras curvas\" style=\"display: block; margin: 0 auto; max-width: 600px;\"><\/p>\n<h3>Ventajas de los accesorios de cadenas de arco lateral<\/h3>\n<ul>\n<li>Puede correr en senderos curvos.<\/li>\n<li>Disponible en diferentes longitudes.<\/li>\n<li>Viene con un kit para una instalaci\u00f3n m\u00e1s sencilla.<\/li>\n<li>Fabricados con diferentes materiales como acero al carbono, hierro o acero inoxidable.<\/li>\n<\/ul>\n<h3>C\u00f3mo instalar, mantener y reparar accesorios de cadenas de proa lateral<\/h3>\n<p>For proper installation, it&#8217;s necessary to get the size and pitch of the chain. Depending on your requirements, you may want to select one that has wide teeth or a sprocket with small teeth. In addition to pitch, you should also consider the size of the drive shaft. For example, if the chain is large, you will need a sprocket that is wide. For smaller chains, you&#8217;ll need a sprocket with smaller teeth. Likewise, you should consider the sprocket bore.<\/p>\n<p>To maintain side bow chains attachments, check for any wear and tear on the chain and sprockets. If any parts are damaged, they should be replaced immediately to avoid further damage to the system. Lubrication is also key in maintaining the chain&#8217;s longevity and performance. When repairing, make sure to use the correct replacement parts and follow the manufacturer&#8217;s instructions for proper installation.<\/p>\n<h2>Pi\u00f1ones para cadenas<\/h2>\n<p>Los pi\u00f1ones para cadenas son dispositivos con forma de rueda, cuyos dientes les permiten cubrir distancias mayores que sus engranajes acoplados. Se utilizan com\u00fanmente en sistemas de cadena y pi\u00f1\u00f3n, similares a los conjuntos de cadena de bicicleta. Los pi\u00f1ones est\u00e1n disponibles en diferentes materiales, como metal o pl\u00e1stico reforzado. Tambi\u00e9n est\u00e1n disponibles en diferentes tipos, como los de acero inoxidable, ideales para entornos hostiles, y est\u00e1n disponibles en acero inoxidable de grado 304 o 316.<\/p>\n<h3>Tipos de ruedas dentadas<\/h3>\n<p>Existen dos est\u00e1ndares para pi\u00f1ones: ISO y m\u00e9tricos. Los pi\u00f1ones ISO se utilizan com\u00fanmente en m\u00e1quinas americanas, europeas y asi\u00e1ticas. Los pi\u00f1ones m\u00e9tricos, por otro lado, son m\u00e1s flexibles e intercambiables con las cadenas de estilo europeo. La mayor\u00eda de los pi\u00f1ones son intercambiables, aunque existen algunas excepciones a esta regla.<\/p>\n<p>Las ruedas dentadas locas tambi\u00e9n est\u00e1n disponibles con un cojinete de bolas prensado.<\/p>\n<h3>Ventajas de las ruedas dentadas<\/h3>\n<ul>\n<li>Disponible en diferentes materiales y tipos.<\/li>\n<li>Puede abarcar distancias mayores que los engranajes acoplados<\/li>\n<\/ul>\n<h3>C\u00f3mo instalar, mantener y reparar pi\u00f1ones de cadenas<\/h3>\n<p>For proper installation, it&#8217;s necessary to get the size and pitch of the chain. Depending on your requirements, you may want to select one that has wide teeth or a sprocket with small teeth. In addition to pitch, you should also consider the size of the drive shaft. For example, if the chain is large, you will need a sprocket that is wide. For smaller chains, you&#8217;ll need a sprocket with smaller teeth. Likewise, you should consider the sprocket bore.<\/p>\n<p>To maintain sprockets, check for any wear and tear on the teeth and hub. If any parts are damaged, they should be replaced immediately to avoid further damage to the system. Lubrication is also key in maintaining the sprocket&#8217;s longevity and performance. When repairing, make sure to use the correct replacement parts and follow the manufacturer&#8217;s instructions for proper installation.<\/p>\n<h2>Otros productos que ofrecemos<\/h2>\n<p>Ofrecemos diversos engranajes pl\u00e1sticos industriales, como cajas de engranajes agr\u00edcolas, ejes de salida, ruedas dentadas, acoplamientos hidr\u00e1ulicos, reductores de tornillo sin fin, cremalleras, cadenas desmontables, poleas, reductores planetarios, poleas de distribuci\u00f3n, bujes, etc. Nuestros productos de alta calidad ofrecen precios preferenciales y un servicio atento. Invitamos a nuestros clientes a personalizarlos con im\u00e1genes y muestras.<\/p>\n<p><img decoding=\"async\" src=\"https:\/\/img.jiansujichilun.com\/img\/chain\/roller%20chain\/roller-chain2.webp\" alt=\"Cadena de rodillos\" style=\"display: block; margin: 0 auto; max-width: 600px;\"><\/p>\n<h2>Preguntas y respuestas<\/h2>\n<h3>P: \u00bfPara qu\u00e9 se utilizan los accesorios de cadenas de arco lateral?<\/h3>\n<p>A: Los accesorios de cadenas de arco lateral se utilizan para circular por senderos curvos, como sistemas de transporte de materiales que necesitan transportarse en pistas curvas o juegos mec\u00e1nicos de parques de diversiones y monta\u00f1as rusas.<\/p>\n<h3>P: \u00bfDe qu\u00e9 materiales est\u00e1n hechos los accesorios de las cadenas de arco lateral?<\/h3>\n<p>R: Los accesorios de cadenas de arco lateral est\u00e1n hechos de diferentes materiales, como acero al carbono, hierro o acero inoxidable.<\/p>\n<h3>P: \u00bfEs posible utilizar las ruedas dentadas indistintamente?<\/h3>\n<p>R: La mayor\u00eda de las ruedas dentadas son intercambiables, aunque todav\u00eda hay algunas excepciones a esta regla.<\/p>\n<h3>P: \u00bfC\u00f3mo se mantienen los pi\u00f1ones?<\/h3>\n<p>A: To maintain sprockets, check for any wear and tear on the teeth and hub. If any parts are damaged, they should be replaced immediately to avoid further damage to the system. Lubrication is also key in maintaining the sprocket&#8217;s longevity and performance.<\/p>\n<h3>P: \u00bfQu\u00e9 otros productos ofrece la empresa?<\/h3>\n<p>R: La empresa ofrece diversos engranajes pl\u00e1sticos industriales como cajas de engranajes agr\u00edcolas, ejes de salida de potencia, pi\u00f1ones, acoplamientos hidr\u00e1ulicos, reductores de tornillo sin fin, cremalleras, cadenas desmontables, poleas y poleas, cajas de engranajes planetarios, poleas de distribuci\u00f3n, bujes, etc.<\/p>\n<h3>P: \u00bfLos productos son repuestos originales?<\/h3>\n<p>R: No, los productos son accesorios, no repuestos originales, y no son propiedad de la marca registrada original del contenido. Nuestros accesorios son compatibles con los repuestos originales. Si necesita comprar repuestos originales, p\u00f3ngase en contacto con la f\u00e1brica original.<\/p>\n<p style=\"color: red;\">Todo el contenido de esta p\u00e1gina proviene de internet y se utiliza \u00fanicamente como referencia para la selecci\u00f3n de productos. Nuestros productos son accesorios y no repuestos originales.<\/p>\n<p>Autor: lmc<\/p>","protected":false},"excerpt":{"rendered":"<p>Side Bow Chains Attachments Side bow chains attachments are specialized chains that feature a large clearance between the bushing and pin and an adjusted clearance between the inner and outer links. They are used to run on curved trails and are made from different materials such as carbon steel, iron, or stainless steel. These chains [&hellip;]<\/p>","protected":false},"featured_media":7233,"template":"","meta":{"_et_pb_use_builder":"","_et_pb_old_content":"","_et_gb_content_width":""},"product_brand":[],"product_cat":[11371],"product_tag":[],"class_list":{"0":"post-7234","1":"product","2":"type-product","3":"status-publish","4":"has-post-thumbnail","6":"product_cat-roller-chain","8":"first","9":"instock","10":"shipping-taxable","11":"product-type-simple"},"_links":{"self":[{"href":"https:\/\/agricultural-gear-boxes.com\/es\/wp-json\/wp\/v2\/product\/7234","targetHints":{"allow":["GET"]}}],"collection":[{"href":"https:\/\/agricultural-gear-boxes.com\/es\/wp-json\/wp\/v2\/product"}],"about":[{"href":"https:\/\/agricultural-gear-boxes.com\/es\/wp-json\/wp\/v2\/types\/product"}],"wp:featuredmedia":[{"embeddable":true,"href":"https:\/\/agricultural-gear-boxes.com\/es\/wp-json\/wp\/v2\/media\/7233"}],"wp:attachment":[{"href":"https:\/\/agricultural-gear-boxes.com\/es\/wp-json\/wp\/v2\/media?parent=7234"}],"wp:term":[{"taxonomy":"product_brand","embeddable":true,"href":"https:\/\/agricultural-gear-boxes.com\/es\/wp-json\/wp\/v2\/product_brand?post=7234"},{"taxonomy":"product_cat","embeddable":true,"href":"https:\/\/agricultural-gear-boxes.com\/es\/wp-json\/wp\/v2\/product_cat?post=7234"},{"taxonomy":"product_tag","embeddable":true,"href":"https:\/\/agricultural-gear-boxes.com\/es\/wp-json\/wp\/v2\/product_tag?post=7234"}],"curies":[{"name":"wp","href":"https:\/\/api.w.org\/{rel}","templated":true}]}}