{"id":8108,"date":"2025-04-08T08:14:06","date_gmt":"2025-04-08T08:14:06","guid":{"rendered":"https:\/\/agricultural-gear-boxes.com\/?post_type=product&#038;p=8108"},"modified":"2025-04-08T08:14:07","modified_gmt":"2025-04-08T08:14:07","slug":"rotary-cutter-gearboxes-replacement-of-omni-code-rc-20-gearbox","status":"publish","type":"product","link":"https:\/\/agricultural-gear-boxes.com\/es\/product\/rotary-cutter-gearboxes-replacement-of-omni-code-rc-20-gearbox\/","title":{"rendered":"Cajas de engranajes para cortadoras rotativas: reemplazo de la caja de engranajes Omni Code RC-20"},"content":{"rendered":"<p>Conoce a los <strong>Caja de engranajes de la cortadora rotativa RC20<\/strong> de <a href=\"http:\/\/agricultural-gear-boxes.com\/es\/\"><strong>Tebsa<\/strong><\/a>Un aut\u00e9ntico caballo de batalla, dise\u00f1ado para satisfacer las exigencias de las desbrozadoras rotativas agr\u00edcolas. Este equipo toma la potencia del tractor y la env\u00eda directamente a la desbrozadora, manteniendo las cuchillas girando r\u00e1pida y constantemente. Ya sea que est\u00e9 desbrozando grandes campos, limpiando los bordes de los caminos o cortando maleza dif\u00edcil, la RC20 le respalda con su s\u00f3lida construcci\u00f3n y rendimiento confiable. Es un equipo indispensable para agricultores y paisajistas que necesitan equipos confiables.<\/p>\n<h2>\u00bfQu\u00e9 hace que el RC20 se destaque?<\/h2>\n<ul>\n<li><strong>Construido como un tanque:<\/strong> Esta caja de cambios est\u00e1 hecha de hierro fundido resistente y puede soportar muchos golpes: es perfecta para las duras vibraciones y los golpes de la vida en la granja.<\/li>\n<li><strong>Grandes trabajos, sin esfuerzo:<\/strong> Con un torque que var\u00eda de 1,750 a 3,267 lb-in, est\u00e1 listo para afrontar pastos abiertos o caminos llenos de vegetaci\u00f3n sin esfuerzo.<\/li>\n<li><strong>Se adapta a casi cualquier cosa:<\/strong> Funciona con todo tipo de configuraciones de cortador rotatorio, por lo que puede cambiar las cosas seg\u00fan el trabajo.<\/li>\n<li><strong>Poder que impacta:<\/strong> El gran eje de salida permite que la energ\u00eda fluya con fuerza, por lo que no desperdicia ni una gota de potencia.<\/li>\n<li><strong>F\u00e1cil de mantener en funcionamiento:<\/strong> Los puntos de grasa y aceite son muy f\u00e1ciles de alcanzar, lo que significa menos tiempo para manipular y m\u00e1s tiempo para cortar.<\/li>\n<\/ul>\n<h2><img loading=\"lazy\" decoding=\"async\" class=\"alignnone  wp-image-8110\" src=\"https:\/\/agricultural-gear-boxes.com\/wp-content\/uploads\/2025\/04\/9FDAgRsW-Rotary-Cutter-Gearbox-Applications-3-300x166.webp\" alt=\"Aplicaciones de la caja de engranajes de la cortadora rotativa\" width=\"501\" height=\"277\" \/><\/h2>\n<h2>Las especificaciones esenciales<\/h2>\n<table border=\"1\">\n<tbody>\n<tr>\n<th>Modelo<\/th>\n<td>Caja de engranajes para cortadora rotativa EPT-RC20<\/td>\n<\/tr>\n<tr>\n<th>Fuerza<\/th>\n<td>15 &#8211; 18 hp (11 &#8211; 21 kW)<\/td>\n<\/tr>\n<tr>\n<th>Esfuerzo de torsi\u00f3n<\/th>\n<td>1,750 &#8211; 3,267 lb.-in. (198 &#8211; 369 Nm)<\/td>\n<\/tr>\n<tr>\n<th>proporciones<\/th>\n<td>1:1.25, 1:2.83<\/td>\n<\/tr>\n<tr>\n<th>Tipo de engranaje<\/th>\n<td>Bisel<\/td>\n<\/tr>\n<tr>\n<th>Tipo de sello<\/th>\n<td>Triple labio con resorte<\/td>\n<\/tr>\n<tr>\n<th>Tipo de rodamiento<\/th>\n<td>Bola de ranura profunda<\/td>\n<\/tr>\n<tr>\n<th>Capacidad de aceite<\/th>\n<td>16 onzas (0,47 l)<\/td>\n<\/tr>\n<tr>\n<th>Peso<\/th>\n<td>34 libras (15,4 kg)<\/td>\n<\/tr>\n<tr>\n<th>Aplicaciones<\/th>\n<td>Segadoras de acabado, cortadoras rotativas, desbrozadoras rotativas<\/td>\n<\/tr>\n<\/tbody>\n<\/table>\n<h2><\/h2>\n<h2>Proporciones que se adaptan a sus necesidades<\/h2>\n<p>El RC20 viene con dos opciones de relaci\u00f3n:<strong>1:1.25<\/strong> y <strong>1:2.83<\/strong>\u2014para que puedas ajustarlo a tu trabajo. 1:1.25 te ofrece una mayor velocidad de la cuchilla, ideal para tareas m\u00e1s ligeras como cortar el c\u00e9sped o mantener el campo limpio. Por otro lado, 1:2.83 ofrece m\u00e1s par motor, ideal para tareas m\u00e1s exigentes como cortar arbustos densos o terrenos irregulares. Elige la opci\u00f3n que mejor se adapte a la potencia de tu tractor y al tipo de corte: te permitir\u00e1 un funcionamiento suave y una mayor duraci\u00f3n.<\/p>\n<h2><img loading=\"lazy\" decoding=\"async\" class=\"alignnone  wp-image-8114\" src=\"https:\/\/agricultural-gear-boxes.com\/wp-content\/uploads\/2025\/04\/N6DMtTva-China-Rotary-Cutter-Gearbox-Manufacturers-7-252x300.webp\" alt=\"Caja de engranajes de corte rotatorio\" width=\"500\" height=\"595\" \/><\/h2>\n<h2>Por qu\u00e9 la RC20 es una elecci\u00f3n inteligente<\/h2>\n<p>Si lo que buscas es un <strong>caja de cambios de cortadora rotatoria<\/strong> Si no se rinde, la RC20 lo tiene cubierto. Su cuerpo de hierro fundido es extremadamente resistente, y con t\u00e9cnicas como la carbonitruraci\u00f3n y el temple al vac\u00edo, est\u00e1 dise\u00f1ada para soportar cualquier desaf\u00edo. Los sellos de triple labio y los robustos rodamientos garantizan una gran resistencia, incluso en condiciones dif\u00edciles. Ya sea que trabaje en Argentina o en paisajismo, esta caja de cambios es ideal. <a href=\"https:\/\/agricultural-gear-boxes.com\/es\/product-category\/gearbox\/agricultural-gearbox\/\"><strong>necesidades de caja de cambios agr\u00edcola<\/strong><\/a>\u2014Y tampoco te arruinar\u00e1.<\/p>\n<p>Funciona bien con todo tipo de materiales, como acero aleado, acero inoxidable o incluso aluminio, por lo que es compatible con cualquier dise\u00f1o de fresa que tenga. El trabajo de precisi\u00f3n, como el forjado y el afilado de dientes, lo mantiene funcionando sin problemas. Adem\u00e1s, en <strong>50% menos costo<\/strong> que algunas opciones de grandes nombres, es una ganga para quienes buscan en l\u00ednea <strong>piezas de cortador rotatorio<\/strong>Desde peque\u00f1as granjas hasta grandes operaciones, esta caja de cambios cumple con sus expectativas, ya sea que est\u00e9 reemplazando una unidad desgastada o instalando algo nuevo.<\/p>\n<p>Aqu\u00ed en Argentina y m\u00e1s all\u00e1, la RC20 es la opci\u00f3n ideal para un trabajo impecable. Es vers\u00e1til para cortes ligeros o desbroces profundos, y con el sello de aprobaci\u00f3n ISO9001-2015 de Tebsa, garantiza que cada pieza se revisa de principio a fin. Obtendr\u00e1 calidad en la que puede confiar, sin duda.<\/p>\n<h2>Qui\u00e9n est\u00e1 detr\u00e1s: la historia de Tebsa<\/h2>\n<p>Hemos estado en esto desde 1997.<strong>Tebsa<\/strong>Directamente desde Argentina, fabricamos piezas de transmisi\u00f3n duraderas. Somos expertos en esto: producimos cajas de cambios y componentes mec\u00e1nicos que se adaptan a sus necesidades como anillo al dedo. \u00bfTiene alguna pregunta? Nuestro equipo de ingenier\u00eda se encargar\u00e1 de ello en 24 horas, ayud\u00e1ndole desde prototipos r\u00e1pidos hasta la producci\u00f3n a toda m\u00e1quina. Lo prometemos. <strong>Calidad 100%<\/strong>Precios incre\u00edbles (piense en el ahorro del 50%) y opciones como acero aleado, lat\u00f3n o acero inoxidable. Con mecanizados sofisticados, como forjado y tallado de dientes, y acabados como ennegrecido o recubrimiento en polvo, tenemos lo necesario para que su operaci\u00f3n siga funcionando. Qu\u00e9dese con Tebsa si busca un socio que le cubra las espaldas.<\/p>\n<h2><img loading=\"lazy\" decoding=\"async\" class=\"alignnone  wp-image-8111\" src=\"https:\/\/agricultural-gear-boxes.com\/wp-content\/uploads\/2025\/04\/oIqDHmI5-Rotary-Cutter-Gearbox-Manufacturers-300x198.webp\" alt=\"Fabricantes de cajas de engranajes para cortadoras rotativas en Argentina\" width=\"502\" height=\"331\" \/><\/h2>\n<h2>\u00bfTienes preguntas? Tenemos respuestas.<\/h2>\n<ol>\n<li><strong>\u00bfPara qu\u00e9 sirve el RC20?<\/strong><br \/>\nEs perfecto para terminar cortadoras de c\u00e9sped, cortadoras rotativas y desbrozadoras: piense en cortar c\u00e9sped en campos, limpiar caminos o cortar maleza.<\/li>\n<li><strong>\u00bfC\u00f3mo elijo la proporci\u00f3n correcta?<\/strong><br \/>\nUse una relaci\u00f3n de aspecto de 1:1.25 para cortes r\u00e1pidos en superficies ligeras como c\u00e9sped. Elija una relaci\u00f3n de aspecto de 1:2.83 para mayor potencia en trabajos pesados como maleza espesa.<\/li>\n<li><strong>\u00bfDe qu\u00e9 est\u00e1 hecho?<\/strong><br \/>\nDe hierro fundido resistente en su mayor\u00eda, pero podemos modificarlo con acero de aleaci\u00f3n o acero inoxidable: fabricado para durar, pase lo que pase.<\/li>\n<li><strong>\u00bfEl mantenimiento es una molestia?<\/strong><br \/>\nNo, es muy f\u00e1cil: las manchas de aceite y grasa son f\u00e1ciles de eliminar, por lo que puedes volver a hacerlo r\u00e1pidamente.<\/li>\n<li><strong>\u00bfPor qu\u00e9 elegir Tebsa?<\/strong><br \/>\nM\u00e1s de 25 a\u00f1os en el juego, calidad certificada, precios justos y un equipo dispuesto a ayudar: Tebsa es lo aut\u00e9ntico.<\/li>\n<\/ol>\n<p>&nbsp;<\/p>","protected":false},"excerpt":{"rendered":"<p>Meet the RC20 Rotary Cutter Gearbox from Tebsa\u2014a real workhorse built to handle the demands of agricultural rotary cutters. This thing takes the power from your tractor and sends it straight to the cutter, keeping those blades spinning fast and steady. Whether you\u2019re clearing big fields, tidying up roadsides, or cutting through stubborn brush, the [&hellip;]<\/p>","protected":false},"featured_media":8109,"template":"","meta":{"_et_pb_use_builder":"","_et_pb_old_content":"","_et_gb_content_width":""},"product_brand":[],"product_cat":[10402,11403],"product_tag":[],"class_list":{"0":"post-8108","1":"product","2":"type-product","3":"status-publish","4":"has-post-thumbnail","6":"product_cat-agricultural-gearbox","7":"product_cat-rotary-cutter-gearbox","9":"first","10":"instock","11":"shipping-taxable","12":"product-type-simple"},"_links":{"self":[{"href":"https:\/\/agricultural-gear-boxes.com\/es\/wp-json\/wp\/v2\/product\/8108","targetHints":{"allow":["GET"]}}],"collection":[{"href":"https:\/\/agricultural-gear-boxes.com\/es\/wp-json\/wp\/v2\/product"}],"about":[{"href":"https:\/\/agricultural-gear-boxes.com\/es\/wp-json\/wp\/v2\/types\/product"}],"wp:featuredmedia":[{"embeddable":true,"href":"https:\/\/agricultural-gear-boxes.com\/es\/wp-json\/wp\/v2\/media\/8109"}],"wp:attachment":[{"href":"https:\/\/agricultural-gear-boxes.com\/es\/wp-json\/wp\/v2\/media?parent=8108"}],"wp:term":[{"taxonomy":"product_brand","embeddable":true,"href":"https:\/\/agricultural-gear-boxes.com\/es\/wp-json\/wp\/v2\/product_brand?post=8108"},{"taxonomy":"product_cat","embeddable":true,"href":"https:\/\/agricultural-gear-boxes.com\/es\/wp-json\/wp\/v2\/product_cat?post=8108"},{"taxonomy":"product_tag","embeddable":true,"href":"https:\/\/agricultural-gear-boxes.com\/es\/wp-json\/wp\/v2\/product_tag?post=8108"}],"curies":[{"name":"wp","href":"https:\/\/api.w.org\/{rel}","templated":true}]}}