{"id":8123,"date":"2025-04-08T08:54:55","date_gmt":"2025-04-08T08:54:55","guid":{"rendered":"https:\/\/agricultural-gear-boxes.com\/?post_type=product&#038;p=8123"},"modified":"2025-04-08T08:54:55","modified_gmt":"2025-04-08T08:54:55","slug":"rotary-cutter-gearboxes-replacement-of-omni-code-rc-30-gearbox","status":"publish","type":"product","link":"https:\/\/agricultural-gear-boxes.com\/es\/product\/rotary-cutter-gearboxes-replacement-of-omni-code-rc-30-gearbox\/","title":{"rendered":"Cajas de engranajes para cortadoras rotativas: reemplazo de la caja de engranajes Omni Code RC-30"},"content":{"rendered":"<p><img loading=\"lazy\" decoding=\"async\" class=\"alignnone\" src=\"https:\/\/images.hzpt.com\/2023\/04\/dn3c4YLs-EPT-RC30-Series-Rotary-Cutter-Gearboxes-Specifications.webp\" alt=\"Especificaciones de las cajas de engranajes de corte rotativo serie EPT-RC30\" width=\"1469\" height=\"882\" \/><\/p>\n<p>Introducing the RC-30 Rotary Cutter Gearbox, a robust and efficient mechanical solution designed to power rotary cutters for cutting grass, weeds, and dense vegetation. Engineered for durability and precision, this gearbox is ideal for agriculture, landscaping, and outdoor maintenance applications. With a gear ratio of 1:1.47, an input shaft of 1-3\/8\u201d &#8211; 6 spline, and a 12 tapered spline output shaft, the RC-30 delivers reliable performance with a maximum torque of 446 Nm. Whether you\u2019re managing a small farm or tackling large-scale land clearing, this gearbox ensures smooth power transmission from your tractor to the cutting blades.<\/p>\n<h2>Especificaciones clave<\/h2>\n<p>La caja de engranajes de la cortadora rotativa RC-30 est\u00e1 dise\u00f1ada para cumplir con los est\u00e1ndares de la industria, ofreciendo versatilidad y resistencia. A continuaci\u00f3n, se detallan las especificaciones:<\/p>\n<table style=\"width: 100%; border-collapse: collapse;\" border=\"1\" cellspacing=\"0\" cellpadding=\"5\">\n<tbody>\n<tr>\n<td>Modelo<\/td>\n<td>Cajas de engranajes para cortadoras rotativas serie EP-RC30<\/td>\n<td>Caballo de fuerza<\/td>\n<td>40 caballos de fuerza<\/td>\n<\/tr>\n<tr>\n<td rowspan=\"2\">Esfuerzo de torsi\u00f3n<\/td>\n<td>2,800 &#8211; 4,667 lb.-in.<\/td>\n<td>RPM de entrada<\/td>\n<td>540\/1000<\/td>\n<\/tr>\n<tr>\n<td>(316 &#8211; 527 Nm.)<\/td>\n<td>RPM de salida<\/td>\n<td>793\/1470<\/td>\n<\/tr>\n<tr>\n<td>proporciones<\/td>\n<td>1:1.47, 1:1.71, 1:1.93<\/td>\n<td>Di\u00e1metro del eje de entrada<\/td>\n<td>1-3\/8\u201d \u2013 6 estr\u00edas<\/td>\n<\/tr>\n<tr>\n<td>Tipo de engranaje<\/td>\n<td>Bisel<\/td>\n<td>Orificio para perno de corte<\/td>\n<td>1\/2&#8243;<\/td>\n<\/tr>\n<tr>\n<td>Tipo de sello<\/td>\n<td>Triple labio con resorte<\/td>\n<td>Di\u00e1metro del eje de salida<\/td>\n<td>1.47&#8243; &#8211; 12 tapered spline<\/td>\n<\/tr>\n<tr>\n<td>Tipo de rodamiento<\/td>\n<td>Bola de ranura profunda<\/td>\n<td>Montar<\/td>\n<td>Montaje de 4 pernos<\/td>\n<\/tr>\n<tr>\n<td rowspan=\"2\">Capacidad de aceite<\/td>\n<td>23 onzas.<\/td>\n<td>Patr\u00f3n de pernos<\/td>\n<td>4-3\/4&#8243;<\/td>\n<\/tr>\n<tr>\n<td>(0,68 litros)<\/td>\n<td>Rotaci\u00f3n<\/td>\n<td>La entrada CCW da una salida CW<\/td>\n<\/tr>\n<tr>\n<td rowspan=\"2\">Peso<\/td>\n<td>51 libras.<\/td>\n<td>Tama\u00f1o<\/td>\n<td>10-1\/4&#8243; x 7&#8243; x 7&#8243;<\/td>\n<\/tr>\n<tr>\n<td>(23,1 kilos.)<\/td>\n<td>Piloto<\/td>\n<td>5-1\/4&#8243; dia.<\/td>\n<\/tr>\n<\/tbody>\n<\/table>\n<p><em>Nota:<\/em> Las cajas de cambios se env\u00edan secas y requieren <strong>16 onzas de lubricante para engranajes de 80-90 W<\/strong> (No incluido). Se incluye un puente de mu\u00f1\u00f3n\/volante de inercia de repuesto con buje de 12 estr\u00edas.<\/p>\n<h2><img loading=\"lazy\" decoding=\"async\" class=\"alignnone  wp-image-8110\" src=\"https:\/\/agricultural-gear-boxes.com\/wp-content\/uploads\/2025\/04\/9FDAgRsW-Rotary-Cutter-Gearbox-Applications-3-300x166.webp\" alt=\"Aplicaciones de la caja de engranajes de la cortadora rotativa\" width=\"600\" height=\"332\" \/><\/h2>\n<h2>Funciones y aplicaciones ampliadas<\/h2>\n<h3>1. Materiales duraderos y fabricaci\u00f3n de precisi\u00f3n<\/h3>\n<p>La caja de engranajes RC-30 est\u00e1 fabricada con materiales de alta calidad, como acero aleado, acero inoxidable y hierro fundido, lo que garantiza su resistencia en entornos hostiles. Procesos de mecanizado avanzados, como el forjado, el tallado de dientes y el tratamiento t\u00e9rmico (carbonitruraci\u00f3n, temple al vac\u00edo), mejoran su longevidad y rendimiento. Esto la convierte en una excelente opci\u00f3n para quienes buscan... <em>Cajas de engranajes para cortadoras rotativas duraderas<\/em> o <em>\u201ccajas de cambios agr\u00edcolas de alto par\u201d<\/em>.<\/p>\n<h4>Escenario de aplicaci\u00f3n:<\/h4>\n<p>Imagine a un agricultor en la Argentina rural que mantiene extensos pastizales. La caja de engranajes RC-30, montada en una desbrozadora rotativa de 1,5 m, maneja f\u00e1cilmente hierba y arbustos densos, reduciendo el tiempo de inactividad gracias a sus sellos de triple labio accionados por resorte y rodamientos de bolas de ranura profunda.<\/p>\n<h3>2. Configuraciones vers\u00e1tiles para m\u00faltiples industrias<\/h3>\n<p>Con opciones de relaciones de transmisi\u00f3n de 1:1,47, 1:1,71 y 1:1,93 y compatibilidad con entradas de 540 o 1000 RPM, el RC-30 satisface diversas necesidades. Su montaje de 4 pernos y su patr\u00f3n de pernos est\u00e1ndar en la industria facilitan su integraci\u00f3n en equipos existentes. Esta versatilidad resulta atractiva para paisajistas y profesionales agr\u00edcolas que buscan... <em>Reemplazo de la caja de engranajes de la cortadora rotativa<\/em> o <em>Caja de cambios de fabricaci\u00f3n argentina para paisajismo<\/em>.<\/p>\n<h4>Escenario de aplicaci\u00f3n:<\/h4>\n<p>Una empresa de paisajismo de Buenos Aires utiliza la RC-30 para el mantenimiento de parques p\u00fablicos. <strong>Capacidad de 40 HP<\/strong> y <strong>rotaci\u00f3n de sentido contrario a las agujas del reloj<\/strong> Garantizar un corte eficiente de la vegetaci\u00f3n crecida, incluso en condiciones de alta carga.<\/p>\n<table style=\"width: 80%; border-collapse: collapse; margin: 20px auto;\" border=\"1\" cellspacing=\"0\" cellpadding=\"5\">\n<thead>\n<tr>\n<th>Industria<\/th>\n<th>Caso de uso<\/th>\n<th>Caracter\u00edstica clave<\/th>\n<\/tr>\n<\/thead>\n<tbody>\n<tr>\n<td>Agricultura<\/td>\n<td>Manejo de pastizales<\/td>\n<td>Alto par (446 Nm)<\/td>\n<\/tr>\n<tr>\n<td>Paisajismo<\/td>\n<td>Mantenimiento del parque<\/td>\n<td>Relaciones de transmisi\u00f3n vers\u00e1tiles<\/td>\n<\/tr>\n<tr>\n<td>Silvicultura<\/td>\n<td>Limpieza ligera de maleza<\/td>\n<td>Acero de aleaci\u00f3n duradero<\/td>\n<\/tr>\n<\/tbody>\n<\/table>\n<h2>About Tebsa &#8211; Your Trusted Manufacturer<\/h2>\n<p>En <a href=\"http:\/\/agricultural-gear-boxes.com\/es\/\">Tebsa<\/a>Somos un fabricante l\u00edder en Argentina de componentes de transmisi\u00f3n desde 1997. Especializados en cajas de engranajes para cortadoras rotativas, ofrecemos garant\u00eda de calidad 100% y precios competitivos, con un ahorro de hasta 50% en comparaci\u00f3n con los productos originales. Nuestro talentoso equipo de ingenier\u00eda proporciona informaci\u00f3n en 24 horas, lo que garantiza una colaboraci\u00f3n fluida. Con capacidades que abarcan desde el prototipado r\u00e1pido hasta la producci\u00f3n en masa, y experiencia en materiales como aluminio, lat\u00f3n, POM y aleaciones de zinc, ofrecemos soluciones a medida. Con certificaci\u00f3n ISO 9001-2015, asumimos la plena responsabilidad de sus pedidos, lo que convierte a Tebsa en un socio confiable para compradores globales.<\/p>\n<h2><img loading=\"lazy\" decoding=\"async\" class=\"alignnone  wp-image-8119\" src=\"https:\/\/agricultural-gear-boxes.com\/wp-content\/uploads\/2025\/04\/Agricultural-Sprayer-Gearbox-Manufacturers-1-300x245.webp\" alt=\"Fabricantes de cajas de engranajes agr\u00edcolas en Argentina\" width=\"600\" height=\"490\" \/><\/h2>\n<h2>Preguntas frecuentes (FAQ)<\/h2>\n<ol>\n<li><strong>\u00bfCu\u00e1l es el requerimiento de aceite para la caja de cambios RC-30?<\/strong><br \/>\nLa caja de cambios se env\u00eda seca y requiere 16 onzas de lubricante para engranajes de 80-90 W o equivalente (no incluido).<\/li>\n<li><strong>\u00bfPuede la caja de cambios RC-30 adaptarse a mi cortadora rotatoria existente?<\/strong><br \/>\nYes, it features a 4-bolt mounting with a 4-3\/4&#8243; bolt pattern, matching industry standards.<\/li>\n<li><strong>\u00bfQu\u00e9 materiales se utilizan en la caja de cambios del RC-30?<\/strong><br \/>\nEst\u00e1 hecho de materiales duraderos como acero de aleaci\u00f3n, acero inoxidable y hierro fundido, con opciones de materiales personalizados.<\/li>\n<li><strong>\u00bfEl RC-30 es adecuado para aplicaciones de trabajo pesado?<\/strong><br \/>\nPor supuesto, con una potencia de 40 HP y un torque de hasta 527 Nm, est\u00e1 dise\u00f1ado para tareas de alta carga.<\/li>\n<li><strong>\u00bfCon qu\u00e9 rapidez puede Tebsa responder a las consultas?<\/strong><br \/>\nNuestro equipo de ingenier\u00eda proporciona comentarios dentro de las 24 horas para una colaboraci\u00f3n fluida.<\/li>\n<\/ol>","protected":false},"excerpt":{"rendered":"<p>Introducing the RC-30 Rotary Cutter Gearbox, a robust and efficient mechanical solution designed to power rotary cutters for cutting grass, weeds, and dense vegetation. Engineered for durability and precision, this gearbox is ideal for agriculture, landscaping, and outdoor maintenance applications. With a gear ratio of 1:1.47, an input shaft of 1-3\/8\u201d &#8211; 6 spline, and [&hellip;]<\/p>","protected":false},"featured_media":8125,"template":"","meta":{"_et_pb_use_builder":"","_et_pb_old_content":"","_et_gb_content_width":""},"product_brand":[],"product_cat":[11403,10402],"product_tag":[11402,11404],"class_list":{"0":"post-8123","1":"product","2":"type-product","3":"status-publish","4":"has-post-thumbnail","6":"product_cat-rotary-cutter-gearbox","7":"product_cat-agricultural-gearbox","8":"product_tag-agricultural-gearbox","9":"product_tag-rotary-cutter-gearbox","11":"first","12":"instock","13":"shipping-taxable","14":"product-type-simple"},"_links":{"self":[{"href":"https:\/\/agricultural-gear-boxes.com\/es\/wp-json\/wp\/v2\/product\/8123","targetHints":{"allow":["GET"]}}],"collection":[{"href":"https:\/\/agricultural-gear-boxes.com\/es\/wp-json\/wp\/v2\/product"}],"about":[{"href":"https:\/\/agricultural-gear-boxes.com\/es\/wp-json\/wp\/v2\/types\/product"}],"wp:featuredmedia":[{"embeddable":true,"href":"https:\/\/agricultural-gear-boxes.com\/es\/wp-json\/wp\/v2\/media\/8125"}],"wp:attachment":[{"href":"https:\/\/agricultural-gear-boxes.com\/es\/wp-json\/wp\/v2\/media?parent=8123"}],"wp:term":[{"taxonomy":"product_brand","embeddable":true,"href":"https:\/\/agricultural-gear-boxes.com\/es\/wp-json\/wp\/v2\/product_brand?post=8123"},{"taxonomy":"product_cat","embeddable":true,"href":"https:\/\/agricultural-gear-boxes.com\/es\/wp-json\/wp\/v2\/product_cat?post=8123"},{"taxonomy":"product_tag","embeddable":true,"href":"https:\/\/agricultural-gear-boxes.com\/es\/wp-json\/wp\/v2\/product_tag?post=8123"}],"curies":[{"name":"wp","href":"https:\/\/api.w.org\/{rel}","templated":true}]}}