{"id":8126,"date":"2025-04-08T09:12:58","date_gmt":"2025-04-08T09:12:58","guid":{"rendered":"https:\/\/agricultural-gear-boxes.com\/?post_type=product&#038;p=8126"},"modified":"2025-04-08T09:12:58","modified_gmt":"2025-04-08T09:12:58","slug":"rotary-cutter-gearboxes-replacement-of-omni-code-rc-51-gearbox","status":"publish","type":"product","link":"https:\/\/agricultural-gear-boxes.com\/es\/product\/rotary-cutter-gearboxes-replacement-of-omni-code-rc-51-gearbox\/","title":{"rendered":"Cajas de engranajes para cortadoras rotativas: reemplazo de la caja de engranajes Omni Code RC-51"},"content":{"rendered":"<p><img loading=\"lazy\" decoding=\"async\" class=\"size-full wp-image-306093 aligncenter\" src=\"https:\/\/images.hzpt.com\/2023\/04\/0BL4NGf0-RC51-Rotary-Cutter-Gearbox-Specifications.webp\" alt=\"Especificaciones de la caja de engranajes de la cortadora rotativa RC51\" width=\"1135\" height=\"717\" \/><\/p>\n<p>Presentando el <strong>Caja de engranajes de la cortadora rotativa RC51<\/strong>Una soluci\u00f3n de primer nivel, dise\u00f1ada por Tebsa, para satisfacer las rigurosas exigencias de la gesti\u00f3n moderna de la vegetaci\u00f3n agr\u00edcola e industrial. Dise\u00f1ada para desbrozadoras y cortadoras rotativas, esta caja de engranajes destaca al cortar hierba espesa, maleza y matorrales con una fiabilidad inigualable. Con una robusta carcasa de hierro fundido, engranajes c\u00f3nicos de alta resistencia y tecnolog\u00eda de sellado avanzada, la RC51 ofrece una durabilidad y un rendimiento excepcionales, lo que la convierte en el reemplazo ideal para los modelos Omni Gearbox RC-51.<\/p>\n<h2>Caracter\u00edsticas principales de la caja de engranajes de la cortadora rotativa RC51<\/h2>\n<p>La caja de cambios RC51 est\u00e1 dise\u00f1ada para manejar el alto par y la alta potencia de los tractores actuales, garantizando un funcionamiento impecable en condiciones dif\u00edciles. Sus caracter\u00edsticas destacadas incluyen:<\/p>\n<ul>\n<li>Construcci\u00f3n robusta: fabricada con hierro fundido de primera calidad para una resistencia duradera.<\/li>\n<li>Dep\u00f3sito de aceite de alta capacidad: tiene capacidad para 27 oz (0,80 L) para una lubricaci\u00f3n y refrigeraci\u00f3n \u00f3ptimas.<\/li>\n<li>Cojinetes de gran tama\u00f1o: Los rodamientos de rodillos c\u00f3nicos y de bolas de ranura profunda mejoran la capacidad de carga.<\/li>\n<li>Sellos con resorte de triple labio: Los sellos de aceite de metal garantizan un rendimiento a prueba de fugas.<\/li>\n<li>F\u00e1cil instalaci\u00f3n y mantenimiento: Dise\u00f1o atornillado y desmontaje sencillo para limpieza y lubricaci\u00f3n.<\/li>\n<\/ul>\n<p>&nbsp;<\/p>\n<h2>Especificaciones de la caja de engranajes de la cortadora rotativa RC51<\/h2>\n<table style=\"height: 400px; width: 100%; border-collapse: collapse;\" border=\"1\" cellspacing=\"0\" cellpadding=\"0\">\n<tbody>\n<tr>\n<td style=\"width: 25.6438%; text-align: center;\">Modelo<\/td>\n<td style=\"width: 74.3562%; text-align: center;\">Caja de engranajes para cortadora rotativa EPT-RC51<\/td>\n<\/tr>\n<tr>\n<td style=\"width: 25.6438%; text-align: center;\">Esfuerzo de torsi\u00f3n<\/td>\n<td style=\"width: 74.3562%; text-align: center;\">2,800 &#8211; 4,667 lb.-in. (316 &#8211; 527 Nm.)<\/td>\n<\/tr>\n<tr>\n<td style=\"width: 25.6438%; text-align: center;\">proporciones<\/td>\n<td style=\"width: 74.3562%; text-align: center;\">1:1.47, 1:1.71, 1:1.93<\/td>\n<\/tr>\n<tr>\n<td style=\"width: 25.6438%; text-align: center;\">Tipo de engranaje<\/td>\n<td style=\"width: 74.3562%; text-align: center;\">Bisel<\/td>\n<\/tr>\n<tr>\n<td style=\"width: 25.6438%; text-align: center;\">Tipo de sello<\/td>\n<td style=\"width: 74.3562%; text-align: center;\">Triple labio con resorte<\/td>\n<\/tr>\n<tr>\n<td style=\"width: 25.6438%; text-align: center;\">Tipo de rodamiento<\/td>\n<td style=\"width: 74.3562%; text-align: center;\">Rodillos c\u00f3nicos, bolas de ranura profunda<\/td>\n<\/tr>\n<tr>\n<td style=\"width: 25.6438%; text-align: center;\">Capacidad de aceite<\/td>\n<td style=\"width: 74.3562%; text-align: center;\">27 onzas (0,80 L)<\/td>\n<\/tr>\n<tr>\n<td style=\"width: 25.6438%; text-align: center;\">Peso<\/td>\n<td style=\"width: 74.3562%; text-align: center;\">56 libras (25,4 kg)<\/td>\n<\/tr>\n<\/tbody>\n<\/table>\n<h2>Aplicaciones y beneficios ampliados<\/h2>\n<h3><img loading=\"lazy\" decoding=\"async\" class=\"alignnone  wp-image-8113\" src=\"https:\/\/agricultural-gear-boxes.com\/wp-content\/uploads\/2025\/04\/U3rtqK8m-Rotary-Cutter-Gearbox-Applications-300x166.webp\" alt=\"Aplicaciones de la caja de engranajes de la cortadora rotativa\" width=\"600\" height=\"332\" \/><\/h3>\n<h3>1. Eficiencia agr\u00edcola con caja de cambios RC51<\/h3>\n<p>La caja de engranajes para desbrozadoras rotativas RC51 es una innovaci\u00f3n para agricultores y paisajistas de Argentina y el resto del mundo. Su compatibilidad con una amplia gama de desbrozadoras rotativas la hace perfecta para... <strong>aplicaciones de cajas de cambios agr\u00edcolas<\/strong> Como el mantenimiento de pastizales, la gesti\u00f3n de residuos de cultivos y el desmonte. La capacidad de la caja de cambios para manejar un par de hasta 4667 lb-in garantiza que pueda atravesar vegetaci\u00f3n densa con facilidad. Por ejemplo, en un escenario t\u00edpico, un agricultor que utiliza una desbrozadora montada en un tractor puede confiar en la RC51 para el mantenimiento de campos extensos, lo que reduce el tiempo de inactividad y los costos de reparaci\u00f3n.<\/p>\n<table style=\"width: 100%; border-collapse: collapse;\" border=\"1\" cellspacing=\"0\" cellpadding=\"5\">\n<thead>\n<tr>\n<th>Solicitud<\/th>\n<th>Beneficio<\/th>\n<\/tr>\n<\/thead>\n<tbody>\n<tr>\n<td>Mantenimiento de pastizales<\/td>\n<td>Limpieza r\u00e1pida de malezas y matorrales<\/td>\n<\/tr>\n<tr>\n<td>Gesti\u00f3n de residuos de cultivos<\/td>\n<td>Corte eficiente para la preparaci\u00f3n del suelo<\/td>\n<\/tr>\n<tr>\n<td>Desmonte de tierras<\/td>\n<td>Maneja vegetaci\u00f3n espesa con alto torque<\/td>\n<\/tr>\n<\/tbody>\n<\/table>\n<h3>2. Durabilidad industrial y versatilidad del material<\/h3>\n<p>M\u00e1s all\u00e1 de la agricultura, la RC51 destaca en aplicaciones industriales de corte rotativo. Su construcci\u00f3n con materiales de alta calidad, como hierro fundido, junto con avanzados procesos de tratamiento t\u00e9rmico (carbonitruraci\u00f3n, carburaci\u00f3n y temple al vac\u00edo), garantiza su resistencia a entornos hostiles. Ya sea para limpiar vegetaci\u00f3n en carreteras o para el mantenimiento de terrenos industriales, esta caja de engranajes ofrece durabilidad y rentabilidad, con un ahorro de hasta 50% en comparaci\u00f3n con los productos originales. Su versatilidad se extiende a diversas relaciones de montaje (1:1,47, 1:1,71, 1:1,93), lo que la hace adaptable a diversas configuraciones de maquinaria.<\/p>\n<h2>About Tebsa &#8211; Your Trusted Gearbox Manufacturer<\/h2>\n<p>Tebsa, con sede en Argentina, es un fabricante profesional y experimentado desde 1997, especializado en componentes de transmisi\u00f3n como la caja de engranajes para cortadora rotativa RC51. Con el compromiso de garantizar la calidad 100%, ofrecemos una amplia gama de productos, incluyendo cajas de engranajes, engranajes y cremalleras, ruedas dentadas, cadenas, poleas, collarines de eje, ejes de transmisi\u00f3n, acoplamientos y... <a href=\"https:\/\/agricultural-gear-boxes.com\/es\/product-category\/hydraulic-cylinder\/\">Cilindros hidr\u00e1ulicos<\/a>Nuestro talentoso equipo de ingenier\u00eda proporciona retroalimentaci\u00f3n en 24 horas, garantizando una colaboraci\u00f3n fluida. Con certificaci\u00f3n ISO 9001-2015, aprovechamos el marketing estrat\u00e9gico competitivo para ofrecer soluciones de alto rendimiento a un coste 50% inferior al de la competencia. Desde el prototipado r\u00e1pido hasta la producci\u00f3n en masa, Tebsa es su socio de confianza para todas sus necesidades de transmisi\u00f3n.<\/p>\n<h2><img loading=\"lazy\" decoding=\"async\" class=\"alignnone  wp-image-8119\" src=\"https:\/\/agricultural-gear-boxes.com\/wp-content\/uploads\/2025\/04\/Agricultural-Sprayer-Gearbox-Manufacturers-1-300x245.webp\" alt=\"Fabricantes de cajas de engranajes agr\u00edcolas en Argentina\" width=\"600\" height=\"490\" \/><\/h2>\n<h2>Preguntas frecuentes (FAQ)<\/h2>\n<dl>\n<dt>1. \u00bfPara qu\u00e9 se utiliza la caja de engranajes de la cortadora rotativa RC51?<\/dt>\n<dd>Est\u00e1 dise\u00f1ado para cortadoras rotativas de trabajo pesado para limpiar vegetaci\u00f3n como maleza, maleza y pasto espeso en entornos agr\u00edcolas e industriales.<\/dd>\n<dt>2. \u00bfQu\u00e9 tan duradera es la caja de cambios RC51?<\/dt>\n<dd>Fabricado con carcasa de hierro fundido, engranajes de alta resistencia y sellos de triple labio, est\u00e1 dise\u00f1ado para un rendimiento duradero en condiciones de alto torque.<\/dd>\n<dt>3. \u00bfSe puede instalar la caja de cambios RC51 en cualquier cortadora rotativa?<\/dt>\n<dd>S\u00ed, cuenta con una conexi\u00f3n atornillable sencilla compatible con la mayor\u00eda de los cortadores rotativos, incluidos los reemplazos para Omni Gearbox RC-51.<\/dd>\n<dt>4. \u00bfQu\u00e9 mantenimiento requiere el RC51?<\/dt>\n<dd>Es f\u00e1cil de desmontar para limpieza y lubricaci\u00f3n, con una capacidad de aceite de 27 oz que garantiza un funcionamiento suave.<\/dd>\n<dt>5. \u00bfPor qu\u00e9 elegir Tebsa para cajas de cambios agr\u00edcolas?<\/dt>\n<dd>Tebsa ofrece m\u00e1s de 25 a\u00f1os de experiencia, calidad certificada ISO y soluciones rentables con r\u00e1pido soporte de ingenier\u00eda.<\/dd>\n<\/dl>","protected":false},"excerpt":{"rendered":"<p>Introducing the RC51 Rotary Cutter Gearbox, a top-tier solution crafted by Tebsa, designed to meet the rigorous demands of modern agricultural and industrial vegetation management. Engineered for rotary cutters and brush cutters, this gearbox excels in cutting through thick grass, weeds, and brush with unmatched reliability. Featuring a robust cast iron housing, heavy-duty bevel gears, [&hellip;]<\/p>","protected":false},"featured_media":8127,"template":"","meta":{"_et_pb_use_builder":"","_et_pb_old_content":"","_et_gb_content_width":""},"product_brand":[],"product_cat":[10402,11403],"product_tag":[11402,11404],"class_list":{"0":"post-8126","1":"product","2":"type-product","3":"status-publish","4":"has-post-thumbnail","6":"product_cat-agricultural-gearbox","7":"product_cat-rotary-cutter-gearbox","8":"product_tag-agricultural-gearbox","9":"product_tag-rotary-cutter-gearbox","11":"first","12":"instock","13":"shipping-taxable","14":"product-type-simple"},"_links":{"self":[{"href":"https:\/\/agricultural-gear-boxes.com\/es\/wp-json\/wp\/v2\/product\/8126","targetHints":{"allow":["GET"]}}],"collection":[{"href":"https:\/\/agricultural-gear-boxes.com\/es\/wp-json\/wp\/v2\/product"}],"about":[{"href":"https:\/\/agricultural-gear-boxes.com\/es\/wp-json\/wp\/v2\/types\/product"}],"wp:featuredmedia":[{"embeddable":true,"href":"https:\/\/agricultural-gear-boxes.com\/es\/wp-json\/wp\/v2\/media\/8127"}],"wp:attachment":[{"href":"https:\/\/agricultural-gear-boxes.com\/es\/wp-json\/wp\/v2\/media?parent=8126"}],"wp:term":[{"taxonomy":"product_brand","embeddable":true,"href":"https:\/\/agricultural-gear-boxes.com\/es\/wp-json\/wp\/v2\/product_brand?post=8126"},{"taxonomy":"product_cat","embeddable":true,"href":"https:\/\/agricultural-gear-boxes.com\/es\/wp-json\/wp\/v2\/product_cat?post=8126"},{"taxonomy":"product_tag","embeddable":true,"href":"https:\/\/agricultural-gear-boxes.com\/es\/wp-json\/wp\/v2\/product_tag?post=8126"}],"curies":[{"name":"wp","href":"https:\/\/api.w.org\/{rel}","templated":true}]}}