{"id":8259,"date":"2025-04-09T07:46:17","date_gmt":"2025-04-09T07:46:17","guid":{"rendered":"https:\/\/agricultural-gear-boxes.com\/?post_type=product&#038;p=8259"},"modified":"2025-04-09T07:46:17","modified_gmt":"2025-04-09T07:46:17","slug":"ep-rc61t-rotary-cutter-gearbox-for-rotary-cutter","status":"publish","type":"product","link":"https:\/\/agricultural-gear-boxes.com\/es\/product\/ep-rc61t-rotary-cutter-gearbox-for-rotary-cutter\/","title":{"rendered":"Caja de engranajes para cortadora rotativa EP-RC61T"},"content":{"rendered":"<h2><strong>Introducci\u00f3n de la caja de engranajes de la cortadora rotativa RC61T<\/strong><\/h2>\n<p>The RC61T rotary cutter gearbox from TEBSA, Argentina\u2019s trusted supplier since 1997, steps in as a reliable replacement for the Omni Gear RC-61T. Built for tough jobs, this 100 HP gearbox runs at a 1:1 ratio with 1 3\/8&#8243; 6-spline input and output shafts. It\u2019s designed as a splitter box, perfect for rotary cutters and mowers that need to divide power to outer right-angle gearboxes. If you\u2019re running a 10-foot mower with dual decks\u2014common in Argentina\u2019s sprawling fields\u2014this could be the fit you\u2019re looking for. With TEBSA\u2019s 100% quality guarantee and a 50% cost edge over original brands, it\u2019s a practical choice for heavy-duty cutting.<\/p>\n<h2><img loading=\"lazy\" decoding=\"async\" class=\"aligncenter wp-image-267024 size-full\" src=\"https:\/\/images.hzpt.com\/2022\/06\/xPozti4W-ep_agricultural-gearbox-HC-RC61T-1.webp\" alt=\"Caja de engranajes para cortadora rotativa de 100 HP de TEBSA\" width=\"539\" height=\"640\" \/><\/h2>\n<h2><strong>Especificaciones de la caja de engranajes de la cortadora rotativa RC61T<\/strong><\/h2>\n<ul>\n<li>Modelo: RC-61T<\/li>\n<li>Relaci\u00f3n: 1:1<\/li>\n<li>Input: 1 3\/8&#8243; 6 Spline<\/li>\n<li>Output: 1 3\/8&#8243; 6 Spline<\/li>\n<li>Peso: 70,0 libras.<\/li>\n<li>Mounting: 4 bolt, 3 1\/4&#8243; x 5 pattern<\/li>\n<\/ul>\n<table style=\"height: 400px; width: 100%;\" border=\"1\" cellspacing=\"0\" cellpadding=\"0\">\n<tbody>\n<tr>\n<td style=\"width: 35.5814%;\">ART\u00cdCULO<\/td>\n<td style=\"width: 86.9767%;\"><span style=\"font-size: 12pt;\">Caja de engranajes de la cortadora rotativa RC61T<\/span><\/td>\n<\/tr>\n<tr>\n<td style=\"width: 35.5814%;\">Relaci\u00f3n<\/td>\n<td style=\"width: 86.9767%;\">1:1 \/ 1:1.21 \/ 1:1.46 \/ 1:1.93<\/td>\n<\/tr>\n<tr>\n<td style=\"width: 35.5814%;\">Dientes<\/td>\n<td style=\"width: 86.9767%;\">16\/16 17\/14 19\/13 27\/14<\/td>\n<\/tr>\n<tr>\n<td style=\"width: 35.5814%;\">M\u00f3dulo<\/td>\n<td style=\"width: 86.9767%;\">7.0 \/ 7.0 \/ 7.0 \/ 5.5<\/td>\n<\/tr>\n<tr>\n<td style=\"width: 35.5814%;\">Potencia (CV)<\/td>\n<td style=\"width: 86.9767%;\">60<\/td>\n<\/tr>\n<tr>\n<td style=\"width: 35.5814%;\">Entrada nominal<\/td>\n<td style=\"width: 86.9767%;\">540 rpm<\/td>\n<\/tr>\n<tr>\n<td style=\"width: 35.5814%;\">Descripci\u00f3n de entrada\/salida<\/td>\n<td style=\"width: 86.9767%;\">Eje estriado Z6 de 1 3\/8&quot;<\/td>\n<\/tr>\n<tr>\n<td style=\"width: 35.5814%;\">Peso (NW)<\/td>\n<td style=\"width: 86.9767%;\">33,5 kg<\/td>\n<\/tr>\n<\/tbody>\n<\/table>\n<h2><strong>Caracter\u00edsticas de la caja de engranajes de la cortadora rotativa RC61T<\/strong><\/h2>\n<ul>\n<li>Ofrece relaciones est\u00e1ndar y variadas: 1:1, 1:1,21, 1:1,46, 1:1,93, todas precisas para su configuraci\u00f3n.<\/li>\n<li>Las relaciones que no son 1:1 ajustan la velocidad: la entrada del eje del pi\u00f1\u00f3n desacelera el eje transversal; la entrada del eje transversal impulsa el pi\u00f1\u00f3n.<\/li>\n<li>Los engranajes c\u00f3nicos espirales brindan potencia suave, bajo nivel de ruido, vibraci\u00f3n m\u00ednima y una gran resistencia a la carga.<\/li>\n<li>Opci\u00f3n para ejes de entrada dobles si es necesario.<\/li>\n<li>M\u00faltiples opciones de eje de salida disponibles.<\/li>\n<li>Se monta en cualquier posici\u00f3n para mayor flexibilidad.<\/li>\n<\/ul>\n<h2><strong>El prop\u00f3sito principal de la caja de engranajes del cortador rotatorio RC61T de 100 HP<\/strong><\/h2>\n<ul>\n<li>Agricultura y Alimentaci\u00f3n<\/li>\n<li>Construcci\u00f3n de edificios<\/li>\n<li>Bosque y papel<\/li>\n<li>Procesamiento de metales<\/li>\n<li>Protecci\u00f3n qu\u00edmica y medioambiental<\/li>\n<\/ul>\n<h2><img loading=\"lazy\" decoding=\"async\" class=\"alignnone  wp-image-8261\" src=\"https:\/\/agricultural-gear-boxes.com\/wp-content\/uploads\/2025\/04\/Rotary-Cutter-Gearbox-55-1-300x199.webp\" alt=\"Caja de engranajes de corte rotatorio\" width=\"600\" height=\"398\" \/><\/h2>\n<h2><strong>Datos t\u00e9cnicos de la caja de engranajes de la cortadora rotativa<\/strong><\/h2>\n<table style=\"width: 100%;\" border=\"1\" cellspacing=\"0\" cellpadding=\"0\">\n<tbody>\n<tr>\n<td>\n<div>Material de la carcasa<\/div>\n<\/td>\n<td>\n<div>Hierro fundido\/hierro d\u00factil<\/div>\n<\/td>\n<\/tr>\n<tr>\n<td>\n<div>Dureza de la carcasa<\/div>\n<\/td>\n<td>\n<div>HBS190-240<\/div>\n<\/td>\n<\/tr>\n<tr>\n<td>\n<div>Material de engranajes<\/div>\n<\/td>\n<td>\n<div>Acero de aleaci\u00f3n 20CrMnTi<\/div>\n<\/td>\n<\/tr>\n<tr>\n<td>\n<div>Dureza superficial de los engranajes<\/div>\n<\/td>\n<td>\n<div>HRCC58~62<\/div>\n<\/td>\n<\/tr>\n<tr>\n<td>\n<div>Dureza del n\u00facleo del engranaje<\/div>\n<\/td>\n<td>\n<div>HRCC33 ~ 40<\/div>\n<\/td>\n<\/tr>\n<tr>\n<td>\n<div>Material del eje de entrada\/salida<\/div>\n<\/td>\n<td>\n<div>Acero de aleaci\u00f3n 42CrMo<\/div>\n<\/td>\n<\/tr>\n<tr>\n<td>\n<div>Dureza del eje de entrada\/salida<\/div>\n<\/td>\n<td>\n<div>HRc25 ~ 30<\/div>\n<\/td>\n<\/tr>\n<tr>\n<td>\n<div>Precisi\u00f3n de mecanizado de engranajes<\/div>\n<\/td>\n<td>\n<div>Rectificado preciso, grado 6~5<\/div>\n<\/td>\n<\/tr>\n<tr>\n<td>\n<div>Aceite lubricante<\/div>\n<\/td>\n<td>\n<div>GB L-CKC220-460, Shell Omala220-460<\/div>\n<\/td>\n<\/tr>\n<tr>\n<td>\n<div>Tratamiento t\u00e9rmico<\/div>\n<\/td>\n<td>\n<div>Revenido, Cementado, Temple, etc.<\/div>\n<\/td>\n<\/tr>\n<tr>\n<td>\n<div>Eficiencia<\/div>\n<\/td>\n<td>\n<div>98%<\/div>\n<\/td>\n<\/tr>\n<tr>\n<td>\n<div>Ruido (m\u00e1ximo)<\/div>\n<\/td>\n<td>\n<div>60 ~ 68 dB<\/div>\n<\/td>\n<\/tr>\n<tr>\n<td>\n<div>Vibraci\u00f3n<\/div>\n<\/td>\n<td>\n<div>\u226420 \u00b5m<\/div>\n<\/td>\n<\/tr>\n<tr>\n<td>\n<div>Reacci\u00f3n<\/div>\n<\/td>\n<td>\n<div>\u226420 min de arco<\/div>\n<\/td>\n<\/tr>\n<tr>\n<td>\n<div>Marca de rodamientos<\/div>\n<\/td>\n<td>\n<div>Rodamientos de las mejores marcas chinas: HRB\/LYC\/ZWZ\/C&amp;U. Tambi\u00e9n disponibles en SKF, FAG, INA y NSK, a pedido.<\/div>\n<\/td>\n<\/tr>\n<tr>\n<td>\n<div>Marca del sello de aceite<\/div>\n<\/td>\n<td>\n<div>NAK \u2014 Taiw\u00e1n u otras marcas a pedido<\/div>\n<\/td>\n<\/tr>\n<\/tbody>\n<\/table>\n<h2><strong>Por qu\u00e9 la RC61T destaca en trabajos pesados<\/strong><\/h2>\n<p>La caja de engranajes de la cortadora rotativa RC61T no es un equipo m\u00e1s: es una m\u00e1quina robusta dise\u00f1ada para las exigencias del mundo real. Ya sea que est\u00e9 desbrozando pastizales descuidados en la Pampa argentina o preparando obras cerca de Buenos Aires, esta caja divisora se encarga de la carga. Sus 100 HP de capacidad se abren paso entre maleza espesa o cultivos resistentes como la soja y el trigo, distribuyendo la potencia de la TDF uniformemente entre las dos plataformas de corte. Esto es fundamental para las cortadoras de 3 metros, donde el equilibrio es fundamental.<\/p>\n<p>\u00bfQu\u00e9 lo distingue? La espiral <a href=\"https:\/\/agricultural-gear-boxes.com\/es\/product-category\/gear-rack-2\/bevel-gear\/\">engranajes c\u00f3nicos<\/a>Est\u00e1n fabricados en acero de aleaci\u00f3n 20CrMnTi, endurecido a HRC58-62 en la superficie, y emiten un zumbido m\u00e1s silencioso (de 60 a 68 decibeles como m\u00e1ximo) que las alternativas m\u00e1s toscas. La vibraci\u00f3n tambi\u00e9n se mantiene baja, por debajo de los 20 micr\u00f3metros, para que la m\u00e1quina no se descomponga con el tiempo. Si a esto le sumamos una clasificaci\u00f3n de eficiencia 98%, obtendr\u00e1 casi toda la potencia que utiliza, donde realmente importa.<\/p>\n<p>Flexibility\u2019s another perk. With ratio options from 1:1 to 1:1.93, you can tweak it for speed or torque depending on the job\u2014say, slower for heavy forest clearing or faster for light lawn work. The 1 3\/8&#8243; 6-spline shafts, forged from 42CrMo alloy steel, hook up easily to standard PTOs across Argentina\u2019s farms. And if you need a custom setup? Dual inputs or extra outputs are on the table.<\/p>\n<h2><img loading=\"lazy\" decoding=\"async\" class=\"alignnone  wp-image-8113\" src=\"https:\/\/agricultural-gear-boxes.com\/wp-content\/uploads\/2025\/04\/U3rtqK8m-Rotary-Cutter-Gearbox-Applications-300x166.webp\" alt=\"Aplicaciones de la caja de engranajes de la cortadora rotativa\" width=\"600\" height=\"332\" \/><\/h2>\n<h2><strong>Aplicaciones y beneficios en diferentes industrias<\/strong><\/h2>\n<p>Este <a href=\"https:\/\/agricultural-gear-boxes.com\/es\/product-category\/gearbox\/agricultural-gearbox\/\">caja de cambios<\/a> Destaca en m\u00e1s \u00e1mbitos que la agricultura. En el sector agr\u00edcola, es la opci\u00f3n predilecta para las cortadoras rotativas que cortan los maizales de Argentina o mantienen los pastizales en C\u00f3rdoba. Los equipos de construcci\u00f3n lo utilizan para desbrozar terrenos r\u00e1pidamente, como en terrenos irregulares cerca de Rosario. Los equipos forestales lo utilizan para triturar ramas, mientras que los talleres de metalister\u00eda y las plantas qu\u00edmicas lo utilizan para maquinaria auxiliar. Es lo suficientemente vers\u00e1til como para procesar alimentos, como alimentar mezcladoras o cintas transportadoras.<\/p>\n<p>Las ventajas se acumulan r\u00e1pidamente. Primero, la durabilidad: la carcasa de hierro fundido, endurecida a HBS190-240, resiste el impacto de rocas o escombros. Segundo, el costo: el ahorro del 50% de TEBSA en comparaci\u00f3n con marcas reconocidas significa que no est\u00e1 pagando de m\u00e1s por la misma potencia. Tercero, la disponibilidad: la respuesta de nuestro equipo las 24 horas le permite seguir funcionando si algo falla. Comb\u00ednelo con el aceite adecuado (como Shell Omala 220-460) y tendr\u00e1 una caja de cambios duradera.<\/p>\n<p>He aqu\u00ed una visi\u00f3n r\u00e1pida de c\u00f3mo se adapta a diferentes tareas:<\/p>\n<table style=\"width: 100%;\" border=\"1\" cellspacing=\"0\" cellpadding=\"0\">\n<tbody>\n<tr>\n<td><strong>Industria<\/strong><\/td>\n<td><strong>Caso de uso<\/strong><\/td>\n<td><strong>Ventaja clave<\/strong><\/td>\n<\/tr>\n<tr>\n<td>Agricultura<\/td>\n<td>Cortando los campos de soja<\/td>\n<td>Distribuci\u00f3n uniforme de potencia para plataformas duales<\/td>\n<\/tr>\n<tr>\n<td>Construcci\u00f3n<\/td>\n<td>Limpieza del sitio<\/td>\n<td>Alto par a 540 RPM<\/td>\n<\/tr>\n<tr>\n<td>Silvicultura<\/td>\n<td>Trituraci\u00f3n de ramas<\/td>\n<td>Bajo nivel de ruido y vibraci\u00f3n<\/td>\n<\/tr>\n<\/tbody>\n<\/table>\n<h2><strong>C\u00f3mo mantener su RC61T funcionando con fuerza<\/strong><\/h2>\n<p>A gearbox this solid still needs care. Check the oil level every few months\u2014use GB L-CKC220-460 or equivalent\u2014and swap it out if it\u2019s murky. The 33.5 kg (70 lbs.) frame mounts with a 4-bolt, 3 1\/4&#8243; x 5&#8243; pattern, so make sure it\u2019s snug and aligned. Misalignment chews up gears fast. Grease the spline shafts too; it keeps power flowing smooth from the PTO.<\/p>\n<p>El tratamiento t\u00e9rmico (revenido, cementado y temple) refuerza la tenacidad del acero aleado, pero no omita las inspecciones. Busque grietas o desgaste en la carcasa. Si oye un chirrido o siente una vibraci\u00f3n excesiva, es hora de llamar al equipo de TEBSA. Lo solucionaremos r\u00e1pidamente. Los compradores en l\u00ednea suelen preguntar: &quot;\u00bfCu\u00e1nto dura la caja de engranajes de una cortadora rotativa?&quot;. Con este cuidado, le esperan a\u00f1os, incluso en las polvorientas llanuras argentinas.<\/p>\n<h2><img loading=\"lazy\" decoding=\"async\" class=\"alignnone  wp-image-8111\" src=\"https:\/\/agricultural-gear-boxes.com\/wp-content\/uploads\/2025\/04\/oIqDHmI5-Rotary-Cutter-Gearbox-Manufacturers-300x198.webp\" alt=\"Fabricantes de cajas de engranajes para cortadoras rotativas en Argentina\" width=\"600\" height=\"396\" \/><\/h2>\n<h2><strong>Acerca de TEBSA Argentina<\/strong><\/h2>\n<p>Desde 1997, <a href=\"http:\/\/agricultural-gear-boxes.com\/es\/\">TEBSA<\/a> Ha sido la opci\u00f3n predilecta en Argentina para cajas de engranajes agr\u00edcolas, orgullosamente parte de la familia HZPT. Con sede en el coraz\u00f3n del campo, hemos dedicado m\u00e1s de dos d\u00e9cadas a perfeccionar equipos como el RC61T: robustos, con un precio justo y respaldados por la garant\u00eda de calidad 100%. Nuestra ventaja en costos con el 50% se basa en una fabricaci\u00f3n inteligente, sin atajos, utilizando acero aleado, hierro fundido y procesos como el forjado y el rectificado. Desde prototipos r\u00e1pidos hasta series grandes, nuestro equipo cumple con sus pedidos, con ingenieros disponibles en 24 horas. Ya sea que se encuentre cerca de Buenos Aires o en la Pampa, estamos aqu\u00ed para mantener sus m\u00e1quinas en marcha. \u00a1Cont\u00e1ctenos hoy mismo!<\/p>","protected":false},"excerpt":{"rendered":"<p>Introduction of RC61T Rotary Cutter Gearbox The RC61T rotary cutter gearbox from TEBSA, Argentina\u2019s trusted supplier since 1997, steps in as a reliable replacement for the Omni Gear RC-61T. Built for tough jobs, this 100 HP gearbox runs at a 1:1 ratio with 1 3\/8&#8243; 6-spline input and output shafts. It\u2019s designed as a splitter [&hellip;]<\/p>","protected":false},"featured_media":8260,"template":"","meta":{"_et_pb_use_builder":"","_et_pb_old_content":"","_et_gb_content_width":""},"product_brand":[],"product_cat":[10402,11403],"product_tag":[11402,11404],"class_list":{"0":"post-8259","1":"product","2":"type-product","3":"status-publish","4":"has-post-thumbnail","6":"product_cat-agricultural-gearbox","7":"product_cat-rotary-cutter-gearbox","8":"product_tag-agricultural-gearbox","9":"product_tag-rotary-cutter-gearbox","11":"first","12":"instock","13":"shipping-taxable","14":"product-type-simple"},"_links":{"self":[{"href":"https:\/\/agricultural-gear-boxes.com\/es\/wp-json\/wp\/v2\/product\/8259","targetHints":{"allow":["GET"]}}],"collection":[{"href":"https:\/\/agricultural-gear-boxes.com\/es\/wp-json\/wp\/v2\/product"}],"about":[{"href":"https:\/\/agricultural-gear-boxes.com\/es\/wp-json\/wp\/v2\/types\/product"}],"wp:featuredmedia":[{"embeddable":true,"href":"https:\/\/agricultural-gear-boxes.com\/es\/wp-json\/wp\/v2\/media\/8260"}],"wp:attachment":[{"href":"https:\/\/agricultural-gear-boxes.com\/es\/wp-json\/wp\/v2\/media?parent=8259"}],"wp:term":[{"taxonomy":"product_brand","embeddable":true,"href":"https:\/\/agricultural-gear-boxes.com\/es\/wp-json\/wp\/v2\/product_brand?post=8259"},{"taxonomy":"product_cat","embeddable":true,"href":"https:\/\/agricultural-gear-boxes.com\/es\/wp-json\/wp\/v2\/product_cat?post=8259"},{"taxonomy":"product_tag","embeddable":true,"href":"https:\/\/agricultural-gear-boxes.com\/es\/wp-json\/wp\/v2\/product_tag?post=8259"}],"curies":[{"name":"wp","href":"https:\/\/api.w.org\/{rel}","templated":true}]}}