{"id":8334,"date":"2025-04-10T07:34:41","date_gmt":"2025-04-10T07:34:41","guid":{"rendered":"https:\/\/agricultural-gear-boxes.com\/?post_type=product&#038;p=8334"},"modified":"2025-04-10T07:35:10","modified_gmt":"2025-04-10T07:35:10","slug":"mowers-gearboxes-replacement-of-comer-code-tl-311d","status":"publish","type":"product","link":"https:\/\/agricultural-gear-boxes.com\/es\/product\/mowers-gearboxes-replacement-of-comer-code-tl-311d\/","title":{"rendered":"Cajas de engranajes para cortadoras de c\u00e9sped: reemplazo del c\u00f3digo Comer TL-311D"},"content":{"rendered":"<p>TEBSA, con sede en Argentina desde 1997, se enorgullece de ofrecer la caja de engranajes para cortadoras TL-311D como reemplazo confiable de la TL-311D Comer Code. Esta caja de engranajes est\u00e1 dise\u00f1ada para equipos cortac\u00e9sped, brindando potencia constante para el corte de c\u00e9sped, el mantenimiento de pasturas y c\u00e9spedes en los diversos paisajes de Argentina, como la f\u00e9rtil pampa o los agrestes campos rurales. Con m\u00e1s de dos d\u00e9cadas de experiencia en fabricaci\u00f3n, TEBSA garantiza que cada unidad TL-311D viene con la garant\u00eda de calidad 100%, que combina durabilidad con una ventaja de costo 50% sobre las marcas originales. Ya sea un agricultor en C\u00f3rdoba o un paisajista en Buenos Aires, esta caja de engranajes est\u00e1 dise\u00f1ada para satisfacer sus necesidades.<\/p>\n<p>Made with high-strength alloy steel and precision forging, the TL-311D stands up to tough mowing jobs. It\u2019s a go-to choice for agricultural machinery, offering a smart balance of power and efficiency. At 23.5 kg, it\u2019s sturdy yet manageable, and its 1.2-liter oil capacity (using 80W-90 SAE viscosity) keeps it running smoothly when paired with proper upkeep. For anyone searching online for &#8220;mowers gearbox replacement&#8221; or &#8220;TL-311D gearbox Argentina,&#8221; <a href=\"https:\/\/agricultural-gear-boxes.com\/es\/\">TEBSA<\/a> ofrece un producto que es pr\u00e1ctico y asequible.<\/p>\n<h2>Tabla de especificaciones originales<\/h2>\n<table class=\"kh-1xzm1su\" data-intent=\"lists-product-attributes\" data-test-id=\"attributes-list\">\n<tbody class=\"kh-1ago99h\">\n<tr id=\"attLongDescription\" class=\"kh-bwvum6\">\n<th class=\"kh-10oizfy\">Descripci\u00f3n<\/th>\n<td class=\"kh-1f5nhat\">\n<div class=\"kh-pkx4zo\">Cajas de engranajes para cortadoras de c\u00e9sped: reemplazo del c\u00f3digo Comer TL-311D<\/div>\n<\/td>\n<td class=\"kh-18pqzyd\"><\/td>\n<\/tr>\n<tr id=\"attApplicationRange\" class=\"kh-bwvum6\">\n<th class=\"kh-10oizfy\">Solicitud<\/th>\n<td class=\"kh-1f5nhat\">\n<div class=\"kh-pkx4zo\">Cortadoras de c\u00e9sped<\/div>\n<\/td>\n<td class=\"kh-18pqzyd\"><\/td>\n<\/tr>\n<tr id=\"attConsistsOf\" class=\"kh-bwvum6\">\n<th class=\"kh-10oizfy\">Consiste en<\/th>\n<td class=\"kh-1f5nhat\">\n<ul>\n<li class=\"kh-16zd49f\">Caja de cambios<\/li>\n<li class=\"kh-16zd49f\">Pedir aceite por separado<\/li>\n<\/ul>\n<\/td>\n<td class=\"kh-18pqzyd\"><\/td>\n<\/tr>\n<tr id=\"attTechnicalInformation\" class=\"kh-bwvum6\">\n<th class=\"kh-10oizfy\">Informaci\u00f3n t\u00e9cnica<\/th>\n<td class=\"kh-1f5nhat\">\n<div class=\"kh-pkx4zo\">Todos los datos t\u00e9cnicos corresponden a las normas ISO 6335 e ISO 281.<\/div>\n<\/td>\n<td class=\"kh-18pqzyd\"><\/td>\n<\/tr>\n<tr id=\"taContainsOil\" class=\"kh-bwvum6\">\n<th class=\"kh-10oizfy\">Contiene aceite<\/th>\n<td class=\"kh-1f5nhat\">\n<div class=\"kh-pkx4zo\">No<\/div>\n<\/td>\n<td class=\"kh-18pqzyd\"><\/td>\n<\/tr>\n<tr id=\"taMaxOilCapacityL\" class=\"kh-bwvum6\">\n<th class=\"kh-10oizfy\">Capacidad m\u00e1xima de aceite<\/th>\n<td class=\"kh-1f5nhat\">\n<div class=\"kh-pkx4zo\">1,2 litros<\/div>\n<\/td>\n<td class=\"kh-18pqzyd\"><\/td>\n<\/tr>\n<tr id=\"taOilSAEViscosityGrade\" class=\"kh-bwvum6\">\n<th class=\"kh-10oizfy\">Grado de viscosidad SAE del aceite<\/th>\n<td class=\"kh-1f5nhat\">\n<div class=\"kh-pkx4zo\">80W-90<\/div>\n<\/td>\n<td class=\"kh-18pqzyd\"><\/td>\n<\/tr>\n<tr id=\"taWeightKg_75\" class=\"kh-bwvum6\">\n<th class=\"kh-10oizfy\">Peso<\/th>\n<td class=\"kh-1f5nhat\">\n<div class=\"kh-pkx4zo\">23,5 kilogramos<\/div>\n<\/td>\n<td class=\"kh-18pqzyd\"><\/td>\n<\/tr>\n<tr id=\"taGearArrangementInc\" class=\"kh-bwvum6\">\n<th class=\"kh-10oizfy\">Disposici\u00f3n de engranajes creciente<\/th>\n<td class=\"kh-1f5nhat\">\n<div class=\"kh-pkx4zo\">27-28<\/div>\n<\/td>\n<td class=\"kh-18pqzyd\"><\/td>\n<\/tr>\n<tr id=\"taInputPowerKwHpInc\" class=\"kh-bwvum6\">\n<th class=\"kh-10oizfy\">Potencia de entrada kW\/HP Creciente<\/th>\n<td class=\"kh-1f5nhat\">\n<div class=\"kh-pkx4zo\">36,8 \/ 50 kW\/CV<\/div>\n<\/td>\n<td class=\"kh-18pqzyd\"><\/td>\n<\/tr>\n<tr id=\"taInputShaftIncreasi\" class=\"kh-bwvum6\">\n<th class=\"kh-10oizfy\">Eje de entrada creciente<\/th>\n<td class=\"kh-1f5nhat\">\n<div class=\"kh-pkx4zo\">inc\u00f3gnita<\/div>\n<\/td>\n<td class=\"kh-18pqzyd\"><\/td>\n<\/tr>\n<tr id=\"taNSOutputTorqueDaNm_1\" class=\"kh-bwvum6\">\n<th class=\"kh-10oizfy\">Par de salida DaNm en aumento<\/th>\n<td class=\"kh-1f5nhat\">\n<div class=\"kh-pkx4zo\">21 daNm<\/div>\n<\/td>\n<td class=\"kh-18pqzyd\"><\/td>\n<\/tr>\n<tr id=\"taRatioIncreasing\" class=\"kh-bwvum6\">\n<th class=\"kh-10oizfy\">Relaci\u00f3n creciente<\/th>\n<td class=\"kh-1f5nhat\">\n<div class=\"kh-pkx4zo\">1 : 3<\/div>\n<\/td>\n<td class=\"kh-18pqzyd\"><\/td>\n<\/tr>\n<tr id=\"taRatioReducing\" class=\"kh-bwvum6\">\n<th class=\"kh-10oizfy\">Reducci\u00f3n de la relaci\u00f3n<\/th>\n<td class=\"kh-1f5nhat\">\n<div class=\"kh-pkx4zo\">3 : 1<\/div>\n<\/td>\n<td class=\"kh-18pqzyd\"><\/td>\n<\/tr>\n<tr id=\"taShaftX\" class=\"kh-bwvum6\">\n<th class=\"kh-10oizfy\">Eje X<\/th>\n<td class=\"kh-1f5nhat\">\n<div class=\"kh-pkx4zo\">1 3\/8\u2033 (6) (A)<\/div>\n<\/td>\n<td class=\"kh-18pqzyd\"><\/td>\n<\/tr>\n<tr id=\"taShaftY\" class=\"kh-bwvum6\">\n<th class=\"kh-10oizfy\">Eje Y<\/th>\n<td class=\"kh-1f5nhat\">\n<div class=\"kh-pkx4zo\">1 3\/8\u2033 (6) (A)<\/div>\n<\/td>\n<td class=\"kh-18pqzyd\"><\/td>\n<\/tr>\n<tr id=\"taShaftZ\" class=\"kh-bwvum6\">\n<th class=\"kh-10oizfy\">Eje Z<\/th>\n<td class=\"kh-1f5nhat\">\n<div class=\"kh-pkx4zo\">33 (B)<\/div>\n<\/td>\n<\/tr>\n<\/tbody>\n<\/table>\n<h2>Beneficios y aplicaciones de la caja de cambios de las cortadoras de c\u00e9sped TL-311D<\/h2>\n<p>La caja de cambios de las segadoras TL-311D destaca en el uso pr\u00e1ctico, especialmente para las necesidades agr\u00edcolas y paisaj\u00edsticas de Argentina. Los agricultores conf\u00edan en ella para cortar pasto denso o gestionar rastrojos de soja y trigo en la llanura pampeana. Su potencia de entrada de 36,8 kW (50 HP) y su par motor de salida de 21 daNm la convierten en una m\u00e1quina potente para segadoras rotativas, mientras que la relaci\u00f3n de aumento de 1:3 aumenta la velocidad de la cuchilla para cortes m\u00e1s limpios. Al cambiar a la relaci\u00f3n de reducci\u00f3n de 3:1, maneja cargas m\u00e1s pesadas con facilidad, ideal para vegetaci\u00f3n m\u00e1s resistente.<\/p>\n<p><img loading=\"lazy\" decoding=\"async\" class=\"alignnone wp-image-8288\" src=\"https:\/\/agricultural-gear-boxes.com\/wp-content\/uploads\/2025\/04\/Agricultural-Lawn-Mower-Gearbox-Maintenance-300x225.webp\" alt=\"Caja de cambios para cortac\u00e9sped agr\u00edcola\" width=\"600\" height=\"450\" srcset=\"https:\/\/agricultural-gear-boxes.com\/wp-content\/uploads\/2025\/04\/Agricultural-Lawn-Mower-Gearbox-Maintenance-300x225.webp 600w, https:\/\/agricultural-gear-boxes.com\/wp-content\/uploads\/2025\/04\/Agricultural-Lawn-Mower-Gearbox-Maintenance-480x360.webp 480w\" sizes=\"(min-width: 0px) and (max-width: 480px) 480px, (min-width: 481px) 600px, 100vw\" \/><\/p>\n<p>What sets this gearbox apart? First, its efficiency. The design cuts down on power loss, so your mower gets the job done faster\u2014saving time in fields near Rosario or Mendoza. Second, durability. TEBSA\u2019s advanced manufacturing, rooted in ISO 6335 and ISO 281 standards, uses alloy steel and heat treatments like carburization to resist wear. Third, versatility. With shaft options like 1 3\/8&#8243; (6) for X and Y, plus a 33 (B) Z shaft, it fits a range of mower setups.<\/p>\n<p>For local buyers, the TL-311D is a cost-effective win. At half the price of original Comer units, it\u2019s a top pick for &#8220;affordable mower gearbox replacement in Argentina.&#8221; Landscaping crews and industrial users also value its reliability for maintaining parks or clearing lots. Pair it with a PTO shaft, and you\u2019ve got a setup that\u2019s ready for anything\u2014backed by TEBSA\u2019s 24-hour engineering support.<\/p>\n<table style=\"width: 100%; border-collapse: collapse; margin: 20px 0;\" border=\"1\">\n<caption style=\"font-weight: bold; text-align: center; padding: 10px;\">Principales ventajas de la caja de cambios de las cortadoras de c\u00e9sped TL-311D<\/caption>\n<thead>\n<tr style=\"background-color: #f2f2f2;\">\n<th style=\"padding: 10px; text-align: left;\">Caracter\u00edstica<\/th>\n<th style=\"padding: 10px; text-align: left;\">Ventaja<\/th>\n<\/tr>\n<\/thead>\n<tbody>\n<tr>\n<td style=\"padding: 10px;\">36,8 kW \/ 50 HP de entrada<\/td>\n<td style=\"padding: 10px;\">Se abre paso a trav\u00e9s de hierba espesa y rastrojos.<\/td>\n<\/tr>\n<tr>\n<td style=\"padding: 10px;\">Construcci\u00f3n de acero de aleaci\u00f3n<\/td>\n<td style=\"padding: 10px;\">Maneja las duras condiciones de Argentina<\/td>\n<\/tr>\n<tr>\n<td style=\"padding: 10px;\">Relaci\u00f3n 1:3 creciente<\/td>\n<td style=\"padding: 10px;\">Aumenta la velocidad de la cuchilla para cortes de precisi\u00f3n.<\/td>\n<\/tr>\n<tr>\n<td style=\"padding: 10px;\">Ahorro de costos 50%<\/td>\n<td style=\"padding: 10px;\">Asequible sin comprometer la calidad.<\/td>\n<\/tr>\n<\/tbody>\n<\/table>\n<h2>Detalles t\u00e9cnicos y mantenimiento de la caja de cambios TL-311D<\/h2>\n<p>Diving into the specs, the TL-311D is a precision piece of machinery. Its gear arrangement (27-28) supports both increasing and reducing ratios\u20141:3 and 3:1\u2014giving you flexibility for different mowing tasks. The input shaft (X) and output shafts (Y and Z) are sized at 1 3\/8&#8243; (6) and 33 (B), ensuring compatibility with standard mower attachments. Weighing 23.5 kg, it\u2019s hefty enough to stay stable but light enough for easy installation.<\/p>\n<p>El aceite es importante. La caja de cambios no viene precargada, as\u00ed que deber\u00e1 agregar 1,2 litros de aceite SAE 80W-90, com\u00fan y f\u00e1cil de conseguir en Argentina. Esto mantiene los engranajes funcionando fr\u00edos y silenciosos, especialmente bajo la presi\u00f3n de un corte de c\u00e9sped intenso. Todas las especificaciones t\u00e9cnicas cumplen con las normas ISO 6335 e ISO 281, lo que significa que est\u00e1 fabricado seg\u00fan los est\u00e1ndares globales de rendimiento de rodamientos y caja de cambios.<\/p>\n<p><img loading=\"lazy\" decoding=\"async\" class=\"alignnone wp-image-8293\" src=\"https:\/\/agricultural-gear-boxes.com\/wp-content\/uploads\/2025\/04\/XgNG9Dch-Agricultural-Lawnmower-Gearbox-Applications-1-300x234.webp\" alt=\"Caja de cambios para cortac\u00e9sped agr\u00edcola\" width=\"600\" height=\"468\" \/><\/p>\n<p>El mantenimiento es sencillo pero crucial. Revise el nivel de aceite cada pocos meses, especialmente despu\u00e9s de largas sesiones cortando pasto o c\u00e9sped. Busque fugas alrededor de los sellos: los sellos de rodillos c\u00f3nicos de TEBSA son resistentes, pero se desgastan. Limpie los ejes y engr\u00e1selos ligeramente para mantener una transmisi\u00f3n de potencia fluida. La desalineaci\u00f3n puede desgastar los engranajes r\u00e1pidamente, as\u00ed que revise la configuraci\u00f3n de su cortac\u00e9sped. Con cuidado, esta caja de cambios dura a\u00f1os, incluso en los climas polvorientos y h\u00famedos de Argentina.<\/p>\n<table style=\"width: 100%; border-collapse: collapse; margin: 20px 0;\" border=\"1\">\n<caption style=\"font-weight: bold; text-align: center; padding: 10px;\">Lista de verificaci\u00f3n de mantenimiento del TL-311D<\/caption>\n<thead>\n<tr style=\"background-color: #f2f2f2;\">\n<th style=\"padding: 10px; text-align: left;\">Tarea<\/th>\n<th style=\"padding: 10px; text-align: left;\">Frecuencia<\/th>\n<th style=\"padding: 10px; text-align: left;\">Notas<\/th>\n<\/tr>\n<\/thead>\n<tbody>\n<tr>\n<td style=\"padding: 10px;\">Comprobar el nivel de aceite<\/td>\n<td style=\"padding: 10px;\">Cada 50 horas<\/td>\n<td style=\"padding: 10px;\">Complete con 80W-90 si est\u00e1 bajo<\/td>\n<\/tr>\n<tr>\n<td style=\"padding: 10px;\">Inspeccionar los sellos<\/td>\n<td style=\"padding: 10px;\">Mensual<\/td>\n<td style=\"padding: 10px;\">Reemplazar si hay fugas<\/td>\n<\/tr>\n<tr>\n<td style=\"padding: 10px;\">Engrasar ejes<\/td>\n<td style=\"padding: 10px;\">Cada 100 horas<\/td>\n<td style=\"padding: 10px;\">Utilice una capa ligera y uniforme.<\/td>\n<\/tr>\n<tr>\n<td style=\"padding: 10px;\">Alinear la caja de cambios<\/td>\n<td style=\"padding: 10px;\">Durante la configuraci\u00f3n<\/td>\n<td style=\"padding: 10px;\">Evite la vibraci\u00f3n o el desgaste<\/td>\n<\/tr>\n<\/tbody>\n<\/table>\n<h2>Acerca de TEBSA y nuestra gama de cajas de engranajes agr\u00edcolas<\/h2>\n<p>TEBSA es una marca de confianza en Argentina desde 1997, fabricando cajas de engranajes agr\u00edcolas con maestr\u00eda y esmero. Desde nuestra sede en Argentina, nos hemos convertido en un socio confiable para agricultores y usuarios industriales, ofreciendo una garant\u00eda de calidad 100% en cada producto. \u00bfNuestro secreto? Un talentoso equipo de ingenier\u00eda que responde en 24 horas, adem\u00e1s de la habilidad de mantener los costos 50% por debajo de los de las marcas originales. Nos encargamos de todo, desde prototipos r\u00e1pidos hasta producci\u00f3n a gran escala, utilizando materiales como acero aleado, acero inoxidable y piezas fundidas para satisfacer sus necesidades.<\/p>\n<p><img loading=\"lazy\" decoding=\"async\" class=\"alignnone wp-image-8122\" src=\"https:\/\/agricultural-gear-boxes.com\/wp-content\/uploads\/2025\/04\/TgBqbiVx-Square-Baler-Gearbox-Manufacturers-4-1-300x225.webp\" alt=\"Fabricantes de cajas de cambios en Argentina\" width=\"600\" height=\"450\" \/><\/p>\n<p>Adem\u00e1s de la caja de engranajes para segadoras TL-311D, fabricamos una l\u00ednea completa de soluciones agr\u00edcolas. \u00bfNecesita una caja de engranajes para segadoras rotativas como la RC-61? La tenemos. \u00bfBusca cajas de engranajes para esparcidoras de fertilizantes, excavadoras de hoyos o segadoras de mayales? Tambi\u00e9n las encontrar\u00e1 en nuestro cat\u00e1logo. Nuestra gama tambi\u00e9n incluye ejes de toma de fuerza. <a href=\"https:\/\/agricultural-gear-boxes.com\/es\/product-category\/hydraulic-cylinder\/\">Cilindros hidr\u00e1ulicos<\/a>, and couplings\u2014each built to the same high standards. For anyone searching &#8220;buy agricultural gearbox online in Argentina,&#8221; TEBSA is your one-stop shop. Drop us a line to <a href=\"#contacts\">Aprende m\u00e1s<\/a>!<\/p>","protected":false},"excerpt":{"rendered":"<p>TEBSA, based in Argentina since 1997, proudly offers the TL-311D mowers gearbox as a reliable replacement for the Comer Code TL-311D. This gearbox is engineered for mower equipment, delivering steady power to tackle grass cutting, pasture upkeep, and lawn maintenance across Argentina\u2019s diverse landscapes\u2014like the fertile Pampas or rugged rural fields. With over two decades [&hellip;]<\/p>","protected":false},"featured_media":8335,"template":"","meta":{"_et_pb_use_builder":"","_et_pb_old_content":"","_et_gb_content_width":""},"product_brand":[],"product_cat":[10402,11406],"product_tag":[11402,11407],"class_list":{"0":"post-8334","1":"product","2":"type-product","3":"status-publish","4":"has-post-thumbnail","6":"product_cat-agricultural-gearbox","7":"product_cat-lawn-mower-gearbox-agricultural-gearbox","8":"product_tag-agricultural-gearbox","9":"product_tag-lawn-mower-gearbox","11":"first","12":"instock","13":"shipping-taxable","14":"product-type-simple"},"_links":{"self":[{"href":"https:\/\/agricultural-gear-boxes.com\/es\/wp-json\/wp\/v2\/product\/8334","targetHints":{"allow":["GET"]}}],"collection":[{"href":"https:\/\/agricultural-gear-boxes.com\/es\/wp-json\/wp\/v2\/product"}],"about":[{"href":"https:\/\/agricultural-gear-boxes.com\/es\/wp-json\/wp\/v2\/types\/product"}],"wp:featuredmedia":[{"embeddable":true,"href":"https:\/\/agricultural-gear-boxes.com\/es\/wp-json\/wp\/v2\/media\/8335"}],"wp:attachment":[{"href":"https:\/\/agricultural-gear-boxes.com\/es\/wp-json\/wp\/v2\/media?parent=8334"}],"wp:term":[{"taxonomy":"product_brand","embeddable":true,"href":"https:\/\/agricultural-gear-boxes.com\/es\/wp-json\/wp\/v2\/product_brand?post=8334"},{"taxonomy":"product_cat","embeddable":true,"href":"https:\/\/agricultural-gear-boxes.com\/es\/wp-json\/wp\/v2\/product_cat?post=8334"},{"taxonomy":"product_tag","embeddable":true,"href":"https:\/\/agricultural-gear-boxes.com\/es\/wp-json\/wp\/v2\/product_tag?post=8334"}],"curies":[{"name":"wp","href":"https:\/\/api.w.org\/{rel}","templated":true}]}}