{"id":2203,"date":"2022-03-17T03:44:12","date_gmt":"2022-03-17T03:44:12","guid":{"rendered":"https:\/\/agricultural-gear-boxes.com\/?post_type=product&#038;p=2203"},"modified":"2022-03-17T05:26:39","modified_gmt":"2022-03-17T05:26:39","slug":"customized-agricultural-lawn-mower-gearbox","status":"publish","type":"product","link":"https:\/\/agricultural-gear-boxes.com\/pt\/product\/customized-agricultural-lawn-mower-gearbox\/","title":{"rendered":"Caixa de engrenagens de cortador de grama agr\u00edcola personalizada"},"content":{"rendered":"<p>A caixa de engrenagens do cortador de grama \u00e9 usada para transmiss\u00e3o do cortador de grama, nosso padr\u00e3o normal de 30HP-90HP, aceitamos feitos sob medida. Somos profissionais no campo de caixas de engrenagens agr\u00edcolas h\u00e1 mais de 20 anos de experi\u00eancia. Podemos oferecer a voc\u00ea n\u00e3o apenas caixas de engrenagens, mas tamb\u00e9m solu\u00e7\u00f5es de design.<\/p>\n<table border=\"1\" width=\"100%\">\n<tbody>\n<tr>\n<td colspan=\"4\" align=\"center\">ESPECIFICA\u00c7\u00d5ES PARA CAIXA DE VELOCIDADES DE 35HP<\/td>\n<\/tr>\n<tr>\n<td rowspan=\"3\" width=\"228\">Material<\/td>\n<td align=\"center\" width=\"220\">QT450 para habita\u00e7\u00e3o<\/td>\n<td align=\"center\" width=\"103\">Raz\u00e3o<\/td>\n<td align=\"center\" width=\"80\">1:1.93<\/td>\n<\/tr>\n<tr>\n<td align=\"center\">20CrMnTi para eixo de engrenagem<\/td>\n<td align=\"center\">Modelo de engrenagem<\/td>\n<td align=\"center\">5<\/td>\n<\/tr>\n<tr>\n<td align=\"center\">Alum\u00ednio para chapa<\/td>\n<td align=\"center\">Dentes<\/td>\n<td align=\"center\">12\/23<\/td>\n<\/tr>\n<tr>\n<td rowspan=\"3\">Principais par\u00e2metros de desempenho<\/td>\n<td align=\"center\">Barulho<\/td>\n<td align=\"center\">82 dB<\/td>\n<td align=\"center\">1 metro<\/td>\n<\/tr>\n<tr>\n<td align=\"center\">Velocidade de entrada<\/td>\n<td align=\"center\">540 rpm<\/td>\n<td align=\"center\">\/<\/td>\n<\/tr>\n<tr>\n<td align=\"center\">torque do parafuso<\/td>\n<td align=\"center\">23-28 NM<\/td>\n<td align=\"center\">\/<\/td>\n<\/tr>\n<\/tbody>\n<\/table>\n<p>Imagens da m\u00e1quina:<\/p>\n<p><img loading=\"lazy\" decoding=\"async\" class=\"alignnone wp-image-2224 size-full\" src=\"https:\/\/agricultural-gear-boxes.com\/wp-content\/uploads\/2022\/03\/agricultural-gearbox16.jpg\" alt=\"\" width=\"500\" height=\"419\" srcset=\"https:\/\/agricultural-gear-boxes.com\/wp-content\/uploads\/2022\/03\/agricultural-gearbox16.jpg 500w, https:\/\/agricultural-gear-boxes.com\/wp-content\/uploads\/2022\/03\/agricultural-gearbox16-480x402.jpg 480w\" sizes=\"(min-width: 0px) and (max-width: 480px) 480px, (min-width: 481px) 500px, 100vw\" \/><\/p>\n<p>Desenho de m\u00e1quina:<\/p>\n<p><img loading=\"lazy\" decoding=\"async\" class=\"alignnone wp-image-2219 size-full\" src=\"https:\/\/agricultural-gear-boxes.com\/wp-content\/uploads\/2022\/03\/agricultural-gearbox11.jpg\" alt=\"\" width=\"500\" height=\"347\" srcset=\"https:\/\/agricultural-gear-boxes.com\/wp-content\/uploads\/2022\/03\/agricultural-gearbox11.jpg 500w, https:\/\/agricultural-gear-boxes.com\/wp-content\/uploads\/2022\/03\/agricultural-gearbox11-480x333.jpg 480w\" sizes=\"(min-width: 0px) and (max-width: 480px) 480px, (min-width: 481px) 500px, 100vw\" \/><\/p>\n<p>Detalhes:<\/p>\n<p><img loading=\"lazy\" decoding=\"async\" class=\"alignnone wp-image-2220 size-full\" src=\"https:\/\/agricultural-gear-boxes.com\/wp-content\/uploads\/2022\/03\/agricultural-gearbox12.jpg\" alt=\"\" width=\"500\" height=\"313\" srcset=\"https:\/\/agricultural-gear-boxes.com\/wp-content\/uploads\/2022\/03\/agricultural-gearbox12.jpg 500w, https:\/\/agricultural-gear-boxes.com\/wp-content\/uploads\/2022\/03\/agricultural-gearbox12-480x300.jpg 480w\" sizes=\"(min-width: 0px) and (max-width: 480px) 480px, (min-width: 481px) 500px, 100vw\" \/><\/p>\n<p>Como um dos principais fabricantes de caixas de engrenagens agr\u00edcolas, fornecedores e exportadores de produtos mec\u00e2nicos, n\u00f3s fornecemos caixas de engrenagens agr\u00edcolas e muitos outros produtos para caixas de engrenagens agr\u00edcolas de cluster. caixa de engrenagens agr\u00edcolas, Fabricante de caixas de engrenagens agr\u00edcolas, Fornecedor de caixas de engrenagens agr\u00edcolas, Exportador de caixas de engrenagens agr\u00edcolas, Vendedor de caixas de engrenagens agr\u00edcolas, caixa de engrenagens agr\u00edcolas Fabricada na China, Caixa de engrenagens agr\u00edcolas por atacado, Comprar caixa de engrenagens agr\u00edcolas, Personalizar caixa de engrenagens agr\u00edcolas \u2013 Encontre Fabricantes e Fornecedores de caixas de engrenagens agr\u00edcolas. Escolha entre fabricantes, fornecedores e exportadores de caixas de engrenagens agr\u00edcolas de qualidade em agricultural-gear-boxes.com.<\/p>","protected":false},"excerpt":{"rendered":"<p>A caixa de engrenagens do cortador de grama \u00e9 usada para transmiss\u00e3o do cortador de grama, nosso padr\u00e3o normal de 30HP-90HP, aceitamos feitos sob medida. Somos profissionais no campo de caixas de engrenagens agr\u00edcolas h\u00e1 mais de 20 anos de experi\u00eancia. Podemos oferecer a voc\u00ea n\u00e3o apenas caixas de engrenagens, mas tamb\u00e9m solu\u00e7\u00f5es de design. ESPECIFICA\u00c7\u00d5ES PARA CAIXA DE ENGRENAGENS DE 35HP Material QT450 para carca\u00e7a Propor\u00e7\u00e3o 1:1,93 20CrMnTi para eixo de engrenagem Modelo de engrenagem 5 [\u2026]<\/p>","protected":false},"featured_media":2210,"template":"","meta":{"_et_pb_use_builder":"","_et_pb_old_content":"","_et_gb_content_width":""},"product_brand":[],"product_cat":[10402],"product_tag":[],"class_list":{"0":"post-2203","1":"product","2":"type-product","3":"status-publish","4":"has-post-thumbnail","6":"product_cat-agricultural-gearbox","8":"first","9":"instock","10":"shipping-taxable","11":"product-type-simple"},"_links":{"self":[{"href":"https:\/\/agricultural-gear-boxes.com\/pt\/wp-json\/wp\/v2\/product\/2203","targetHints":{"allow":["GET"]}}],"collection":[{"href":"https:\/\/agricultural-gear-boxes.com\/pt\/wp-json\/wp\/v2\/product"}],"about":[{"href":"https:\/\/agricultural-gear-boxes.com\/pt\/wp-json\/wp\/v2\/types\/product"}],"wp:featuredmedia":[{"embeddable":true,"href":"https:\/\/agricultural-gear-boxes.com\/pt\/wp-json\/wp\/v2\/media\/2210"}],"wp:attachment":[{"href":"https:\/\/agricultural-gear-boxes.com\/pt\/wp-json\/wp\/v2\/media?parent=2203"}],"wp:term":[{"taxonomy":"product_brand","embeddable":true,"href":"https:\/\/agricultural-gear-boxes.com\/pt\/wp-json\/wp\/v2\/product_brand?post=2203"},{"taxonomy":"product_cat","embeddable":true,"href":"https:\/\/agricultural-gear-boxes.com\/pt\/wp-json\/wp\/v2\/product_cat?post=2203"},{"taxonomy":"product_tag","embeddable":true,"href":"https:\/\/agricultural-gear-boxes.com\/pt\/wp-json\/wp\/v2\/product_tag?post=2203"}],"curies":[{"name":"wp","href":"https:\/\/api.w.org\/{rel}","templated":true}]}}