{"id":2204,"date":"2022-03-17T03:45:48","date_gmt":"2022-03-17T03:45:48","guid":{"rendered":"https:\/\/agricultural-gear-boxes.com\/?post_type=product&#038;p=2204"},"modified":"2022-03-17T05:28:09","modified_gmt":"2022-03-17T05:28:09","slug":"oem-odm-rotary-lawn-mower-gearbox","status":"publish","type":"product","link":"https:\/\/agricultural-gear-boxes.com\/pt\/product\/oem-odm-rotary-lawn-mower-gearbox\/","title":{"rendered":"Caixa de engrenagens para cortador de grama rotativo OEM e ODM"},"content":{"rendered":"<p>Caixa de engrenagens para cortador de grama rotativo OEM e ODM<\/p>\n<p>1. Caixa de engrenagens RG70 para cortador de grama rotativo<\/p>\n<p>2. Tipo: RG70-1; RG70-2; RG70-3;RG70-4<\/p>\n<p>3. \u00d3leo: 1,9L<\/p>\n<p>4. Certifica\u00e7\u00e3o: ISO9001:2008, SGS<\/p>\n<table border=\"1\" width=\"100%\" cellspacing=\"0\" cellpadding=\"0\">\n<tbody>\n<tr>\n<td>Nome do produto<\/td>\n<td>Caixa de engrenagens do cortador de grama rotativo RG70<\/td>\n<\/tr>\n<tr>\n<td>Material<\/td>\n<td>Carca\u00e7a como QT450, eixo como 20CrMnTi<\/td>\n<\/tr>\n<tr>\n<td>Cor<\/td>\n<td>Escuro ou vermelho ou conforme personalizado<\/td>\n<\/tr>\n<tr>\n<td>Tipo<\/td>\n<td>Engrenagem c\u00f4nica<\/td>\n<\/tr>\n<tr>\n<td>Raz\u00e3o<\/td>\n<td>1:1.92<\/td>\n<\/tr>\n<tr>\n<td>Consequ\u00eancia<\/td>\n<td>QC ou C&amp;U ou NTN<\/td>\n<\/tr>\n<tr>\n<td>Garantia<\/td>\n<td>um ano e meio<\/td>\n<\/tr>\n<tr>\n<td>Usado<\/td>\n<td>cortador de grama<\/td>\n<\/tr>\n<\/tbody>\n<\/table>\n<p>Imagens da m\u00e1quina:<\/p>\n<p><img loading=\"lazy\" decoding=\"async\" class=\"alignnone wp-image-2215 size-full\" src=\"https:\/\/agricultural-gear-boxes.com\/wp-content\/uploads\/2022\/03\/agricultural-gearbox7.jpg\" alt=\"\" width=\"500\" height=\"419\" srcset=\"https:\/\/agricultural-gear-boxes.com\/wp-content\/uploads\/2022\/03\/agricultural-gearbox7.jpg 500w, https:\/\/agricultural-gear-boxes.com\/wp-content\/uploads\/2022\/03\/agricultural-gearbox7-480x402.jpg 480w\" sizes=\"(min-width: 0px) and (max-width: 480px) 480px, (min-width: 481px) 500px, 100vw\" \/><\/p>\n<p>Desenho de m\u00e1quina:<\/p>\n<p><img loading=\"lazy\" decoding=\"async\" class=\"alignnone wp-image-2223 size-full\" src=\"https:\/\/agricultural-gear-boxes.com\/wp-content\/uploads\/2022\/03\/agricultural-gearbox15.jpg\" alt=\"\" width=\"500\" height=\"347\" srcset=\"https:\/\/agricultural-gear-boxes.com\/wp-content\/uploads\/2022\/03\/agricultural-gearbox15.jpg 500w, https:\/\/agricultural-gear-boxes.com\/wp-content\/uploads\/2022\/03\/agricultural-gearbox15-480x333.jpg 480w\" sizes=\"(min-width: 0px) and (max-width: 480px) 480px, (min-width: 481px) 500px, 100vw\" \/><\/p>\n<p>Detalhes:<\/p>\n<p><img loading=\"lazy\" decoding=\"async\" class=\"alignnone wp-image-2220 size-full\" src=\"https:\/\/agricultural-gear-boxes.com\/wp-content\/uploads\/2022\/03\/agricultural-gearbox12.jpg\" alt=\"\" width=\"500\" height=\"313\" srcset=\"https:\/\/agricultural-gear-boxes.com\/wp-content\/uploads\/2022\/03\/agricultural-gearbox12.jpg 500w, https:\/\/agricultural-gear-boxes.com\/wp-content\/uploads\/2022\/03\/agricultural-gearbox12-480x300.jpg 480w\" sizes=\"(min-width: 0px) and (max-width: 480px) 480px, (min-width: 481px) 500px, 100vw\" \/><\/p>\n<p>Como um dos principais fabricantes de caixas de engrenagens agr\u00edcolas, fornecedores e exportadores de produtos mec\u00e2nicos, n\u00f3s fornecemos caixas de engrenagens agr\u00edcolas e muitos outros produtos para caixas de engrenagens agr\u00edcolas de cluster. caixa de engrenagens agr\u00edcolas, Fabricante de caixas de engrenagens agr\u00edcolas, Fornecedor de caixas de engrenagens agr\u00edcolas, Exportador de caixas de engrenagens agr\u00edcolas, Vendedor de caixas de engrenagens agr\u00edcolas, caixa de engrenagens agr\u00edcolas Fabricada na China, Caixa de engrenagens agr\u00edcolas por atacado, Comprar caixa de engrenagens agr\u00edcolas, Personalizar caixa de engrenagens agr\u00edcolas \u2013 Encontre Fabricantes e Fornecedores de caixas de engrenagens agr\u00edcolas. Escolha entre fabricantes, fornecedores e exportadores de caixas de engrenagens agr\u00edcolas de qualidade em agricultural-gear-boxes.com.<\/p>","protected":false},"excerpt":{"rendered":"<p>OEM &amp; ODM Rotary Lawn Mower Gearbox 1. RG70 gearbox for rotary lawn mower 2. Type:\u00a0RG70-1; RG70-2; RG70-3;RG70-4 3. Oil: 1.9L 4. Certification: ISO9001:2008, SGS Product Name Rotary lawn mower gearbox RG70 Material Housing as QT450, Shaft as 20CrMnTi Color Dark or Red or as customized Type Bevel gear Ratio 1:1.92 Bearing QC or C&amp;U [&hellip;]<\/p>","protected":false},"featured_media":2211,"template":"","meta":{"_et_pb_use_builder":"","_et_pb_old_content":"","_et_gb_content_width":""},"product_brand":[],"product_cat":[10402],"product_tag":[],"class_list":{"0":"post-2204","1":"product","2":"type-product","3":"status-publish","4":"has-post-thumbnail","6":"product_cat-agricultural-gearbox","8":"first","9":"instock","10":"shipping-taxable","11":"product-type-simple"},"_links":{"self":[{"href":"https:\/\/agricultural-gear-boxes.com\/pt\/wp-json\/wp\/v2\/product\/2204","targetHints":{"allow":["GET"]}}],"collection":[{"href":"https:\/\/agricultural-gear-boxes.com\/pt\/wp-json\/wp\/v2\/product"}],"about":[{"href":"https:\/\/agricultural-gear-boxes.com\/pt\/wp-json\/wp\/v2\/types\/product"}],"wp:featuredmedia":[{"embeddable":true,"href":"https:\/\/agricultural-gear-boxes.com\/pt\/wp-json\/wp\/v2\/media\/2211"}],"wp:attachment":[{"href":"https:\/\/agricultural-gear-boxes.com\/pt\/wp-json\/wp\/v2\/media?parent=2204"}],"wp:term":[{"taxonomy":"product_brand","embeddable":true,"href":"https:\/\/agricultural-gear-boxes.com\/pt\/wp-json\/wp\/v2\/product_brand?post=2204"},{"taxonomy":"product_cat","embeddable":true,"href":"https:\/\/agricultural-gear-boxes.com\/pt\/wp-json\/wp\/v2\/product_cat?post=2204"},{"taxonomy":"product_tag","embeddable":true,"href":"https:\/\/agricultural-gear-boxes.com\/pt\/wp-json\/wp\/v2\/product_tag?post=2204"}],"curies":[{"name":"wp","href":"https:\/\/api.w.org\/{rel}","templated":true}]}}