{"id":2205,"date":"2022-03-17T03:52:25","date_gmt":"2022-03-17T03:52:25","guid":{"rendered":"https:\/\/agricultural-gear-boxes.com\/?post_type=product&#038;p=2205"},"modified":"2022-03-17T05:28:35","modified_gmt":"2022-03-17T05:28:35","slug":"tractor-pto-drive-shaft","status":"publish","type":"product","link":"https:\/\/agricultural-gear-boxes.com\/pt\/product\/tractor-pto-drive-shaft\/","title":{"rendered":"Eixo de transmiss\u00e3o da tomada de for\u00e7a do trator"},"content":{"rendered":"<p>O eixo PTO \u00e9 um eixo de transmiss\u00e3o estriado que geralmente \u00e9 colocado em tratores ou pode ser usado para fornecer energia de reserva para uma m\u00e1quina separada. Mais de 8 s\u00e9ries de eixos PTO podem ser oferecidas agora. Esses eixos est\u00e3o dispon\u00edveis nas seguintes especifica\u00e7\u00f5es:<\/p>\n<p>Jugo lateral do trator: jugo de pino de press\u00e3o de 6 ou 21 estrias;<\/p>\n<p>Jugo lateral do implemento: jugo tipo parafuso de cisalhamento com pino de press\u00e3o de 6 estrias;<\/p>\n<p>Tubos: Tubo triangular ou tubo perfil lim\u00e3o;<\/p>\n<p>Prote\u00e7\u00e3o pl\u00e1stica: Amarela ou preta;<\/p>\n<p>Minimum overall length: 600-1800mm or 27&#8243;-60&#8243;.<\/p>\n<p>Aplica\u00e7\u00e3o: Eixo de transmiss\u00e3o da tomada de for\u00e7a para grade. Tamb\u00e9m pe\u00e7as de reposi\u00e7\u00e3o aplic\u00e1veis a equipamentos de cultivo.<\/p>\n<p>Descri\u00e7\u00e3o:<\/p>\n<p>Aplicado \u00e0 transmiss\u00e3o de pot\u00eancia em m\u00e1quinas agr\u00edcolas modernas, o mais comum \u00e9 a transmiss\u00e3o de pot\u00eancia do trator e da m\u00e1quina agr\u00edcola, de modo a fazer com que a m\u00e1quina agr\u00edcola alcance o efeito de trabalho normal.<\/p>\n<p>Caracter\u00edsticas:<\/p>\n<p>Acabamento impec\u00e1vel<\/p>\n<p>Alta durabilidade<\/p>\n<p>Robustez<\/p>\n<p><img loading=\"lazy\" decoding=\"async\" class=\"alignnone wp-image-2213 size-full\" src=\"https:\/\/agricultural-gear-boxes.com\/wp-content\/uploads\/2022\/03\/agricultural-gearbox5.jpg\" alt=\"\" width=\"500\" height=\"500\" srcset=\"https:\/\/agricultural-gear-boxes.com\/wp-content\/uploads\/2022\/03\/agricultural-gearbox5.jpg 500w, https:\/\/agricultural-gear-boxes.com\/wp-content\/uploads\/2022\/03\/agricultural-gearbox5-480x480.jpg 480w\" sizes=\"(min-width: 0px) and (max-width: 480px) 480px, (min-width: 481px) 500px, 100vw\" \/><\/p>\n<p>Como um dos principais fabricantes de caixas de engrenagens agr\u00edcolas, fornecedores e exportadores de produtos mec\u00e2nicos, n\u00f3s fornecemos caixas de engrenagens agr\u00edcolas e muitos outros produtos para caixas de engrenagens agr\u00edcolas de cluster. caixa de engrenagens agr\u00edcolas, Fabricante de caixas de engrenagens agr\u00edcolas, Fornecedor de caixas de engrenagens agr\u00edcolas, Exportador de caixas de engrenagens agr\u00edcolas, Vendedor de caixas de engrenagens agr\u00edcolas, caixa de engrenagens agr\u00edcolas Fabricada na China, Caixa de engrenagens agr\u00edcolas por atacado, Comprar caixa de engrenagens agr\u00edcolas, Personalizar caixa de engrenagens agr\u00edcolas \u2013 Encontre Fabricantes e Fornecedores de caixas de engrenagens agr\u00edcolas. Escolha entre fabricantes, fornecedores e exportadores de caixas de engrenagens agr\u00edcolas de qualidade em agricultural-gear-boxes.com.<\/p>","protected":false},"excerpt":{"rendered":"<p>PTO Shaft is a splined drive shaft that is generally placed on tractors or can be used to provide power backup to a separate machine. More than 8 series of PTO shafts can be offered now. These shafts are available in the following specifications: Tractor side yoke: 6 or 21 splines push pin yoke; Implement [&hellip;]<\/p>","protected":false},"featured_media":2213,"template":"","meta":{"_et_pb_use_builder":"","_et_pb_old_content":"","_et_gb_content_width":""},"product_brand":[],"product_cat":[10402],"product_tag":[],"class_list":{"0":"post-2205","1":"product","2":"type-product","3":"status-publish","4":"has-post-thumbnail","6":"product_cat-agricultural-gearbox","8":"first","9":"instock","10":"shipping-taxable","11":"product-type-simple"},"_links":{"self":[{"href":"https:\/\/agricultural-gear-boxes.com\/pt\/wp-json\/wp\/v2\/product\/2205","targetHints":{"allow":["GET"]}}],"collection":[{"href":"https:\/\/agricultural-gear-boxes.com\/pt\/wp-json\/wp\/v2\/product"}],"about":[{"href":"https:\/\/agricultural-gear-boxes.com\/pt\/wp-json\/wp\/v2\/types\/product"}],"wp:featuredmedia":[{"embeddable":true,"href":"https:\/\/agricultural-gear-boxes.com\/pt\/wp-json\/wp\/v2\/media\/2213"}],"wp:attachment":[{"href":"https:\/\/agricultural-gear-boxes.com\/pt\/wp-json\/wp\/v2\/media?parent=2205"}],"wp:term":[{"taxonomy":"product_brand","embeddable":true,"href":"https:\/\/agricultural-gear-boxes.com\/pt\/wp-json\/wp\/v2\/product_brand?post=2205"},{"taxonomy":"product_cat","embeddable":true,"href":"https:\/\/agricultural-gear-boxes.com\/pt\/wp-json\/wp\/v2\/product_cat?post=2205"},{"taxonomy":"product_tag","embeddable":true,"href":"https:\/\/agricultural-gear-boxes.com\/pt\/wp-json\/wp\/v2\/product_tag?post=2205"}],"curies":[{"name":"wp","href":"https:\/\/api.w.org\/{rel}","templated":true}]}}