{"id":2207,"date":"2022-03-17T05:08:01","date_gmt":"2022-03-17T05:08:01","guid":{"rendered":"https:\/\/agricultural-gear-boxes.com\/?post_type=product&#038;p=2207"},"modified":"2022-03-17T05:30:05","modified_gmt":"2022-03-17T05:30:05","slug":"agricultural-ratio-11-rotary-tiller-gearbox","status":"publish","type":"product","link":"https:\/\/agricultural-gear-boxes.com\/pt\/product\/agricultural-ratio-11-rotary-tiller-gearbox\/","title":{"rendered":"Caixa de engrenagens de cultivador rotativo de propor\u00e7\u00e3o agr\u00edcola 1:1"},"content":{"rendered":"<table border=\"1\" width=\"100%\" cellspacing=\"1\" cellpadding=\"1\">\n<tbody>\n<tr>\n<td width=\"176\">Nome do produto<\/td>\n<td width=\"496\">CAIXA DE ENGRENAGENS DE CULTIVADOR ROTATIVO<\/td>\n<\/tr>\n<tr>\n<td>Material<\/td>\n<td>Carca\u00e7a como QT450-10, eixo como 40Cr<\/td>\n<\/tr>\n<tr>\n<td>Cor<\/td>\n<td>Escuro ou vermelho ou conforme personalizado<\/td>\n<\/tr>\n<tr>\n<td>Tipo<\/td>\n<td>Engrenagem c\u00f4nica<\/td>\n<\/tr>\n<tr>\n<td>Raz\u00e3o<\/td>\n<td>1:1<\/td>\n<\/tr>\n<tr>\n<td>Consequ\u00eancia<\/td>\n<td>QC ou C&amp;U ou NTN ou PEER<\/td>\n<\/tr>\n<tr>\n<td>Garantia<\/td>\n<td>um ano e meio<\/td>\n<\/tr>\n<tr>\n<td>Usado<\/td>\n<td>\n<div>Cultivador rotativo<\/div>\n<\/td>\n<\/tr>\n<\/tbody>\n<\/table>\n<p>Imagens da m\u00e1quina:<\/p>\n<p><img loading=\"lazy\" decoding=\"async\" class=\"alignnone wp-image-2216 size-full\" src=\"https:\/\/agricultural-gear-boxes.com\/wp-content\/uploads\/2022\/03\/agricultural-gearbox8.jpg\" alt=\"\" width=\"500\" height=\"371\" srcset=\"https:\/\/agricultural-gear-boxes.com\/wp-content\/uploads\/2022\/03\/agricultural-gearbox8.jpg 500w, https:\/\/agricultural-gear-boxes.com\/wp-content\/uploads\/2022\/03\/agricultural-gearbox8-480x356.jpg 480w\" sizes=\"(min-width: 0px) and (max-width: 480px) 480px, (min-width: 481px) 500px, 100vw\" \/><\/p>\n<p>Desenho de m\u00e1quina:<\/p>\n<p><img loading=\"lazy\" decoding=\"async\" class=\"alignnone wp-image-2221 size-full\" src=\"https:\/\/agricultural-gear-boxes.com\/wp-content\/uploads\/2022\/03\/agricultural-gearbox13.jpg\" alt=\"\" width=\"500\" height=\"347\" srcset=\"https:\/\/agricultural-gear-boxes.com\/wp-content\/uploads\/2022\/03\/agricultural-gearbox13.jpg 500w, https:\/\/agricultural-gear-boxes.com\/wp-content\/uploads\/2022\/03\/agricultural-gearbox13-480x333.jpg 480w\" sizes=\"(min-width: 0px) and (max-width: 480px) 480px, (min-width: 481px) 500px, 100vw\" \/><\/p>\n<table border=\"1\" width=\"100%\" cellspacing=\"1\" cellpadding=\"1\">\n<tbody>\n<tr>\n<td>\n<div>Tipo<\/div>\n<\/td>\n<td>\n<div>Raz\u00e3o<\/div>\n<\/td>\n<td>\n<div>Sa\u00edda rpm<\/div>\n<\/td>\n<td>\n<div>Poder<\/div>\n<\/td>\n<td>\n<div>Torque de sa\u00edda Nm<\/div>\n<\/td>\n<td>\n<div>Entrada rpm<\/div>\n<\/td>\n<\/tr>\n<tr>\n<td>\n<div>5910-1<\/div>\n<\/td>\n<td>\n<div>1:1<\/div>\n<\/td>\n<td>\n<div>540<\/div>\n<\/td>\n<td>\n<div>82 CV<\/div>\n<\/td>\n<td>\n<div>1066<\/div>\n<\/td>\n<td>\n<div>540<\/div>\n<\/td>\n<\/tr>\n<tr>\n<td>\n<div>5910-2<\/div>\n<\/td>\n<td>\n<div>1.33:1<\/div>\n<\/td>\n<td>\n<div>406<\/div>\n<\/td>\n<td>\n<div>55 CV<\/div>\n<\/td>\n<td>\n<div>951<\/div>\n<\/td>\n<td>\n<div>540<\/div>\n<\/td>\n<\/tr>\n<\/tbody>\n<\/table>\n<p>Detalhes:<\/p>\n<p><img loading=\"lazy\" decoding=\"async\" class=\"alignnone wp-image-2218 size-full\" src=\"https:\/\/agricultural-gear-boxes.com\/wp-content\/uploads\/2022\/03\/agricultural-gearbox10.jpg\" alt=\"\" width=\"500\" height=\"313\" srcset=\"https:\/\/agricultural-gear-boxes.com\/wp-content\/uploads\/2022\/03\/agricultural-gearbox10.jpg 500w, https:\/\/agricultural-gear-boxes.com\/wp-content\/uploads\/2022\/03\/agricultural-gearbox10-480x300.jpg 480w\" sizes=\"(min-width: 0px) and (max-width: 480px) 480px, (min-width: 481px) 500px, 100vw\" \/><\/p>\n<p>Como um dos principais fabricantes de caixas de engrenagens agr\u00edcolas, fornecedores e exportadores de produtos mec\u00e2nicos, n\u00f3s fornecemos caixas de engrenagens agr\u00edcolas e muitos outros produtos para caixas de engrenagens agr\u00edcolas de cluster. caixa de engrenagens agr\u00edcolas, Fabricante de caixas de engrenagens agr\u00edcolas, Fornecedor de caixas de engrenagens agr\u00edcolas, Exportador de caixas de engrenagens agr\u00edcolas, Vendedor de caixas de engrenagens agr\u00edcolas, caixa de engrenagens agr\u00edcolas Fabricada na China, Caixa de engrenagens agr\u00edcolas por atacado, Comprar caixa de engrenagens agr\u00edcolas, Personalizar caixa de engrenagens agr\u00edcolas \u2013 Encontre Fabricantes e Fornecedores de caixas de engrenagens agr\u00edcolas. Escolha entre fabricantes, fornecedores e exportadores de caixas de engrenagens agr\u00edcolas de qualidade em agricultural-gear-boxes.com.<\/p>","protected":false},"excerpt":{"rendered":"<p>Product Name ROTARY TILLER GEARBOX Material Housing as QT450-10, Shaft as 40Cr Color Dark or Red or as customized Type Bevel gear Ratio 1:1 Bearing QC or C&amp;U or NTN or PEER Warranty one and half year Used Rotary\u00a0tiller Machine Images: Machine Drawing: Type Ratio Output r.p.m Power Output torque\u00a0N.m Input r.p.m 5910-1 1:1 540 [&hellip;]<\/p>","protected":false},"featured_media":2212,"template":"","meta":{"_et_pb_use_builder":"","_et_pb_old_content":"","_et_gb_content_width":""},"product_brand":[],"product_cat":[10402],"product_tag":[],"class_list":{"0":"post-2207","1":"product","2":"type-product","3":"status-publish","4":"has-post-thumbnail","6":"product_cat-agricultural-gearbox","8":"first","9":"instock","10":"shipping-taxable","11":"product-type-simple"},"_links":{"self":[{"href":"https:\/\/agricultural-gear-boxes.com\/pt\/wp-json\/wp\/v2\/product\/2207","targetHints":{"allow":["GET"]}}],"collection":[{"href":"https:\/\/agricultural-gear-boxes.com\/pt\/wp-json\/wp\/v2\/product"}],"about":[{"href":"https:\/\/agricultural-gear-boxes.com\/pt\/wp-json\/wp\/v2\/types\/product"}],"wp:featuredmedia":[{"embeddable":true,"href":"https:\/\/agricultural-gear-boxes.com\/pt\/wp-json\/wp\/v2\/media\/2212"}],"wp:attachment":[{"href":"https:\/\/agricultural-gear-boxes.com\/pt\/wp-json\/wp\/v2\/media?parent=2207"}],"wp:term":[{"taxonomy":"product_brand","embeddable":true,"href":"https:\/\/agricultural-gear-boxes.com\/pt\/wp-json\/wp\/v2\/product_brand?post=2207"},{"taxonomy":"product_cat","embeddable":true,"href":"https:\/\/agricultural-gear-boxes.com\/pt\/wp-json\/wp\/v2\/product_cat?post=2207"},{"taxonomy":"product_tag","embeddable":true,"href":"https:\/\/agricultural-gear-boxes.com\/pt\/wp-json\/wp\/v2\/product_tag?post=2207"}],"curies":[{"name":"wp","href":"https:\/\/api.w.org\/{rel}","templated":true}]}}