{"id":2382,"date":"2022-12-20T03:03:53","date_gmt":"2022-12-20T03:03:53","guid":{"rendered":"https:\/\/agricultural-gear-boxes.com\/?post_type=product&#038;p=2382"},"modified":"2022-12-20T05:08:04","modified_gmt":"2022-12-20T05:08:04","slug":"other-products","status":"publish","type":"product","link":"https:\/\/agricultural-gear-boxes.com\/pt\/product\/other-products\/","title":{"rendered":"Outros produtos"},"content":{"rendered":"<p>Se voc\u00ea precisa de produtos personalizados, ou os produtos que voc\u00ea precisa n\u00e3o s\u00e3o encontrados em nosso site ou precisa de um cat\u00e1logo de produtos, n\u00e3o se preocupe; mais produtos nossos ainda est\u00e3o sendo carregados. Voc\u00ea pode nos enviar um e-mail diretamente, e n\u00f3s responderemos a voc\u00ea dentro de 24 horas!<\/p>\n<p>&nbsp;<\/p>\n<h2>produto personalizado<\/h2>\n<h4>1. Consulta ao cliente e lan\u00e7amento do projeto<\/h4>\n<p>Voc\u00ea pode entrar em contato conosco e marcar uma reuni\u00e3o para discutir suas necessidades. Uma vez que um esbo\u00e7o do seu projeto tenha sido determinado, desenvolveremos a primeira abordagem poss\u00edvel para seu produto.<\/p>\n<h4>2. Conceito de design<\/h4>\n<p>Durante a fase de design, nossos designers discutem as diversas op\u00e7\u00f5es e determinam se seu produto pode ser realizado com base em solu\u00e7\u00f5es padr\u00e3o adaptadas ou se requer um design completamente novo.<\/p>\n<h4>3. Calcule a cota\u00e7\u00e3o<\/h4>\n<p>Calculamos o custo da sua solu\u00e7\u00e3o especial de caixa de engrenagens e fornecemos um or\u00e7amento inicial concreto.<\/p>\n<h4>4. Detalhes e desenvolvimento posterior<\/h4>\n<p>Se nossa cota\u00e7\u00e3o for atraente para voc\u00ea e voc\u00ea fizer um pedido conosco, nossos designers iniciar\u00e3o o desenvolvimento t\u00e9cnico detalhado do seu produto.<\/p>\n<h4>5. Fabrica\u00e7\u00e3o e processamento de componentes individuais<\/h4>\n<p>Gra\u00e7as \u00e0 nossa ampla sele\u00e7\u00e3o de m\u00e1quinas, podemos combinar todas as etapas do processo de fabrica\u00e7\u00e3o sob o mesmo teto. Como resultado, alcan\u00e7amos um alto n\u00edvel de efici\u00eancia na fabrica\u00e7\u00e3o de seus produtos e mantemos um alto n\u00edvel consistente de qualidade do produto.<\/p>\n<h4>6. Embalagem e Envio<\/h4>\n<p>Na etapa final, sua caixa de engrenagens dedicada \u00e9 embalada para envio e entregue a voc\u00ea.<\/p>\n<p><img loading=\"lazy\" decoding=\"async\" class=\"alignnone wp-image-378\" src=\"https:\/\/clamp-coupling.com\/wp-content\/uploads\/2022\/12\/custom-process.jpg\" sizes=\"(min-width: 0px) and (max-width: 480px) 480px, (min-width: 481px) 920px, 100vw\" srcset=\"https:\/\/clamp-coupling.com\/wp-content\/uploads\/2022\/12\/custom-process.jpg 920w, https:\/\/clamp-coupling.com\/wp-content\/uploads\/2022\/12\/custom-process-480x76.jpg 480w\" alt=\"Processo personalizado\" width=\"920\" height=\"146\" \/><\/p>","protected":false},"excerpt":{"rendered":"<p>If you need customized products, or the products you need are not found on our website or need a product catalog, don\u2019t worry; more of our products are still being uploaded. You can email us directly, and we will reply to you within 24 hours! &nbsp; customized\u00a0product 1.\u00a0Customer\u00a0Inquiry\u00a0&amp;\u00a0Project\u00a0Launch You\u00a0can\u00a0contact\u00a0us\u00a0and\u00a0arrange\u00a0a\u00a0meeting\u00a0to\u00a0discuss\u00a0your\u00a0needs.\u00a0Once\u00a0a\u00a0rough\u00a0outline\u00a0of\u00a0your\u00a0project\u00a0has\u00a0been\u00a0determined,\u00a0we\u00a0will\u00a0develop\u00a0the\u00a0first\u00a0possible\u00a0approach\u00a0to\u00a0your\u00a0product. 2.\u00a0Design\u00a0concept During\u00a0the\u00a0design\u00a0phase,\u00a0our\u00a0designers\u00a0discuss\u00a0the\u00a0various\u00a0options\u00a0and\u00a0determine\u00a0whether\u00a0your\u00a0product\u00a0can\u00a0be\u00a0realized\u00a0based\u00a0on\u00a0adapted\u00a0standard\u00a0solutions\u00a0or\u00a0requires\u00a0a\u00a0completely\u00a0new\u00a0design. 3.\u00a0Calculate\u00a0the\u00a0quotation We\u00a0calculate\u00a0the\u00a0cost\u00a0of\u00a0your\u00a0special\u00a0gearbox\u00a0solution\u00a0and\u00a0provide\u00a0you\u00a0with\u00a0an\u00a0initial\u00a0concrete\u00a0quotation. 4.\u00a0Details\u00a0and\u00a0further\u00a0development If\u00a0our\u00a0quotation\u00a0is\u00a0attractive\u00a0to\u00a0you\u00a0and\u00a0you\u00a0place\u00a0an\u00a0order\u00a0with\u00a0us,\u00a0our\u00a0designers\u00a0will\u00a0start\u00a0the\u00a0detailed\u00a0technical\u00a0development\u00a0of\u00a0your\u00a0product. [&hellip;]<\/p>","protected":false},"featured_media":2396,"template":"","meta":{"_et_pb_use_builder":"","_et_pb_old_content":"","_et_gb_content_width":""},"product_brand":[],"product_cat":[10402],"product_tag":[],"class_list":{"0":"post-2382","1":"product","2":"type-product","3":"status-publish","4":"has-post-thumbnail","6":"product_cat-agricultural-gearbox","8":"first","9":"instock","10":"shipping-taxable","11":"product-type-simple"},"_links":{"self":[{"href":"https:\/\/agricultural-gear-boxes.com\/pt\/wp-json\/wp\/v2\/product\/2382","targetHints":{"allow":["GET"]}}],"collection":[{"href":"https:\/\/agricultural-gear-boxes.com\/pt\/wp-json\/wp\/v2\/product"}],"about":[{"href":"https:\/\/agricultural-gear-boxes.com\/pt\/wp-json\/wp\/v2\/types\/product"}],"wp:featuredmedia":[{"embeddable":true,"href":"https:\/\/agricultural-gear-boxes.com\/pt\/wp-json\/wp\/v2\/media\/2396"}],"wp:attachment":[{"href":"https:\/\/agricultural-gear-boxes.com\/pt\/wp-json\/wp\/v2\/media?parent=2382"}],"wp:term":[{"taxonomy":"product_brand","embeddable":true,"href":"https:\/\/agricultural-gear-boxes.com\/pt\/wp-json\/wp\/v2\/product_brand?post=2382"},{"taxonomy":"product_cat","embeddable":true,"href":"https:\/\/agricultural-gear-boxes.com\/pt\/wp-json\/wp\/v2\/product_cat?post=2382"},{"taxonomy":"product_tag","embeddable":true,"href":"https:\/\/agricultural-gear-boxes.com\/pt\/wp-json\/wp\/v2\/product_tag?post=2382"}],"curies":[{"name":"wp","href":"https:\/\/api.w.org\/{rel}","templated":true}]}}