{"id":2401,"date":"2022-12-20T06:30:35","date_gmt":"2022-12-20T06:30:35","guid":{"rendered":"https:\/\/agricultural-gear-boxes.com\/?post_type=product&#038;p=2401"},"modified":"2022-12-20T06:33:01","modified_gmt":"2022-12-20T06:33:01","slug":"standard-agricultural-bevel-gearbox-4490-series","status":"publish","type":"product","link":"https:\/\/agricultural-gear-boxes.com\/pt\/product\/standard-agricultural-bevel-gearbox-4490-series\/","title":{"rendered":"Caixa de engrenagens c\u00f4nica agr\u00edcola padr\u00e3o s\u00e9rie 4490"},"content":{"rendered":"<p>Caixas de engrenagens c\u00f4nicas de ferro fundido de baixa rela\u00e7\u00e3o s\u00e9rie 4490 com di\u00e2metro de eixo de at\u00e9 1,25\u201d. Dispon\u00edvel em rela\u00e7\u00f5es de at\u00e9 2:1<\/p>\n<p>Nossas caixas de engrenagens c\u00f4nicas est\u00e3o dispon\u00edveis em v\u00e1rias capacidades de HP. Escolha entre rela\u00e7\u00f5es e configura\u00e7\u00f5es de eixo existentes ou personalize-as para atender \u00e0s suas necessidades de aplica\u00e7\u00e3o. Nossos engenheiros de aplica\u00e7\u00e3o trabalhar\u00e3o com voc\u00ea para entender os requisitos da sua aplica\u00e7\u00e3o e selecionar a caixa de engrenagens apropriada para sua aplica\u00e7\u00e3o. Se sua aplica\u00e7\u00e3o exigir uma solu\u00e7\u00e3o de acionamento personalizada, nossos engenheiros trabalhar\u00e3o com voc\u00ea para projetar uma caixa de engrenagens c\u00f4nica que atenda \u00e0 sua aplica\u00e7\u00e3o espec\u00edfica para minimizar o estresse e o desgaste em seu equipamento e maximizar a vida \u00fatil.<\/p>\n<h2>Caracter\u00edsticas do design:<\/h2>\n<p>\u2022 Configura\u00e7\u00f5es de eixo personaliz\u00e1veis de at\u00e9 1,25\u201d [30 mm] de di\u00e2metro<br \/>\n\u2022 Propor\u00e7\u00f5es dispon\u00edveis (outras propor\u00e7\u00f5es dispon\u00edveis mediante solicita\u00e7\u00e3o)<br \/>\n\u2022 Chanfro reto \u2013 1:1, 1.22:1, 1.5:1<br \/>\n\u2022 Classifica\u00e7\u00e3o m\u00e1xima de HP<br \/>\n\u2022 540 rpm = 50 CV<br \/>\n\u2022 1000 rpm = 90 CV<br \/>\n\u2022 Design robusto em ferro fundido<br \/>\n\u2022 Cone de nariz integral para maior resist\u00eancia<br \/>\n\u2022 Rolamentos de rolos c\u00f4nicos<br \/>\n\u2022 Veda\u00e7\u00e3o de mola de l\u00e1bio duplo<\/p>\n<h3>Op\u00e7\u00f5es dispon\u00edveis:<\/h3>\n<p>\u2022 Configura\u00e7\u00e3o do eixo Esquerdo\/Direito\/T<br \/>\n\u2022 Arranjo de caixa de velocidades dupla<br \/>\n\u2022 Mudan\u00e7a Interna \u2013 (Para Frente \u2013 Neutro)<br \/>\n\u2022 Selos de Viton<br \/>\n\u2022 al\u00edvio de press\u00e3o<\/p>\n<p><img loading=\"lazy\" decoding=\"async\" class=\"alignnone  wp-image-2404\" src=\"https:\/\/agricultural-gear-boxes.com\/wp-content\/uploads\/2022\/12\/Bevel-STD-4490-Top.jpg\" alt=\"\" width=\"765\" height=\"869\" \/><\/p>","protected":false},"excerpt":{"rendered":"<p>4490 Series Low Ratio Cast Iron Bevel Gearboxes up to 1.25\u201d shaft diameter. Available in ratios up to 2:1 Our bevel gearboxes are available in various HP capacities. Choose from existing ratios and shaft configurations or customize them to meet your application needs. Our application engineers will work with you to understand your application requirements [&hellip;]<\/p>","protected":false},"featured_media":2403,"template":"","meta":{"_et_pb_use_builder":"","_et_pb_old_content":"","_et_gb_content_width":""},"product_brand":[],"product_cat":[10402],"product_tag":[],"class_list":{"0":"post-2401","1":"product","2":"type-product","3":"status-publish","4":"has-post-thumbnail","6":"product_cat-agricultural-gearbox","8":"first","9":"instock","10":"shipping-taxable","11":"product-type-simple"},"_links":{"self":[{"href":"https:\/\/agricultural-gear-boxes.com\/pt\/wp-json\/wp\/v2\/product\/2401","targetHints":{"allow":["GET"]}}],"collection":[{"href":"https:\/\/agricultural-gear-boxes.com\/pt\/wp-json\/wp\/v2\/product"}],"about":[{"href":"https:\/\/agricultural-gear-boxes.com\/pt\/wp-json\/wp\/v2\/types\/product"}],"wp:featuredmedia":[{"embeddable":true,"href":"https:\/\/agricultural-gear-boxes.com\/pt\/wp-json\/wp\/v2\/media\/2403"}],"wp:attachment":[{"href":"https:\/\/agricultural-gear-boxes.com\/pt\/wp-json\/wp\/v2\/media?parent=2401"}],"wp:term":[{"taxonomy":"product_brand","embeddable":true,"href":"https:\/\/agricultural-gear-boxes.com\/pt\/wp-json\/wp\/v2\/product_brand?post=2401"},{"taxonomy":"product_cat","embeddable":true,"href":"https:\/\/agricultural-gear-boxes.com\/pt\/wp-json\/wp\/v2\/product_cat?post=2401"},{"taxonomy":"product_tag","embeddable":true,"href":"https:\/\/agricultural-gear-boxes.com\/pt\/wp-json\/wp\/v2\/product_tag?post=2401"}],"curies":[{"name":"wp","href":"https:\/\/api.w.org\/{rel}","templated":true}]}}