{"id":2406,"date":"2022-12-20T07:54:53","date_gmt":"2022-12-20T07:54:53","guid":{"rendered":"https:\/\/agricultural-gear-boxes.com\/?post_type=product&#038;p=2406"},"modified":"2022-12-20T07:54:53","modified_gmt":"2022-12-20T07:54:53","slug":"agricultural-tractor-gearbox","status":"publish","type":"product","link":"https:\/\/agricultural-gear-boxes.com\/pt\/product\/agricultural-tractor-gearbox\/","title":{"rendered":"Caixa de engrenagens de trator agr\u00edcola"},"content":{"rendered":"<h2>Caracter\u00edsticas da caixa de engrenagens do trator agr\u00edcola<\/h2>\n<p>1. Design modular de alto padr\u00e3o<br \/>\nO produto pode facilmente conectar e acionar diferentes tipos de motores ou outros tipos de pot\u00eancia de entrada. O mesmo tipo de motoredutor pode ser adaptado \u00e0 pot\u00eancia do motor selecionada. Portanto, \u00e9 f\u00e1cil implementar diferentes solu\u00e7\u00f5es para diferentes requisitos.<\/p>\n<p>2. Propor\u00e7\u00e3o<br \/>\nCom muitas rela\u00e7\u00f5es bem particionadas e rela\u00e7\u00f5es de amplo alcance. Rela\u00e7\u00f5es muito grandes podem ser obtidas combinando unidades para atingir velocidades de sa\u00edda extremamente baixas.<\/p>\n<p>3. Layout de instala\u00e7\u00e3o<br \/>\nN\u00e3o h\u00e1 restri\u00e7\u00f5es r\u00edgidas quanto ao arranjo de instala\u00e7\u00e3o.<\/p>\n<p>4. Alta resist\u00eancia, tamanho compacto<br \/>\nA carca\u00e7a \u00e9 feita de ferro fundido de alta resist\u00eancia. As engrenagens e engrenagens do eixo s\u00e3o carbonizadas a g\u00e1s e retificadas com precis\u00e3o, o que, por sua vez, obt\u00e9m uma alta capacidade para um determinado volume.<\/p>\n<p>5. Longa vida \u00fatil<br \/>\nNo caso de uma sele\u00e7\u00e3o precisa do tamanho do modelo e manuten\u00e7\u00e3o e uso normais, a vida \u00fatil dos principais componentes (exceto pe\u00e7as de desgaste) pode atingir mais de 25.000 horas. Pe\u00e7as facilmente danificadas incluem \u00f3leo lubrificante, retentores de \u00f3leo e rolamentos.<\/p>\n<p>6. Baixo ru\u00eddo<br \/>\nTodos os componentes principais s\u00e3o usinados com precis\u00e3o, montados com precis\u00e3o e finalmente testados com ru\u00eddo extremamente baixo.<\/p>\n<p>7. Alta efici\u00eancia<br \/>\nA efici\u00eancia do redutor pode atingir 95%. Efici\u00eancia da engrenagem sem-fim at\u00e9 89%<\/p>\n<p>8. Grande capacidade de carga radial<\/p>\n<p>9. A capacidade de carga axial pode atingir 5% da carga radial.<\/p>\n<p>condi\u00e7\u00f5es do local<br \/>\nO motoredutor \u00e9 adequado para locais de trabalho onde a temperatura ambiente \u00e9 de -10 graus a 40 graus e a altitude pode atingir 1000 metros acima do n\u00edvel do mar. Eles est\u00e3o dispon\u00edveis para opera\u00e7\u00e3o no sentido hor\u00e1rio e anti-hor\u00e1rio. N\u00e3o h\u00e1 restri\u00e7\u00f5es em \u00e1reas espec\u00edficas de aplica\u00e7\u00e3o. Ao aplicar em outras atmosferas operacionais ou condi\u00e7\u00f5es ambientais adversas, entre em contato com nosso departamento t\u00e9cnico.<\/p>\n<p><img loading=\"lazy\" decoding=\"async\" class=\"alignnone  wp-image-2408\" src=\"https:\/\/agricultural-gear-boxes.com\/wp-content\/uploads\/2022\/12\/agricultural-tractor-gearbox2.jpg\" alt=\"\" width=\"811\" height=\"358\" srcset=\"https:\/\/agricultural-gear-boxes.com\/wp-content\/uploads\/2022\/12\/agricultural-tractor-gearbox2.jpg 811w, https:\/\/agricultural-gear-boxes.com\/wp-content\/uploads\/2022\/12\/agricultural-tractor-gearbox2-480x212.jpg 480w\" sizes=\"(min-width: 0px) and (max-width: 480px) 480px, (min-width: 481px) 811px, 100vw\" \/><\/p>\n<p><img loading=\"lazy\" decoding=\"async\" class=\"alignnone  wp-image-2409\" src=\"https:\/\/agricultural-gear-boxes.com\/wp-content\/uploads\/2022\/12\/agricultural-tractor-gearbox3.jpg\" alt=\"\" width=\"839\" height=\"573\" \/><\/p>","protected":false},"excerpt":{"rendered":"<p>Features of Agricultural Tractor Gearbox 1. High-standard modular design The product can easily connect and drive different types of motors or other types of input power. The same type of geared motor can be adapted to the selected motor power. It is thus easy to implement different solutions for different requirements. 2. Proportion With many [&hellip;]<\/p>","protected":false},"featured_media":2410,"template":"","meta":{"_et_pb_use_builder":"","_et_pb_old_content":"","_et_gb_content_width":""},"product_brand":[],"product_cat":[10402],"product_tag":[],"class_list":{"0":"post-2406","1":"product","2":"type-product","3":"status-publish","4":"has-post-thumbnail","6":"product_cat-agricultural-gearbox","8":"first","9":"instock","10":"shipping-taxable","11":"product-type-simple"},"_links":{"self":[{"href":"https:\/\/agricultural-gear-boxes.com\/pt\/wp-json\/wp\/v2\/product\/2406","targetHints":{"allow":["GET"]}}],"collection":[{"href":"https:\/\/agricultural-gear-boxes.com\/pt\/wp-json\/wp\/v2\/product"}],"about":[{"href":"https:\/\/agricultural-gear-boxes.com\/pt\/wp-json\/wp\/v2\/types\/product"}],"wp:featuredmedia":[{"embeddable":true,"href":"https:\/\/agricultural-gear-boxes.com\/pt\/wp-json\/wp\/v2\/media\/2410"}],"wp:attachment":[{"href":"https:\/\/agricultural-gear-boxes.com\/pt\/wp-json\/wp\/v2\/media?parent=2406"}],"wp:term":[{"taxonomy":"product_brand","embeddable":true,"href":"https:\/\/agricultural-gear-boxes.com\/pt\/wp-json\/wp\/v2\/product_brand?post=2406"},{"taxonomy":"product_cat","embeddable":true,"href":"https:\/\/agricultural-gear-boxes.com\/pt\/wp-json\/wp\/v2\/product_cat?post=2406"},{"taxonomy":"product_tag","embeddable":true,"href":"https:\/\/agricultural-gear-boxes.com\/pt\/wp-json\/wp\/v2\/product_tag?post=2406"}],"curies":[{"name":"wp","href":"https:\/\/api.w.org\/{rel}","templated":true}]}}