{"id":2411,"date":"2022-12-20T08:33:01","date_gmt":"2022-12-20T08:33:01","guid":{"rendered":"https:\/\/agricultural-gear-boxes.com\/?post_type=product&#038;p=2411"},"modified":"2022-12-20T08:33:02","modified_gmt":"2022-12-20T08:33:02","slug":"agricultural-right-angle-gearbox","status":"publish","type":"product","link":"https:\/\/agricultural-gear-boxes.com\/pt\/product\/agricultural-right-angle-gearbox\/","title":{"rendered":"Caixa de engrenagens de \u00e2ngulo reto agr\u00edcola"},"content":{"rendered":"<p>A caixa de engrenagens \u00e9 usada para transmiss\u00e3o de cortadores de grama; nosso padr\u00e3o \u00e9 de 30 HP-90 HP, e aceitamos personalizados. Somos profissionais na \u00e1rea de caixas de engrenagens agr\u00edcolas com mais de 20 anos de experi\u00eancia.<br \/>\nEsta s\u00e9rie de caixas de engrenagens \u00e9 desenvolvida de forma independente. Ela tem as caracter\u00edsticas de alta versatilidade, estrutura simples e bom desempenho e \u00e9 amplamente usada em m\u00e1quinas de jardim e outras m\u00e1quinas agr\u00edcolas.<br \/>\nV\u00e1rias caixas de engrenagens s\u00e3o usadas em m\u00e1quinas agr\u00edcolas e industriais.<br \/>\nCom tecnologia avan\u00e7ada e fortes capacidades independentes de pesquisa e desenvolvimento, novas caixas de engrenagens podem ser produzidas de acordo com os desenhos de projeto do cliente.<\/p>\n<p>* Todas as caixas de engrenagens s\u00e3o isentas de \u00f3leo.<br \/>\n* Primeira troca de \u00f3leo ap\u00f3s 50-70 horas de opera\u00e7\u00e3o, depois ap\u00f3s 500-700 horas ou pelo menos uma vez por ano.<br \/>\n*Entre em contato conosco para obter pot\u00eancia em diferentes RPMs.<\/p>\n<table class=\"has-title is-zebra hight-light-first-column all magic-13\">\n<tbody>\n<tr>\n<td colspan=\"1\" rowspan=\"1\">\n<div class=\"magic-14\" data-spm-anchor-id=\"a2700.details.0.i20.2a841930lXpNOd\"><b>ITEM<\/b><\/div>\n<\/td>\n<td colspan=\"1\" rowspan=\"1\">\n<div class=\"magic-15\"><b><i>EP-75<\/i><\/b><\/div>\n<\/td>\n<td colspan=\"1\" rowspan=\"1\">\n<div class=\"magic-16\"><b><i>EP-9.310<\/i><\/b><\/div>\n<\/td>\n<td colspan=\"1\" rowspan=\"1\">\n<div class=\"magic-17\"><b><i>EP-20100.131.00<\/i><\/b><\/div>\n<\/td>\n<td colspan=\"1\" rowspan=\"1\">\n<div class=\"magic-18\"><b><i>EP-9.311-JCG<\/i><\/b><\/div>\n<\/td>\n<td colspan=\"1\" rowspan=\"1\">\n<div class=\"magic-18\"><b><i>EP-9.312<\/i><\/b><\/div>\n<\/td>\n<td colspan=\"1\" rowspan=\"1\">\n<div class=\"magic-19\"><b><i>EP-30<\/i><\/b><\/div>\n<\/td>\n<td colspan=\"1\" rowspan=\"1\">\n<div class=\"magic-20\"><b><i>EP-9.311<\/i><\/b><\/div>\n<\/td>\n<\/tr>\n<tr>\n<td colspan=\"1\" rowspan=\"1\">\n<div class=\"magic-14\"><b>Raz\u00e3o<\/b><\/div>\n<\/td>\n<td colspan=\"1\" rowspan=\"1\">\n<div class=\"magic-15\">1:3 \/ 1:2.83 \/ 1:1.65 \/ 1:1.6<\/div>\n<\/td>\n<td colspan=\"1\" rowspan=\"1\">\n<div class=\"magic-16\">1:3<\/div>\n<\/td>\n<td colspan=\"1\" rowspan=\"1\">\n<div class=\"magic-17\">1.31:1<\/div>\n<\/td>\n<td colspan=\"1\" rowspan=\"1\">\n<div class=\"magic-18\">1:3<\/div>\n<\/td>\n<td colspan=\"1\" rowspan=\"1\">\n<div class=\"magic-18\">1:3<\/div>\n<\/td>\n<td colspan=\"1\" rowspan=\"1\">\n<div class=\"magic-19\">1:2.9<\/div>\n<\/td>\n<td colspan=\"1\" rowspan=\"1\">\n<div class=\"magic-20\">1:3<\/div>\n<\/td>\n<\/tr>\n<tr>\n<td colspan=\"1\" rowspan=\"1\">\n<div class=\"magic-14\"><b>Dentes<\/b><\/div>\n<\/td>\n<td colspan=\"1\" rowspan=\"1\">\n<div class=\"magic-15\">12\/36 34\/12 33\/20 24\/15<\/div>\n<\/td>\n<td colspan=\"1\" rowspan=\"1\">\n<div class=\"magic-16\">12\/36<\/div>\n<\/td>\n<td colspan=\"1\" rowspan=\"1\">\n<div class=\"magic-17\">16\/21<\/div>\n<\/td>\n<td colspan=\"1\" rowspan=\"1\">\n<div class=\"magic-18\">36\/12<\/div>\n<\/td>\n<td colspan=\"1\" rowspan=\"1\">\n<div class=\"magic-18\">12\/364.58<\/div>\n<\/td>\n<td colspan=\"1\" rowspan=\"1\">\n<div class=\"magic-19\">32\/11<\/div>\n<\/td>\n<td colspan=\"1\" rowspan=\"1\">\n<div class=\"magic-20\">36\/12<\/div>\n<\/td>\n<\/tr>\n<tr>\n<td colspan=\"1\" rowspan=\"1\">\n<div class=\"magic-14\"><b>M\u00f3dulo<\/b><\/div>\n<\/td>\n<td colspan=\"1\" rowspan=\"1\">\n<div class=\"magic-15\">6.0\/5.35\/5.5\/7.5<\/div>\n<\/td>\n<td colspan=\"1\" rowspan=\"1\">\n<div class=\"magic-16\">3.45<\/div>\n<\/td>\n<td colspan=\"1\" rowspan=\"1\">\n<div class=\"magic-17\">7.0<\/div>\n<\/td>\n<td colspan=\"1\" rowspan=\"1\">\n<div class=\"magic-18\">4.35<\/div>\n<\/td>\n<td colspan=\"1\" rowspan=\"1\">\n<div class=\"magic-18\">4.58<\/div>\n<\/td>\n<td colspan=\"1\" rowspan=\"1\">\n<div class=\"magic-19\">3.0<\/div>\n<\/td>\n<td colspan=\"1\" rowspan=\"1\">\n<div class=\"magic-20\">4.35<\/div>\n<\/td>\n<\/tr>\n<tr>\n<td colspan=\"1\" rowspan=\"1\">\n<div class=\"magic-14\"><b>Pot\u00eancia (HP)<\/b><\/div>\n<\/td>\n<td colspan=\"1\" rowspan=\"1\">\n<div class=\"magic-15\">75\/75\/100\/125<\/div>\n<\/td>\n<td colspan=\"1\" rowspan=\"1\">\n<div class=\"magic-16\">30<\/div>\n<\/td>\n<td colspan=\"1\" rowspan=\"1\">\n<div class=\"magic-17\">100<\/div>\n<\/td>\n<td colspan=\"1\" rowspan=\"1\">\n<div class=\"magic-18\">50<\/div>\n<\/td>\n<td colspan=\"1\" rowspan=\"1\">\n<div class=\"magic-18\">62<\/div>\n<\/td>\n<td colspan=\"1\" rowspan=\"1\">\n<div class=\"magic-19\">30<\/div>\n<\/td>\n<td colspan=\"1\" rowspan=\"1\">\n<div class=\"magic-20\">50<\/div>\n<\/td>\n<\/tr>\n<tr>\n<td colspan=\"1\" rowspan=\"1\">\n<div class=\"magic-21\"><b>Entrada classificada<\/b><\/div>\n<\/td>\n<td colspan=\"1\" rowspan=\"1\">\n<div class=\"magic-22\">540 rpm<\/div>\n<\/td>\n<td colspan=\"1\" rowspan=\"1\">\n<div class=\"magic-23\">540 rpm<\/div>\n<\/td>\n<td colspan=\"1\" rowspan=\"1\">\n<div class=\"magic-24\">600 rpm<\/div>\n<\/td>\n<td colspan=\"1\" rowspan=\"1\">\n<div class=\"magic-25\">540 rpm<\/div>\n<\/td>\n<td colspan=\"1\" rowspan=\"1\">\n<div class=\"magic-18\">540 rpm<\/div>\n<\/td>\n<td colspan=\"1\" rowspan=\"1\">\n<div class=\"magic-19\">540 rpm<\/div>\n<\/td>\n<td colspan=\"1\" rowspan=\"1\">\n<div class=\"magic-20\">540 rpm<\/div>\n<\/td>\n<\/tr>\n<tr>\n<td colspan=\"1\" rowspan=\"1\">\n<div class=\"magic-21\"><b>Descri\u00e7\u00e3o de entrada\/sa\u00edda<\/b><\/div>\n<\/td>\n<td colspan=\"1\" rowspan=\"1\">\n<div class=\"magic-22\">3\/8 Z6 \/ Eixo \u00f3ptico<\/div>\n<\/td>\n<td colspan=\"1\" rowspan=\"1\">\n<div class=\"magic-23\">1 3\/8 Z6 \/ Eixo \u00f3ptico<\/div>\n<\/td>\n<td colspan=\"1\" rowspan=\"1\">\n<div class=\"magic-24\">8-\u03a6 48\u00d7\u03a6 42\u00d78<\/div>\n<\/td>\n<td colspan=\"1\" rowspan=\"1\">\n<div class=\"magic-25\">1 3\/8 Z6 \/ Eixo \u00f3ptico<\/div>\n<\/td>\n<td colspan=\"1\" rowspan=\"1\">\n<div class=\"magic-18\">1 3\/8 Z6 \/ Eixo \u00f3ptico<\/div>\n<\/td>\n<td colspan=\"1\" rowspan=\"1\">\n<div class=\"magic-19\">1 3\/8 Z6 \/ Eixo \u00f3ptico<\/div>\n<\/td>\n<td colspan=\"1\" rowspan=\"1\">\n<div class=\"magic-20\">1 3\/8 Z6 \/ Eixo \u00f3ptico<\/div>\n<\/td>\n<\/tr>\n<tr>\n<td colspan=\"1\" rowspan=\"1\">\n<div class=\"magic-21\"><b>Peso (NW)<\/b><\/div>\n<\/td>\n<td colspan=\"1\" rowspan=\"1\">\n<div class=\"magic-22\">37 kg<\/div>\n<\/td>\n<td colspan=\"1\" rowspan=\"1\">\n<div class=\"magic-23\">18 kg<\/div>\n<\/td>\n<td colspan=\"1\" rowspan=\"1\">\n<div class=\"magic-24\">58 kg<\/div>\n<\/td>\n<td colspan=\"1\" rowspan=\"1\">\n<div class=\"magic-25\">21 kg<\/div>\n<\/td>\n<td colspan=\"1\" rowspan=\"1\">\n<div class=\"magic-18\">27 kg<\/div>\n<\/td>\n<td colspan=\"1\" rowspan=\"1\">\n<div class=\"magic-19\">13,5 kg<\/div>\n<\/td>\n<td colspan=\"1\" rowspan=\"1\">\n<div class=\"magic-20\" data-spm-anchor-id=\"a2700.details.0.i21.2a841930lXpNOd\">21 kg<\/div>\n<\/td>\n<\/tr>\n<\/tbody>\n<\/table>\n<p>1. Grande torque de sa\u00edda<br \/>\n2. Seguro, confi\u00e1vel, econ\u00f4mico e dur\u00e1vel<br \/>\n3. Transmiss\u00e3o est\u00e1vel e opera\u00e7\u00e3o silenciosa<br \/>\n4. Forte capacidade de carga<br \/>\n5. Design altamente modular, que pode ser facilmente equipado com v\u00e1rias entradas de energia externas. O mesmo modelo pode ser configurado com diferentes motores de energia. Realize facilmente a combina\u00e7\u00e3o e a conex\u00e3o entre v\u00e1rios modelos<br \/>\n6. Taxa de transmiss\u00e3o: divis\u00e3o fina, ampla faixa. Modelos combinados podem formar taxas de transmiss\u00e3o muito grandes, ou seja, E. A velocidade de sa\u00edda \u00e9 muito baixa.<br \/>\n7. Forma de instala\u00e7\u00e3o: a posi\u00e7\u00e3o de instala\u00e7\u00e3o n\u00e3o \u00e9 limitada.<br \/>\n8. Alta resist\u00eancia. O corpo da caixa \u00e9 feito de ferro fundido de alta resist\u00eancia. As engrenagens e eixos de engrenagem s\u00e3o feitos de processos de cementa\u00e7\u00e3o a g\u00e1s, t\u00eampera e retifica\u00e7\u00e3o fina, e a capacidade de carga por unidade de volume \u00e9 alta.<br \/>\n9. Longa vida \u00fatil: Sob a condi\u00e7\u00e3o de sele\u00e7\u00e3o correta do modelo (incluindo uma sele\u00e7\u00e3o de par\u00e2metros operacionais apropriados) e opera\u00e7\u00e3o e manuten\u00e7\u00e3o normais, a vida \u00fatil das principais pe\u00e7as do redutor (exceto pe\u00e7as de desgaste) n\u00e3o \u00e9 menor que 20.000 horas. As pe\u00e7as vulner\u00e1veis incluem \u00f3leo lubrificante, retentores de \u00f3leo, rolamentos, etc.<br \/>\n10. Baixo ru\u00eddo: como as partes principais do redutor foram rigorosamente processadas e testadas, o ru\u00eddo do redutor \u00e9 muito baixo.<br \/>\n11. A caixa de engrenagens da nossa empresa atingiu o n\u00edvel internacional avan\u00e7ado e pode substituir produtos importados similares.<\/p>\n<h3><b><span class=\"magic-26\" data-spm-anchor-id=\"a2700.details.0.i25.2a841930lXpNOd\">Aplicativo<\/span><\/b><\/h3>\n<p><img loading=\"lazy\" decoding=\"async\" class=\"alignnone size-full wp-image-2413\" src=\"https:\/\/agricultural-gear-boxes.com\/wp-content\/uploads\/2022\/12\/agricultural_right_angle_gearbox2.jpg\" alt=\"Caixa de engrenagens de \u00e2ngulo reto agr\u00edcola\" width=\"971\" height=\"231\" srcset=\"https:\/\/agricultural-gear-boxes.com\/wp-content\/uploads\/2022\/12\/agricultural_right_angle_gearbox2.jpg 971w, https:\/\/agricultural-gear-boxes.com\/wp-content\/uploads\/2022\/12\/agricultural_right_angle_gearbox2-480x114.jpg 480w\" sizes=\"(min-width: 0px) and (max-width: 480px) 480px, (min-width: 481px) 971px, 100vw\" \/><\/p>\n<h3><b><span class=\"magic-26\">Tamb\u00e9m fornecemos eixos de tomada de for\u00e7a<\/span><\/b><\/h3>\n<p><img loading=\"lazy\" decoding=\"async\" class=\"alignnone size-full wp-image-2414\" src=\"https:\/\/agricultural-gear-boxes.com\/wp-content\/uploads\/2022\/12\/agricultural_right_angle_gearbox3.webp\" alt=\"Caixa de engrenagens de \u00e2ngulo reto agr\u00edcola\" width=\"1826\" height=\"500\" srcset=\"https:\/\/agricultural-gear-boxes.com\/wp-content\/uploads\/2022\/12\/agricultural_right_angle_gearbox3.webp 1826w, https:\/\/agricultural-gear-boxes.com\/wp-content\/uploads\/2022\/12\/agricultural_right_angle_gearbox3-1280x350.webp 1280w, https:\/\/agricultural-gear-boxes.com\/wp-content\/uploads\/2022\/12\/agricultural_right_angle_gearbox3-980x268.webp 980w, https:\/\/agricultural-gear-boxes.com\/wp-content\/uploads\/2022\/12\/agricultural_right_angle_gearbox3-480x131.webp 480w\" sizes=\"(min-width: 0px) and (max-width: 480px) 480px, (min-width: 481px) and (max-width: 980px) 980px, (min-width: 981px) and (max-width: 1280px) 1280px, (min-width: 1281px) 1826px, 100vw\" \/><\/p>","protected":false},"excerpt":{"rendered":"<p>The gearbox is used for lawn mower transmission; our standard is from 30 HP-90 HP, and we accept customized. We are professionals in the field of agricultural gearboxes with over 20 years of experience. This series of gearboxes are independently developed. It has the characteristics of high versatility, simple structure, and good performance and is [&hellip;]<\/p>","protected":false},"featured_media":2415,"template":"","meta":{"_et_pb_use_builder":"","_et_pb_old_content":"","_et_gb_content_width":""},"product_brand":[],"product_cat":[10402],"product_tag":[],"class_list":{"0":"post-2411","1":"product","2":"type-product","3":"status-publish","4":"has-post-thumbnail","6":"product_cat-agricultural-gearbox","8":"first","9":"instock","10":"shipping-taxable","11":"product-type-simple"},"_links":{"self":[{"href":"https:\/\/agricultural-gear-boxes.com\/pt\/wp-json\/wp\/v2\/product\/2411","targetHints":{"allow":["GET"]}}],"collection":[{"href":"https:\/\/agricultural-gear-boxes.com\/pt\/wp-json\/wp\/v2\/product"}],"about":[{"href":"https:\/\/agricultural-gear-boxes.com\/pt\/wp-json\/wp\/v2\/types\/product"}],"wp:featuredmedia":[{"embeddable":true,"href":"https:\/\/agricultural-gear-boxes.com\/pt\/wp-json\/wp\/v2\/media\/2415"}],"wp:attachment":[{"href":"https:\/\/agricultural-gear-boxes.com\/pt\/wp-json\/wp\/v2\/media?parent=2411"}],"wp:term":[{"taxonomy":"product_brand","embeddable":true,"href":"https:\/\/agricultural-gear-boxes.com\/pt\/wp-json\/wp\/v2\/product_brand?post=2411"},{"taxonomy":"product_cat","embeddable":true,"href":"https:\/\/agricultural-gear-boxes.com\/pt\/wp-json\/wp\/v2\/product_cat?post=2411"},{"taxonomy":"product_tag","embeddable":true,"href":"https:\/\/agricultural-gear-boxes.com\/pt\/wp-json\/wp\/v2\/product_tag?post=2411"}],"curies":[{"name":"wp","href":"https:\/\/api.w.org\/{rel}","templated":true}]}}