{"id":2868,"date":"2024-08-20T03:27:20","date_gmt":"2024-08-20T03:27:20","guid":{"rendered":"https:\/\/agricultural-gear-boxes.com\/product\/geared-motor-for-greenhouse\/"},"modified":"2024-08-20T03:27:22","modified_gmt":"2024-08-20T03:27:22","slug":"geared-motor-for-greenhouse","status":"publish","type":"product","link":"https:\/\/agricultural-gear-boxes.com\/pt\/product\/geared-motor-for-greenhouse\/","title":{"rendered":"Motor de engrenagem para estufa"},"content":{"rendered":"<h2>Motor de engrenagem para estufa: a solu\u00e7\u00e3o perfeita para suas necessidades agr\u00edcolas<\/h2>\n<p>Motores de engrenagem para estufa s\u00e3o um componente essencial para a agricultura moderna, fornecendo automa\u00e7\u00e3o confi\u00e1vel e eficiente para v\u00e1rios sistemas. Esses motoredutores s\u00e3o usados para janelas e peneiramento, e eles v\u00eam com muitos benef\u00edcios que os tornam ideais para aplica\u00e7\u00f5es em estufas.<\/p>\n<p>Motores com engrenagens s\u00e3o usados na agricultura h\u00e1 v\u00e1rios anos, e sua popularidade s\u00f3 aumentou nos \u00faltimos anos. A fun\u00e7\u00e3o prim\u00e1ria de um motor com engrenagens \u00e9 fornecer movimento controlado a uma m\u00e1quina ou sistema. Isso os torna adequados para muitas aplica\u00e7\u00f5es, como ventila\u00e7\u00e3o e controle de temperatura.<\/p>\n<h3>Vantagens do motor de engrenagem para estufa:<\/h3>\n<ul>\n<li>Alta efici\u00eancia: os motoredutores s\u00e3o conhecidos por sua efici\u00eancia energ\u00e9tica, o que os torna perfeitos para aplica\u00e7\u00f5es em estufas onde o consumo de energia \u00e9 uma preocupa\u00e7\u00e3o significativa.<\/li>\n<li>Baixo ru\u00eddo: Nossos motoredutores para estufas s\u00e3o projetados para operar silenciosamente, garantindo um ambiente confort\u00e1vel e tranquilo para plantas e trabalhadores.<\/li>\n<li>Grande torque: Nossos motoredutores fornecem excelente torque que pode suportar cargas pesadas e proporcionar movimento preciso.<\/li>\n<li>Interruptor de fim de curso confi\u00e1vel: Nossos motoredutores v\u00eam equipados com um interruptor de fim de curso confi\u00e1vel que garante um posicionamento preciso e ajuda a evitar danos ao sistema.<\/li>\n<li>Longa vida \u00fatil: Nossos motoredutores s\u00e3o dur\u00e1veis e projetados para durar anos, mesmo em ambientes adversos.<\/li>\n<\/ul>\n<h3>Instala\u00e7\u00e3o e Manuten\u00e7\u00e3o:<\/h3>\n<p>The installation of geared motors for greenhouse is straightforward and can be done by a professional or the user. Regular maintenance is recommended to ensure the system&#8217;s optimal performance. Proper maintenance includes regular lubrication, visual inspection, and testing of the limit switch.<\/p>\n<h3>Outros produtos da empresa:<\/h3>\n<p>Al\u00e9m de motores de engrenagem para estufa, nossa empresa fornece v\u00e1rias engrenagens de pl\u00e1stico usadas na ind\u00fastria. Nossos produtos incluem caixas de engrenagens agr\u00edcolas, eixos de sa\u00edda de pot\u00eancia, rodas dentadas, acoplamentos de fluido, redutores de engrenagem sem-fim, engrenagens e cremalheiras, correntes destac\u00e1veis, polias e polias, caixas de engrenagens planet\u00e1rias, polias de sincroniza\u00e7\u00e3o, buchas e muito mais.<\/p>\n<p>Oferecemos produtos de alta qualidade a um pre\u00e7o favor\u00e1vel com servi\u00e7o atencioso. Damos boas-vindas aos clientes para virem at\u00e9 n\u00f3s para personaliza\u00e7\u00e3o de desenho ou amostra.<\/p>\n<h3>Perguntas e respostas:<\/h3>\n<p><strong>T1:<\/strong> O que \u00e9 um motoredutor?<br \/>\n<strong>A1:<\/strong> Motores com engrenagens s\u00e3o usados para fornecer movimento controlado a uma m\u00e1quina ou sistema. Eles s\u00e3o adequados para muitas aplica\u00e7\u00f5es, como ventila\u00e7\u00e3o e controle de temperatura.<\/p>\n<p><strong>Q2:<\/strong> Quais s\u00e3o as vantagens dos motoredutores para estufas?<br \/>\n<strong>A2:<\/strong> As vantagens dos motoredutores para estufas incluem alta efici\u00eancia, baixo ru\u00eddo, alto torque, fim de curso confi\u00e1vel e longa vida \u00fatil.<\/p>\n<p><strong>T3:<\/strong> Como os motoredutores s\u00e3o instalados?<br \/>\n<strong>A3:<\/strong> Motores de engrenagem para estufa podem ser instalados por um profissional ou pelo usu\u00e1rio. Manuten\u00e7\u00e3o regular \u00e9 recomendada para garantir desempenho ideal.<\/p>\n<p><strong>T4:<\/strong> Quais outros produtos a empresa fornece?<br \/>\n<strong>A4:<\/strong> Al\u00e9m de motoredutores para estufas, nossa empresa fornece diversas engrenagens pl\u00e1sticas usadas na ind\u00fastria, como caixas de engrenagens agr\u00edcolas, eixos de sa\u00edda de pot\u00eancia, rodas dentadas, acoplamentos de fluido, redutores de engrenagem sem-fim, engrenagens e cremalheiras, correntes destac\u00e1veis, polias e polias, caixas de engrenagens planet\u00e1rias, polias de sincroniza\u00e7\u00e3o, buchas e muito mais.<\/p>\n<p><strong>Q5:<\/strong> What is the company&#8217;s mission?<br \/>\n<strong>A5:<\/strong> Nossa miss\u00e3o \u00e9 fornecer produtos de alta qualidade a um pre\u00e7o favor\u00e1vel com servi\u00e7o atencioso. Damos boas-vindas aos clientes para virem at\u00e9 n\u00f3s para personaliza\u00e7\u00e3o de desenho ou amostra.<\/p>","protected":false},"excerpt":{"rendered":"<p>Geared Motor For Greenhouse: The Perfect Solution for Your Agriculture Needs Geared motors for greenhouse are an essential component for modern agriculture, providing reliable and efficient automation for various systems. These geared motors are used for windowing and screening, and they come with many benefits that make them ideal for greenhouse applications. Geared motors have [&hellip;]<\/p>","protected":false},"featured_media":2867,"template":"","meta":{"_et_pb_use_builder":"","_et_pb_old_content":"","_et_gb_content_width":""},"product_brand":[],"product_cat":[10402],"product_tag":[],"class_list":{"0":"post-2868","1":"product","2":"type-product","3":"status-publish","4":"has-post-thumbnail","6":"product_cat-agricultural-gearbox","8":"first","9":"instock","10":"shipping-taxable","11":"product-type-simple"},"_links":{"self":[{"href":"https:\/\/agricultural-gear-boxes.com\/pt\/wp-json\/wp\/v2\/product\/2868","targetHints":{"allow":["GET"]}}],"collection":[{"href":"https:\/\/agricultural-gear-boxes.com\/pt\/wp-json\/wp\/v2\/product"}],"about":[{"href":"https:\/\/agricultural-gear-boxes.com\/pt\/wp-json\/wp\/v2\/types\/product"}],"wp:featuredmedia":[{"embeddable":true,"href":"https:\/\/agricultural-gear-boxes.com\/pt\/wp-json\/wp\/v2\/media\/2867"}],"wp:attachment":[{"href":"https:\/\/agricultural-gear-boxes.com\/pt\/wp-json\/wp\/v2\/media?parent=2868"}],"wp:term":[{"taxonomy":"product_brand","embeddable":true,"href":"https:\/\/agricultural-gear-boxes.com\/pt\/wp-json\/wp\/v2\/product_brand?post=2868"},{"taxonomy":"product_cat","embeddable":true,"href":"https:\/\/agricultural-gear-boxes.com\/pt\/wp-json\/wp\/v2\/product_cat?post=2868"},{"taxonomy":"product_tag","embeddable":true,"href":"https:\/\/agricultural-gear-boxes.com\/pt\/wp-json\/wp\/v2\/product_tag?post=2868"}],"curies":[{"name":"wp","href":"https:\/\/api.w.org\/{rel}","templated":true}]}}