{"id":2885,"date":"2024-08-20T03:27:48","date_gmt":"2024-08-20T03:27:48","guid":{"rendered":"https:\/\/agricultural-gear-boxes.com\/product\/agricultural-gearbox-for-sprayers\/"},"modified":"2024-08-20T03:27:50","modified_gmt":"2024-08-20T03:27:50","slug":"agricultural-gearbox-for-sprayers","status":"publish","type":"product","link":"https:\/\/agricultural-gear-boxes.com\/pt\/product\/agricultural-gearbox-for-sprayers\/","title":{"rendered":"Caixa de engrenagens agr\u00edcolas para pulverizadores"},"content":{"rendered":"<h2>Introdu\u00e7\u00e3o: Caixa de engrenagens agr\u00edcolas para pulverizadores<\/h2>\n<p style=\"text-align: center;\"><span style=\"color: #000000;\"><strong><span style=\"font-size: 24pt;\">Caixa de engrenagens agr\u00edcolas para pulverizadores<\/span><\/strong><\/span><\/p>\n<p>M\u00e1quinas agr\u00edcolas, como pulverizadores, usam caixas de engrenagens PTO para aumentar a efici\u00eancia da m\u00e1quina. Essas transmiss\u00f5es permitem que o motorista mude a dire\u00e7\u00e3o do pulverizador sem o uso de uma embreagem. O motorista pode mudar de marcha pressionando para baixo ou para cima na alavanca de c\u00e2mbio ou usando uma alavanca de transporte que seleciona avan\u00e7o-r\u00e9 e fornece uma posi\u00e7\u00e3o neutra. A \u00fanica vez que o motorista ter\u00e1 que usar a embreagem \u00e9 ao escolher a faixa de velocidade.<\/p>\n<p>Diferentemente da transmiss\u00e3o manual tradicional, a caixa de engrenagens agr\u00edcola Ever-power \u00e9 um componente altamente vers\u00e1til. Seus materiais de alta qualidade e designs de n\u00edvel de constru\u00e7\u00e3o a tornam a solu\u00e7\u00e3o perfeita para uma variedade de equipamentos de constru\u00e7\u00e3o, de pulverizadores a aeradores. Essas caixas de engrenagens apresentam comutadores de alto desempenho, permitindo controle e efici\u00eancia ideais. A caixa de engrenagens da m\u00e1quina pulverizadora tamb\u00e9m \u00e9 capaz de lidar com terrenos irregulares, ajudando os agricultores a aplicar fertilizantes e pesticidas com precis\u00e3o e facilidade.<\/p>\n<h2>Vantagens da caixa de engrenagens do pulverizador<\/h2>\n<p>Uma caixa de engrenagens de pulverizador pode ser uma ferramenta valiosa para atomizar a aplica\u00e7\u00e3o de \u00e1gua ou uma mistura de produtos qu\u00edmicos em v\u00e1rios processos agr\u00edcolas. Seu design e opera\u00e7\u00e3o s\u00e3o simples, o que a torna uma ferramenta pr\u00e1tica tanto para enchentes autopropulsadas quanto para secas. Al\u00e9m disso, a caixa de engrenagens do pulverizador \u00e9 conveniente de usar.<\/p>\n<p>Um pulverizador autopropelido de dupla finalidade \u00e1gua-solo \u00e9 fornecido com uma roda de engrenagem c\u00f4nica para sa\u00edda. Sua estrutura e design s\u00e3o f\u00e1ceis de operar, e seu baixo custo de produ\u00e7\u00e3o significa que ele tem uma vida \u00fatil estendida. Um modelo autopropelido tamb\u00e9m pode ser uma op\u00e7\u00e3o conveniente para fazendeiros e usu\u00e1rios industriais, que podem simplesmente montar a caixa de engrenagens na cabine. Outra vantagem desta caixa de engrenagens de tomada de for\u00e7a agr\u00edcola \u00e9 que ela \u00e9 f\u00e1cil de instalar e manter, ent\u00e3o o custo das pe\u00e7as de reposi\u00e7\u00e3o \u00e9 baixo.<\/p>\n<h2>Detalhes da caixa de engrenagens agr\u00edcolas Ever-power para pulverizadores<\/h2>\n<p><img loading=\"lazy\" decoding=\"async\" class=\"aligncenter wp-image-4801\" src=\"https:\/\/www.ever-power.net\/wp-content\/uploads\/2019\/07\/Agricultural-Gearbox-For-Sprayers-1.png\" alt=\"Caixa de engrenagens do pulverizador\" width=\"500\" height=\"500\" \/><\/p>\n<p><img loading=\"lazy\" decoding=\"async\" class=\"alignnone wp-image-4802 size-full\" src=\"https:\/\/www.ever-power.net\/wp-content\/uploads\/2019\/07\/Agricultural-Gearbox-For-Sprayers-2.jpg\" alt=\"Detalhes da caixa de engrenagens do pulverizador\" width=\"550\" height=\"540\" \/><\/p>\n<p><img loading=\"lazy\" decoding=\"async\" class=\"alignnone wp-image-4803 size-full\" src=\"https:\/\/www.ever-power.net\/wp-content\/uploads\/2019\/07\/Agricultural-Gearbox-For-Sprayers-3.jpg\" alt=\"Detalhes da caixa de engrenagens do pulverizador\" width=\"550\" height=\"497\" \/><\/p>\n<h2>Material usado na caixa de engrenagens do pulverizador<\/h2>\n<ol>\n<li>A\u00e7o inoxid\u00e1vel: SS201, SS303, SS304, SS316, SS416, SS420<\/li>\n<li>A\u00e7o: C45(K1045), C46(K1046),C20<\/li>\n<li>Lat\u00e3o: C36000 (C26800), C37700 (HPb59), C38500(HPb58), C27200(CuZn37), C28000(CuZn40)<\/li>\n<li>Bronze: C51000, C52100, C54400, etc<\/li>\n<li>Ferro: 1213, 12L14,1215<\/li>\n<li>Alum\u00ednio: Al6061, Al6063<\/li>\n<li>OEM de acordo com sua solicita\u00e7\u00e3o<\/li>\n<\/ol>\n<h2>Por que escolher a caixa de engrenagens agr\u00edcolas Ever-Power para pulverizadores<\/h2>\n<p>We specialize in manufacturing various mechanical and hydraulic transmissions such as planetary gearboxes, worm gear reducers, agricultural gearboxes, automotive transmissions, PTO drive shafts, special reducers, and related gear components and other related products such as sprockets, hydraulic systems, vacuum pumps, fluid couplings, rack and pinion, chains, hydraulic cylinders, etc. In addition, we can manufacture custom transmissions, gear motors, motors, and other hydraulic products according to customers&#8217; drawings to meet their needs.<\/p>\n<p>Nossos equipamentos avan\u00e7ados de inspe\u00e7\u00e3o e teste fornecem uma garantia confi\u00e1vel para a qualidade do produto. Al\u00e9m disso, temos uma equipe t\u00e9cnica profissional, tecnologia de processamento requintada e um sistema de controle rigoroso.<\/p>\n<p><img loading=\"lazy\" decoding=\"async\" class=\"aligncenter wp-image-380768\" src=\"https:\/\/www.ever-power.net\/wp-content\/uploads\/2019\/07\/agricultural-gearbox-factory.webp\" alt=\"F\u00e1brica de caixas de engrenagens\" width=\"600\" height=\"389\" \/><\/p>\n<p>Al\u00e9m disso, o <a href=\"https:\/\/www.ever-power.net\/pto-drive-shaft\/\" target=\"_blank\" rel=\"noopener\">Eixo de transmiss\u00e3o da tomada de for\u00e7a<\/a> \u00e9 um bom parceiro para caixas de engrenagens agr\u00edcolas. Tamb\u00e9m oferecemos esses eixos PTO de alta qualidade. Sinta-se \u00e0 vontade para entrar em contato conosco e obter o que voc\u00ea precisa!<\/p>\n<p><img loading=\"lazy\" decoding=\"async\" class=\"aligncenter size-full wp-image-378923\" src=\"https:\/\/www.ever-power.net\/wp-content\/uploads\/2022\/05\/ep_pto-shaft-5-2.webp\" alt=\"Eixo de tomada de for\u00e7a\" width=\"1826\" height=\"500\" \/><\/p>\n<h2>Outros produtos Neg\u00f3cios<\/h2>\n<p>N\u00f3s fornecemos principalmente v\u00e1rias engrenagens pl\u00e1sticas usadas na ind\u00fastria, como caixas de engrenagens agr\u00edcolas, eixos de sa\u00edda de pot\u00eancia, rodas dentadas, acoplamentos de fluido, redutores de engrenagem sem-fim, engrenagens e cremalheiras, correntes destac\u00e1veis, polias e polias, caixas de engrenagens planet\u00e1rias, polias de sincroniza\u00e7\u00e3o, buchas e muito mais. Nossos produtos s\u00e3o de alta qualidade, oferecidos a pre\u00e7os favor\u00e1veis e acompanhados por um servi\u00e7o atencioso. Damos as boas-vindas aos clientes para virem at\u00e9 n\u00f3s para produtos personalizados com base em seus desenhos ou amostras.<\/p>\n<h2>Perguntas e respostas<\/h2>\n<ol>\n<li>P: Como funciona a caixa de engrenagens de um pulverizador?<\/li>\n<li>R: Uma caixa de engrenagens de pulverizador permite que o motorista altere a dire\u00e7\u00e3o do pulverizador sem usar uma embreagem. Ela oferece op\u00e7\u00f5es de troca de marchas por meio de uma alavanca de c\u00e2mbio ou lan\u00e7adeira, fornecendo controle e efici\u00eancia em aplica\u00e7\u00f5es agr\u00edcolas.<\/li>\n<li>P: Quais materiais s\u00e3o usados na fabrica\u00e7\u00e3o de caixas de engrenagens de pulverizadores?<\/li>\n<li>R: As caixas de engrenagens do pulverizador s\u00e3o feitas de v\u00e1rios materiais, incluindo a\u00e7o inoxid\u00e1vel (SS201, SS303, SS304, SS316, SS416, SS420), a\u00e7o (C45, C46, C20), lat\u00e3o (C36000, C37700, C38500, C27200, C28000), bronze (C51000, C52100, C54400), ferro (1213, 12L14, 1215), alum\u00ednio (Al6061, Al6063) e podem ser personalizadas de acordo com requisitos espec\u00edficos.<\/li>\n<li>P: \u00c9 f\u00e1cil instalar e manter uma caixa de engrenagens de pulverizador?<\/li>\n<li>A: As caixas de engrenagens de pulverizadores s\u00e3o conhecidas por sua f\u00e1cil instala\u00e7\u00e3o e baixa necessidade de manuten\u00e7\u00e3o. Isso reduz o custo de pe\u00e7as de reposi\u00e7\u00e3o e garante uma vida \u00fatil mais longa para a caixa de engrenagens.<\/li>\n<\/ol>","protected":false},"excerpt":{"rendered":"<p>Introduction: Agricultural Gearbox for Sprayers Agricultural Gearbox for Sprayers Agricultural machinery such as sprayers uses PTO gearboxes to increase the efficiency of the machine. These transmissions allow the driver to change the direction of the sprayer without the use of a clutch. The driver can change gear by pressing down or up on the gear [&hellip;]<\/p>","protected":false},"featured_media":2884,"template":"","meta":{"_et_pb_use_builder":"","_et_pb_old_content":"","_et_gb_content_width":""},"product_brand":[],"product_cat":[10402],"product_tag":[],"class_list":{"0":"post-2885","1":"product","2":"type-product","3":"status-publish","4":"has-post-thumbnail","6":"product_cat-agricultural-gearbox","8":"first","9":"instock","10":"shipping-taxable","11":"product-type-simple"},"_links":{"self":[{"href":"https:\/\/agricultural-gear-boxes.com\/pt\/wp-json\/wp\/v2\/product\/2885","targetHints":{"allow":["GET"]}}],"collection":[{"href":"https:\/\/agricultural-gear-boxes.com\/pt\/wp-json\/wp\/v2\/product"}],"about":[{"href":"https:\/\/agricultural-gear-boxes.com\/pt\/wp-json\/wp\/v2\/types\/product"}],"wp:featuredmedia":[{"embeddable":true,"href":"https:\/\/agricultural-gear-boxes.com\/pt\/wp-json\/wp\/v2\/media\/2884"}],"wp:attachment":[{"href":"https:\/\/agricultural-gear-boxes.com\/pt\/wp-json\/wp\/v2\/media?parent=2885"}],"wp:term":[{"taxonomy":"product_brand","embeddable":true,"href":"https:\/\/agricultural-gear-boxes.com\/pt\/wp-json\/wp\/v2\/product_brand?post=2885"},{"taxonomy":"product_cat","embeddable":true,"href":"https:\/\/agricultural-gear-boxes.com\/pt\/wp-json\/wp\/v2\/product_cat?post=2885"},{"taxonomy":"product_tag","embeddable":true,"href":"https:\/\/agricultural-gear-boxes.com\/pt\/wp-json\/wp\/v2\/product_tag?post=2885"}],"curies":[{"name":"wp","href":"https:\/\/api.w.org\/{rel}","templated":true}]}}