{"id":2890,"date":"2024-08-20T03:27:55","date_gmt":"2024-08-20T03:27:55","guid":{"rendered":"https:\/\/agricultural-gear-boxes.com\/product\/agricultural-gearbox-for-lawn-mowers\/"},"modified":"2024-08-20T03:27:56","modified_gmt":"2024-08-20T03:27:56","slug":"agricultural-gearbox-for-lawn-mowers","status":"publish","type":"product","link":"https:\/\/agricultural-gear-boxes.com\/pt\/product\/agricultural-gearbox-for-lawn-mowers\/","title":{"rendered":"Caixa de engrenagens agr\u00edcolas para cortadores de grama"},"content":{"rendered":"<h2>Caixa de engrenagens agr\u00edcolas para cortadores de grama: a solu\u00e7\u00e3o perfeita para as necessidades de manuten\u00e7\u00e3o de espa\u00e7os verdes<\/h2>\n<p>Quando se trata da manuten\u00e7\u00e3o de espa\u00e7os verdes, usar o equipamento certo \u00e9 crucial. A caixa de engrenagens agr\u00edcolas para cortadores de grama \u00e9 um desses equipamentos que \u00e9 projetado para atender \u00e0s necessidades espec\u00edficas de transmiss\u00e3o de energia de m\u00e1quinas usadas em jardinagem e manuten\u00e7\u00e3o de espa\u00e7os verdes. Esta caixa de engrenagens \u00e9 uma solu\u00e7\u00e3o perfeita para cortadores de grama e outros equipamentos semelhantes usados em projetos de paisagismo.<\/p>\n<h3>O que \u00e9 caixa de engrenagens agr\u00edcolas para cortadores de grama?<\/h3>\n<p>Caixa de engrenagens agr\u00edcolas para cortadores de grama \u00e9 um sistema de transmiss\u00e3o de energia que fornece o torque e a velocidade necess\u00e1rios \u00e0s l\u00e2minas dos cortadores de grama para cortar a grama de forma eficiente. Essas caixas de engrenagens s\u00e3o projetadas para serem dur\u00e1veis e duradouras, proporcionando desempenho m\u00e1ximo mesmo em ambientes adversos.<\/p>\n<h3>Vantagens de usar caixa de engrenagens agr\u00edcolas para cortadores de grama<\/h3>\n<ul>\n<li>Transmiss\u00e3o de pot\u00eancia de alta qualidade que proporciona torque e velocidade m\u00e1ximos<\/li>\n<li>Dur\u00e1vel e duradouro, constru\u00eddo para suportar ambientes adversos<\/li>\n<li>F\u00e1cil de instalar, manter e reparar<\/li>\n<li>Compat\u00edvel com uma ampla gama de cortadores de grama e equipamentos de jardinagem<\/li>\n<\/ul>\n<h3>Escolhendo a caixa de engrenagens agr\u00edcola certa para cortadores de grama<\/h3>\n<p>Ao selecionar uma caixa de engrenagens agr\u00edcola para cortadores de grama, \u00e9 importante considerar os requisitos de torque e velocidade do equipamento para garantir o desempenho ideal. O material da caixa de engrenagens tamb\u00e9m \u00e9 um fator importante a ser considerado, pois deve ser dur\u00e1vel e resistente ao desgaste. A instala\u00e7\u00e3o adequada e a manuten\u00e7\u00e3o regular s\u00e3o cruciais para garantir a longevidade e o desempenho ideal da caixa de engrenagens.<\/p>\n<h3>Company&#8217;s Other High-Quality Products<\/h3>\n<p>Al\u00e9m de caixas de engrenagens agr\u00edcolas, nossa empresa fornece uma ampla gama de engrenagens pl\u00e1sticas de alta qualidade e outros produtos de transmiss\u00e3o usados em v\u00e1rias ind\u00fastrias. Nossos produtos incluem eixos de sa\u00edda de pot\u00eancia, rodas dentadas, acoplamentos de fluido, redutores de engrenagem sem-fim, engrenagens e cremalheiras, correntes destac\u00e1veis, polias e polias, caixas de engrenagens planet\u00e1rias, polias de sincroniza\u00e7\u00e3o, buchas e muito mais. Estamos comprometidos em fornecer aos nossos clientes produtos de alta qualidade a pre\u00e7os favor\u00e1veis, juntamente com um atendimento ao cliente excepcional. Damos as boas-vindas aos clientes para virem at\u00e9 n\u00f3s com seus desenhos ou amostras personalizados para personaliza\u00e7\u00e3o.<\/p>\n<h2>Perguntas e respostas:<\/h2>\n<h3>1. O que \u00e9 uma caixa de engrenagens agr\u00edcola para cortadores de grama?<\/h3>\n<p>Uma caixa de engrenagens agr\u00edcola para cortadores de grama \u00e9 um sistema de transmiss\u00e3o de energia projetado para atender \u00e0s necessidades espec\u00edficas de m\u00e1quinas usadas em jardinagem e manuten\u00e7\u00e3o de espa\u00e7os verdes. Ela fornece o torque e a velocidade necess\u00e1rios \u00e0s l\u00e2minas dos cortadores de grama para cortar a grama de forma eficiente.<\/p>\n<h3>2. Quais s\u00e3o as vantagens de usar caixas de engrenagens agr\u00edcolas para cortadores de grama?<\/h3>\n<p>As vantagens de usar uma caixa de engrenagens agr\u00edcola para cortadores de grama incluem transmiss\u00e3o de pot\u00eancia de alta qualidade, durabilidade, facilidade de instala\u00e7\u00e3o, manuten\u00e7\u00e3o e reparo, al\u00e9m de compatibilidade com uma ampla variedade de cortadores de grama e equipamentos de jardinagem.<\/p>\n<h3>3. Como escolher a caixa de engrenagens agr\u00edcola certa para meu cortador de grama?<\/h3>\n<p>Ao selecionar uma caixa de engrenagens agr\u00edcola para seu cortador de grama, \u00e9 importante considerar os requisitos de torque e velocidade do equipamento para garantir o desempenho ideal. O material da caixa de engrenagens tamb\u00e9m \u00e9 um fator importante a ser considerado, pois deve ser dur\u00e1vel e resistente ao desgaste. A instala\u00e7\u00e3o adequada e a manuten\u00e7\u00e3o regular s\u00e3o cruciais para garantir a longevidade e o desempenho ideal da caixa de engrenagens.<\/p>\n<h3>4. Quais s\u00e3o os outros produtos que a empresa fornece?<\/h3>\n<p>Al\u00e9m de caixas de engrenagens agr\u00edcolas, nossa empresa fornece uma ampla gama de engrenagens pl\u00e1sticas de alta qualidade e outros produtos de transmiss\u00e3o usados em v\u00e1rias ind\u00fastrias. Nossos produtos incluem eixos de sa\u00edda de pot\u00eancia, rodas dentadas, acoplamentos de fluido, redutores de engrenagem sem-fim, engrenagens e cremalheiras, correntes destac\u00e1veis, polias e polias, caixas de engrenagens planet\u00e1rias, polias de sincroniza\u00e7\u00e3o, buchas e muito mais.<\/p>\n<h3>5. A empresa oferece personaliza\u00e7\u00f5es?<\/h3>\n<p>Sim, damos boas-vindas aos clientes para que venham at\u00e9 n\u00f3s com seus desenhos ou amostras personalizados para personaliza\u00e7\u00e3o. Nossa equipe \u00e9 dedicada a fornecer produtos de alta qualidade que atendam \u00e0s necessidades espec\u00edficas de nossos clientes.<\/p>","protected":false},"excerpt":{"rendered":"<p>Agricultural Gearbox For Lawn Mowers: The Perfect Solution for Green Space Maintenance Needs When it comes to the maintenance of green spaces, using the right equipment is crucial. Agricultural gearbox for lawn mowers is one such equipment that is designed to meet the specific power transmission needs of machinery used in gardening and maintenance of [&hellip;]<\/p>","protected":false},"featured_media":2889,"template":"","meta":{"_et_pb_use_builder":"","_et_pb_old_content":"","_et_gb_content_width":""},"product_brand":[],"product_cat":[10402],"product_tag":[],"class_list":{"0":"post-2890","1":"product","2":"type-product","3":"status-publish","4":"has-post-thumbnail","6":"product_cat-agricultural-gearbox","8":"first","9":"instock","10":"shipping-taxable","11":"product-type-simple"},"_links":{"self":[{"href":"https:\/\/agricultural-gear-boxes.com\/pt\/wp-json\/wp\/v2\/product\/2890","targetHints":{"allow":["GET"]}}],"collection":[{"href":"https:\/\/agricultural-gear-boxes.com\/pt\/wp-json\/wp\/v2\/product"}],"about":[{"href":"https:\/\/agricultural-gear-boxes.com\/pt\/wp-json\/wp\/v2\/types\/product"}],"wp:featuredmedia":[{"embeddable":true,"href":"https:\/\/agricultural-gear-boxes.com\/pt\/wp-json\/wp\/v2\/media\/2889"}],"wp:attachment":[{"href":"https:\/\/agricultural-gear-boxes.com\/pt\/wp-json\/wp\/v2\/media?parent=2890"}],"wp:term":[{"taxonomy":"product_brand","embeddable":true,"href":"https:\/\/agricultural-gear-boxes.com\/pt\/wp-json\/wp\/v2\/product_brand?post=2890"},{"taxonomy":"product_cat","embeddable":true,"href":"https:\/\/agricultural-gear-boxes.com\/pt\/wp-json\/wp\/v2\/product_cat?post=2890"},{"taxonomy":"product_tag","embeddable":true,"href":"https:\/\/agricultural-gear-boxes.com\/pt\/wp-json\/wp\/v2\/product_tag?post=2890"}],"curies":[{"name":"wp","href":"https:\/\/api.w.org\/{rel}","templated":true}]}}