{"id":2895,"date":"2024-08-20T03:28:12","date_gmt":"2024-08-20T03:28:12","guid":{"rendered":"https:\/\/agricultural-gear-boxes.com\/product\/agricultural-gearbox-for-micro-tiller\/"},"modified":"2024-08-20T03:28:13","modified_gmt":"2024-08-20T03:28:13","slug":"agricultural-gearbox-for-micro-tiller","status":"publish","type":"product","link":"https:\/\/agricultural-gear-boxes.com\/pt\/product\/agricultural-gearbox-for-micro-tiller\/","title":{"rendered":"Caixa de engrenagens agr\u00edcolas para microcultivador"},"content":{"rendered":"<h2>Caixa de engrenagens agr\u00edcolas para microcultivador: um componente essencial para uma agricultura eficaz<\/h2>\n<p>The agricultural gearbox for micro tiller is a key component of any agricultural machine. Its main function is to ensure that the tiller has enough power to cultivate soil effectively. That&#8217;s why Ever-Power is dedicated to manufacturing the best agricultural gearboxes that deliver maximum torque to the cutter roller, thanks to their revolutionary design.<\/p>\n<p>Whether you&#8217;re tilling a small garden or a large field, the agricultural gearbox for micro tiller offers a perfect solution to your needs. The gearbox makes it easy for farmers to choose the right speed and power for their machines, depending on the type of soil, the size of the field, and other variables.<\/p>\n<h3>As vantagens da nossa caixa de engrenagens agr\u00edcolas para microcultivadores<\/h3>\n<ul>\n<li>Torque m\u00e1ximo no rolo cortador, garantindo cultivo eficiente<\/li>\n<li>Opera\u00e7\u00e3o suave e sem esfor\u00e7o, mesmo em condi\u00e7\u00f5es de solo dif\u00edceis<\/li>\n<li>Constru\u00e7\u00e3o dur\u00e1vel que dura mais e requer menos manuten\u00e7\u00e3o<\/li>\n<li>F\u00e1cil de instalar, usar e substituir<\/li>\n<\/ul>\n<h3>Especifica\u00e7\u00f5es da nossa caixa de engrenagens agr\u00edcolas para microcultivador<\/h3>\n<table style=\"width: 98%;\" border=\"1\">\n<tbody>\n<tr>\n<td style=\"width: 31.0234%;\"><strong>Pacote<\/strong><\/td>\n<td style=\"width: 68.3369%;\">Caixa\/recipiente de madeira e palete, ou conforme especifica\u00e7\u00f5es personalizadas<\/td>\n<\/tr>\n<tr>\n<td style=\"width: 31.0234%;\"><strong>Certificado<\/strong><\/td>\n<td style=\"width: 68.3369%;\">Certifica\u00e7\u00e3o ISO 9001:2008, ISO 14001:2001, ISO\/TS 16949:2009<\/td>\n<\/tr>\n<tr>\n<td style=\"width: 31.0234%;\"><strong>Tratamento de superf\u00edcie<\/strong><\/td>\n<td style=\"width: 68.3369%;\">Recozimento, anodiza\u00e7\u00e3o natural, tratamento t\u00e9rmico, polimento, niquelagem, cromagem, zincagem, passiva\u00e7\u00e3o amarela, passiva\u00e7\u00e3o dourada, acetinado, pintura de superf\u00edcie preta etc.<\/td>\n<\/tr>\n<tr>\n<td style=\"width: 31.0234%;\"><strong>M\u00e9todo de processamento<\/strong><\/td>\n<td style=\"width: 68.3369%;\">Usinagem CNC, puncionamento, torneamento, fresamento, perfura\u00e7\u00e3o, retifica\u00e7\u00e3o, brochamento, soldagem e montagem<\/td>\n<\/tr>\n<tr>\n<td style=\"width: 31.0234%;\"><strong>Controle de qualidade<\/strong><\/td>\n<td style=\"width: 68.3369%;\">Os t\u00e9cnicos fazem a autoverifica\u00e7\u00e3o na produ\u00e7\u00e3o, e a verifica\u00e7\u00e3o final antes da embalagem \u00e9 feita pelo inspetor de qualidade profissional<\/td>\n<\/tr>\n<tr>\n<td style=\"width: 31.0234%;\"><strong>Vantagem<\/strong><\/td>\n<td style=\"width: 68.3369%;\">Qualidade em primeiro lugar, servi\u00e7o superior, equipamento avan\u00e7ado, trabalhadores experientes, equipamento de teste perfeito<\/td>\n<\/tr>\n<\/tbody>\n<\/table>\n<h3>Eixo de tomada de for\u00e7a para caixa de engrenagens de microcultivador: a combina\u00e7\u00e3o perfeita para suas necessidades agr\u00edcolas<\/h3>\n<p>The agricultural PTO gearbox is a high-quality mechanical transmission part that&#8217;s designed to change the output speed of a PTO drive shaft. It can be used as a decreasing or increasing ratio gearbox, depending on your needs. As a professional manufacturer of mechanical transmission parts, Ever-Power offers a wide range of high-quality PTO shafts for Micro Tiller Gearbox that are perfect for your agricultural needs.<\/p>\n<h3>Vantagens do nosso eixo de tomada de for\u00e7a para caixa de engrenagens de microcultivador<\/h3>\n<ul>\n<li>Projetado para funcionar perfeitamente com nossa caixa de engrenagens agr\u00edcolas para microcultivador<\/li>\n<li>Constru\u00e7\u00e3o de alta qualidade que garante desempenho duradouro<\/li>\n<li>F\u00e1cil de instalar, usar e substituir<\/li>\n<li>Personaliz\u00e1vel para atender \u00e0s suas necessidades e requisitos espec\u00edficos<\/li>\n<\/ul>\n<h3>Outros produtos oferecidos pela Ever-Power<\/h3>\n<p>Na Ever-Power, estamos comprometidos em entregar produtos de alta qualidade que atendam \u00e0s necessidades e exig\u00eancias de nossos clientes. Al\u00e9m de nossa caixa de engrenagens agr\u00edcolas para microcultivador e eixo de tomada de for\u00e7a, oferecemos uma ampla gama de outros produtos que s\u00e3o projetados para atender \u00e0s necessidades de v\u00e1rias ind\u00fastrias, como:<\/p>\n<ul>\n<li>Caixas de engrenagens agr\u00edcolas<\/li>\n<li>Eixos de sa\u00edda de pot\u00eancia<\/li>\n<li>Rodas dentadas<\/li>\n<li>Acoplamentos de fluidos<\/li>\n<li>Redutores de engrenagem sem-fim<\/li>\n<li>Engrenagens e cremalheiras<\/li>\n<li>Correntes destac\u00e1veis<\/li>\n<li>Polias e roldanas<\/li>\n<li>Caixas de engrenagens planet\u00e1rias<\/li>\n<li>Polias de sincroniza\u00e7\u00e3o<\/li>\n<li>Buchas<\/li>\n<li>E mais??<\/li>\n<\/ul>\n<p>Estamos comprometidos em entregar produtos de alta qualidade a um pre\u00e7o favor\u00e1vel, e nossos produtos s\u00e3o acompanhados por um servi\u00e7o atencioso. Damos boas-vindas aos clientes para virem ao desenho ou personaliza\u00e7\u00e3o de amostra para atender \u00e0s suas necessidades e requisitos espec\u00edficos.<\/p>\n<h2>Perguntas e respostas<\/h2>\n<p>1. Qual \u00e9 a principal fun\u00e7\u00e3o de uma caixa de engrenagens agr\u00edcola para microcultivador?<br \/>\n   &#8211; The main function of an agricultural gearbox for micro tiller is to ensure that the tiller has enough power to cultivate soil effectively.<\/p>\n<p>2. Quais s\u00e3o as vantagens de usar uma caixa de engrenagens agr\u00edcolas para microcultivador?<br \/>\n   &#8211; The advantages of using an agricultural gearbox for micro tiller include maximum torque to the cutter roller, smooth and effortless operation, durable construction, and easy installation, use, and replacement.<\/p>\n<p>3. O que \u00e9 um eixo de tomada de for\u00e7a e como ele se relaciona com uma caixa de engrenagens agr\u00edcola para microcultivador?<br \/>\n   &#8211; A PTO shaft is a high-quality mechanical transmission part that&#8217;s designed to change the output speed of a PTO drive shaft. It can be used as a decreasing or increasing ratio gearbox, depending on your needs. It&#8217;s designed to work seamlessly with our agricultural gearbox for micro tiller.<\/p>\n<p>4. Quais outros produtos s\u00e3o oferecidos pela Ever-Power?<br \/>\n   &#8211; In addition to our agricultural gearbox for micro tiller and PTO shaft, we offer a wide range of other products, such as agricultural gearboxes, power output shafts, sprockets, fluid couplings, worm gear reducers, gears and racks, detachable chains, pulleys and pulleys, planetary gearboxes, timing pulleys, bushings, and more.<\/p>\n<p>5. O que diferencia a Ever-Power de outros fabricantes de caixas de engrenagens agr\u00edcolas e eixos de tomada de for\u00e7a?<br \/>\n   &#8211; Ever-Power is committed to delivering high-quality products at a favorable price, and our products are accompanied by considerate service. We also offer customization services to meet the specific needs and requirements of our customers.<\/p>","protected":false},"excerpt":{"rendered":"<p>Agricultural Gearbox for Micro Tiller: A Must-Have Component for Effective Agriculture The agricultural gearbox for micro tiller is a key component of any agricultural machine. Its main function is to ensure that the tiller has enough power to cultivate soil effectively. That&#8217;s why Ever-Power is dedicated to manufacturing the best agricultural gearboxes that deliver maximum [&hellip;]<\/p>","protected":false},"featured_media":2894,"template":"","meta":{"_et_pb_use_builder":"","_et_pb_old_content":"","_et_gb_content_width":""},"product_brand":[],"product_cat":[10402],"product_tag":[],"class_list":{"0":"post-2895","1":"product","2":"type-product","3":"status-publish","4":"has-post-thumbnail","6":"product_cat-agricultural-gearbox","8":"first","9":"instock","10":"shipping-taxable","11":"product-type-simple"},"_links":{"self":[{"href":"https:\/\/agricultural-gear-boxes.com\/pt\/wp-json\/wp\/v2\/product\/2895","targetHints":{"allow":["GET"]}}],"collection":[{"href":"https:\/\/agricultural-gear-boxes.com\/pt\/wp-json\/wp\/v2\/product"}],"about":[{"href":"https:\/\/agricultural-gear-boxes.com\/pt\/wp-json\/wp\/v2\/types\/product"}],"wp:featuredmedia":[{"embeddable":true,"href":"https:\/\/agricultural-gear-boxes.com\/pt\/wp-json\/wp\/v2\/media\/2894"}],"wp:attachment":[{"href":"https:\/\/agricultural-gear-boxes.com\/pt\/wp-json\/wp\/v2\/media?parent=2895"}],"wp:term":[{"taxonomy":"product_brand","embeddable":true,"href":"https:\/\/agricultural-gear-boxes.com\/pt\/wp-json\/wp\/v2\/product_brand?post=2895"},{"taxonomy":"product_cat","embeddable":true,"href":"https:\/\/agricultural-gear-boxes.com\/pt\/wp-json\/wp\/v2\/product_cat?post=2895"},{"taxonomy":"product_tag","embeddable":true,"href":"https:\/\/agricultural-gear-boxes.com\/pt\/wp-json\/wp\/v2\/product_tag?post=2895"}],"curies":[{"name":"wp","href":"https:\/\/api.w.org\/{rel}","templated":true}]}}