{"id":2900,"date":"2024-08-20T03:28:18","date_gmt":"2024-08-20T03:28:18","guid":{"rendered":"https:\/\/agricultural-gear-boxes.com\/product\/agricultural-gearbox-for-feed-mixer\/"},"modified":"2024-08-20T03:28:21","modified_gmt":"2024-08-20T03:28:21","slug":"agricultural-gearbox-for-feed-mixer","status":"publish","type":"product","link":"https:\/\/agricultural-gear-boxes.com\/pt\/product\/agricultural-gearbox-for-feed-mixer\/","title":{"rendered":"Caixa de engrenagens agr\u00edcola para misturador de ra\u00e7\u00e3o"},"content":{"rendered":"<h2>Caixa de engrenagens agr\u00edcola para misturador de ra\u00e7\u00e3o: caixas de engrenagens de alta qualidade e eficientes para m\u00e1quinas agr\u00edcolas<\/h2>\n<p>A Agricultural Gearbox For Feed Mixer fornece uma ampla gama de caixas de engrenagens projetadas especificamente para coleta, mistura e distribui\u00e7\u00e3o de forragem, bem como limpeza de gado. Com nossas caixas de engrenagens de alta qualidade, fazendeiros e trabalhadores agr\u00edcolas podem aumentar sua produtividade e efici\u00eancia, melhorando, em \u00faltima an\u00e1lise, suas opera\u00e7\u00f5es agr\u00edcolas gerais.<\/p>\n<h3>Cen\u00e1rios de uso comum:<\/h3>\n<ul>\n<li>Mistura de ra\u00e7\u00e3o para fazendas de gado<\/li>\n<li>Coleta e distribui\u00e7\u00e3o de forragem<\/li>\n<li>Limpeza de gado e gest\u00e3o de res\u00edduos<\/li>\n<\/ul>\n<h3>Hist\u00f3rico e classifica\u00e7\u00e3o do produto:<\/h3>\n<p>Nossa Caixa de Engrenagem Agr\u00edcola para Misturador de Ra\u00e7\u00e3o tem uma rica hist\u00f3ria, evoluindo junto com o desenvolvimento de m\u00e1quinas agr\u00edcolas. Ao longo dos anos, os avan\u00e7os em tecnologia e engenharia levaram \u00e0 cria\u00e7\u00e3o de v\u00e1rios tipos de caixa de engrenagens para atender a diferentes aplica\u00e7\u00f5es agr\u00edcolas.<\/p>\n<h4>Vantagens das nossas caixas de engrenagens:<\/h4>\n<ul>\n<li>Constru\u00e7\u00e3o robusta para durabilidade e longevidade<\/li>\n<li>Alta precis\u00e3o e opera\u00e7\u00e3o eficiente<\/li>\n<li>Transmiss\u00e3o de energia suave e confi\u00e1vel<\/li>\n<li>Baixa necessidade de manuten\u00e7\u00e3o<\/li>\n<li>Op\u00e7\u00f5es de personaliza\u00e7\u00e3o flex\u00edveis<\/li>\n<\/ul>\n<h3>Materiais e instala\u00e7\u00e3o:<\/h3>\n<p>Nossa caixa de engrenagens agr\u00edcolas para misturador de ra\u00e7\u00e3o \u00e9 fabricada usando materiais de alta qualidade para garantir desempenho e longevidade ideais. Os materiais dispon\u00edveis incluem a\u00e7o inoxid\u00e1vel (SS201, SS303, SS304, SS316, SS416, SS420), a\u00e7o (C45, C46, C20), lat\u00e3o (C36000, C37700, C38500, C27200, C28000), bronze (C51000, C52100, C54400), ferro (1213, 12L14, 1215) e alum\u00ednio (Al6061, Al6063). As caixas de engrenagens s\u00e3o projetadas para f\u00e1cil instala\u00e7\u00e3o e podem ser adaptadas para atender aos requisitos espec\u00edficos da m\u00e1quina.<\/p>\n<h3>Manuten\u00e7\u00e3o, reparo e substitui\u00e7\u00e3o:<\/h3>\n<p>A manuten\u00e7\u00e3o adequada \u00e9 crucial para garantir a longevidade e o desempenho ideal da Caixa de Engrenagens Agr\u00edcolas para Misturador de Ra\u00e7\u00e3o. Inspe\u00e7\u00f5es regulares, lubrifica\u00e7\u00e3o e limpeza devem ser realizadas. Em caso de problemas ou danos, nossas caixas de engrenagens s\u00e3o projetadas para f\u00e1cil reparo e substitui\u00e7\u00e3o, minimizando o tempo de inatividade e maximizando a produtividade.<\/p>\n<h2>Outros produtos oferecidos pela nossa empresa<\/h2>\n<p>Al\u00e9m de Agricultural Gearbox For Feed Mixer, nossa empresa \u00e9 especializada em fornecer v\u00e1rias engrenagens de pl\u00e1stico de alta qualidade e outros componentes industriais. Nossa gama de produtos inclui:<\/p>\n<ul>\n<li>Eixos de sa\u00edda de pot\u00eancia<\/li>\n<li>Rodas dentadas<\/li>\n<li>Acoplamentos de fluidos<\/li>\n<li>Redutores de engrenagem sem-fim<\/li>\n<li>Engrenagens e cremalheiras<\/li>\n<li>Correntes destac\u00e1veis<\/li>\n<li>Polias e roldanas<\/li>\n<li>Caixas de engrenagens planet\u00e1rias<\/li>\n<li>Polias de sincroniza\u00e7\u00e3o<\/li>\n<li>Buchas<\/li>\n<li>E muito mais!<\/li>\n<\/ul>\n<p>Temos orgulho em oferecer produtos da mais alta qualidade, pre\u00e7os competitivos e atendimento ao cliente excepcional. Damos boas-vindas aos clientes para trazer seus desenhos ou amostras para personaliza\u00e7\u00f5es, garantindo que suas necessidades e requisitos espec\u00edficos sejam atendidos.<\/p>\n<h2>Perguntas e respostas:<\/h2>\n<p><strong>1. Quais s\u00e3o as aplica\u00e7\u00f5es comuns da caixa de engrenagens agr\u00edcolas para misturador de ra\u00e7\u00e3o?<\/strong><\/p>\n<p>A caixa de engrenagens agr\u00edcola para misturador de ra\u00e7\u00e3o \u00e9 comumente usada em fazendas de gado para mistura de ra\u00e7\u00e3o, coleta e distribui\u00e7\u00e3o de forragem, bem como limpeza de gado e gerenciamento de res\u00edduos.<\/p>\n<p><strong>2. Quais s\u00e3o as vantagens dessas caixas de engrenagens?<\/strong><\/p>\n<p>Nossas caixas de engrenagens s\u00e3o conhecidas por sua constru\u00e7\u00e3o robusta, alta precis\u00e3o, transmiss\u00e3o de pot\u00eancia eficiente, baixa necessidade de manuten\u00e7\u00e3o e op\u00e7\u00f5es flex\u00edveis de personaliza\u00e7\u00e3o.<\/p>\n<p><strong>3. Quais materiais s\u00e3o usados na fabrica\u00e7\u00e3o dessas caixas de engrenagens?<\/strong><\/p>\n<p>Os materiais dispon\u00edveis para essas caixas de engrenagens incluem a\u00e7o inoxid\u00e1vel, a\u00e7o, lat\u00e3o, bronze, ferro e alum\u00ednio.<\/p>\n<p><strong>4. Como deve ser feita a manuten\u00e7\u00e3o das caixas de engrenagens?<\/strong><\/p>\n<p>Inspe\u00e7\u00f5es regulares, lubrifica\u00e7\u00e3o e limpeza s\u00e3o essenciais para garantir a longevidade e o desempenho ideal da caixa de engrenagens agr\u00edcola para misturador de ra\u00e7\u00e3o.<\/p>\n<p><strong>5. Essas caixas de engrenagens podem ser reparadas ou substitu\u00eddas?<\/strong><\/p>\n<p>Sim, em caso de problemas ou danos, essas caixas de engrenagens s\u00e3o projetadas para f\u00e1cil reparo e substitui\u00e7\u00e3o, minimizando o tempo de inatividade e maximizando a produtividade.<\/p>","protected":false},"excerpt":{"rendered":"<p>Agricultural Gearbox For Feed Mixer: High-Quality and Efficient Gearboxes for Agricultural Machinery Agricultural Gearbox For Feed Mixer provides a wide range of gearboxes specifically designed for the collection, mixing, and distribution of fodder, as well as the cleaning of livestock. With our high-quality gearboxes, farmers and agricultural workers can enhance their productivity and efficiency, ultimately [&hellip;]<\/p>","protected":false},"featured_media":2899,"template":"","meta":{"_et_pb_use_builder":"","_et_pb_old_content":"","_et_gb_content_width":""},"product_brand":[],"product_cat":[10402],"product_tag":[],"class_list":{"0":"post-2900","1":"product","2":"type-product","3":"status-publish","4":"has-post-thumbnail","6":"product_cat-agricultural-gearbox","8":"first","9":"instock","10":"shipping-taxable","11":"product-type-simple"},"_links":{"self":[{"href":"https:\/\/agricultural-gear-boxes.com\/pt\/wp-json\/wp\/v2\/product\/2900","targetHints":{"allow":["GET"]}}],"collection":[{"href":"https:\/\/agricultural-gear-boxes.com\/pt\/wp-json\/wp\/v2\/product"}],"about":[{"href":"https:\/\/agricultural-gear-boxes.com\/pt\/wp-json\/wp\/v2\/types\/product"}],"wp:featuredmedia":[{"embeddable":true,"href":"https:\/\/agricultural-gear-boxes.com\/pt\/wp-json\/wp\/v2\/media\/2899"}],"wp:attachment":[{"href":"https:\/\/agricultural-gear-boxes.com\/pt\/wp-json\/wp\/v2\/media?parent=2900"}],"wp:term":[{"taxonomy":"product_brand","embeddable":true,"href":"https:\/\/agricultural-gear-boxes.com\/pt\/wp-json\/wp\/v2\/product_brand?post=2900"},{"taxonomy":"product_cat","embeddable":true,"href":"https:\/\/agricultural-gear-boxes.com\/pt\/wp-json\/wp\/v2\/product_cat?post=2900"},{"taxonomy":"product_tag","embeddable":true,"href":"https:\/\/agricultural-gear-boxes.com\/pt\/wp-json\/wp\/v2\/product_tag?post=2900"}],"curies":[{"name":"wp","href":"https:\/\/api.w.org\/{rel}","templated":true}]}}