{"id":2908,"date":"2024-08-20T03:28:26","date_gmt":"2024-08-20T03:28:26","guid":{"rendered":"https:\/\/agricultural-gear-boxes.com\/product\/gearbox-and-reducer-for-crop-storage-drive-systems\/"},"modified":"2024-08-20T03:28:26","modified_gmt":"2024-08-20T03:28:26","slug":"gearbox-and-reducer-for-crop-storage-drive-systems","status":"publish","type":"product","link":"https:\/\/agricultural-gear-boxes.com\/pt\/product\/gearbox-and-reducer-for-crop-storage-drive-systems\/","title":{"rendered":"Caixa de engrenagens e redutor para sistemas de transmiss\u00e3o de armazenamento de colheitas"},"content":{"rendered":"<h2>Caixa de engrenagens e redutor para sistemas de acionamento de armazenamento de colheitas: Solu\u00e7\u00f5es EP??s para armazenamento ideal de colheitas<\/h2>\n<p>A demanda por batatas, vegetais e frutas n\u00e3o se limita mais \u00e0 demanda sazonal ou local. Os avan\u00e7os na tecnologia tornaram poss\u00edvel armazenar grandes quantidades de safras colhidas em instala\u00e7\u00f5es de armazenamento para demanda durante todo o ano. Isso resultou na necessidade de controle de precis\u00e3o do clima dentro da instala\u00e7\u00e3o de armazenamento para garantir que as safras permane\u00e7am frescas e de boa qualidade. A EP, por meio de seus computadores clim\u00e1ticos avan\u00e7ados, desenvolveu sistemas de acionamento especiais que garantem controle preciso e confi\u00e1vel sobre a ventila\u00e7\u00e3o em instala\u00e7\u00f5es de armazenamento, garantindo assim o armazenamento ideal das safras.<\/p>\n<h3>Hist\u00f3rico e classifica\u00e7\u00e3o de EP??s Caixa de engrenagens e redutores para sistemas de acionamento de armazenamento de safras<\/h3>\n<p>A EP tem anos de experi\u00eancia no desenvolvimento de sistemas de acionamento especiais para v\u00e1rias aplica\u00e7\u00f5es, incluindo armazenamento de safras. Sua caixa de engrenagens e redutor para sistemas de acionamento de armazenamento de safras s\u00e3o projetados para fornecer controle preciso sobre a ventila\u00e7\u00e3o em instala\u00e7\u00f5es de armazenamento, garantindo que o clima de armazenamento ideal seja mantido. Esses sistemas de acionamento s\u00e3o classificados como equipamentos de precis\u00e3o, o que significa que s\u00e3o altamente precisos e confi\u00e1veis, tornando-os ideais para uso em instala\u00e7\u00f5es de armazenamento em larga escala.<\/p>\n<h3>Vantagens da caixa de engrenagens e redutor EP??s para sistemas de acionamento de armazenamento de colheitas<\/h3>\n<ul>\n<li>Altamente preciso e confi\u00e1vel<\/li>\n<li>Controle de precis\u00e3o sobre ventila\u00e7\u00e3o em instala\u00e7\u00f5es de armazenamento<\/li>\n<li>Garante um clima de armazenamento ideal para as colheitas<\/li>\n<li>Ajuda a garantir a qualidade da colheita<\/li>\n<li>Dur\u00e1vel e duradouro<\/li>\n<li>F\u00e1cil de instalar, manter e reparar<\/li>\n<\/ul>\n<h3>Materiais usados em caixas de engrenagens e redutores EP??s para sistemas de acionamento de armazenamento de safras<\/h3>\n<p>A EP usa apenas materiais de alta qualidade na fabrica\u00e7\u00e3o de sua caixa de engrenagens e redutor para sistemas de acionamento de armazenamento de safras. Esses materiais s\u00e3o cuidadosamente selecionados para garantir que os sistemas de acionamento possam suportar as demandas de instala\u00e7\u00f5es de armazenamento em larga escala e manter sua precis\u00e3o e confiabilidade ao longo do tempo. Alguns dos materiais usados incluem:<\/p>\n<ul>\n<li>A\u00e7o de alta qualidade para a caixa de engrenagens e caixa do redutor<\/li>\n<li>Rolamentos e engrenagens de precis\u00e3o para precis\u00e3o e confiabilidade<\/li>\n<li>Correias e polias de alta resist\u00eancia para uma opera\u00e7\u00e3o suave<\/li>\n<\/ul>\n<h3>Instala\u00e7\u00e3o, Manuten\u00e7\u00e3o e Reparo de Caixa de Engrenagens e Redutores EP??s para Sistemas de Acionamento de Armazenamento de Colheitas<\/h3>\n<p>A caixa de engrenagens e o redutor da EP para sistemas de acionamento de armazenamento de colheitas s\u00e3o projetados com facilidade de instala\u00e7\u00e3o, manuten\u00e7\u00e3o e reparo em mente. Os sistemas de acionamento s\u00e3o f\u00e1ceis de instalar, com instru\u00e7\u00f5es claras fornecidas para orientar o processo. A manuten\u00e7\u00e3o \u00e9 m\u00ednima, com verifica\u00e7\u00f5es peri\u00f3dicas e lubrifica\u00e7\u00e3o necess\u00e1rias para garantir o desempenho ideal. No caso de reparos serem necess\u00e1rios, a EP fornece servi\u00e7os abrangentes de reparo e substitui\u00e7\u00e3o para garantir que seu sistema de acionamento esteja sempre em \u00f3timas condi\u00e7\u00f5es.<\/p>\n<h3>Outros produtos e neg\u00f3cios da EP??s<\/h3>\n<p>Al\u00e9m de sua caixa de engrenagens e redutor para sistemas de acionamento de armazenamento de colheitas, a EP tamb\u00e9m fornece v\u00e1rios produtos de engrenagens de pl\u00e1stico, incluindo caixas de engrenagens agr\u00edcolas, eixos de sa\u00edda de pot\u00eancia, rodas dentadas, acoplamentos de fluido, redutores de engrenagem sem-fim, engrenagens e cremalheiras, correntes destac\u00e1veis, polias e polias, caixas de engrenagens planet\u00e1rias, polias de sincroniza\u00e7\u00e3o, buchas e muito mais. A EP est\u00e1 comprometida em fornecer produtos de alta qualidade a um pre\u00e7o favor\u00e1vel, com servi\u00e7o atencioso. Os clientes s\u00e3o bem-vindos para vir \u00e0 EP com seus pedidos de personaliza\u00e7\u00e3o de desenho ou amostra.<\/p>\n<h2>Perguntas e respostas<\/h2>\n<h3>P: O que \u00e9 a caixa de engrenagens e o redutor da EP??s para sistemas de acionamento de armazenamento de colheitas?<\/h3>\n<p>R: Os redutores e caixas de engrenagens da EP para sistemas de acionamento de armazenamento de colheitas s\u00e3o sistemas de acionamento especiais projetados para fornecer controle preciso sobre a ventila\u00e7\u00e3o em instala\u00e7\u00f5es de armazenamento, garantindo armazenamento e qualidade ideais da colheita.<\/p>\n<h3>P: Quais s\u00e3o as vantagens da caixa de engrenagens e do redutor da EP??s para sistemas de acionamento de armazenamento de colheitas?<\/h3>\n<p>R: As vantagens dos sistemas de transmiss\u00e3o de caixa de engrenagens e redutores da EP?? para armazenamento de colheitas incluem controle de precis\u00e3o altamente preciso e confi\u00e1vel sobre a ventila\u00e7\u00e3o, clima de armazenamento ideal para as colheitas, garantia da qualidade da colheita, durabilidade e facilidade de instala\u00e7\u00e3o, manuten\u00e7\u00e3o e reparo.<\/p>\n<h3>P: Quais materiais s\u00e3o usados na fabrica\u00e7\u00e3o da caixa de engrenagens e do redutor EP??s para sistemas de acionamento de armazenamento de colheitas?<\/h3>\n<p>R: A EP usa materiais de alta qualidade, como a\u00e7o de alta qualidade para a caixa de engrenagens e o alojamento do redutor, rolamentos e engrenagens de precis\u00e3o para exatid\u00e3o e confiabilidade, e correias e polias de alta resist\u00eancia para uma opera\u00e7\u00e3o suave na fabrica\u00e7\u00e3o de sua caixa de engrenagens e redutor para sistemas de acionamento de armazenamento de colheitas.<\/p>\n<h3>P: \u00c9 necess\u00e1ria manuten\u00e7\u00e3o para a caixa de engrenagens e o redutor do EP para sistemas de acionamento de armazenamento de colheitas?<\/h3>\n<p>R: Sim, verifica\u00e7\u00f5es peri\u00f3dicas e lubrifica\u00e7\u00e3o s\u00e3o necess\u00e1rias para garantir o desempenho ideal da caixa de engrenagens e do redutor EP para sistemas de acionamento de armazenamento de colheitas.<\/p>\n<h3>P: \u00c9 f\u00e1cil instalar a caixa de engrenagens e o redutor da EP para sistemas de acionamento de armazenamento de colheitas?<\/h3>\n<p>R: A caixa de engrenagens e o redutor da EP??s para sistemas de acionamento de armazenamento de colheitas s\u00e3o projetados pensando na facilidade de instala\u00e7\u00e3o, com instru\u00e7\u00f5es claras fornecidas para orientar o processo.<\/p>","protected":false},"excerpt":{"rendered":"<p>Gearbox and Reducer for Crop Storage Drive Systems: EP??s Solutions for Optimal Crop Storage The demand for potatoes, vegetables, and fruit is no longer limited to seasonal or local demand. Advances in technology have made it possible to store large quantities of harvested crops in storage facilities for all-year-round demand. This has resulted in the [&hellip;]<\/p>","protected":false},"featured_media":2907,"template":"","meta":{"_et_pb_use_builder":"","_et_pb_old_content":"","_et_gb_content_width":""},"product_brand":[],"product_cat":[10402],"product_tag":[],"class_list":{"0":"post-2908","1":"product","2":"type-product","3":"status-publish","4":"has-post-thumbnail","6":"product_cat-agricultural-gearbox","8":"first","9":"instock","10":"shipping-taxable","11":"product-type-simple"},"_links":{"self":[{"href":"https:\/\/agricultural-gear-boxes.com\/pt\/wp-json\/wp\/v2\/product\/2908","targetHints":{"allow":["GET"]}}],"collection":[{"href":"https:\/\/agricultural-gear-boxes.com\/pt\/wp-json\/wp\/v2\/product"}],"about":[{"href":"https:\/\/agricultural-gear-boxes.com\/pt\/wp-json\/wp\/v2\/types\/product"}],"wp:featuredmedia":[{"embeddable":true,"href":"https:\/\/agricultural-gear-boxes.com\/pt\/wp-json\/wp\/v2\/media\/2907"}],"wp:attachment":[{"href":"https:\/\/agricultural-gear-boxes.com\/pt\/wp-json\/wp\/v2\/media?parent=2908"}],"wp:term":[{"taxonomy":"product_brand","embeddable":true,"href":"https:\/\/agricultural-gear-boxes.com\/pt\/wp-json\/wp\/v2\/product_brand?post=2908"},{"taxonomy":"product_cat","embeddable":true,"href":"https:\/\/agricultural-gear-boxes.com\/pt\/wp-json\/wp\/v2\/product_cat?post=2908"},{"taxonomy":"product_tag","embeddable":true,"href":"https:\/\/agricultural-gear-boxes.com\/pt\/wp-json\/wp\/v2\/product_tag?post=2908"}],"curies":[{"name":"wp","href":"https:\/\/api.w.org\/{rel}","templated":true}]}}