{"id":2911,"date":"2024-08-20T03:28:27","date_gmt":"2024-08-20T03:28:27","guid":{"rendered":"https:\/\/agricultural-gear-boxes.com\/product\/drive-systems-for-ventilation-in-livestock-farming\/"},"modified":"2024-08-20T03:28:28","modified_gmt":"2024-08-20T03:28:28","slug":"drive-systems-for-ventilation-in-livestock-farming","status":"publish","type":"product","link":"https:\/\/agricultural-gear-boxes.com\/pt\/product\/drive-systems-for-ventilation-in-livestock-farming\/","title":{"rendered":"Sistemas de acionamento para ventila\u00e7\u00e3o na pecu\u00e1ria"},"content":{"rendered":"<h2>Sistemas de acionamento para ventila\u00e7\u00e3o na pecu\u00e1ria<\/h2>\n<p>Ventila\u00e7\u00e3o precisa \u00e9 essencial para criar o melhor ambiente de vida poss\u00edvel em galp\u00f5es de cria\u00e7\u00e3o de gado. Galinhas, porcos e gado prosperam melhor em um clima perfeitamente ajustado \u00e0s suas necessidades espec\u00edficas. Isso \u00e9 bom para a produ\u00e7\u00e3o, sa\u00fade e qualidade, e aumenta a lucratividade da sua opera\u00e7\u00e3o.<\/p>\n<p>Para garantir precis\u00e3o e controle na ventila\u00e7\u00e3o de qualquer tipo de galp\u00e3o de cria\u00e7\u00e3o de gado, a Ever-power desenvolveu sistemas de acionamento especiais para cria\u00e7\u00e3o intensiva de gado. Este portf\u00f3lio cont\u00e9m uma s\u00e9rie de sistemas de acionamento inovadores para aberturas e v\u00e1lvulas de entrada de ar, sistemas de ventila\u00e7\u00e3o de cumeeira, sistemas de ventila\u00e7\u00e3o de rolos para cortinas e sistemas de rolos para sistemas de resfriamento PAD. <\/p>\n<h3>Hist\u00f3ria e Classifica\u00e7\u00e3o<\/h3>\n<p>A Ever-power fabrica sistemas de transmiss\u00e3o h\u00e1 mais de uma d\u00e9cada e desenvolveu uma gama abrangente de produtos, visando as necessidades espec\u00edficas dos criadores de gado. Os sistemas de transmiss\u00e3o v\u00eam em diferentes tamanhos e designs, tornando-os adequados para uma ampla gama de aplica\u00e7\u00f5es. Os produtos s\u00e3o classificados de acordo com o tipo de sistema de ventila\u00e7\u00e3o para o qual s\u00e3o projetados, facilitando para os criadores selecionar o produto apropriado para seu galp\u00e3o de gado.<\/p>\n<h3>Vantagens e Materiais Utilizados<\/h3>\n<ul>\n<li>Os sistemas de acionamento s\u00e3o altamente eficientes e precisos, permitindo que os fazendeiros controlem a ventila\u00e7\u00e3o em seus galp\u00f5es de forma eficaz.<\/li>\n<li>Os produtos s\u00e3o feitos de materiais de alta qualidade, como a\u00e7o inoxid\u00e1vel e alum\u00ednio, o que os torna dur\u00e1veis e duradouros.<\/li>\n<li>Os sistemas de acionamento s\u00e3o f\u00e1ceis de instalar, manter e reparar, reduzindo o tempo de inatividade dos sistemas de ventila\u00e7\u00e3o.<\/li>\n<li>Eles s\u00e3o projetados para suportar condi\u00e7\u00f5es clim\u00e1ticas adversas e resistir \u00e0 corros\u00e3o, garantindo a longevidade dos sistemas.<\/li>\n<li>Os sistemas de acionamento s\u00e3o econ\u00f4micos, o que os torna um investimento adequado tanto para pequenos quanto para grandes criadores de gado.<\/li>\n<\/ul>\n<h3>Instala\u00e7\u00e3o, Manuten\u00e7\u00e3o e Reparo<\/h3>\n<p>Os sistemas de acionamento s\u00e3o f\u00e1ceis de instalar e v\u00eam com manuais de instala\u00e7\u00e3o abrangentes que orientam os agricultores durante o processo. A manuten\u00e7\u00e3o \u00e9 m\u00ednima e envolve limpeza e lubrifica\u00e7\u00e3o regulares dos sistemas. Em caso de quebra, os produtos podem ser facilmente reparados, e as pe\u00e7as de reposi\u00e7\u00e3o est\u00e3o prontamente dispon\u00edveis.<\/p>\n<h3>Outros produtos<\/h3>\n<p>A Ever-power oferece uma ampla gama de produtos para a ind\u00fastria agr\u00edcola, incluindo engrenagens de pl\u00e1stico, eixos de sa\u00edda de pot\u00eancia, rodas dentadas, acoplamentos de fluido, redutores de engrenagem sem-fim, engrenagens e cremalheiras, correntes destac\u00e1veis, polias e caixas de engrenagens planet\u00e1rias, entre outros. A empresa se orgulha de entregar produtos de alta qualidade a um pre\u00e7o favor\u00e1vel, com excelente atendimento ao cliente. Os clientes s\u00e3o bem-vindos para solicitar produtos personalizados com base em seus requisitos espec\u00edficos.<\/p>\n<h2>Perguntas e respostas<\/h2>\n<h3>1. What is the main advantage of using Ever-power&#8217;s drive systems for ventilation in livestock farming?<\/h3>\n<p>Ever-power&#8217;s drive systems offer precise and efficient ventilation, allowing farmers to create the best possible living environment for their livestock. This improves production, health, and quality, ultimately increasing the profitability of the operation.<\/p>\n<h3>2. Os sistemas de acionamento podem ser usados em diferentes tipos de galp\u00f5es para cria\u00e7\u00e3o de animais?<\/h3>\n<p>Yes, Ever-power&#8217;s drive systems are designed to be suitable for a wide range of livestock houses, including those for chickens, pigs, and cattle.<\/p>\n<h3>3. What materials are used to make Ever-power&#8217;s drive systems?<\/h3>\n<p>Os produtos s\u00e3o feitos de materiais de alta qualidade, como a\u00e7o inoxid\u00e1vel e alum\u00ednio, garantindo durabilidade e longevidade.<\/p>\n<h3>4. Qu\u00e3o f\u00e1ceis s\u00e3o de instalar, manter e reparar os sistemas de acionamento?<\/h3>\n<p>Os sistemas de acionamento s\u00e3o f\u00e1ceis de instalar e v\u00eam com manuais de instala\u00e7\u00e3o abrangentes. A manuten\u00e7\u00e3o \u00e9 m\u00ednima e envolve limpeza e lubrifica\u00e7\u00e3o regulares e, em caso de avaria, os sistemas podem ser facilmente reparados com pe\u00e7as de reposi\u00e7\u00e3o prontamente dispon\u00edveis.<\/p>\n<h3>5. Quais outros produtos a Ever-power oferece para a ind\u00fastria agr\u00edcola?<\/h3>\n<p>A Ever-power oferece uma ampla gama de produtos para a ind\u00fastria agr\u00edcola, incluindo engrenagens pl\u00e1sticas, eixos de sa\u00edda de pot\u00eancia, rodas dentadas, acoplamentos de fluido, redutores de engrenagem sem-fim, engrenagens e cremalheiras, correntes destac\u00e1veis, polias e caixas de engrenagens planet\u00e1rias, entre outros.<\/p>","protected":false},"excerpt":{"rendered":"<p>Drive Systems for Ventilation in Livestock Farming Accurate ventilation is essential to create the best possible living environment in livestock houses. Chickens, pigs, and cattle thrive better in a climate that is perfectly adjusted to their specific needs. This is good for production, health, and quality, and increases the profitability of your operation. To ensure [&hellip;]<\/p>","protected":false},"featured_media":2907,"template":"","meta":{"_et_pb_use_builder":"","_et_pb_old_content":"","_et_gb_content_width":""},"product_brand":[],"product_cat":[10402],"product_tag":[],"class_list":{"0":"post-2911","1":"product","2":"type-product","3":"status-publish","4":"has-post-thumbnail","6":"product_cat-agricultural-gearbox","8":"first","9":"instock","10":"shipping-taxable","11":"product-type-simple"},"_links":{"self":[{"href":"https:\/\/agricultural-gear-boxes.com\/pt\/wp-json\/wp\/v2\/product\/2911","targetHints":{"allow":["GET"]}}],"collection":[{"href":"https:\/\/agricultural-gear-boxes.com\/pt\/wp-json\/wp\/v2\/product"}],"about":[{"href":"https:\/\/agricultural-gear-boxes.com\/pt\/wp-json\/wp\/v2\/types\/product"}],"wp:featuredmedia":[{"embeddable":true,"href":"https:\/\/agricultural-gear-boxes.com\/pt\/wp-json\/wp\/v2\/media\/2907"}],"wp:attachment":[{"href":"https:\/\/agricultural-gear-boxes.com\/pt\/wp-json\/wp\/v2\/media?parent=2911"}],"wp:term":[{"taxonomy":"product_brand","embeddable":true,"href":"https:\/\/agricultural-gear-boxes.com\/pt\/wp-json\/wp\/v2\/product_brand?post=2911"},{"taxonomy":"product_cat","embeddable":true,"href":"https:\/\/agricultural-gear-boxes.com\/pt\/wp-json\/wp\/v2\/product_cat?post=2911"},{"taxonomy":"product_tag","embeddable":true,"href":"https:\/\/agricultural-gear-boxes.com\/pt\/wp-json\/wp\/v2\/product_tag?post=2911"}],"curies":[{"name":"wp","href":"https:\/\/api.w.org\/{rel}","templated":true}]}}