{"id":2929,"date":"2024-08-20T03:28:48","date_gmt":"2024-08-20T03:28:48","guid":{"rendered":"https:\/\/agricultural-gear-boxes.com\/product\/gearbox-for-self-loading-trailer\/"},"modified":"2024-08-20T03:28:49","modified_gmt":"2024-08-20T03:28:49","slug":"gearbox-for-self-loading-trailer","status":"publish","type":"product","link":"https:\/\/agricultural-gear-boxes.com\/pt\/product\/gearbox-for-self-loading-trailer\/","title":{"rendered":"Caixa de engrenagens para reboque autocarreg\u00e1vel"},"content":{"rendered":"<h2>Caixa de engrenagens para reboque autocarreg\u00e1vel: a solu\u00e7\u00e3o definitiva para suas necessidades de transporte<\/h2>\n<p>A Ever-Power \u00e9 sua loja completa para caixas de engrenagens de alta qualidade para reboques autocarreg\u00e1veis. Oferecemos uma ampla gama de op\u00e7\u00f5es de caixas de engrenagens adequadas para reboques de carga pequena a pesada. Nossos produtos s\u00e3o projetados para fornecer uma experi\u00eancia de transporte suave e confi\u00e1vel, tornando-os ideais para v\u00e1rias aplica\u00e7\u00f5es. <\/p>\n<h3>O ajuste perfeito para as necessidades do seu trailer<\/h3>\n<p>Sabemos que cada necessidade de transporte \u00e9 \u00fanica, e \u00e9 por isso que oferecemos diferentes tipos e pot\u00eancias de caixa de engrenagens adequadas para uma variedade de aplica\u00e7\u00f5es de reboque. Nossos produtos podem lidar com cargas pesadas e fornecer opera\u00e7\u00e3o suave mesmo sob as condi\u00e7\u00f5es mais adversas.<\/p>\n<h3>Vantagens da nossa caixa de engrenagens<\/h3>\n<ul>\n<li>Alta qualidade e durabilidade<\/li>\n<li>Opera\u00e7\u00e3o suave e confi\u00e1vel<\/li>\n<li>Baixo custo de manuten\u00e7\u00e3o<\/li>\n<li>F\u00e1cil de instalar e manter<\/li>\n<li>Dispon\u00edvel em diferentes tipos e pot\u00eancias<\/li>\n<\/ul>\n<h3>Instala\u00e7\u00e3o e Manuten\u00e7\u00e3o<\/h3>\n<p>Nossa caixa de engrenagens para reboques autocarreg\u00e1veis \u00e9 f\u00e1cil de instalar e manter. Voc\u00ea pode consultar nosso manual do usu\u00e1rio para obter instru\u00e7\u00f5es de instala\u00e7\u00e3o ou pode entrar em contato com nosso suporte t\u00e9cnico para obter assist\u00eancia. Para garantir a longevidade de nossos produtos, recomendamos manuten\u00e7\u00e3o e inspe\u00e7\u00e3o regulares.<\/p>\n<h3>Substituindo sua caixa de engrenagens<\/h3>\n<p>Se chegar a hora de voc\u00ea precisar substituir sua caixa de c\u00e2mbio, nossa equipe estar\u00e1 pronta para ajudar voc\u00ea. Podemos fornecer as pe\u00e7as de reposi\u00e7\u00e3o necess\u00e1rias e orient\u00e1-lo durante o processo de instala\u00e7\u00e3o.<\/p>\n<h3>Nossos outros produtos<\/h3>\n<p>Al\u00e9m de nossa caixa de engrenagens de alta qualidade para reboques autocarreg\u00e1veis, tamb\u00e9m fornecemos v\u00e1rias engrenagens de pl\u00e1stico usadas em ind\u00fastrias como caixas de engrenagens agr\u00edcolas, eixos de sa\u00edda de pot\u00eancia, rodas dentadas, acoplamentos de fluido, redutores de engrenagem sem-fim, engrenagens e cremalheiras, correntes destac\u00e1veis, polias e polias, caixas de engrenagens planet\u00e1rias, polias de sincroniza\u00e7\u00e3o, buchas e muito mais. Nossos produtos s\u00e3o projetados para fornecer o melhor valor para nossos clientes, com alta qualidade e pre\u00e7os acess\u00edveis.<\/p>\n<h2>Perguntas e respostas<\/h2>\n<h3>1. O que torna sua caixa de engrenagens para reboques autocarreg\u00e1veis \u00fanica?<\/h3>\n<p>Nossa caixa de engrenagens para reboques autocarreg\u00e1veis \u00e9 projetada para fornecer uma experi\u00eancia de transporte suave e confi\u00e1vel, mesmo sob as condi\u00e7\u00f5es mais adversas. Ela est\u00e1 dispon\u00edvel em diferentes tipos e pot\u00eancias, tornando-a a escolha perfeita para v\u00e1rias necessidades de reboque.<\/p>\n<h3>2. Sua caixa de engrenagens \u00e9 f\u00e1cil de instalar e manter?<\/h3>\n<p>Sim, nossa caixa de engrenagens para reboques autocarreg\u00e1veis \u00e9 f\u00e1cil de instalar e manter. Voc\u00ea pode consultar nosso manual do usu\u00e1rio para obter instru\u00e7\u00f5es de instala\u00e7\u00e3o ou entrar em contato com nosso suporte t\u00e9cnico para obter assist\u00eancia. Tamb\u00e9m recomendamos manuten\u00e7\u00e3o e inspe\u00e7\u00e3o regulares para garantir a longevidade.<\/p>\n<h3>3. Quais outros produtos voc\u00eas oferecem al\u00e9m da caixa de engrenagens para reboques autocarreg\u00e1veis?<\/h3>\n<p>Al\u00e9m de nossa caixa de engrenagens de alta qualidade para reboques autocarreg\u00e1veis, tamb\u00e9m fornecemos diversas engrenagens de pl\u00e1stico usadas em ind\u00fastrias como caixas de engrenagens agr\u00edcolas, eixos de sa\u00edda de pot\u00eancia, rodas dentadas, acoplamentos de fluido, redutores de engrenagem sem-fim, engrenagens e cremalheiras, correntes destac\u00e1veis, polias e polias, caixas de engrenagens planet\u00e1rias, polias de sincroniza\u00e7\u00e3o, buchas e muito mais.<\/p>\n<h3>4. Como posso substituir minha caixa de c\u00e2mbio?<\/h3>\n<p>Se voc\u00ea precisar substituir sua caixa de c\u00e2mbio, nossa equipe estar\u00e1 pronta para ajudar. Podemos fornecer as pe\u00e7as de reposi\u00e7\u00e3o necess\u00e1rias e orient\u00e1-lo durante o processo de instala\u00e7\u00e3o.<\/p>\n<h3>5. Como sei que tipo de caixa de c\u00e2mbio escolher para meu trailer?<\/h3>\n<p>Oferecemos diferentes tipos e pot\u00eancias de caixa de engrenagens adequadas para v\u00e1rias aplica\u00e7\u00f5es de reboque. Tamb\u00e9m podemos fornecer assist\u00eancia t\u00e9cnica para ajudar voc\u00ea a escolher a caixa de engrenagens certa para suas necessidades de transporte.<\/p>","protected":false},"excerpt":{"rendered":"<p>Gearbox for Self Loading Trailer: The Ultimate Solution for Your Hauling Needs Ever-Power is your one-stop-shop for high-quality gearbox for self loading trailers. We offer a wide range of gearbox options suitable for small to heavy loading trailers. Our products are designed to provide a smooth and reliable hauling experience, making them ideal for various [&hellip;]<\/p>","protected":false},"featured_media":2928,"template":"","meta":{"_et_pb_use_builder":"","_et_pb_old_content":"","_et_gb_content_width":""},"product_brand":[],"product_cat":[10402],"product_tag":[],"class_list":{"0":"post-2929","1":"product","2":"type-product","3":"status-publish","4":"has-post-thumbnail","6":"product_cat-agricultural-gearbox","8":"first","9":"instock","10":"shipping-taxable","11":"product-type-simple"},"_links":{"self":[{"href":"https:\/\/agricultural-gear-boxes.com\/pt\/wp-json\/wp\/v2\/product\/2929","targetHints":{"allow":["GET"]}}],"collection":[{"href":"https:\/\/agricultural-gear-boxes.com\/pt\/wp-json\/wp\/v2\/product"}],"about":[{"href":"https:\/\/agricultural-gear-boxes.com\/pt\/wp-json\/wp\/v2\/types\/product"}],"wp:featuredmedia":[{"embeddable":true,"href":"https:\/\/agricultural-gear-boxes.com\/pt\/wp-json\/wp\/v2\/media\/2928"}],"wp:attachment":[{"href":"https:\/\/agricultural-gear-boxes.com\/pt\/wp-json\/wp\/v2\/media?parent=2929"}],"wp:term":[{"taxonomy":"product_brand","embeddable":true,"href":"https:\/\/agricultural-gear-boxes.com\/pt\/wp-json\/wp\/v2\/product_brand?post=2929"},{"taxonomy":"product_cat","embeddable":true,"href":"https:\/\/agricultural-gear-boxes.com\/pt\/wp-json\/wp\/v2\/product_cat?post=2929"},{"taxonomy":"product_tag","embeddable":true,"href":"https:\/\/agricultural-gear-boxes.com\/pt\/wp-json\/wp\/v2\/product_tag?post=2929"}],"curies":[{"name":"wp","href":"https:\/\/api.w.org\/{rel}","templated":true}]}}