{"id":2941,"date":"2024-08-20T03:28:56","date_gmt":"2024-08-20T03:28:56","guid":{"rendered":"https:\/\/agricultural-gear-boxes.com\/product\/agricultural-gearbox-for-harvest-fruits\/"},"modified":"2024-08-20T03:28:57","modified_gmt":"2024-08-20T03:28:57","slug":"agricultural-gearbox-for-harvest-fruits","status":"publish","type":"product","link":"https:\/\/agricultural-gear-boxes.com\/pt\/product\/agricultural-gearbox-for-harvest-fruits\/","title":{"rendered":"Caixa de engrenagens agr\u00edcolas para colheita de frutas"},"content":{"rendered":"<h1 style=\"text-align: center;\">Caixa de engrenagens agr\u00edcolas para colheita de frutas<\/h1>\n<p><img loading=\"lazy\" decoding=\"async\" class=\"alignnone size-full wp-image-4556 aligncenter\" src=\"https:\/\/www.ever-power.net\/wp-content\/uploads\/2019\/07\/Agricultural-Gearbox-For-Harvest-Fruits-1.jpg\" alt=\"\" width=\"750\" height=\"750\" \/><\/p>\n<p style=\"text-align: center;\"><img loading=\"lazy\" decoding=\"async\" class=\"alignnone size-full wp-image-4557\" src=\"https:\/\/www.ever-power.net\/wp-content\/uploads\/2019\/07\/Agricultural-Gearbox-For-Harvest-Fruits-2.jpg\" alt=\"\" width=\"935\" height=\"459\" \/><\/p>\n<h2>Melhore a efici\u00eancia da sua colheita com uma caixa de engrenagens agr\u00edcola para frutas<\/h2>\n<p>If you&#8217;re working in the fruit industry, you already know how labor-intensive it can be to harvest fruits by hand. But with the help of an agricultural gearbox for harvest fruits, you can save time and money while improving your harvest efficiency.<\/p>\n<p>Caixas de engrenagens agr\u00edcolas para colheita de frutas s\u00e3o componentes essenciais para equipamentos de colheita de frutas, incluindo colhedores de frutas e sacudidores de \u00e1rvores. Caixas de engrenagens agr\u00edcolas s\u00e3o respons\u00e1veis por alimentar o equipamento que sacode a \u00e1rvore, removendo a fruta com seguran\u00e7a e efici\u00eancia sem danific\u00e1-la. Este tipo de caixa de engrenagens \u00e9 usado na colheita de ma\u00e7\u00e3s, peras, azeitonas, nozes e outras frutas e castanhas.<\/p>\n<h3>Vantagens de uma caixa de engrenagens agr\u00edcola para colheita de frutas<\/h3>\n<ul>\n<li>Aumenta a efici\u00eancia da colheita<\/li>\n<li>Reduz os custos de trabalho manual<\/li>\n<li>Melhora a qualidade da fruta<\/li>\n<li>Minimiza os danos \u00e0 \u00e1rvore<\/li>\n<\/ul>\n<h3>Materiais usados<\/h3>\n<p>Caixas de engrenagens agr\u00edcolas para colheita de frutas s\u00e3o tipicamente feitas de materiais dur\u00e1veis e de alta qualidade, como ligas de alum\u00ednio, ferro fundido e a\u00e7o. Esses materiais s\u00e3o escolhidos por sua for\u00e7a, durabilidade e resist\u00eancia \u00e0 corros\u00e3o e ao desgaste.<\/p>\n<h3>Instala\u00e7\u00e3o, Manuten\u00e7\u00e3o e Reparo<\/h3>\n<p>A instala\u00e7\u00e3o e manuten\u00e7\u00e3o adequadas s\u00e3o cruciais para a longevidade da sua caixa de engrenagens agr\u00edcola. \u00c9 recomendado que voc\u00ea tenha um profissional para instalar a caixa de engrenagens para voc\u00ea. A manuten\u00e7\u00e3o regular, incluindo limpeza e lubrifica\u00e7\u00e3o, tamb\u00e9m garantir\u00e1 que sua caixa de engrenagens permane\u00e7a em boas condi\u00e7\u00f5es de funcionamento.<\/p>\n<p>If your agricultural gearbox does need repair, it&#8217;s essential to address the issue quickly. Common problems with agricultural gearboxes include bearing failure, gear damage, and oil leaks. Many repairs can be done on-site, but more extensive repairs may require the gearbox to be sent to a specialist.<\/p>\n<h3>Outros produtos oferecidos pela nossa empresa<\/h3>\n<p>Al\u00e9m de nossas caixas de engrenagens agr\u00edcolas para colheita de frutas, oferecemos uma ampla gama de produtos de engrenagens pl\u00e1sticas para v\u00e1rias ind\u00fastrias. Nossos produtos incluem caixas de engrenagens agr\u00edcolas, eixos de sa\u00edda de pot\u00eancia, rodas dentadas, acoplamentos de fluido, redutores de engrenagem sem-fim, engrenagens e cremalheiras, correntes destac\u00e1veis, polias e polias, caixas de engrenagens planet\u00e1rias, polias de sincroniza\u00e7\u00e3o, buchas e muito mais.<\/p>\n<h3>Perguntas e respostas<\/h3>\n<p><strong>Q1: O que \u00e9 uma caixa de engrenagens agr\u00edcola para colheita de frutas?<\/strong><br \/>\nA1: Uma caixa de engrenagens agr\u00edcola para colheita de frutas \u00e9 um componente essencial do equipamento de coleta de frutas que aciona o equipamento respons\u00e1vel por sacudir a \u00e1rvore e remover os frutos sem danific\u00e1-los.<\/p>\n<p><strong>Q2: Quais s\u00e3o as vantagens de usar uma caixa de engrenagens agr\u00edcola para colher frutas?<\/strong><br \/>\nA2: As caixas de engrenagens agr\u00edcolas podem aumentar a efici\u00eancia da colheita, reduzir os custos de m\u00e3o de obra, melhorar a qualidade da fruta e minimizar os danos \u00e0 \u00e1rvore.<\/p>\n<p><strong>Q3: Quais materiais s\u00e3o usados para fazer caixas de engrenagens agr\u00edcolas para colheita de frutas?<\/strong><br \/>\nA3: As caixas de engrenagens agr\u00edcolas s\u00e3o normalmente feitas de materiais dur\u00e1veis e de alta qualidade, como ligas de alum\u00ednio, ferro fundido e a\u00e7o.<\/p>\n<p><strong>P4: Como fa\u00e7o para instalar e manter minha caixa de engrenagens agr\u00edcola?<\/strong><br \/>\nA4: \u00c9 recomendado que voc\u00ea tenha um profissional instalando sua caixa de engrenagens. Manuten\u00e7\u00e3o regular, incluindo limpeza e lubrifica\u00e7\u00e3o, tamb\u00e9m garantir\u00e1 que sua caixa de engrenagens permane\u00e7a em boas condi\u00e7\u00f5es de funcionamento.<\/p>\n<p><strong>Q5: Quais outros produtos sua empresa oferece?<\/strong><br \/>\nA5: Al\u00e9m de caixas de engrenagens agr\u00edcolas para colheita de frutas, oferecemos uma ampla gama de produtos de engrenagens pl\u00e1sticas para v\u00e1rios setores, incluindo eixos de sa\u00edda de pot\u00eancia, rodas dentadas, acoplamentos de fluido, redutores de engrenagem sem-fim, engrenagens e cremalheiras, correntes destac\u00e1veis, polias e polias, caixas de engrenagens planet\u00e1rias, polias de sincroniza\u00e7\u00e3o, buchas e muito mais.<\/p>","protected":false},"excerpt":{"rendered":"<p>Agricultural Gearbox For Harvest Fruits Improve Your Harvest Efficiency with an Agricultural Gearbox for Fruits If you&#8217;re working in the fruit industry, you already know how labor-intensive it can be to harvest fruits by hand. But with the help of an agricultural gearbox for harvest fruits, you can save time and money while improving your [&hellip;]<\/p>","protected":false},"featured_media":2940,"template":"","meta":{"_et_pb_use_builder":"","_et_pb_old_content":"","_et_gb_content_width":""},"product_brand":[],"product_cat":[10402],"product_tag":[],"class_list":{"0":"post-2941","1":"product","2":"type-product","3":"status-publish","4":"has-post-thumbnail","6":"product_cat-agricultural-gearbox","8":"first","9":"instock","10":"shipping-taxable","11":"product-type-simple"},"_links":{"self":[{"href":"https:\/\/agricultural-gear-boxes.com\/pt\/wp-json\/wp\/v2\/product\/2941","targetHints":{"allow":["GET"]}}],"collection":[{"href":"https:\/\/agricultural-gear-boxes.com\/pt\/wp-json\/wp\/v2\/product"}],"about":[{"href":"https:\/\/agricultural-gear-boxes.com\/pt\/wp-json\/wp\/v2\/types\/product"}],"wp:featuredmedia":[{"embeddable":true,"href":"https:\/\/agricultural-gear-boxes.com\/pt\/wp-json\/wp\/v2\/media\/2940"}],"wp:attachment":[{"href":"https:\/\/agricultural-gear-boxes.com\/pt\/wp-json\/wp\/v2\/media?parent=2941"}],"wp:term":[{"taxonomy":"product_brand","embeddable":true,"href":"https:\/\/agricultural-gear-boxes.com\/pt\/wp-json\/wp\/v2\/product_brand?post=2941"},{"taxonomy":"product_cat","embeddable":true,"href":"https:\/\/agricultural-gear-boxes.com\/pt\/wp-json\/wp\/v2\/product_cat?post=2941"},{"taxonomy":"product_tag","embeddable":true,"href":"https:\/\/agricultural-gear-boxes.com\/pt\/wp-json\/wp\/v2\/product_tag?post=2941"}],"curies":[{"name":"wp","href":"https:\/\/api.w.org\/{rel}","templated":true}]}}