{"id":2943,"date":"2024-08-20T03:28:58","date_gmt":"2024-08-20T03:28:58","guid":{"rendered":"https:\/\/agricultural-gear-boxes.com\/product\/gearbox-for-cattle-cleaning\/"},"modified":"2024-08-20T03:28:58","modified_gmt":"2024-08-20T03:28:58","slug":"gearbox-for-cattle-cleaning","status":"publish","type":"product","link":"https:\/\/agricultural-gear-boxes.com\/pt\/product\/gearbox-for-cattle-cleaning\/","title":{"rendered":"Caixa de engrenagens para limpeza de gado"},"content":{"rendered":"<h2>Gearbox for Cattle Cleaning &#8211; Efficient and Durable Solution<\/h2>\n<p>A Gearbox for Cattle Cleaning \u00e9 uma solu\u00e7\u00e3o altamente eficiente e dur\u00e1vel para limpeza de solo e outras m\u00e1quinas de limpeza. Ela \u00e9 projetada para atender \u00e0s necessidades de v\u00e1rias ind\u00fastrias e \u00e9 amplamente usada em aplica\u00e7\u00f5es agr\u00edcolas, industriais e comerciais. <\/p>\n<h3>Cen\u00e1rios de uso comum da caixa de engrenagens para limpeza de gado<\/h3>\n<p>A Gearbox for Cattle Cleaning \u00e9 comumente usada em m\u00e1quinas de limpeza que s\u00e3o usadas para limpar fazendas de animais, est\u00e1bulos de gado e outras \u00e1reas agr\u00edcolas. Tamb\u00e9m \u00e9 usada em aplica\u00e7\u00f5es industriais, como limpeza de f\u00e1bricas, armaz\u00e9ns e outras \u00e1reas comerciais. <\/p>\n<h3>Vantagens da caixa de engrenagens para limpeza de gado<\/h3>\n<ul>\n<li>A caixa de engrenagens para limpeza de gado \u00e9 feita de materiais de alta qualidade, o que a torna dur\u00e1vel e dur\u00e1vel.<\/li>\n<li>\u00c9 f\u00e1cil de instalar, manter e reparar, o que o torna uma solu\u00e7\u00e3o econ\u00f4mica para todos os tipos de m\u00e1quinas de limpeza.<\/li>\n<li>A caixa de engrenagens foi projetada para ser eficiente, o que ajuda a reduzir a carga de trabalho da m\u00e1quina de limpeza e aumentar sua vida \u00fatil.<\/li>\n<li>Est\u00e1 dispon\u00edvel em diferentes tamanhos e especifica\u00e7\u00f5es, o que o torna adequado para uma ampla variedade de m\u00e1quinas de limpeza.<\/li>\n<\/ul>\n<h3>Como instalar, manter e reparar a caixa de engrenagens para limpeza de gado<\/h3>\n<p>The installation process of Gearbox for Cattle Cleaning is simple and straightforward. It is important to follow the manufacturer&#8217;s instructions carefully to ensure proper installation. Regular maintenance is necessary to keep the gearbox in good working condition. It is recommended to check for any signs of wear and tear and to replace worn-out parts immediately. If the gearbox needs repair, it is best to seek the services of a professional technician. <\/p>\n<h3>Outros produtos oferecidos pela nossa empresa<\/h3>\n<p>Al\u00e9m da Gearbox for Cattle Cleaning, oferecemos uma ampla gama de outros produtos para v\u00e1rias ind\u00fastrias. Nossos produtos incluem caixas de engrenagens agr\u00edcolas, eixos de sa\u00edda de pot\u00eancia, rodas dentadas, acoplamentos de fluido, redutores de engrenagem sem-fim, engrenagens e cremalheiras, correntes destac\u00e1veis, polias e polias, caixas de engrenagens planet\u00e1rias, polias de sincroniza\u00e7\u00e3o, buchas e muito mais. Estamos comprometidos em fornecer produtos de alta qualidade a um pre\u00e7o favor\u00e1vel e com servi\u00e7o atencioso. Damos as boas-vindas aos clientes para virem at\u00e9 n\u00f3s para personaliza\u00e7\u00e3o de desenho ou amostra.<\/p>\n<h2>Perguntas e respostas<\/h2>\n<h3>Q1. Para que serve a caixa de engrenagens para limpeza de gado?<\/h3>\n<p>Resposta: A Gearbox for Cattle Cleaning \u00e9 usada em m\u00e1quinas de limpeza que s\u00e3o usadas para limpar fazendas de animais, est\u00e1bulos de gado e outras \u00e1reas agr\u00edcolas. Tamb\u00e9m \u00e9 usada em aplica\u00e7\u00f5es industriais, como limpeza de f\u00e1bricas, armaz\u00e9ns e outras \u00e1reas comerciais.<\/p>\n<h3>Q2. Quais s\u00e3o as vantagens de usar a Gearbox para limpeza de gado?<\/h3>\n<p>Resposta: A caixa de engrenagens para limpeza de gado \u00e9 feita de materiais de alta qualidade, o que a torna dur\u00e1vel e duradoura. \u00c9 f\u00e1cil de instalar, manter e reparar, o que a torna uma solu\u00e7\u00e3o econ\u00f4mica para todos os tipos de m\u00e1quinas de limpeza. A caixa de engrenagens \u00e9 projetada para ser eficiente, o que ajuda a reduzir a carga de trabalho na m\u00e1quina de limpeza e aumentar sua vida \u00fatil. Ela est\u00e1 dispon\u00edvel em diferentes tamanhos e especifica\u00e7\u00f5es, o que a torna adequada para uma ampla gama de m\u00e1quinas de limpeza.<\/p>\n<h3>Q3. Como instalar a caixa de engrenagens para limpeza de gado?<\/h3>\n<p>Answer: The installation process of Gearbox for Cattle Cleaning is simple and straightforward. It is important to follow the manufacturer&#8217;s instructions carefully to ensure proper installation.<\/p>\n<h3>Q4. Como fazer a manuten\u00e7\u00e3o da caixa de engrenagens para limpeza de gado?<\/h3>\n<p>Resposta: A manuten\u00e7\u00e3o regular \u00e9 necess\u00e1ria para manter a caixa de engrenagens em boas condi\u00e7\u00f5es de funcionamento. \u00c9 recomendado verificar se h\u00e1 sinais de desgaste e substituir pe\u00e7as desgastadas imediatamente.<\/p>\n<h3>Q5. Quais outros produtos s\u00e3o oferecidos pela empresa?<\/h3>\n<p>Resposta: Al\u00e9m da Gearbox for Cattle Cleaning, a empresa oferece uma ampla gama de outros produtos para v\u00e1rias ind\u00fastrias. Esses produtos incluem caixas de engrenagens agr\u00edcolas, eixos de sa\u00edda de pot\u00eancia, rodas dentadas, acoplamentos de fluido, redutores de engrenagem sem-fim, engrenagens e cremalheiras, correntes destac\u00e1veis, polias e polias, caixas de engrenagens planet\u00e1rias, polias de sincroniza\u00e7\u00e3o, buchas e muito mais.<\/p>","protected":false},"excerpt":{"rendered":"<p>Gearbox for Cattle Cleaning &#8211; Efficient and Durable Solution The Gearbox for Cattle Cleaning is a highly efficient and durable solution for ground cleaning and other cleaning machines. It is designed to meet the needs of various industries and is widely used in agricultural, industrial, and commercial applications. The Common Use Scenarios of Gearbox for [&hellip;]<\/p>","protected":false},"featured_media":2942,"template":"","meta":{"_et_pb_use_builder":"","_et_pb_old_content":"","_et_gb_content_width":""},"product_brand":[],"product_cat":[10402],"product_tag":[],"class_list":{"0":"post-2943","1":"product","2":"type-product","3":"status-publish","4":"has-post-thumbnail","6":"product_cat-agricultural-gearbox","8":"first","9":"instock","10":"shipping-taxable","11":"product-type-simple"},"_links":{"self":[{"href":"https:\/\/agricultural-gear-boxes.com\/pt\/wp-json\/wp\/v2\/product\/2943","targetHints":{"allow":["GET"]}}],"collection":[{"href":"https:\/\/agricultural-gear-boxes.com\/pt\/wp-json\/wp\/v2\/product"}],"about":[{"href":"https:\/\/agricultural-gear-boxes.com\/pt\/wp-json\/wp\/v2\/types\/product"}],"wp:featuredmedia":[{"embeddable":true,"href":"https:\/\/agricultural-gear-boxes.com\/pt\/wp-json\/wp\/v2\/media\/2942"}],"wp:attachment":[{"href":"https:\/\/agricultural-gear-boxes.com\/pt\/wp-json\/wp\/v2\/media?parent=2943"}],"wp:term":[{"taxonomy":"product_brand","embeddable":true,"href":"https:\/\/agricultural-gear-boxes.com\/pt\/wp-json\/wp\/v2\/product_brand?post=2943"},{"taxonomy":"product_cat","embeddable":true,"href":"https:\/\/agricultural-gear-boxes.com\/pt\/wp-json\/wp\/v2\/product_cat?post=2943"},{"taxonomy":"product_tag","embeddable":true,"href":"https:\/\/agricultural-gear-boxes.com\/pt\/wp-json\/wp\/v2\/product_tag?post=2943"}],"curies":[{"name":"wp","href":"https:\/\/api.w.org\/{rel}","templated":true}]}}