{"id":2961,"date":"2024-08-20T03:29:21","date_gmt":"2024-08-20T03:29:21","guid":{"rendered":"https:\/\/agricultural-gear-boxes.com\/product\/agriculture-gearbox-for-rotary-harrows\/"},"modified":"2024-08-20T03:29:21","modified_gmt":"2024-08-20T03:29:21","slug":"agriculture-gearbox-for-rotary-harrows","status":"publish","type":"product","link":"https:\/\/agricultural-gear-boxes.com\/pt\/product\/agriculture-gearbox-for-rotary-harrows\/","title":{"rendered":"Caixa de engrenagens agr\u00edcolas para grades rotativas"},"content":{"rendered":"<h2>Agriculture Gearbox For Rotary Harrows &#8211; Durable, Reliable and Efficient<\/h2>\n<p>Se voc\u00ea est\u00e1 procurando uma caixa de engrenagens de alta qualidade para sua grade rotativa, voc\u00ea veio ao lugar certo! Nossa empresa produz todos os tipos de caixas de engrenagens para agricultura caixa de engrenagens para grades rotativas. Nossas caixas de engrenagens s\u00e3o feitas de materiais de alta qualidade e s\u00e3o projetadas para funcionar em uma variedade de ambientes desafiadores.<\/p>\n<p>Nossa caixa de engrenagens agr\u00edcolas para grades rotativas \u00e9 comumente usada em aplica\u00e7\u00f5es agr\u00edcolas, especialmente para preparo do solo, prepara\u00e7\u00e3o de canteiros e controle de ervas daninhas. Com sua constru\u00e7\u00e3o robusta e alta capacidade de torque, nossa caixa de engrenagens pode passar por condi\u00e7\u00f5es de solo dif\u00edceis e fornecer a voc\u00ea uma opera\u00e7\u00e3o suave e eficiente.<\/p>\n<p>Nossa caixa de engrenagens tem uma longa hist\u00f3ria de opera\u00e7\u00e3o confi\u00e1vel e tem sido usada por fazendeiros e profissionais agr\u00edcolas em todo o mundo. Oferecemos uma ampla gama de rela\u00e7\u00f5es de engrenagens e velocidades de sa\u00edda para atender \u00e0s necessidades de qualquer aplica\u00e7\u00e3o.<\/p>\n<p>As vantagens da nossa caixa de engrenagens agr\u00edcolas para grades rotativas incluem seus baixos requisitos de manuten\u00e7\u00e3o, durabilidade e facilidade de instala\u00e7\u00e3o. Nossa caixa de engrenagens \u00e9 projetada para ser facilmente mantida e reparada, garantindo uma longa vida \u00fatil e um baixo custo de propriedade.<\/p>\n<p>Usamos apenas materiais de alta qualidade na constru\u00e7\u00e3o de nossas caixas de engrenagens, incluindo ferro fundido, a\u00e7o e alum\u00ednio. Isso garante que nossas caixas de engrenagens possam suportar os rigores do uso agr\u00edcola e fornecer a voc\u00ea um desempenho confi\u00e1vel por muitos anos.<\/p>\n<p>A instala\u00e7\u00e3o, manuten\u00e7\u00e3o e reparo de nossa caixa de engrenagens agr\u00edcolas para grades rotativas s\u00e3o simples e podem ser conclu\u00eddos por profissionais treinados. Fornecemos instru\u00e7\u00f5es detalhadas e suporte para garantir que sua caixa de engrenagens funcione em seu potencial m\u00e1ximo.<\/p>\n<h3>Caracter\u00edsticas da nossa caixa de engrenagens agr\u00edcolas para grades rotativas:<\/h3>\n<ul>\n<li>Alta capacidade de torque<\/li>\n<li>Ampla gama de rela\u00e7\u00f5es de transmiss\u00e3o<\/li>\n<li>Constru\u00e7\u00e3o dur\u00e1vel<\/li>\n<li>Baixa necessidade de manuten\u00e7\u00e3o<\/li>\n<li>F\u00e1cil instala\u00e7\u00e3o e reparo<\/li>\n<li>Materiais de alta qualidade<\/li>\n<\/ul>\n<h3>Outros produtos oferecidos pela nossa empresa:<\/h3>\n<p>Al\u00e9m da nossa caixa de engrenagens agr\u00edcolas para grades rotativas, tamb\u00e9m oferecemos uma ampla gama de engrenagens pl\u00e1sticas usadas na ind\u00fastria. Nossos produtos incluem caixas de engrenagens agr\u00edcolas, eixos de sa\u00edda de pot\u00eancia, rodas dentadas, acoplamentos de fluido, redutores de engrenagem sem-fim, engrenagens e cremalheiras, correntes destac\u00e1veis, polias e polias, caixas de engrenagens planet\u00e1rias, polias de sincroniza\u00e7\u00e3o, buchas e muito mais.<\/p>\n<p>Nossos produtos s\u00e3o conhecidos por sua alta qualidade, pre\u00e7o favor\u00e1vel e servi\u00e7o atencioso. Damos boas-vindas aos clientes para virem at\u00e9 n\u00f3s para personaliza\u00e7\u00e3o de desenho ou amostra.<\/p>\n<h3>Perguntas e respostas:<\/h3>\n<ol>\n<li>O que \u00e9 uma caixa de engrenagens agr\u00edcolas para grades rotativas?<\/li>\n<li>Quais s\u00e3o as vantagens de usar uma caixa de engrenagens agr\u00edcolas para grades rotativas?<\/li>\n<li>Quais materiais s\u00e3o usados para construir uma caixa de engrenagens agr\u00edcola para grades rotativas?<\/li>\n<li>Como instalar e manter uma caixa de engrenagens agr\u00edcola para grades rotativas?<\/li>\n<li>Quais outros produtos a empresa oferece al\u00e9m da caixa de engrenagens agr\u00edcolas para grades rotativas?<\/li>\n<\/ol>","protected":false},"excerpt":{"rendered":"<p>Agriculture Gearbox For Rotary Harrows &#8211; Durable, Reliable and Efficient If you are looking for a high-quality gearbox for your rotary harrow, you have come to the right place! Our company produces all kinds of gearboxes for agriculture gearbox for Rotary Harrows. Our gearboxes are made of high-quality materials and are designed to perform in [&hellip;]<\/p>","protected":false},"featured_media":2960,"template":"","meta":{"_et_pb_use_builder":"","_et_pb_old_content":"","_et_gb_content_width":""},"product_brand":[],"product_cat":[10402],"product_tag":[],"class_list":{"0":"post-2961","1":"product","2":"type-product","3":"status-publish","4":"has-post-thumbnail","6":"product_cat-agricultural-gearbox","8":"first","9":"instock","10":"shipping-taxable","11":"product-type-simple"},"_links":{"self":[{"href":"https:\/\/agricultural-gear-boxes.com\/pt\/wp-json\/wp\/v2\/product\/2961","targetHints":{"allow":["GET"]}}],"collection":[{"href":"https:\/\/agricultural-gear-boxes.com\/pt\/wp-json\/wp\/v2\/product"}],"about":[{"href":"https:\/\/agricultural-gear-boxes.com\/pt\/wp-json\/wp\/v2\/types\/product"}],"wp:featuredmedia":[{"embeddable":true,"href":"https:\/\/agricultural-gear-boxes.com\/pt\/wp-json\/wp\/v2\/media\/2960"}],"wp:attachment":[{"href":"https:\/\/agricultural-gear-boxes.com\/pt\/wp-json\/wp\/v2\/media?parent=2961"}],"wp:term":[{"taxonomy":"product_brand","embeddable":true,"href":"https:\/\/agricultural-gear-boxes.com\/pt\/wp-json\/wp\/v2\/product_brand?post=2961"},{"taxonomy":"product_cat","embeddable":true,"href":"https:\/\/agricultural-gear-boxes.com\/pt\/wp-json\/wp\/v2\/product_cat?post=2961"},{"taxonomy":"product_tag","embeddable":true,"href":"https:\/\/agricultural-gear-boxes.com\/pt\/wp-json\/wp\/v2\/product_tag?post=2961"}],"curies":[{"name":"wp","href":"https:\/\/api.w.org\/{rel}","templated":true}]}}