{"id":2969,"date":"2024-08-20T03:29:26","date_gmt":"2024-08-20T03:29:26","guid":{"rendered":"https:\/\/agricultural-gear-boxes.com\/product\/agricultural-gearbox-for-flail-mowers\/"},"modified":"2024-08-20T03:29:26","modified_gmt":"2024-08-20T03:29:26","slug":"agricultural-gearbox-for-flail-mowers","status":"publish","type":"product","link":"https:\/\/agricultural-gear-boxes.com\/pt\/product\/agricultural-gearbox-for-flail-mowers\/","title":{"rendered":"Caixa de engrenagens agr\u00edcolas para cortadores de grama"},"content":{"rendered":"<h2>Caixa de engrenagens agr\u00edcolas para cortadores de grama<\/h2>\n<p>Os cortadores de mangual s\u00e3o uma ferramenta agr\u00edcola essencial para fazendeiros e jardineiros, e a caixa de engrenagens agr\u00edcola \u00e9 um dos componentes mais cr\u00edticos de um cortador de mangual. Na HZPT, estocamos uma ampla sele\u00e7\u00e3o de pe\u00e7as para cortadores de mangual, incluindo caixas de engrenagens agr\u00edcolas para cortadores de mangual.<\/p>\n<h3>Usos comuns da caixa de engrenagens agr\u00edcolas para cortadores de grama<\/h3>\n<ul>\n<li>Corte de feno ou talos ap\u00f3s a colheita para decomposi\u00e7\u00e3o mais r\u00e1pida e enriquecimento do solo<\/li>\n<li>Manuten\u00e7\u00e3o de grandes \u00e1reas de grama ou ervas daninhas em fazendas ou estradas<\/li>\n<li>Limpeza de res\u00edduos de campos de cultivo<\/li>\n<\/ul>\n<h3>Vantagens da caixa de engrenagens agr\u00edcolas HZPT para cortadores de grama<\/h3>\n<ul>\n<li>Constru\u00eddo com materiais de alta qualidade para durabilidade e longevidade<\/li>\n<li>Projetado para ser f\u00e1cil de instalar e manter<\/li>\n<li>Compat\u00edvel com uma ampla gama de modelos de cortadores de grama<\/li>\n<\/ul>\n<h3>Instala\u00e7\u00e3o e Manuten\u00e7\u00e3o de Caixa de Engrenagens Agr\u00edcolas para Cortadores de Grama<\/h3>\n<p>It is important to follow the manufacturer&#8217;s instructions when installing and maintaining your agricultural gearbox for flail mowers. Regular maintenance can prolong the lifespan of your gearbox and keep your flail mower running efficiently.<\/p>\n<ul>\n<li>Check oil levels regularly and change the oil according to the manufacturer&#8217;s recommendations<\/li>\n<li>Inspecione engrenagens e rolamentos quanto a desgaste e danos<\/li>\n<li>Aperte os parafusos e porcas conforme necess\u00e1rio<\/li>\n<li>Substitua as pe\u00e7as danificadas imediatamente<\/li>\n<\/ul>\n<h3>Outros produtos oferecidos pela HZPT<\/h3>\n<p>Na HZPT, tamb\u00e9m fornecemos v\u00e1rios produtos de engrenagens de pl\u00e1stico usados na ind\u00fastria, incluindo caixas de engrenagens agr\u00edcolas, eixos de sa\u00edda de pot\u00eancia, rodas dentadas, acoplamentos de fluido, redutores de engrenagem sem-fim, engrenagens e cremalheiras, correntes destac\u00e1veis, polias e polias, caixas de engrenagens planet\u00e1rias, polias de sincroniza\u00e7\u00e3o, buchas e muito mais. Temos orgulho em oferecer produtos de alta qualidade a pre\u00e7os favor\u00e1veis e fornecer excelente atendimento ao cliente. Damos as boas-vindas aos clientes para que venham at\u00e9 n\u00f3s para personaliza\u00e7\u00f5es com base em seus desenhos ou amostras.<\/p>\n<h2>Perguntas e respostas<\/h2>\n<h3>P1: O que \u00e9 uma caixa de engrenagens agr\u00edcola para cortadores de grama?<\/h3>\n<p>A1: Uma caixa de engrenagens agr\u00edcola para cortadores de grama \u00e9 um componente essencial do cortador de grama que aciona as l\u00e2minas e permite o corte eficiente de grama e ervas daninhas.<\/p>\n<h3>Q2: What are the advantages of HZPT&#8217;s agricultural gearbox for flail mowers?<\/h3>\n<p>A2: HZPT&#8217;s agricultural gearbox for flail mowers is constructed with high-quality materials for durability and longevity, designed to be easy to install and maintain, and compatible with a wide range of flail mower models.<\/p>\n<h3>Q3: Como devo fazer a manuten\u00e7\u00e3o da minha caixa de engrenagens agr\u00edcola para cortadores de grama?<\/h3>\n<p>A3: A manuten\u00e7\u00e3o regular \u00e9 essencial para prolongar a vida \u00fatil da sua caixa de engrenagens agr\u00edcolas para cortadores de grama de mangual. Voc\u00ea deve verificar os n\u00edveis de \u00f3leo regularmente, inspecionar engrenagens e rolamentos para verificar se h\u00e1 desgaste e danos, apertar parafusos e porcas conforme necess\u00e1rio e substituir pe\u00e7as danificadas imediatamente.<\/p>\n<h3>Q4: Quais outros produtos a HZPT oferece?<\/h3>\n<p>A4: Al\u00e9m de caixas de engrenagens agr\u00edcolas para cortadores de grama, a HZPT tamb\u00e9m fornece v\u00e1rios produtos de engrenagens pl\u00e1sticas usados na ind\u00fastria, incluindo eixos de sa\u00edda de pot\u00eancia, rodas dentadas, acoplamentos de fluido, redutores de engrenagem sem-fim, engrenagens e cremalheiras, correntes destac\u00e1veis, polias e polias, caixas de engrenagens planet\u00e1rias, polias de sincroniza\u00e7\u00e3o, buchas e muito mais.<\/p>\n<h3>Q5: Can I request customizations for HZPT&#8217;s products?<\/h3>\n<p>R5: Sim, a HZPT aceita clientes para personaliza\u00e7\u00f5es com base em seus desenhos ou amostras.<\/p>","protected":false},"excerpt":{"rendered":"<p>Agricultural Gearbox for Flail Mowers Flail mowers are an essential agricultural tool for farmers and gardeners, and the agricultural gearbox is one of the most critical components of a flail mower. At HZPT, we stock a wide selection of flail mower parts, including agricultural gearboxes for flail mowers. Common Uses of Agricultural Gearbox for Flail [&hellip;]<\/p>","protected":false},"featured_media":2968,"template":"","meta":{"_et_pb_use_builder":"","_et_pb_old_content":"","_et_gb_content_width":""},"product_brand":[],"product_cat":[10402],"product_tag":[],"class_list":{"0":"post-2969","1":"product","2":"type-product","3":"status-publish","4":"has-post-thumbnail","6":"product_cat-agricultural-gearbox","8":"first","9":"instock","10":"shipping-taxable","11":"product-type-simple"},"_links":{"self":[{"href":"https:\/\/agricultural-gear-boxes.com\/pt\/wp-json\/wp\/v2\/product\/2969","targetHints":{"allow":["GET"]}}],"collection":[{"href":"https:\/\/agricultural-gear-boxes.com\/pt\/wp-json\/wp\/v2\/product"}],"about":[{"href":"https:\/\/agricultural-gear-boxes.com\/pt\/wp-json\/wp\/v2\/types\/product"}],"wp:featuredmedia":[{"embeddable":true,"href":"https:\/\/agricultural-gear-boxes.com\/pt\/wp-json\/wp\/v2\/media\/2968"}],"wp:attachment":[{"href":"https:\/\/agricultural-gear-boxes.com\/pt\/wp-json\/wp\/v2\/media?parent=2969"}],"wp:term":[{"taxonomy":"product_brand","embeddable":true,"href":"https:\/\/agricultural-gear-boxes.com\/pt\/wp-json\/wp\/v2\/product_brand?post=2969"},{"taxonomy":"product_cat","embeddable":true,"href":"https:\/\/agricultural-gear-boxes.com\/pt\/wp-json\/wp\/v2\/product_cat?post=2969"},{"taxonomy":"product_tag","embeddable":true,"href":"https:\/\/agricultural-gear-boxes.com\/pt\/wp-json\/wp\/v2\/product_tag?post=2969"}],"curies":[{"name":"wp","href":"https:\/\/api.w.org\/{rel}","templated":true}]}}