{"id":2973,"date":"2024-08-20T03:29:32","date_gmt":"2024-08-20T03:29:32","guid":{"rendered":"https:\/\/agricultural-gear-boxes.com\/product\/agricultural-pto-gearboxes-for-powered-generator\/"},"modified":"2024-08-20T03:29:32","modified_gmt":"2024-08-20T03:29:32","slug":"agricultural-pto-gearboxes-for-powered-generator","status":"publish","type":"product","link":"https:\/\/agricultural-gear-boxes.com\/pt\/product\/agricultural-pto-gearboxes-for-powered-generator\/","title":{"rendered":"Caixas de engrenagens agr\u00edcolas PTO para geradores el\u00e9tricos"},"content":{"rendered":"<h2>Caixas de engrenagens de tomada de for\u00e7a agr\u00edcola para gerador el\u00e9trico<\/h2>\n<p>Agricultural PTO gearboxes for powered generator is a highly efficient, powerful, and reliable gearbox that is used in the agricultural industry for various applications. The gearbox is designed to transfer power from a tractor or other agricultural vehicle&#8217;s power take-off (PTO) to a powered generator, providing a reliable source of electricity to power various farm equipment and machinery.<\/p>\n<h3>Cen\u00e1rios de uso comum<\/h3>\n<p>A caixa de engrenagens PTO agr\u00edcola para gerador el\u00e9trico \u00e9 comumente usada em v\u00e1rias aplica\u00e7\u00f5es agr\u00edcolas, incluindo sistemas de irriga\u00e7\u00e3o, colheita de safras, processamento de safras e sistemas de alimenta\u00e7\u00e3o de gado. Ela tamb\u00e9m pode ser usada para alimentar equipamentos el\u00e9tricos, como luzes, aquecedores, ventiladores de resfriamento e outros dispositivos el\u00e9tricos necess\u00e1rios para administrar uma fazenda de forma eficiente.<\/p>\n<h3>Vantagens das caixas de engrenagens de tomada de for\u00e7a agr\u00edcolas para geradores el\u00e9tricos<\/h3>\n<ul>\n<li>Transfer\u00eancia de energia altamente eficiente<\/li>\n<li>Fonte confi\u00e1vel de eletricidade para equipamentos e m\u00e1quinas agr\u00edcolas<\/li>\n<li>Dur\u00e1vel e duradouro<\/li>\n<li>F\u00e1cil de instalar e manter<\/li>\n<li>Vers\u00e1til e pode ser usado em uma variedade de aplica\u00e7\u00f5es na ind\u00fastria agr\u00edcola<\/li>\n<\/ul>\n<h3>Instala\u00e7\u00e3o, Manuten\u00e7\u00e3o e Reparo<\/h3>\n<p>Instalar uma caixa de engrenagens de tomada de for\u00e7a agr\u00edcola para gerador el\u00e9trico \u00e9 um processo simples que requer algumas ferramentas b\u00e1sicas e algum conhecimento t\u00e9cnico. A caixa de engrenagens deve estar devidamente alinhada com o eixo da tomada de for\u00e7a e firmemente montada no trator ou outro ve\u00edculo agr\u00edcola. A manuten\u00e7\u00e3o regular \u00e9 crucial para garantir que a caixa de engrenagens opere de forma eficiente e confi\u00e1vel. Isso inclui verificar o n\u00edvel de \u00f3leo da caixa de engrenagens, limpar o filtro de ar e inspecionar a caixa de engrenagens para quaisquer sinais de desgaste ou danos. Em caso de avaria ou mau funcionamento, a caixa de engrenagens pode ser reparada ou substitu\u00edda por um t\u00e9cnico qualificado.<\/p>\n<h3>Materiais usados<\/h3>\n<p>Caixas de engrenagens de TDF agr\u00edcolas para geradores el\u00e9tricos podem ser feitas de uma variedade de materiais, incluindo ferro fundido, a\u00e7o e alum\u00ednio. O material usado depende da aplica\u00e7\u00e3o espec\u00edfica e dos requisitos do equipamento que est\u00e1 sendo alimentado.<\/p>\n<h3>Outros produtos<\/h3>\n<p>Al\u00e9m de caixas de engrenagens de tomada de for\u00e7a agr\u00edcolas para geradores el\u00e9tricos, nossa empresa fornece v\u00e1rias engrenagens pl\u00e1sticas usadas na ind\u00fastria, como caixas de engrenagens agr\u00edcolas, eixos de sa\u00edda de pot\u00eancia, rodas dentadas, acoplamentos de fluido, redutores de engrenagem sem-fim, engrenagens e cremalheiras, correntes destac\u00e1veis, polias e polias, caixas de engrenagens planet\u00e1rias, polias de sincroniza\u00e7\u00e3o, buchas e muito mais. Nossos produtos s\u00e3o de alta qualidade, oferecidos a um pre\u00e7o favor\u00e1vel e v\u00eam com um servi\u00e7o atencioso ao cliente. Damos as boas-vindas aos clientes para virem at\u00e9 n\u00f3s para personaliza\u00e7\u00e3o de desenho ou amostra.<\/p>\n<h2>Perguntas e respostas<\/h2>\n<h3>Q1. O que \u00e9 uma caixa de engrenagens de tomada de for\u00e7a agr\u00edcola para gerador el\u00e9trico?<\/h3>\n<p>A1. An agricultural PTO gearbox for powered generator is a highly efficient, powerful, and reliable gearbox that is used in the agricultural industry for various applications. The gearbox is designed to transfer power from a tractor or other agricultural vehicle&#8217;s power take-off (PTO) to a powered generator, providing a reliable source of electricity to power various farm equipment and machinery.<\/p>\n<h3>Q2. Quais s\u00e3o os cen\u00e1rios de uso comuns para uma caixa de engrenagens de tomada de for\u00e7a agr\u00edcola para gerador el\u00e9trico?<\/h3>\n<p>A2. A caixa de engrenagens PTO agr\u00edcola para gerador el\u00e9trico \u00e9 comumente usada em v\u00e1rias aplica\u00e7\u00f5es agr\u00edcolas, incluindo sistemas de irriga\u00e7\u00e3o, colheita de safras, processamento de safras e sistemas de alimenta\u00e7\u00e3o de gado. Ela tamb\u00e9m pode ser usada para alimentar equipamentos el\u00e9tricos, como luzes, aquecedores, ventiladores de resfriamento e outros dispositivos el\u00e9tricos necess\u00e1rios para administrar uma fazenda com efici\u00eancia.<\/p>\n<h3>Q3. Quais s\u00e3o as vantagens de usar uma caixa de engrenagens de tomada de for\u00e7a agr\u00edcola para gerador el\u00e9trico?<\/h3>\n<p>A3. As vantagens de usar uma caixa de engrenagens de tomada de for\u00e7a agr\u00edcola para gerador el\u00e9trico incluem transfer\u00eancia de energia altamente eficiente, uma fonte confi\u00e1vel de eletricidade para equipamentos e m\u00e1quinas agr\u00edcolas, durabilidade, facilidade de instala\u00e7\u00e3o e manuten\u00e7\u00e3o, versatilidade e a capacidade de ser usada em uma variedade de aplica\u00e7\u00f5es na ind\u00fastria agr\u00edcola.<\/p>\n<h3>Q4. Como voc\u00ea instala e faz a manuten\u00e7\u00e3o de uma caixa de engrenagens de tomada de for\u00e7a agr\u00edcola para gerador el\u00e9trico?<\/h3>\n<p>A4. Instalar uma caixa de engrenagens de tomada de for\u00e7a agr\u00edcola para gerador el\u00e9trico \u00e9 um processo simples que requer algumas ferramentas b\u00e1sicas e algum conhecimento t\u00e9cnico. A caixa de engrenagens deve estar devidamente alinhada com o eixo da tomada de for\u00e7a e firmemente montada no trator ou outro ve\u00edculo agr\u00edcola. A manuten\u00e7\u00e3o regular \u00e9 crucial para garantir que a caixa de engrenagens opere de forma eficiente e confi\u00e1vel. Isso inclui verificar o n\u00edvel de \u00f3leo da caixa de engrenagens, limpar o filtro de ar e inspecionar a caixa de engrenagens para quaisquer sinais de desgaste ou danos.<\/p>\n<h3>Q5. De quais materiais s\u00e3o feitas as caixas de engrenagens da tomada de for\u00e7a agr\u00edcola para geradores el\u00e9tricos?<\/h3>\n<p>A5. Caixas de engrenagens de TDF agr\u00edcolas para geradores el\u00e9tricos podem ser feitas de uma variedade de materiais, incluindo ferro fundido, a\u00e7o e alum\u00ednio. O material usado depende da aplica\u00e7\u00e3o espec\u00edfica e dos requisitos do equipamento que est\u00e1 sendo alimentado.<\/p>","protected":false},"excerpt":{"rendered":"<p>Agricultural PTO Gearboxes for Powered Generator Agricultural PTO gearboxes for powered generator is a highly efficient, powerful, and reliable gearbox that is used in the agricultural industry for various applications. The gearbox is designed to transfer power from a tractor or other agricultural vehicle&#8217;s power take-off (PTO) to a powered generator, providing a reliable source [&hellip;]<\/p>","protected":false},"featured_media":2972,"template":"","meta":{"_et_pb_use_builder":"","_et_pb_old_content":"","_et_gb_content_width":""},"product_brand":[],"product_cat":[10402],"product_tag":[],"class_list":{"0":"post-2973","1":"product","2":"type-product","3":"status-publish","4":"has-post-thumbnail","6":"product_cat-agricultural-gearbox","8":"first","9":"instock","10":"shipping-taxable","11":"product-type-simple"},"_links":{"self":[{"href":"https:\/\/agricultural-gear-boxes.com\/pt\/wp-json\/wp\/v2\/product\/2973","targetHints":{"allow":["GET"]}}],"collection":[{"href":"https:\/\/agricultural-gear-boxes.com\/pt\/wp-json\/wp\/v2\/product"}],"about":[{"href":"https:\/\/agricultural-gear-boxes.com\/pt\/wp-json\/wp\/v2\/types\/product"}],"wp:featuredmedia":[{"embeddable":true,"href":"https:\/\/agricultural-gear-boxes.com\/pt\/wp-json\/wp\/v2\/media\/2972"}],"wp:attachment":[{"href":"https:\/\/agricultural-gear-boxes.com\/pt\/wp-json\/wp\/v2\/media?parent=2973"}],"wp:term":[{"taxonomy":"product_brand","embeddable":true,"href":"https:\/\/agricultural-gear-boxes.com\/pt\/wp-json\/wp\/v2\/product_brand?post=2973"},{"taxonomy":"product_cat","embeddable":true,"href":"https:\/\/agricultural-gear-boxes.com\/pt\/wp-json\/wp\/v2\/product_cat?post=2973"},{"taxonomy":"product_tag","embeddable":true,"href":"https:\/\/agricultural-gear-boxes.com\/pt\/wp-json\/wp\/v2\/product_tag?post=2973"}],"curies":[{"name":"wp","href":"https:\/\/api.w.org\/{rel}","templated":true}]}}