{"id":2983,"date":"2024-08-20T03:29:46","date_gmt":"2024-08-20T03:29:46","guid":{"rendered":"https:\/\/agricultural-gear-boxes.com\/product\/hydraulic-pto-drive-gearbox-speed-increaser-for-tractor\/"},"modified":"2024-08-20T03:29:46","modified_gmt":"2024-08-20T03:29:46","slug":"hydraulic-pto-drive-gearbox-speed-increaser-for-tractor","status":"publish","type":"product","link":"https:\/\/agricultural-gear-boxes.com\/pt\/product\/hydraulic-pto-drive-gearbox-speed-increaser-for-tractor\/","title":{"rendered":"Caixa de engrenagens de transmiss\u00e3o hidr\u00e1ulica PTO para trator"},"content":{"rendered":"<h2>Caixa de engrenagens de transmiss\u00e3o hidr\u00e1ulica PTO para trator<\/h2>\n<p>Se voc\u00ea est\u00e1 procurando um aumentador de velocidade de caixa de engrenagens de acionamento hidr\u00e1ulico PTO confi\u00e1vel para seu trator, voc\u00ea veio ao lugar certo. Nossas caixas de engrenagens s\u00e3o projetadas para conectar bombas de engrenagem a tomadas de for\u00e7a (PTO) de tratores agr\u00edcolas, permitindo que voc\u00ea alcance as velocidades de opera\u00e7\u00e3o adequadas de bombas hidr\u00e1ulicas. Oferecemos uma ampla gama de s\u00e9ries, incluindo 60001, 60002, 60003, 60004, 70001, 70002, 70003, 70004, 70005, 70006, 70007 e 70007-4\/24.<\/p>\n<p>Nossas caixas de engrenagens v\u00eam com uma carca\u00e7a de alum\u00ednio ou ferro fundido e uma conex\u00e3o para a bomba hidr\u00e1ulica ao trator. Elas t\u00eam uma velocidade de entrada de 540 ou 1000 RPM e um eixo de entrada macho ou de desconex\u00e3o r\u00e1pida. A entrada dupla das caixas divisoras garante desempenho e efici\u00eancia ideais.<\/p>\n<h3>Materiais de alta qualidade e design robusto<\/h3>\n<p>Nossas caixas de engrenagens s\u00e3o feitas com carca\u00e7a de alum\u00ednio fundido ou ferro fundido de alta resist\u00eancia mec\u00e2nica, tornando-as leves, mas resistentes. As engrenagens s\u00e3o feitas de a\u00e7o UNI 18 PCR M03 com dentes curtos que garantem alt\u00edssima resist\u00eancia e funcionam muito silenciosamente. Os eixos s\u00e3o feitos de a\u00e7o UNI 16 CRN4 e s\u00e3o acoplados \u00e0s engrenagens por meio de pe\u00e7as estriadas, tornando-as mais adequadas para suportar os torques declarados no cat\u00e1logo.<\/p>\n<p>The torque figures mentioned in the technical charts of all the PTO Gearboxes refer to continuous duty cycles. Torques under intermittent working conditions can be exceeded by 20%. The gear oil must be put in the PTO gearbox prior to use &#8211; please note we do not supply the gear oil and will not accept responsibility for customers not putting oil in. Change the oil after the first 60-80 hours and then every 12 months or 1500 hours whichever falls first. Please check the oil level via the special oil window every 50 hours. Working temperatures should not exceed 120 degrees Celsius under a continuous duty cycle.<\/p>\n<h3>Aplica\u00e7\u00e3o do Aumentador de Velocidade da TDF Hidr\u00e1ulica<\/h3>\n<p>Nosso aumentador de velocidade de tomada de for\u00e7a hidr\u00e1ulica \u00e9 ideal para adicionar pot\u00eancia hidr\u00e1ulica a tratores e equipamentos de paisagismo que ainda n\u00e3o estejam equipados com circuitos hidr\u00e1ulicos. \u00c9 comumente usado para alimentar brocas hidr\u00e1ulicas, carregadeiras frontais, cortadores de grama, varredoras rotativas, perfuratrizes de postes e acionamentos de postes. Essas caixas de engrenagens s\u00e3o usadas principalmente para conectar o eixo de tomada de for\u00e7a na parte traseira do trator para acionar a bomba hidr\u00e1ulica para gerar pot\u00eancia fluida.<\/p>\n<h3>Outras caixas de engrenagens agr\u00edcolas relacionadas<\/h3>\n<p>Al\u00e9m dos multiplicadores de velocidade de TDF hidr\u00e1ulicos, tamb\u00e9m oferecemos uma ampla gama de caixas de engrenagens e acess\u00f3rios para m\u00e1quinas agr\u00edcolas. Nossos produtos incluem eixos de sa\u00edda de pot\u00eancia, rodas dentadas, acoplamentos de fluido, redutores de engrenagem sem-fim, engrenagens e cremalheiras, correntes destac\u00e1veis, polias e polias, caixas de engrenagens planet\u00e1rias, polias de sincroniza\u00e7\u00e3o, buchas e muito mais. Estamos comprometidos em fornecer produtos de alta qualidade a pre\u00e7os favor\u00e1veis e com servi\u00e7o atencioso. Damos as boas-vindas aos clientes para virem at\u00e9 o desenho ou personaliza\u00e7\u00e3o de amostra.<\/p>\n<h2>Perguntas e respostas<\/h2>\n<h3>P: Qual \u00e9 a velocidade de sa\u00edda das caixas de engrenagens da tomada de for\u00e7a?<\/h3>\n<p>R: A velocidade de sa\u00edda das caixas de engrenagens da tomada de for\u00e7a \u00e9 de 540 rpm, o que pode ser comparado com as velocidades de opera\u00e7\u00e3o adequadas das bombas hidr\u00e1ulicas.<\/p>\n<h3>P: Quais diferentes velocidades de entrada s\u00e3o adequadas para caixas de engrenagens de tomada de for\u00e7a?<\/h3>\n<p>R: Diferentes velocidades de entrada tamb\u00e9m podem ser adequadas, desde que a velocidade de sa\u00edda da caixa de engrenagens n\u00e3o exceda 3000 rpm.<\/p>\n<h3>P: De que material as engrenagens s\u00e3o feitas?<\/h3>\n<p>R: As engrenagens s\u00e3o feitas de a\u00e7o UNI 18 PCR M03, o que garante alta resist\u00eancia e funcionamento silencioso.<\/p>\n<h3>P: Com que frequ\u00eancia o \u00f3leo da caixa de engrenagens da tomada de for\u00e7a deve ser trocado?<\/h3>\n<p>R: O \u00f3leo da engrenagem deve ser trocado ap\u00f3s as primeiras 60-80 horas e depois a cada 12 meses ou 1500 horas, o que ocorrer primeiro.<\/p>\n<h3>P: Qual \u00e9 a temperatura de trabalho ideal para caixas de engrenagens de tomada de for\u00e7a?<\/h3>\n<p>R: As temperaturas de trabalho n\u00e3o devem exceder 120 graus Celsius em um ciclo de trabalho cont\u00ednuo.<\/p>\n<h3>P: Que outros produtos de m\u00e1quinas agr\u00edcolas voc\u00eas oferecem?<\/h3>\n<p>R: Al\u00e9m dos multiplicadores de velocidade da tomada de for\u00e7a hidr\u00e1ulica, tamb\u00e9m oferecemos eixos de sa\u00edda de pot\u00eancia, rodas dentadas, acoplamentos de fluido, redutores de engrenagem sem-fim, engrenagens e cremalheiras, correntes destac\u00e1veis, polias e polias, caixas de engrenagens planet\u00e1rias, polias de sincroniza\u00e7\u00e3o, buchas e muito mais.<\/p>","protected":false},"excerpt":{"rendered":"<p>Hydraulic PTO Drive Gearbox Speed Increaser for Tractor If you are looking for a reliable hydraulic PTO drive gearbox speed increaser for your tractor, you have come to the right place. Our gearboxes are designed to connect gear pumps to farm tractor power take-offs (PTO), allowing you to achieve the proper running speeds of hydraulic [&hellip;]<\/p>","protected":false},"featured_media":2982,"template":"","meta":{"_et_pb_use_builder":"","_et_pb_old_content":"","_et_gb_content_width":""},"product_brand":[],"product_cat":[10402],"product_tag":[],"class_list":{"0":"post-2983","1":"product","2":"type-product","3":"status-publish","4":"has-post-thumbnail","6":"product_cat-agricultural-gearbox","8":"first","9":"instock","10":"shipping-taxable","11":"product-type-simple"},"_links":{"self":[{"href":"https:\/\/agricultural-gear-boxes.com\/pt\/wp-json\/wp\/v2\/product\/2983","targetHints":{"allow":["GET"]}}],"collection":[{"href":"https:\/\/agricultural-gear-boxes.com\/pt\/wp-json\/wp\/v2\/product"}],"about":[{"href":"https:\/\/agricultural-gear-boxes.com\/pt\/wp-json\/wp\/v2\/types\/product"}],"wp:featuredmedia":[{"embeddable":true,"href":"https:\/\/agricultural-gear-boxes.com\/pt\/wp-json\/wp\/v2\/media\/2982"}],"wp:attachment":[{"href":"https:\/\/agricultural-gear-boxes.com\/pt\/wp-json\/wp\/v2\/media?parent=2983"}],"wp:term":[{"taxonomy":"product_brand","embeddable":true,"href":"https:\/\/agricultural-gear-boxes.com\/pt\/wp-json\/wp\/v2\/product_brand?post=2983"},{"taxonomy":"product_cat","embeddable":true,"href":"https:\/\/agricultural-gear-boxes.com\/pt\/wp-json\/wp\/v2\/product_cat?post=2983"},{"taxonomy":"product_tag","embeddable":true,"href":"https:\/\/agricultural-gear-boxes.com\/pt\/wp-json\/wp\/v2\/product_tag?post=2983"}],"curies":[{"name":"wp","href":"https:\/\/api.w.org\/{rel}","templated":true}]}}