{"id":3005,"date":"2024-08-20T03:30:10","date_gmt":"2024-08-20T03:30:10","guid":{"rendered":"https:\/\/agricultural-gear-boxes.com\/product\/harvester-gearbox-reversing-bevel-gearbox\/"},"modified":"2024-08-20T03:30:10","modified_gmt":"2024-08-20T03:30:10","slug":"harvester-gearbox-reversing-bevel-gearbox","status":"publish","type":"product","link":"https:\/\/agricultural-gear-boxes.com\/pt\/product\/harvester-gearbox-reversing-bevel-gearbox\/","title":{"rendered":"Caixa de engrenagens c\u00f4nica de revers\u00e3o da caixa de engrenagens da colheitadeira"},"content":{"rendered":"<h2>Caixa de engrenagens c\u00f4nica revers\u00edvel da Harvester Gearbox: confi\u00e1vel e dur\u00e1vel<\/h2>\n<p>Harvester Gearbox Reversing Bevel Gearbox \u00e9 uma caixa de engrenagens altamente confi\u00e1vel e dur\u00e1vel que \u00e9 comumente usada em m\u00e1quinas de colheita de gr\u00e3os. Feita com materiais de alta qualidade, como HT200 para material de alojamento e 40CrMnTi para eixo de engrenagem, esta caixa de engrenagens \u00e9 projetada para suportar as condi\u00e7\u00f5es mais dif\u00edceis e oferecer desempenho duradouro. \u00c9 um componente essencial da m\u00e1quina de colheita de gr\u00e3os e desempenha um papel crucial para garantir a opera\u00e7\u00e3o suave da m\u00e1quina.<\/p>\n<h3>Vantagens da caixa de engrenagens c\u00f4nica de revers\u00e3o da caixa de engrenagens da colheitadeira<\/h3>\n<ul>\n<li>Materiais de alta qualidade para durabilidade<\/li>\n<li>Projetado para suportar condi\u00e7\u00f5es dif\u00edceis<\/li>\n<li>Desempenho duradouro<\/li>\n<li>Componente essencial da m\u00e1quina colhedora de gr\u00e3os<\/li>\n<\/ul>\n<h3>Instala\u00e7\u00e3o, Manuten\u00e7\u00e3o e Reparo<\/h3>\n<p>A instala\u00e7\u00e3o, manuten\u00e7\u00e3o e reparo da Harvester Gearbox Reversing Bevel Gearbox s\u00e3o vitais para garantir seu desempenho e longevidade ideais. A caixa de engrenagens deve ser instalada por um profissional para garantir o alinhamento adequado, e a manuten\u00e7\u00e3o regular deve ser realizada para evitar desgaste. Em caso de qualquer avaria, o reparo imediato deve ser feito para evitar maiores danos \u00e0 caixa de engrenagens. Se a caixa de engrenagens n\u00e3o tiver mais conserto, ela deve ser substitu\u00edda por uma nova.<\/p>\n<h3>Hist\u00f3ria e Classifica\u00e7\u00e3o<\/h3>\n<p>Harvester Gearbox Reversing Bevel Gearbox tem uma longa hist\u00f3ria e passou por v\u00e1rios avan\u00e7os ao longo dos anos para melhorar seu design e desempenho. A caixa de engrenagens se enquadra na categoria de caixas de engrenagens c\u00f4nicas ou de esquadria, que s\u00e3o amplamente utilizadas em v\u00e1rias aplica\u00e7\u00f5es industriais.<\/p>\n<h3>Outros usos da caixa de engrenagens agr\u00edcolas e do eixo de tomada de for\u00e7a<\/h3>\n<p>Al\u00e9m do uso prim\u00e1rio de fornecer transfer\u00eancia de pot\u00eancia mec\u00e2nica entre tratores agr\u00edcolas, a caixa de engrenagens agr\u00edcola e o eixo PTO tamb\u00e9m t\u00eam outros usos. Eles podem ser usados em v\u00e1rias aplica\u00e7\u00f5es industriais que exigem a transfer\u00eancia de pot\u00eancia mec\u00e2nica.<\/p>\n<h3>Nossos outros produtos<\/h3>\n<p>Na Ever-Power, estamos comprometidos em fornecer produtos de alta qualidade a um pre\u00e7o favor\u00e1vel e com excelente atendimento ao cliente. Al\u00e9m da Harvester Gearbox Reversing Bevel Gearbox, tamb\u00e9m fornecemos v\u00e1rias engrenagens de pl\u00e1stico usadas na ind\u00fastria, como caixas de engrenagens agr\u00edcolas, eixos de sa\u00edda de pot\u00eancia, rodas dentadas, acoplamentos de fluido, redutores de engrenagem sem-fim, engrenagens e cremalheiras, correntes destac\u00e1veis, polias e polias, caixas de engrenagens planet\u00e1rias, polias de sincroniza\u00e7\u00e3o, buchas e muito mais. Oferecemos servi\u00e7os de personaliza\u00e7\u00e3o para nossos produtos com base nos requisitos do cliente.<\/p>\n<h2>Perguntas e respostas<\/h2>\n<h3>1. Do que \u00e9 feita a caixa de engrenagens c\u00f4nicas revers\u00edveis da Harvester Gearbox?<\/h3>\n<p>A caixa de engrenagens c\u00f4nica revers\u00edvel da Harvester Gearbox \u00e9 feita de materiais de alta qualidade, como HT200 para material de carca\u00e7a e 40CrMnTi para eixo de engrenagem.<\/p>\n<h3>2. Qual \u00e9 o uso principal da caixa de engrenagens agr\u00edcola e do eixo da tomada de for\u00e7a?<\/h3>\n<p>O uso principal da caixa de engrenagens agr\u00edcola e do eixo da tomada de for\u00e7a \u00e9 transferir pot\u00eancia mec\u00e2nica entre tratores agr\u00edcolas.<\/p>\n<h3>3. Qual a import\u00e2ncia da instala\u00e7\u00e3o da caixa de engrenagens c\u00f4nica revers\u00edvel da Harvester Gearbox?<\/h3>\n<p>A instala\u00e7\u00e3o da caixa de engrenagens c\u00f4nica revers\u00edvel da Harvester Gearbox \u00e9 essencial para garantir o alinhamento adequado, o que \u00e9 essencial para o desempenho e a longevidade ideais.<\/p>\n<h3>4. Quais outros produtos a Ever-Power fornece?<\/h3>\n<p>Al\u00e9m da caixa de engrenagens c\u00f4nicas revers\u00edveis para colheitadeiras, a Ever-Power fornece diversas engrenagens pl\u00e1sticas usadas na ind\u00fastria, como caixas de engrenagens agr\u00edcolas, eixos de sa\u00edda de pot\u00eancia, rodas dentadas, acoplamentos de fluido, redutores de engrenagem sem-fim, engrenagens e cremalheiras, correntes destac\u00e1veis, polias e polias, caixas de engrenagens planet\u00e1rias, polias de sincroniza\u00e7\u00e3o, buchas e muito mais.<\/p>\n<h3>5. A Ever-Power oferece servi\u00e7os de personaliza\u00e7\u00e3o para seus produtos?<\/h3>\n<p>Sim, a Ever-Power oferece servi\u00e7os de personaliza\u00e7\u00e3o para seus produtos com base nas necessidades do cliente.<\/p>","protected":false},"excerpt":{"rendered":"<p>Harvester Gearbox Reversing Bevel Gearbox: Reliable and Durable Harvester Gearbox Reversing Bevel Gearbox is a highly reliable and durable gearbox that is commonly used in grain harvester machines. Made with high-quality materials such as HT200 for housing material and 40CrMnTi for gear shaft, this gearbox is designed to withstand the toughest conditions and offer long-lasting [&hellip;]<\/p>","protected":false},"featured_media":3004,"template":"","meta":{"_et_pb_use_builder":"","_et_pb_old_content":"","_et_gb_content_width":""},"product_brand":[],"product_cat":[10402],"product_tag":[],"class_list":{"0":"post-3005","1":"product","2":"type-product","3":"status-publish","4":"has-post-thumbnail","6":"product_cat-agricultural-gearbox","8":"first","9":"instock","10":"shipping-taxable","11":"product-type-simple"},"_links":{"self":[{"href":"https:\/\/agricultural-gear-boxes.com\/pt\/wp-json\/wp\/v2\/product\/3005","targetHints":{"allow":["GET"]}}],"collection":[{"href":"https:\/\/agricultural-gear-boxes.com\/pt\/wp-json\/wp\/v2\/product"}],"about":[{"href":"https:\/\/agricultural-gear-boxes.com\/pt\/wp-json\/wp\/v2\/types\/product"}],"wp:featuredmedia":[{"embeddable":true,"href":"https:\/\/agricultural-gear-boxes.com\/pt\/wp-json\/wp\/v2\/media\/3004"}],"wp:attachment":[{"href":"https:\/\/agricultural-gear-boxes.com\/pt\/wp-json\/wp\/v2\/media?parent=3005"}],"wp:term":[{"taxonomy":"product_brand","embeddable":true,"href":"https:\/\/agricultural-gear-boxes.com\/pt\/wp-json\/wp\/v2\/product_brand?post=3005"},{"taxonomy":"product_cat","embeddable":true,"href":"https:\/\/agricultural-gear-boxes.com\/pt\/wp-json\/wp\/v2\/product_cat?post=3005"},{"taxonomy":"product_tag","embeddable":true,"href":"https:\/\/agricultural-gear-boxes.com\/pt\/wp-json\/wp\/v2\/product_tag?post=3005"}],"curies":[{"name":"wp","href":"https:\/\/api.w.org\/{rel}","templated":true}]}}