{"id":3018,"date":"2024-08-20T03:30:23","date_gmt":"2024-08-20T03:30:23","guid":{"rendered":"https:\/\/agricultural-gear-boxes.com\/product\/agricultural-gearbox-suppliers\/"},"modified":"2024-08-20T03:30:23","modified_gmt":"2024-08-20T03:30:23","slug":"agricultural-gearbox-suppliers","status":"publish","type":"product","link":"https:\/\/agricultural-gear-boxes.com\/pt\/product\/agricultural-gearbox-suppliers\/","title":{"rendered":"Fornecedores de caixas de engrenagens agr\u00edcolas"},"content":{"rendered":"<h2>Fornecedores de caixas de engrenagens agr\u00edcolas: Ever-Power<\/h2>\n<p>If you&#8217;re looking for reliable and high-quality agricultural gearbox suppliers, look no further than Ever-Power. Our mission is to manufacture the highest value power transmission systems for agricultural, mobile off-highway, and industrial equipment manufacturers. We offer a range of gearboxes, specialty forgings, and custom gears globally for a variety of industries and applications.<\/p>\n<h3>Tipos de caixas de engrenagens<\/h3>\n<p>Caixas de engrenagens s\u00e3o um componente essencial da cadeia cinem\u00e1tica de m\u00e1quinas agr\u00edcolas. Elas s\u00e3o respons\u00e1veis por transmitir pot\u00eancia do trator para v\u00e1rias m\u00e1quinas agr\u00edcolas. A Ever-Power oferece uma gama de caixas de engrenagens, incluindo:<\/p>\n<h4>Caixas de engrenagens de \u00e2ngulo ortogonal<\/h4>\n<p>Essas caixas de engrenagens t\u00eam um eixo de entrada e pelo menos um eixo de sa\u00edda posicionados em um \u00e2ngulo de 90 graus. Elas s\u00e3o comumente conhecidas como caixas de engrenagens de \u00e2ngulo reto.<\/p>\n<h4>Caixas de engrenagens de eixo paralelo<\/h4>\n<p>Essas caixas de engrenagens t\u00eam seus eixos de entrada e sa\u00edda posicionados paralelamente um ao outro.<\/p>\n<h4>Redutores e Incrementadores<\/h4>\n<p>Redutores s\u00e3o caixas de engrenagens nas quais a engrenagem motriz tem menos dentes, resultando em rota\u00e7\u00e3o mais lenta do eixo de sa\u00edda. Aumentadores, por outro lado, t\u00eam o eixo de entrada montado na engrenagem com mais dentes, resultando em rota\u00e7\u00e3o mais r\u00e1pida do eixo de sa\u00edda.<\/p>\n<h4>Caixas de engrenagens de \u00e2ngulo reto, distribuidores ou caixas de engrenagens reversas rotacionais<\/h4>\n<p>Caixas de engrenagens de \u00e2ngulo reto t\u00eam engrenagens com o mesmo n\u00famero de dentes e apenas dois eixos (entrada e sa\u00edda), enquanto distribuidores t\u00eam pelo menos dois eixos de sa\u00edda. Caixas de engrenagens reversas rotacionais e caixas de engrenagens de deslocamento paralelo s\u00e3o varia\u00e7\u00f5es com eixos paralelos.<\/p>\n<h4>Caixas de velocidades de mudan\u00e7a de velocidade<\/h4>\n<p>Al\u00e9m do par principal de engrenagens e eixos relevantes, essas caixas de engrenagens tamb\u00e9m podem ter outras engrenagens com diferentes n\u00fameros de dentes, permitindo diferentes velocidades.<\/p>\n<h3>Vantagens das caixas de engrenagens Ever-Power<\/h3>\n<p>Uma das vantagens de escolher a Ever-Power como seu fornecedor de caixas de engrenagens agr\u00edcolas \u00e9 que usamos uma variedade de materiais para fabricar nossas caixas de engrenagens, incluindo a\u00e7o de alta qualidade e outros metais. Nossas caixas de engrenagens s\u00e3o projetadas para fornecer transmiss\u00e3o de energia confi\u00e1vel e eficiente para sua m\u00e1quina agr\u00edcola.<\/p>\n<p>Tamb\u00e9m oferecemos servi\u00e7os de instala\u00e7\u00e3o, manuten\u00e7\u00e3o e reparo para nossas caixas de engrenagens. Nossos t\u00e9cnicos altamente qualificados podem ajudar voc\u00ea com qualquer necessidade de instala\u00e7\u00e3o ou manuten\u00e7\u00e3o, e fornecemos servi\u00e7os de reparo para ajudar voc\u00ea a colocar sua m\u00e1quina em funcionamento novamente se algo der errado.<\/p>\n<h3>Outros produtos Ever-Power<\/h3>\n<p>Al\u00e9m de nossas caixas de engrenagens agr\u00edcolas, tamb\u00e9m fornecemos uma gama de outros produtos de transmiss\u00e3o de energia de alta qualidade, incluindo eixos de sa\u00edda de energia, rodas dentadas, acoplamentos de fluido, redutores de engrenagem sem-fim, engrenagens e cremalheiras, correntes destac\u00e1veis, polias e polias, caixas de engrenagens planet\u00e1rias, polias de sincroniza\u00e7\u00e3o, buchas e muito mais. Temos orgulho em fornecer produtos de alta qualidade a pre\u00e7os favor\u00e1veis e oferecer servi\u00e7os atenciosos aos nossos clientes. Tamb\u00e9m damos as boas-vindas aos clientes que desejam personalizar seus produtos com base em suas necessidades espec\u00edficas.<\/p>\n<h2>Perguntas e respostas:<\/h2>\n<p>1. Quais s\u00e3o os diferentes tipos de caixas de engrenagens oferecidas pela Ever-Power?<br \/>\n2. Quais s\u00e3o as vantagens de escolher a Ever-Power como seu fornecedor de caixas de engrenagens agr\u00edcolas?<br \/>\n3. Quais materiais s\u00e3o usados para fabricar as caixas de engrenagens Ever-Power?<br \/>\n4. A Ever-Power oferece servi\u00e7os de instala\u00e7\u00e3o e manuten\u00e7\u00e3o para suas caixas de engrenagens?<br \/>\n5. Quais outros produtos a Ever-Power oferece al\u00e9m de caixas de engrenagens agr\u00edcolas?<\/p>","protected":false},"excerpt":{"rendered":"<p>Agricultural Gearbox Suppliers: Ever-Power If you&#8217;re looking for reliable and high-quality agricultural gearbox suppliers, look no further than Ever-Power. Our mission is to manufacture the highest value power transmission systems for agricultural, mobile off-highway, and industrial equipment manufacturers. We offer a range of gearboxes, specialty forgings, and custom gears globally for a variety of industries [&hellip;]<\/p>","protected":false},"featured_media":3017,"template":"","meta":{"_et_pb_use_builder":"","_et_pb_old_content":"","_et_gb_content_width":""},"product_brand":[],"product_cat":[10402],"product_tag":[],"class_list":{"0":"post-3018","1":"product","2":"type-product","3":"status-publish","4":"has-post-thumbnail","6":"product_cat-agricultural-gearbox","8":"first","9":"instock","10":"shipping-taxable","11":"product-type-simple"},"_links":{"self":[{"href":"https:\/\/agricultural-gear-boxes.com\/pt\/wp-json\/wp\/v2\/product\/3018","targetHints":{"allow":["GET"]}}],"collection":[{"href":"https:\/\/agricultural-gear-boxes.com\/pt\/wp-json\/wp\/v2\/product"}],"about":[{"href":"https:\/\/agricultural-gear-boxes.com\/pt\/wp-json\/wp\/v2\/types\/product"}],"wp:featuredmedia":[{"embeddable":true,"href":"https:\/\/agricultural-gear-boxes.com\/pt\/wp-json\/wp\/v2\/media\/3017"}],"wp:attachment":[{"href":"https:\/\/agricultural-gear-boxes.com\/pt\/wp-json\/wp\/v2\/media?parent=3018"}],"wp:term":[{"taxonomy":"product_brand","embeddable":true,"href":"https:\/\/agricultural-gear-boxes.com\/pt\/wp-json\/wp\/v2\/product_brand?post=3018"},{"taxonomy":"product_cat","embeddable":true,"href":"https:\/\/agricultural-gear-boxes.com\/pt\/wp-json\/wp\/v2\/product_cat?post=3018"},{"taxonomy":"product_tag","embeddable":true,"href":"https:\/\/agricultural-gear-boxes.com\/pt\/wp-json\/wp\/v2\/product_tag?post=3018"}],"curies":[{"name":"wp","href":"https:\/\/api.w.org\/{rel}","templated":true}]}}