{"id":3022,"date":"2024-08-20T03:30:25","date_gmt":"2024-08-20T03:30:25","guid":{"rendered":"https:\/\/agricultural-gear-boxes.com\/product\/rotary-cutter-mower-gearbox-manufacturers\/"},"modified":"2024-08-20T03:30:25","modified_gmt":"2024-08-20T03:30:25","slug":"rotary-cutter-mower-gearbox-manufacturers","status":"publish","type":"product","link":"https:\/\/agricultural-gear-boxes.com\/pt\/product\/rotary-cutter-mower-gearbox-manufacturers\/","title":{"rendered":"Fabricantes de caixa de engrenagens de cortador rotativo"},"content":{"rendered":"<h2>Fabricantes de caixa de engrenagens de cortador rotativo<\/h2>\n<p>If you are looking for a reliable and efficient rotary cutter gearbox for your mower, look no further. Our 40 HP Rotary cutter gearbox with 1-3\/8&#8243; smooth input shaft and a gear ratio of 1:1.47, is the perfect solution for replacing OEM gearboxes on 4&#8242;, 5&#8242;, and some 6&#8242; rotary cutters by these manufacturers. The cast iron housing is sealed to protect the gears and bearings, and the mounting plate has four bolt holes spaced 4.75&#8243; square. The gearbox has a piloted flange bottom to fit a 5-1\/4&#8243; pilot hole in the mower\/cutter deck. <\/p>\n<h3>Informa\u00e7\u00f5es t\u00e9cnicas:<\/h3>\n<ul>\n<li><strong>Padr\u00e3o de parafuso:<\/strong> 4-3\/4&#8243; Square with holes for 5\/8&#8243; bolt<\/li>\n<li><strong>Tamanho do furo piloto:<\/strong> 5-1\/4&#8243;<\/li>\n<li><strong>Eixo de entrada:<\/strong> 1-3\/8&#8243; Smooth with 1\/2 Shear-hole<\/li>\n<li><strong>Eixo de sa\u00edda:<\/strong> 1-9\/16&#8243; Tapered 12-spline<\/li>\n<li><strong>Pot\u00eancia de entrada m\u00e1x.:<\/strong> 40 CV<\/li>\n<li><strong>Velocidade de entrada:<\/strong> 540\/1000 RPM<\/li>\n<li><strong>Rota\u00e7\u00e3o do eixo:<\/strong> CCW para CW com propor\u00e7\u00e3o de 1:1,47<\/li>\n<\/ul>\n<h3>Aplica\u00e7\u00f5es:<\/h3>\n<p>Our rotary cutter gearbox is specially designed to replace OEM gearboxes on 4&#8242;, 5&#8242;, and some 6&#8242; rotary cutters by these manufacturers. It is perfect for use in agricultural and industrial settings where reliable and efficient equipment is needed. This gearbox is an essential component of any rotary cutter, as it provides the necessary power to cut through even the toughest of materials.<\/p>\n<h3>Vantagens:<\/h3>\n<ul>\n<li>A carca\u00e7a de ferro fundido \u00e9 selada para proteger as engrenagens e rolamentos<\/li>\n<li>Piloted flange bottom fits a 5-1\/4&#8243; pilot hole in the mower\/cutter deck<\/li>\n<li>Four bolt holes spaced 4.75&#8243; square for easy installation<\/li>\n<li>1-3\/8&#8243; smooth input shaft with 1\/2 shear-hole for optimal power transfer<\/li>\n<li>1-9\/16&#8243; tapered 12-spline output shaft for maximum torque<\/li>\n<li>Pode suportar at\u00e9 40 HP de pot\u00eancia<\/li>\n<li>Compat\u00edvel com velocidades de entrada de 540\/1000 RPM<\/li>\n<li>A rota\u00e7\u00e3o do eixo \u00e9 CCW para CW com uma propor\u00e7\u00e3o de 1:1,47, tornando-o uma op\u00e7\u00e3o vers\u00e1til para uma variedade de aplica\u00e7\u00f5es de corte<\/li>\n<\/ul>\n<h3>Instala\u00e7\u00e3o, manuten\u00e7\u00e3o e reparo:<\/h3>\n<p>Installing our rotary cutter gearbox is quick and easy, thanks to the four bolt holes spaced 4.75&#8243; square. Simply bolt the gearbox onto your cutter deck and you&#8217;re ready to go. When it comes to maintenance, be sure to regularly check the gearbox for any signs of wear or damage. Regular oil changes are also recommended to keep the gears and bearings lubricated and running smoothly. If you do need to repair the gearbox, our team of experts is available to assist you with any repairs or replacements.<\/p>\n<h3>Outros produtos:<\/h3>\n<p>Al\u00e9m da nossa caixa de engrenagens de cortador rotativo, tamb\u00e9m fornecemos uma variedade de outras engrenagens e componentes de pl\u00e1stico e metal de alta qualidade para uso industrial. Nossos produtos incluem caixas de engrenagens agr\u00edcolas, eixos de sa\u00edda de pot\u00eancia, rodas dentadas, acoplamentos de fluido, redutores de engrenagem sem-fim, engrenagens e cremalheiras, correntes destac\u00e1veis, polias e polias, caixas de engrenagens planet\u00e1rias, polias de sincroniza\u00e7\u00e3o, buchas e muito mais. Temos orgulho de oferecer produtos de alta qualidade a pre\u00e7os competitivos e estamos comprometidos em fornecer aos nossos clientes um servi\u00e7o excepcional.<\/p>\n<h2>Perguntas e respostas<\/h2>\n<ol>\n<li><strong>O que \u00e9 uma caixa de engrenagens de cortador rotativo?<\/strong><br \/>Uma caixa de engrenagens de cortador rotativo \u00e9 um componente essencial de qualquer cortador rotativo, pois fornece a pot\u00eancia necess\u00e1ria para cortar at\u00e9 mesmo os materiais mais resistentes.<\/li>\n<li><strong>Qual \u00e9 a pot\u00eancia m\u00e1xima que a caixa de engrenagens do cortador rotativo de 40 HP pode suportar?<\/strong><br \/>A caixa de engrenagens do cortador rotativo de 40 HP pode suportar at\u00e9 40 HP de pot\u00eancia.<\/li>\n<li><strong>Qual \u00e9 a velocidade de entrada da caixa de engrenagens do cortador rotativo de 40 HP?<\/strong><br \/>A caixa de engrenagens do cortador rotativo de 40 HP \u00e9 compat\u00edvel com velocidades de entrada de 540\/1000 RPM.<\/li>\n<li><strong>Como fa\u00e7o para instalar a caixa de engrenagens do cortador rotativo de 40 HP?<\/strong><br \/>Installing the 40 HP Rotary cutter gearbox is quick and easy, thanks to the four bolt holes spaced 4.75&#8243; square. Simply bolt the gearbox onto your cutter deck and you&#8217;re ready to go.<\/li>\n<li><strong>Quais outros produtos a empresa fornece?<\/strong><br \/>Al\u00e9m da caixa de engrenagens do cortador rotativo, a empresa tamb\u00e9m fornece uma variedade de outras engrenagens e componentes de pl\u00e1stico e metal de alta qualidade para uso industrial.<\/li>\n<\/ol>","protected":false},"excerpt":{"rendered":"<p>Rotary Cutter Mower Gearbox Manufacturers If you are looking for a reliable and efficient rotary cutter gearbox for your mower, look no further. Our 40 HP Rotary cutter gearbox with 1-3\/8&#8243; smooth input shaft and a gear ratio of 1:1.47, is the perfect solution for replacing OEM gearboxes on 4&#8242;, 5&#8242;, and some 6&#8242; rotary [&hellip;]<\/p>","protected":false},"featured_media":3021,"template":"","meta":{"_et_pb_use_builder":"","_et_pb_old_content":"","_et_gb_content_width":""},"product_brand":[],"product_cat":[10402],"product_tag":[],"class_list":{"0":"post-3022","1":"product","2":"type-product","3":"status-publish","4":"has-post-thumbnail","6":"product_cat-agricultural-gearbox","8":"first","9":"instock","10":"shipping-taxable","11":"product-type-simple"},"_links":{"self":[{"href":"https:\/\/agricultural-gear-boxes.com\/pt\/wp-json\/wp\/v2\/product\/3022","targetHints":{"allow":["GET"]}}],"collection":[{"href":"https:\/\/agricultural-gear-boxes.com\/pt\/wp-json\/wp\/v2\/product"}],"about":[{"href":"https:\/\/agricultural-gear-boxes.com\/pt\/wp-json\/wp\/v2\/types\/product"}],"wp:featuredmedia":[{"embeddable":true,"href":"https:\/\/agricultural-gear-boxes.com\/pt\/wp-json\/wp\/v2\/media\/3021"}],"wp:attachment":[{"href":"https:\/\/agricultural-gear-boxes.com\/pt\/wp-json\/wp\/v2\/media?parent=3022"}],"wp:term":[{"taxonomy":"product_brand","embeddable":true,"href":"https:\/\/agricultural-gear-boxes.com\/pt\/wp-json\/wp\/v2\/product_brand?post=3022"},{"taxonomy":"product_cat","embeddable":true,"href":"https:\/\/agricultural-gear-boxes.com\/pt\/wp-json\/wp\/v2\/product_cat?post=3022"},{"taxonomy":"product_tag","embeddable":true,"href":"https:\/\/agricultural-gear-boxes.com\/pt\/wp-json\/wp\/v2\/product_tag?post=3022"}],"curies":[{"name":"wp","href":"https:\/\/api.w.org\/{rel}","templated":true}]}}