{"id":3026,"date":"2024-08-20T03:30:27","date_gmt":"2024-08-20T03:30:27","guid":{"rendered":"https:\/\/agricultural-gear-boxes.com\/product\/agricultural-lawn-mower-gearbox-ep-rc31-193-ep-rc31-147\/"},"modified":"2024-08-20T03:30:27","modified_gmt":"2024-08-20T03:30:27","slug":"agricultural-lawn-mower-gearbox-ep-rc31-193-ep-rc31-147","status":"publish","type":"product","link":"https:\/\/agricultural-gear-boxes.com\/pt\/product\/agricultural-lawn-mower-gearbox-ep-rc31-193-ep-rc31-147\/","title":{"rendered":"Caixa de engrenagens para cortador de grama agr\u00edcola EP-RC31-193 EP-RC31-147"},"content":{"rendered":"<h2>Caixa de engrenagens para cortador de grama agr\u00edcola EP-RC31-193 EP-RC31-147<\/h2>\n<p>Caixa de engrenagens para cortador de grama agr\u00edcola EP-RC31-193 A EP-RC31-147 \u00e9 uma caixa de engrenagens altamente vers\u00e1til e dur\u00e1vel, projetada para uso em uma variedade de m\u00e1quinas agr\u00edcolas. Essas caixas de engrenagens foram exportadas para a Venezuela, Austr\u00e1lia, EUA, Sri Lanka, \u00cdndia e outros pa\u00edses e regi\u00f5es e s\u00e3o usadas em armazenamento de transporte de gr\u00e3os, cortador de grama rotativo, colheitadeira de arroz, cultivador rotativo, pulverizador de pesticidas, colheitadeira de batata, escavadeira de poste, caixa de engrenagens de corrente, redutor de macaco de bomba de \u00f3leo, espalhador de fertilizante e muitas outras aplica\u00e7\u00f5es.<\/p>\n<p>O corpo da caixa de engrenagens \u00e9 feito de ferro fundido d\u00factil resistente ao desgaste de alta qualidade, enquanto as engrenagens e eixos s\u00e3o feitos de a\u00e7o de liga de baixo carbono de alta qualidade e passam por tratamento de cementa\u00e7\u00e3o e t\u00eampera para resist\u00eancia e durabilidade superiores. A caixa de engrenagens do cortador de grama EP-RC31-193 tem uma propor\u00e7\u00e3o de 1:1,93, enquanto a caixa de engrenagens do cortador de grama EP-RC31-147 tem uma propor\u00e7\u00e3o de 1:1,47. As caixas de engrenagens t\u00eam 15\/29 e 15\/22 dentes, respectivamente, e o m\u00f3dulo da caixa de engrenagens do cortador de grama EP-RC31-193 \u00e9 4,0, enquanto o m\u00f3dulo da caixa de engrenagens do cortador de grama EP-RC31-147 \u00e9 5,08. Essas caixas de engrenagens t\u00eam uma classifica\u00e7\u00e3o de pot\u00eancia de 30 HP e 40 HP, respectivamente.<\/p>\n<p>A entrada e a sa\u00edda das caixas de engrenagens t\u00eam um eixo estriado aequilado de base c\u00f4nica Z6 de 1-3\/8, e as caixas de engrenagens t\u00eam um peso de 24,5 kg. As caixas de engrenagens s\u00e3o projetadas com grandes rolamentos de esferas de sulco profundo para suportar a sa\u00edda, e t\u00eam quatro furos roscados de 5\/16\u2033-18 em 4-1\/8\u2033 de di\u00e2metro. BC Para navios sem \u00f3leo, o usu\u00e1rio deve adicionar \u00f3leo antes do uso, de acordo com o manual do usu\u00e1rio. <\/p>\n<h3>Vantagens da caixa de engrenagens do cortador de grama agr\u00edcola EP-RC31-193 EP-RC31-147<\/h3>\n<ul>\n<li>Constru\u00e7\u00e3o em ferro fundido d\u00factil de alta qualidade e resistente ao desgaste para durabilidade superior<\/li>\n<li>Engrenagens e eixos de a\u00e7o de liga de baixo carbono e alta qualidade passam por tratamento de cementa\u00e7\u00e3o e t\u00eampera para maior resist\u00eancia e durabilidade<\/li>\n<li>Grandes rolamentos de esferas de sulco profundo para suportar a sa\u00edda<\/li>\n<li>Quatro furos roscados de 5\/16\u2033-18 em 4-1\/8\u2033 de di\u00e2metro. BC<\/li>\n<li>Eixo estriado equil\u00e1tero de base c\u00f4nica Z6 1-3\/8 para entrada\/sa\u00edda<\/li>\n<\/ul>\n<h3>Instala\u00e7\u00e3o, manuten\u00e7\u00e3o e substitui\u00e7\u00e3o da caixa de engrenagens do cortador de grama agr\u00edcola EP-RC31-193 EP-RC31-147<\/h3>\n<p>Antes de instalar a caixa de engrenagens, o usu\u00e1rio deve adicionar \u00f3leo conforme o manual do usu\u00e1rio. A caixa de engrenagens deve ser montada na posi\u00e7\u00e3o horizontal para opera\u00e7\u00e3o adequada. A manuten\u00e7\u00e3o da caixa de engrenagens envolve lubrifica\u00e7\u00e3o regular das engrenagens e eixos, bem como a substitui\u00e7\u00e3o de quaisquer pe\u00e7as desgastadas ou danificadas. Pe\u00e7as de reposi\u00e7\u00e3o para as caixas de engrenagens EP-RC31-193 e EP-RC31-147 est\u00e3o prontamente dispon\u00edveis na Ever-power.<\/p>\n<h2>Eixos de tomada de for\u00e7a para caixas de engrenagens agr\u00edcolas<\/h2>\n<p>Um eixo PTO (tomada de for\u00e7a) \u00e9 um componente essencial do sistema de caixa de engrenagens agr\u00edcola e permite que os implementos extraiam energia de um motor. A Ever-power fabrica uma ampla gama de eixos PTO dur\u00e1veis para atender a todos os seus requisitos. Um eixo PTO de alta qualidade deve ser dur\u00e1vel o suficiente para suportar tor\u00e7\u00e3o e minimizar a vibra\u00e7\u00e3o.<\/p>\n<h3>Outras caixas de engrenagens agr\u00edcolas<\/h3>\n<p>Al\u00e9m da Caixa de Engrenagens para Cortadores de Grama Agr\u00edcola EP-RC31-193 EP-RC31-147, a Ever-power tamb\u00e9m oferece uma ampla gama de outras caixas de engrenagens agr\u00edcolas. Essas caixas de engrenagens s\u00e3o amplamente utilizadas em cultivadores rotativos, cortadores de grama, colheitadeiras, escavadeiras, pulverizadores de pesticidas, m\u00e1quinas de irriga\u00e7\u00e3o, espalhadores de fertilizantes, liquidificadores e assim por diante. Os principais produtos s\u00e3o:<\/p>\n<ul>\n<li>Caixa de engrenagens c\u00f4nica reta<\/li>\n<li>Caixa de engrenagens c\u00f4nicas em espiral<\/li>\n<li>Redutor planet\u00e1rio<\/li>\n<li>Caixa de engrenagens sem-fim<\/li>\n<\/ul>\n<p>A Ever-power est\u00e1 focada no desenvolvimento e produ\u00e7\u00e3o de caixas de engrenagens com uma equipe profissional e continua a aprender tecnologia avan\u00e7ada, usando equipamentos de primeira classe e contando com um sistema de cadeia de suprimentos de alta qualidade. As caixas de engrenagens da empresa t\u00eam uma alta reputa\u00e7\u00e3o entre clientes nacionais e estrangeiros.<\/p>\n<h2>Perguntas e respostas<\/h2>\n<h3>1. Quais s\u00e3o as principais aplica\u00e7\u00f5es da caixa de engrenagens do cortador de grama agr\u00edcola EP-RC31-193 EP-RC31-147?<\/h3>\n<p>As caixas de engrenagens EP-RC31-193 e EP-RC31-147 s\u00e3o caixas de engrenagens altamente vers\u00e1teis e dur\u00e1veis, projetadas para uso em uma variedade de m\u00e1quinas agr\u00edcolas, incluindo armazenamento de transporte de gr\u00e3os, cortador de grama rotativo, colheitadeira de arroz, cultivador rotativo, pulverizador de pesticidas, colheitadeira de batata, escavadeira de postes, caixa de engrenagens de corrente, redutor de macaco de bomba de \u00f3leo, espalhador de fertilizantes e muitas outras aplica\u00e7\u00f5es.<\/p>\n<h3>2. Quais s\u00e3o as vantagens da caixa de engrenagens do cortador de grama agr\u00edcola EP-RC31-193 EP-RC31-147?<\/h3>\n<p>As vantagens das caixas de engrenagens EP-RC31-193 e EP-RC31-147 incluem constru\u00e7\u00e3o de ferro fundido d\u00factil resistente ao desgaste de alta qualidade para durabilidade superior, engrenagens e eixos de a\u00e7o de liga de baixo carbono de alta qualidade passam por tratamento de cementa\u00e7\u00e3o e t\u00eampera para resist\u00eancia e durabilidade superiores, grandes rolamentos de esferas de sulco profundo para suportar a sa\u00edda, quatro furos roscados de 5\/16\u2033-18 em BC de 4-1\/8\u2033 de di\u00e2metro e eixo estriado aequilado de base c\u00f4nica Z6 de 1-3\/8 para entrada\/sa\u00edda.<\/p>\n<h3>3. Como fa\u00e7o para instalar a caixa de engrenagens do cortador de grama agr\u00edcola EP-RC31-193 EP-RC31-147?<\/h3>\n<p>Antes de instalar a caixa de engrenagens, o usu\u00e1rio deve adicionar \u00f3leo conforme o manual do usu\u00e1rio. A caixa de engrenagens deve ser montada em posi\u00e7\u00e3o horizontal para opera\u00e7\u00e3o adequada.<\/p>\n<h3>4. Como fa\u00e7o a manuten\u00e7\u00e3o da caixa de engrenagens do cortador de grama agr\u00edcola EP-RC31-193 EP-RC31-147?<\/h3>\n<p>A manuten\u00e7\u00e3o da caixa de engrenagens envolve lubrifica\u00e7\u00e3o regular das engrenagens e eixos, bem como a substitui\u00e7\u00e3o de quaisquer pe\u00e7as desgastadas ou danificadas. Pe\u00e7as de reposi\u00e7\u00e3o para as caixas de engrenagens EP-RC31-193 e EP-RC31-147 est\u00e3o prontamente dispon\u00edveis atrav\u00e9s da Ever-power.<\/p>\n<h3>5. Quais s\u00e3o as outras caixas de engrenagens agr\u00edcolas oferecidas pela Ever-power?<\/h3>\n<p>Al\u00e9m da caixa de engrenagens para cortadores de grama agr\u00edcola EP-RC31-193 EP-RC31-147, a Ever-power tamb\u00e9m oferece uma ampla gama de outras caixas de engrenagens agr\u00edcolas, incluindo caixa de engrenagens c\u00f4nica reta, caixa de engrenagens c\u00f4nica espiral, redutor planet\u00e1rio e caixa de engrenagens sem-fim.<\/p>\n<h2>Outros produtos comerciais da Ever-power<\/h2>\n<p>Al\u00e9m de caixas de engrenagens agr\u00edcolas, a Ever-power fornece v\u00e1rias engrenagens de pl\u00e1stico usadas na ind\u00fastria, incluindo eixos de sa\u00edda de pot\u00eancia, rodas dentadas, acoplamentos de fluido, engrenagens e cremalheiras, correntes destac\u00e1veis, polias e polias, caixas de engrenagens planet\u00e1rias, polias de sincroniza\u00e7\u00e3o, buchas e muito mais. Oferecemos produtos de alta qualidade, pre\u00e7os favor\u00e1veis e servi\u00e7o atencioso, e damos as boas-vindas aos clientes para nos procurar para personaliza\u00e7\u00e3o de desenho ou amostra.<\/p>","protected":false},"excerpt":{"rendered":"<p>Agricultural Lawn Mower Gearbox EP-RC31-193 EP-RC31-147 Agricultural Lawn Mower Gearbox EP-RC31-193 EP-RC31-147 is a highly versatile and durable gearbox designed for use in a variety of agricultural machinery. These gearboxes have been exported to Venezuela, Australia, the USA, Sri Lanka, India, and other countries and regions and are used in Grain transportation storage, Rotary lawn [&hellip;]<\/p>","protected":false},"featured_media":3025,"template":"","meta":{"_et_pb_use_builder":"","_et_pb_old_content":"","_et_gb_content_width":""},"product_brand":[],"product_cat":[10402],"product_tag":[],"class_list":{"0":"post-3026","1":"product","2":"type-product","3":"status-publish","4":"has-post-thumbnail","6":"product_cat-agricultural-gearbox","8":"first","9":"instock","10":"shipping-taxable","11":"product-type-simple"},"_links":{"self":[{"href":"https:\/\/agricultural-gear-boxes.com\/pt\/wp-json\/wp\/v2\/product\/3026","targetHints":{"allow":["GET"]}}],"collection":[{"href":"https:\/\/agricultural-gear-boxes.com\/pt\/wp-json\/wp\/v2\/product"}],"about":[{"href":"https:\/\/agricultural-gear-boxes.com\/pt\/wp-json\/wp\/v2\/types\/product"}],"wp:featuredmedia":[{"embeddable":true,"href":"https:\/\/agricultural-gear-boxes.com\/pt\/wp-json\/wp\/v2\/media\/3025"}],"wp:attachment":[{"href":"https:\/\/agricultural-gear-boxes.com\/pt\/wp-json\/wp\/v2\/media?parent=3026"}],"wp:term":[{"taxonomy":"product_brand","embeddable":true,"href":"https:\/\/agricultural-gear-boxes.com\/pt\/wp-json\/wp\/v2\/product_brand?post=3026"},{"taxonomy":"product_cat","embeddable":true,"href":"https:\/\/agricultural-gear-boxes.com\/pt\/wp-json\/wp\/v2\/product_cat?post=3026"},{"taxonomy":"product_tag","embeddable":true,"href":"https:\/\/agricultural-gear-boxes.com\/pt\/wp-json\/wp\/v2\/product_tag?post=3026"}],"curies":[{"name":"wp","href":"https:\/\/api.w.org\/{rel}","templated":true}]}}