{"id":3028,"date":"2024-08-20T03:30:28","date_gmt":"2024-08-20T03:30:28","guid":{"rendered":"https:\/\/agricultural-gear-boxes.com\/product\/ep-lf211-agricultural-lawn-mower-gearbox\/"},"modified":"2024-08-20T03:30:29","modified_gmt":"2024-08-20T03:30:29","slug":"ep-lf211-agricultural-lawn-mower-gearbox","status":"publish","type":"product","link":"https:\/\/agricultural-gear-boxes.com\/pt\/product\/ep-lf211-agricultural-lawn-mower-gearbox\/","title":{"rendered":"Caixa de engrenagens para cortador de grama agr\u00edcola EP-LF211"},"content":{"rendered":"<h2>Caixa de engrenagens para cortador de grama agr\u00edcola EP-LF211<\/h2>\n<p>A caixa de engrenagens do cortador de grama agr\u00edcola EP-LF211 \u00e9 uma caixa de engrenagens em \u00e2ngulo reto projetada para montagem simples de di\u00e2metro de &#039;encaixe r\u00e1pido&#039; em cortadores rotativos e bombas de esterco. Ela \u00e9 projetada especificamente para a ind\u00fastria agr\u00edcola. Esta caixa de engrenagens \u00e9 feita de materiais de alta qualidade e projetada para fornecer uma longa vida \u00fatil, ostentando dentes de engrenagem de corte \u00e0 m\u00e1quina de qualidade industrial e eixos de a\u00e7o de alta liga tratados termicamente em carca\u00e7a de ferro male\u00e1vel. A entrada \u00e9 por meio de um limitador de torque ou pino de cisalhamento com sa\u00edda por meio de um cubo e eixo estriado de raiz c\u00f4nica. Rolamentos antifric\u00e7\u00e3o melhoram a vida \u00fatil da unidade. Esta caixa de engrenagens do cortador de grama \u00e9 uma caixa de aumento de velocidade e tem v\u00e1rios usos na ind\u00fastria agr\u00edcola.<\/p>\n<h3>Caracter\u00edsticas e benef\u00edcios:<\/h3>\n<ul>\n<li>Montagem simples de di\u00e2metro de &#039;encaixe r\u00e1pido&#039; em cortadores rotativos e bombas de esterco<\/li>\n<li>Dentes de engrenagem cortados \u00e0 m\u00e1quina de qualidade industrial<\/li>\n<li>Eixos de a\u00e7o de alta liga tratados termicamente em carca\u00e7a de ferro male\u00e1vel<\/li>\n<li>Entrada atrav\u00e9s de um limitador de torque ou pino de cisalhamento<\/li>\n<li>Sa\u00edda atrav\u00e9s de um cubo e eixo estriado de raiz c\u00f4nica<\/li>\n<li>Rolamentos antifric\u00e7\u00e3o melhoram a vida \u00fatil da unidade<\/li>\n<li>Caixa de aumento de velocidade<\/li>\n<\/ul>\n<h3>Cen\u00e1rio de uso da caixa de engrenagens do cortador de grama<\/h3>\n<p>A caixa de engrenagens do cortador de grama \u00e9 comumente usada em v\u00e1rias m\u00e1quinas agr\u00edcolas, incluindo cortadores rotativos e bombas de esterco. Ela \u00e9 usada para aumentar a velocidade da m\u00e1quina, tornando-a mais eficiente e produtiva. A caixa de engrenagens \u00e9 f\u00e1cil de instalar e manter, tornando-a uma excelente escolha para aqueles na ind\u00fastria agr\u00edcola.<\/p>\n<h3>Instala\u00e7\u00e3o e Manuten\u00e7\u00e3o<\/h3>\n<p>A instala\u00e7\u00e3o da caixa de engrenagens do cortador de grama \u00e9 r\u00e1pida e direta. Ela foi projetada para montagem simples de di\u00e2metro de &#039;encaixe r\u00e1pido&#039; e pode ser facilmente instalada em cortadores rotativos e bombas de esterco. A caixa de engrenagens \u00e9 f\u00e1cil de manter, com rolamentos antifric\u00e7\u00e3o que melhoram a vida \u00fatil da unidade. A manuten\u00e7\u00e3o regular pode garantir a longevidade e a opera\u00e7\u00e3o suave desta caixa de engrenagens.<\/p>\n<h3>Substitui\u00e7\u00e3o<\/h3>\n<p>No caso improv\u00e1vel de que a caixa de engrenagens do cortador de grama precise ser substitu\u00edda, ela pode ser facilmente removida e substitu\u00edda por uma nova unidade. A caixa de engrenagens \u00e9 projetada para montagem simples de di\u00e2metro de &#039;encaixe r\u00e1pido&#039;, facilitando a remo\u00e7\u00e3o e a substitui\u00e7\u00e3o sem a necessidade de ferramentas ou equipamentos especializados.<\/p>\n<h3>Outras caixas de engrenagens agr\u00edcolas<\/h3>\n<p>A Ever Power fornece uma variedade de caixas de engrenagens agr\u00edcolas, como aquelas para misturadores de concreto, esgoto, cultivadores rotativos e muito mais. Nossos produtos s\u00e3o feitos de materiais de alta qualidade e projetados para fornecer uma longa vida \u00fatil, ostentando dentes de engrenagem de corte \u00e0 m\u00e1quina de qualidade industrial e eixos de a\u00e7o de alta liga tratados termicamente em carca\u00e7a de ferro male\u00e1vel. Entre em contato conosco agora para saber mais sobre nossos produtos e como eles podem beneficiar seu neg\u00f3cio.<\/p>\n<h2>Perguntas e respostas:<\/h2>\n<ol>\n<li>Para que \u00e9 usada a caixa de engrenagens do cortador de grama agr\u00edcola EP-LF211?<\/li>\n<li>Quais s\u00e3o as caracter\u00edsticas da caixa de engrenagens do cortador de grama agr\u00edcola EP-LF211?<\/li>\n<li>Qual \u00e9 o processo de instala\u00e7\u00e3o da caixa de engrenagens do cortador de grama agr\u00edcola EP-LF211?<\/li>\n<li>Quais outras caixas de engrenagens agr\u00edcolas a Ever Power fornece?<\/li>\n<li>A caixa de engrenagens do cortador de grama agr\u00edcola EP-LF211 pode ser facilmente substitu\u00edda?<\/li>\n<\/ol>","protected":false},"excerpt":{"rendered":"<p>EP-LF211 Agricultural Lawn Mower Gearbox The EP-LF211 Agricultural Lawn Mower Gearbox is a right-angle gearbox designed for simple &#8216;snap fit&#8217; diameter mounting in rotary cutters and manure pumps. It is specifically designed for the agricultural industry. This gearbox is made of high-quality materials and designed to provide a long lifespan, boasting industrial quality machine-cut gear [&hellip;]<\/p>","protected":false},"featured_media":3027,"template":"","meta":{"_et_pb_use_builder":"","_et_pb_old_content":"","_et_gb_content_width":""},"product_brand":[],"product_cat":[10402],"product_tag":[],"class_list":{"0":"post-3028","1":"product","2":"type-product","3":"status-publish","4":"has-post-thumbnail","6":"product_cat-agricultural-gearbox","8":"first","9":"instock","10":"shipping-taxable","11":"product-type-simple"},"_links":{"self":[{"href":"https:\/\/agricultural-gear-boxes.com\/pt\/wp-json\/wp\/v2\/product\/3028","targetHints":{"allow":["GET"]}}],"collection":[{"href":"https:\/\/agricultural-gear-boxes.com\/pt\/wp-json\/wp\/v2\/product"}],"about":[{"href":"https:\/\/agricultural-gear-boxes.com\/pt\/wp-json\/wp\/v2\/types\/product"}],"wp:featuredmedia":[{"embeddable":true,"href":"https:\/\/agricultural-gear-boxes.com\/pt\/wp-json\/wp\/v2\/media\/3027"}],"wp:attachment":[{"href":"https:\/\/agricultural-gear-boxes.com\/pt\/wp-json\/wp\/v2\/media?parent=3028"}],"wp:term":[{"taxonomy":"product_brand","embeddable":true,"href":"https:\/\/agricultural-gear-boxes.com\/pt\/wp-json\/wp\/v2\/product_brand?post=3028"},{"taxonomy":"product_cat","embeddable":true,"href":"https:\/\/agricultural-gear-boxes.com\/pt\/wp-json\/wp\/v2\/product_cat?post=3028"},{"taxonomy":"product_tag","embeddable":true,"href":"https:\/\/agricultural-gear-boxes.com\/pt\/wp-json\/wp\/v2\/product_tag?post=3028"}],"curies":[{"name":"wp","href":"https:\/\/api.w.org\/{rel}","templated":true}]}}